{"id":1354,"date":"2026-03-06T17:35:47","date_gmt":"2026-03-06T16:35:47","guid":{"rendered":"https:\/\/animalwelfare.iph-multisite.berta-bewegt.ch\/?page_id=1354"},"modified":"2026-03-09T15:44:02","modified_gmt":"2026-03-09T14:44:02","slug":"1-entretien-avec-pr-dr-matthias-p-luetolf","status":"publish","type":"page","link":"https:\/\/animalwelfare.interpharma.ch\/fr\/sujets\/3r\/entretien-avecprofessor-dr-matthias-p-luetolf-organoides\/1-entretien-avec-pr-dr-matthias-p-luetolf\/","title":{"rendered":"1. \u00ab Les organo\u00efdes sont une m\u00e9thode de substitution \u00e0 l\u2019exp\u00e9rimentation animale passionnante. \u00bb"},"content":{"rendered":"\n<h2 class=\"wp-block-heading\">1. \u00ab Les organo\u00efdes sont une m\u00e9thode de substitution \u00e0 l\u2019exp\u00e9rimentation animale passionnante. \u00bb<\/h2>\n\n\n\n<p>Interview du professeur Matthias P. L\u00fctolf sur les progr\u00e8s de la technique des organo\u00efdes et son utilisation dans la recherche pharmaceutique et \u00e0 l\u2019Institut de biologie humaine.<\/p>\n\n\n\n<p><strong>Heike Scholten (HS):<\/strong> Monsieur L\u00fctolf, pourriez-vous tout d\u2019abord nous expliquer ce que sont exactement les organo\u00efdes et pourquoi ils r\u00e9volutionnent \u00e0 ce point la recherche ?<\/p>\n\n\n\n<p><strong>P<sup>r<\/sup> D<sup>r<\/sup> Matthias P. L\u00fctolf (MPL):<\/strong> Avec plaisir. Fondamentalement, les organo\u00efdes sont des structures miniatures que l\u2019on cultive en culture cellulaire \u00e0 partir de cellules souches et qui miment des organes. Ces cellules souches peuvent \u00eatre issues, soit d\u2019un patient, soit \u00eatre \u2018programm\u00e9es\u2019 sous forme de ce que l\u2019on appelle des cellules souches pluripotentes induites. Les organo\u00efdes sont particuli\u00e8rement passionnants parce qu\u2019ils sont des avatars de tissus humains sous une forme en trois dimensions et comprennent diff\u00e9rents types de cellules qui remplissent diff\u00e9rentes fonctions dans le corps humain. Cela permet de simuler des processus physiologiques plus complexes que cela n\u2019est possible avec des cultures cellulaires classiques.<\/p>\n\n\n\n<blockquote class=\"wp-block-quote is-layout-flow wp-block-quote-is-layout-flow\">\n<p>\u00ab Nous pouvons examiner si certains m\u00e9dicaments et leurs combinaisons agissent mieux que d\u2019autres et surtout, si un m\u00e9dicament s\u2019attaque aux cellules tumorales sans endommager les cellules saines. \u00bb<\/p>\n<cite>P<sup>r<\/sup> D<sup>r<\/sup>  Matthias P. L\u00fctolf<\/cite><\/blockquote>\n\n\n\n<p><strong>HS:<\/strong> Voil\u00e0 qui semble fascinant! Comment utilise-t-on concr\u00e8tement les organo\u00efdes pour la recherche et plus particuli\u00e8rement pour le d\u00e9veloppement de m\u00e9dicaments ?<\/p>\n\n\n\n<p><strong>MPL:<\/strong> On peut utiliser les organo\u00efdes \u00e0 toutes les phases de d\u00e9veloppement d\u2019un m\u00e9dicament, c\u2019est-\u00e0-dire d\u00e8s le d\u00e9but de la recherche, par exemple pour l\u2019identification de nouvelles \u2018cibles\u2019 ou pour mieux comprendre les m\u00e9canismes d\u2019une maladie, jusqu\u2019\u00e0 la recherche clinique. Dans notre institut, nous d\u00e9veloppons par exemple des organo\u00efdes tumoraux \u00e0 partir de biopsies de patients atteints d\u2019un cancer. Ces tumeurs miniatures nous permettent de tester l\u2019effet de m\u00e9dicaments directement sur un mod\u00e8le du patient. Nous pouvons examiner si certains m\u00e9dicaments et leurs combinaisons agissent mieux que d\u2019autres et surtout, si un m\u00e9dicament s\u2019attaque aux cellules tumorales sans endommager les cellules saines. C\u2019est possible parce que nous pouvons, dans une m\u00eame exp\u00e9rience, tester des organo\u00efdes de cellules saines du m\u00eame patient. On peut appliquer le m\u00eame principe \u00e0 d\u2019autres maladies. C\u2019est un grand avantage par rapport aux mod\u00e8les classiques avec lesquels il faut souvent attendre les essais cliniques pour d\u00e9couvrir si un m\u00e9dicament agit comme escompt\u00e9 et ce qu\u2019il en est des effets secondaires.<\/p>\n\n\n\n<p><strong>HS:<\/strong> Donc cette technique aide aussi \u00e0 acc\u00e9l\u00e9rer le d\u00e9veloppement de m\u00e9dicaments ?<\/p>\n\n\n\n<p><strong>MPL:<\/strong> Absolument. La dur\u00e9e de d\u00e9veloppement d\u2019un m\u00e9dicament est en moyenne d\u2019environ 13&nbsp;ans. Les organo\u00efdes nous permettent de mieux pr\u00e9dire les r\u00e9sultats d\u00e8s une phase pr\u00e9coce du d\u00e9veloppement. Ainsi, les experts et d\u00e9cideurs de Roche peuvent stopper un programme plus rapidement s\u2019il n\u2019est pas prometteur et cela \u00e9conomise beaucoup de temps et de ressources. On sait qu\u2019environ 95% des m\u00e9dicaments candidats \u00e9chouent avant m\u00eame d\u2019arriver au stade clinique. Nous esp\u00e9rons que les organo\u00efdes nous permettront d\u2019accro\u00eetre nettement le taux de r\u00e9ussite.<\/p>\n\n\n\n<p><strong>HS:<\/strong> Qu\u2019en est-il de l\u2019utilisation de mod\u00e8les animaux dans la recherche? Les organo\u00efdes peuvent-ils les remplacer ?<\/p>\n\n\n\n<p><strong>MPL:<\/strong> L\u2019emploi de mod\u00e8les animaux dans la recherche est un sujet tr\u00e8s important. Roche s\u2019est engag\u00e9e \u00e0 respecter les principes des 3R et nous faisons tout notre possible pour faire progresser des m\u00e9thodes de substitution comme par exemple les organo\u00efdes. H\u00e9las, il n\u2019est actuellement pas encore possible d\u2019abandonner enti\u00e8rement l\u2019exp\u00e9rimentation animale. Cela dit, les organo\u00efdes sont une m\u00e9thode de substitution \u00e0 l\u2019exp\u00e9rimentation animale passionnante, en particulier dans les domaines o\u00f9 les mod\u00e8les animaux ne fonctionnent pas bien. Un exemple en est l\u2019immuno-oncologie: certains m\u00e9canismes importants dans les d\u00e9fenses immunitaires humaines contre le cancer sont tr\u00e8s difficilement reproductibles chez la souris. Dans ce cas, les organo\u00efdes permettent d\u2019utiliser des mod\u00e8les cellulaires humains pour tester l\u2019effet de nouveaux m\u00e9dicaments. Cela r\u00e9duit consid\u00e9rablement le nombre d\u2019exp\u00e9riences n\u00e9cessaires sur des animaux.<\/p>\n\n\n\n<blockquote class=\"wp-block-quote is-layout-flow wp-block-quote-is-layout-flow\">\n<p>\u00ab Si nous parvenons \u00e0 simuler <em>in vitro<\/em> les maladies humaines et \u00e0 pr\u00e9dire d\u00e9j\u00e0 dans ces mod\u00e8les l\u2019efficacit\u00e9 et la s\u00e9curit\u00e9 des m\u00e9dicaments, nous pourrons accro\u00eetre consid\u00e9rablement le taux de succ\u00e8s du d\u00e9veloppement de m\u00e9dicaments. \u00bb<\/p>\n<cite>P<sup>r<\/sup> D<sup>r<\/sup>  Matthias P. L\u00fctolf<\/cite><\/blockquote>\n\n\n\n<p><strong>HS:<\/strong> Quelle est votre vision pour l\u2019avenir de la recherche sur les organo\u00efdes ?<\/p>\n\n\n\n<p><strong>MPL:<\/strong> Notre vision est de d\u00e9velopper des mod\u00e8les pr\u00e9visionnels qui imitent de mieux en mieux ce qui se passe dans l\u2019organisme d\u2019un patient ou la mani\u00e8re dont le patient r\u00e9agit \u00e0 un m\u00e9dicament. Le but est de combler le foss\u00e9 entre la recherche fondamentale et l\u2019application clinique. Si nous parvenons \u00e0 simuler <em>in vitro<\/em> les maladies humaines et \u00e0 pr\u00e9dire d\u00e9j\u00e0 dans ces mod\u00e8les l\u2019efficacit\u00e9 et la s\u00e9curit\u00e9 des m\u00e9dicaments, nous pourrons accro\u00eetre consid\u00e9rablement le taux de succ\u00e8s du d\u00e9veloppement de m\u00e9dicaments. Un autre but \u00e0 long terme est de d\u00e9velopper les organo\u00efdes de mani\u00e8re \u00e0 pouvoir les utiliser \u00e0 l\u2019h\u00f4pital pour la m\u00e9decine personnalis\u00e9e. Imaginez qu\u2019un oncologue puisse tester la meilleure option de traitement pour un patient en cultivant une tumeur miniature du patient au laboratoire pour essayer diff\u00e9rents traitements.<\/p>\n\n\n\n<p><strong>HS:<\/strong> Voil\u00e0 qui semble \u00eatre un pas de g\u00e9ant en direction de la m\u00e9decine personnalis\u00e9e. Quels sont d\u2019apr\u00e8s vous les d\u00e9fis \u00e0 relever ?<\/p>\n\n\n\n<p><strong>MPL:<\/strong> L\u2019un des principaux d\u00e9fis est l\u2019extensibilit\u00e9 et la reproductibilit\u00e9. Les organo\u00efdes sont des structures tr\u00e8s complexes et il n\u2019est pas toujours facile d\u2019en produire de grandes quantit\u00e9s tout en assurant une qualit\u00e9 identique. C\u2019est l\u00e0 qu\u2019intervient la bioing\u00e9nierie qui nous aide \u00e0 piloter avec plus de pr\u00e9cision le d\u00e9veloppement des cellules en organo\u00efdes et \u00e0 standardiser la production. Un autre d\u00e9fi est l\u2019analyse des grandes quantit\u00e9s de donn\u00e9es que g\u00e9n\u00e8rent ces mod\u00e8les tridimensionnels, en particulier lorsque nous observons en temps r\u00e9el des organo\u00efdes vivants \u00e0 l\u2019aide de microscopes optiques sophistiqu\u00e9s. Pour traiter ces donn\u00e9es efficacement, nous misons sur l\u2019intelligence artificielle et l\u2019apprentissage automatique.<\/p>\n\n\n\n<p><strong>HS:<\/strong> L\u2019Institut de biologie humaine n\u2019existe que depuis mai 2023. Comment voyez-vous son \u00e9volution jusqu\u2019\u00e0 pr\u00e9sent ?<\/p>\n\n\n\n<p><strong>MPL:<\/strong> Nous avons d\u00e9j\u00e0 accompli un certain nombre de progr\u00e8s importants. Ces derniers mois, nous avons pu faire des publications scientifiques importantes, entre autres dans des revues prestigieuses comme <a href=\"https:\/\/www.nature.com\/articles\/s41586-024-07791-5\" target=\"_blank\" rel=\"noreferrer noopener\"><em>Nature<\/em><\/a><em>*<\/em>. Au sein de Roche, nous avons d\u00e9j\u00e0 soutenu avec succ\u00e8s plusieurs projets en contribuant \u00e0 la prise de d\u00e9cision \u00e0 l\u2019aide de nos organo\u00efdes. C\u2019est important, car nous voulons que nos mod\u00e8les aient une v\u00e9ritable influence sur le d\u00e9veloppement de m\u00e9dicaments et l\u2019orientation strat\u00e9gique de projets.<\/p>\n\n\n\n<p><strong>HS:<\/strong> Quel r\u00f4le jouent dans votre travail les coop\u00e9rations avec d\u2019autres institutions de recherche ?<\/p>\n\n\n\n<p><strong>MPL:<\/strong> De telles coop\u00e9rations sont pour nous capitales. Nous travaillons en \u00e9troite coop\u00e9ration avec des hautes \u00e9coles de pointe comme l\u2019ETH de Zurich et l\u2019EPFL. Nous avons mis en place un programme de doctorants avec l\u2019ETH, dans lequel les doctorants sont suivis \u00e0 la fois chez nous et \u00e0 l\u2019universit\u00e9. Cela nous permet d\u2019encourager les meilleurs talents et d\u2019assurer en m\u00eame temps que notre recherche reste toujours \u00e0 la pointe du progr\u00e8s scientifique. Nous travaillons aussi avec de nombreux partenaires internationaux, mais nous consid\u00e9rons que notre mission est plus particuli\u00e8rement de faire avancer la recherche de pointe en Suisse.<\/p>\n\n\n\n<blockquote class=\"wp-block-quote is-layout-flow wp-block-quote-is-layout-flow\">\n<p>\u00ab Le fait que nous puissions aujourd\u2019hui fabriquer des organo\u00efdes qui reproduisent aussi fid\u00e8lement les tissus humains est pour moi une perc\u00e9e absolument extraordinaire en biologie. \u00bb<\/p>\n<cite>P<sup>r<\/sup> D<sup>r<\/sup> Matthias P. L\u00fctolf<\/cite><\/blockquote>\n\n\n\n<p><strong>HS:<\/strong> Pour finir, une question d\u2019ordre personnel: qu\u2019est-ce qui vous a incit\u00e9 \u00e0 vous consacrer \u00e0 la biologie et plus particuli\u00e8rement \u00e0 la recherche sur les cellules souches ?<\/p>\n\n\n\n<p><strong>MPL:<\/strong> Au d\u00e9part, j\u2019ai fait des \u00e9tudes de sciences des mat\u00e9riaux, mais pendant mon doctorat, je me suis int\u00e9ress\u00e9 \u00e0 la m\u00e9decine r\u00e9g\u00e9n\u00e9rative et \u00e0 la biologie des cellules souches. La possibilit\u00e9 d\u2019utiliser les cellules souches pour r\u00e9g\u00e9n\u00e9rer des tissus et soigner des maladies me semblait extr\u00eamement fascinante. Le fait que nous puissions aujourd\u2019hui fabriquer des organo\u00efdes qui reproduisent aussi fid\u00e8lement les tissus humains est pour moi une perc\u00e9e absolument extraordinaire en biologie. Il n\u2019y a quasiment rien d\u2019aussi passionnant que d\u2019apprendre \u00e0 comprendre comment fonctionne la vie, comment les cellules communiquent entre elles pour fabriquer un tissu et comment nous pouvons utiliser ces connaissances pour venir en aide aux patients.<\/p>\n\n\n\n<p><strong>HS:<\/strong> Merci beaucoup pour cet entretien passionnant et bonne continuation dans votre travail !<\/p>\n\n\n\n<p>* Toutes les publications de l\u2019IHB sont disponibles <a href=\"https:\/\/institutehumanbiology.com\/about-the-ihb\/publications\/\" target=\"_blank\" rel=\"noreferrer noopener\">ici<\/a>, sur le site web de l\u2019Institut.<\/p>\n","protected":false},"excerpt":{"rendered":"<p>1. \u00ab Les organo\u00efdes sont une m\u00e9thode de substitution \u00e0 l\u2019exp\u00e9rimentation animale passionnante. \u00bb Interview du professeur Matthias P. L\u00fctolf sur les progr\u00e8s de la technique des organo\u00efdes et son utilisation dans la recherche pharmaceutique et \u00e0 l\u2019Institut de biologie humaine. Heike Scholten (HS): Monsieur L\u00fctolf, pourriez-vous tout d\u2019abord nous expliquer ce que sont exactement [&hellip;]<\/p>\n","protected":false},"author":1,"featured_media":0,"parent":1348,"menu_order":0,"comment_status":"closed","ping_status":"closed","template":"page-templates\/unterthema.php","meta":{"_acf_changed":false,"inline_featured_image":false,"footnotes":""},"class_list":["post-1354","page","type-page","status-publish","hentry"],"acf":[],"yoast_head":"<!-- This site is optimized with the Yoast SEO Premium plugin v27.2 (Yoast SEO v27.2) - https:\/\/yoast.com\/product\/yoast-seo-premium-wordpress\/ -->\n<title>1. \u00ab Les organo\u00efdes sont une m\u00e9thode de substitution \u00e0 l\u2019exp\u00e9rimentation animale passionnante. \u00bb - animalwelfare<\/title>\n<meta name=\"robots\" content=\"index, follow, max-snippet:-1, max-image-preview:large, max-video-preview:-1\" \/>\n<link rel=\"canonical\" href=\"https:\/\/animalwelfare.interpharma.ch\/fr\/sujets\/3r\/entretien-avecprofessor-dr-matthias-p-luetolf-organoides\/1-entretien-avec-pr-dr-matthias-p-luetolf\/\" \/>\n<meta property=\"og:locale\" content=\"fr_FR\" \/>\n<meta property=\"og:type\" content=\"article\" \/>\n<meta property=\"og:title\" content=\"1. \u00ab Les organo\u00efdes sont une m\u00e9thode de substitution \u00e0 l\u2019exp\u00e9rimentation animale passionnante. \u00bb\" \/>\n<meta property=\"og:description\" content=\"1. \u00ab Les organo\u00efdes sont une m\u00e9thode de substitution \u00e0 l\u2019exp\u00e9rimentation animale passionnante. \u00bb Interview du professeur Matthias P. L\u00fctolf sur les progr\u00e8s de la technique des organo\u00efdes et son utilisation dans la recherche pharmaceutique et \u00e0 l\u2019Institut de biologie humaine. Heike Scholten (HS): Monsieur L\u00fctolf, pourriez-vous tout d\u2019abord nous expliquer ce que sont exactement [&hellip;]\" \/>\n<meta property=\"og:url\" content=\"https:\/\/animalwelfare.interpharma.ch\/fr\/sujets\/3r\/entretien-avecprofessor-dr-matthias-p-luetolf-organoides\/1-entretien-avec-pr-dr-matthias-p-luetolf\/\" \/>\n<meta property=\"og:site_name\" content=\"animalwelfare\" \/>\n<meta property=\"article:modified_time\" content=\"2026-03-09T14:44:02+00:00\" \/>\n<meta name=\"twitter:card\" content=\"summary_large_image\" \/>\n<meta name=\"twitter:label1\" content=\"Dur\u00e9e de lecture estim\u00e9e\" \/>\n\t<meta name=\"twitter:data1\" content=\"7 minutes\" \/>\n<script type=\"application\/ld+json\" class=\"yoast-schema-graph\">{\"@context\":\"https:\/\/schema.org\",\"@graph\":[{\"@type\":\"WebPage\",\"@id\":\"https:\/\/animalwelfare.interpharma.ch\/fr\/sujets\/3r\/entretien-avecprofessor-dr-matthias-p-luetolf-organoides\/1-entretien-avec-pr-dr-matthias-p-luetolf\/\",\"url\":\"https:\/\/animalwelfare.interpharma.ch\/fr\/sujets\/3r\/entretien-avecprofessor-dr-matthias-p-luetolf-organoides\/1-entretien-avec-pr-dr-matthias-p-luetolf\/\",\"name\":\"1. \u00ab Les organo\u00efdes sont une m\u00e9thode de substitution \u00e0 l\u2019exp\u00e9rimentation animale passionnante. \u00bb - animalwelfare\",\"isPartOf\":{\"@id\":\"https:\/\/animalwelfare.interpharma.ch\/#website\"},\"datePublished\":\"2026-03-06T16:35:47+00:00\",\"dateModified\":\"2026-03-09T14:44:02+00:00\",\"breadcrumb\":{\"@id\":\"https:\/\/animalwelfare.interpharma.ch\/fr\/sujets\/3r\/entretien-avecprofessor-dr-matthias-p-luetolf-organoides\/1-entretien-avec-pr-dr-matthias-p-luetolf\/#breadcrumb\"},\"inLanguage\":\"fr-FR\",\"potentialAction\":[{\"@type\":\"ReadAction\",\"target\":[\"https:\/\/animalwelfare.interpharma.ch\/fr\/sujets\/3r\/entretien-avecprofessor-dr-matthias-p-luetolf-organoides\/1-entretien-avec-pr-dr-matthias-p-luetolf\/\"]}]},{\"@type\":\"BreadcrumbList\",\"@id\":\"https:\/\/animalwelfare.interpharma.ch\/fr\/sujets\/3r\/entretien-avecprofessor-dr-matthias-p-luetolf-organoides\/1-entretien-avec-pr-dr-matthias-p-luetolf\/#breadcrumb\",\"itemListElement\":[{\"@type\":\"ListItem\",\"position\":1,\"name\":\"Start\",\"item\":\"https:\/\/animalwelfare.interpharma.ch\/fr\/\"},{\"@type\":\"ListItem\",\"position\":2,\"name\":\"Contenus\",\"item\":\"https:\/\/animalwelfare.interpharma.ch\/fr\/sujets\/\"},{\"@type\":\"ListItem\",\"position\":3,\"name\":\"3R\",\"item\":\"https:\/\/animalwelfare.interpharma.ch\/fr\/sujets\/3r\/\"},{\"@type\":\"ListItem\",\"position\":4,\"name\":\"Entretien avec Professor Dr. Matthias P. L\u00fctolf : Organo\u00efdes\",\"item\":\"https:\/\/animalwelfare.interpharma.ch\/fr\/sujets\/3r\/entretien-avecprofessor-dr-matthias-p-luetolf-organoides\/\"},{\"@type\":\"ListItem\",\"position\":5,\"name\":\"1. \u00ab Les organo\u00efdes sont une m\u00e9thode de substitution \u00e0 l\u2019exp\u00e9rimentation animale passionnante. \u00bb\"}]},{\"@type\":\"WebSite\",\"@id\":\"https:\/\/animalwelfare.interpharma.ch\/#website\",\"url\":\"https:\/\/animalwelfare.interpharma.ch\/\",\"name\":\"animalwelfare\",\"description\":\"\",\"potentialAction\":[{\"@type\":\"SearchAction\",\"target\":{\"@type\":\"EntryPoint\",\"urlTemplate\":\"https:\/\/animalwelfare.interpharma.ch\/?s={search_term_string}\"},\"query-input\":{\"@type\":\"PropertyValueSpecification\",\"valueRequired\":true,\"valueName\":\"search_term_string\"}}],\"inLanguage\":\"fr-FR\"}]}<\/script>\n<!-- \/ Yoast SEO Premium plugin. -->","yoast_head_json":{"title":"1. \u00ab Les organo\u00efdes sont une m\u00e9thode de substitution \u00e0 l\u2019exp\u00e9rimentation animale passionnante. \u00bb - animalwelfare","robots":{"index":"index","follow":"follow","max-snippet":"max-snippet:-1","max-image-preview":"max-image-preview:large","max-video-preview":"max-video-preview:-1"},"canonical":"https:\/\/animalwelfare.interpharma.ch\/fr\/sujets\/3r\/entretien-avecprofessor-dr-matthias-p-luetolf-organoides\/1-entretien-avec-pr-dr-matthias-p-luetolf\/","og_locale":"fr_FR","og_type":"article","og_title":"1. \u00ab Les organo\u00efdes sont une m\u00e9thode de substitution \u00e0 l\u2019exp\u00e9rimentation animale passionnante. \u00bb","og_description":"1. \u00ab Les organo\u00efdes sont une m\u00e9thode de substitution \u00e0 l\u2019exp\u00e9rimentation animale passionnante. \u00bb Interview du professeur Matthias P. L\u00fctolf sur les progr\u00e8s de la technique des organo\u00efdes et son utilisation dans la recherche pharmaceutique et \u00e0 l\u2019Institut de biologie humaine. Heike Scholten (HS): Monsieur L\u00fctolf, pourriez-vous tout d\u2019abord nous expliquer ce que sont exactement [&hellip;]","og_url":"https:\/\/animalwelfare.interpharma.ch\/fr\/sujets\/3r\/entretien-avecprofessor-dr-matthias-p-luetolf-organoides\/1-entretien-avec-pr-dr-matthias-p-luetolf\/","og_site_name":"animalwelfare","article_modified_time":"2026-03-09T14:44:02+00:00","twitter_card":"summary_large_image","twitter_misc":{"Dur\u00e9e de lecture estim\u00e9e":"7 minutes"},"schema":{"@context":"https:\/\/schema.org","@graph":[{"@type":"WebPage","@id":"https:\/\/animalwelfare.interpharma.ch\/fr\/sujets\/3r\/entretien-avecprofessor-dr-matthias-p-luetolf-organoides\/1-entretien-avec-pr-dr-matthias-p-luetolf\/","url":"https:\/\/animalwelfare.interpharma.ch\/fr\/sujets\/3r\/entretien-avecprofessor-dr-matthias-p-luetolf-organoides\/1-entretien-avec-pr-dr-matthias-p-luetolf\/","name":"1. \u00ab Les organo\u00efdes sont une m\u00e9thode de substitution \u00e0 l\u2019exp\u00e9rimentation animale passionnante. \u00bb - animalwelfare","isPartOf":{"@id":"https:\/\/animalwelfare.interpharma.ch\/#website"},"datePublished":"2026-03-06T16:35:47+00:00","dateModified":"2026-03-09T14:44:02+00:00","breadcrumb":{"@id":"https:\/\/animalwelfare.interpharma.ch\/fr\/sujets\/3r\/entretien-avecprofessor-dr-matthias-p-luetolf-organoides\/1-entretien-avec-pr-dr-matthias-p-luetolf\/#breadcrumb"},"inLanguage":"fr-FR","potentialAction":[{"@type":"ReadAction","target":["https:\/\/animalwelfare.interpharma.ch\/fr\/sujets\/3r\/entretien-avecprofessor-dr-matthias-p-luetolf-organoides\/1-entretien-avec-pr-dr-matthias-p-luetolf\/"]}]},{"@type":"BreadcrumbList","@id":"https:\/\/animalwelfare.interpharma.ch\/fr\/sujets\/3r\/entretien-avecprofessor-dr-matthias-p-luetolf-organoides\/1-entretien-avec-pr-dr-matthias-p-luetolf\/#breadcrumb","itemListElement":[{"@type":"ListItem","position":1,"name":"Start","item":"https:\/\/animalwelfare.interpharma.ch\/fr\/"},{"@type":"ListItem","position":2,"name":"Contenus","item":"https:\/\/animalwelfare.interpharma.ch\/fr\/sujets\/"},{"@type":"ListItem","position":3,"name":"3R","item":"https:\/\/animalwelfare.interpharma.ch\/fr\/sujets\/3r\/"},{"@type":"ListItem","position":4,"name":"Entretien avec Professor Dr. Matthias P. L\u00fctolf : Organo\u00efdes","item":"https:\/\/animalwelfare.interpharma.ch\/fr\/sujets\/3r\/entretien-avecprofessor-dr-matthias-p-luetolf-organoides\/"},{"@type":"ListItem","position":5,"name":"1. \u00ab Les organo\u00efdes sont une m\u00e9thode de substitution \u00e0 l\u2019exp\u00e9rimentation animale passionnante. \u00bb"}]},{"@type":"WebSite","@id":"https:\/\/animalwelfare.interpharma.ch\/#website","url":"https:\/\/animalwelfare.interpharma.ch\/","name":"animalwelfare","description":"","potentialAction":[{"@type":"SearchAction","target":{"@type":"EntryPoint","urlTemplate":"https:\/\/animalwelfare.interpharma.ch\/?s={search_term_string}"},"query-input":{"@type":"PropertyValueSpecification","valueRequired":true,"valueName":"search_term_string"}}],"inLanguage":"fr-FR"}]}},"_links":{"self":[{"href":"https:\/\/animalwelfare.interpharma.ch\/fr\/wp-json\/wp\/v2\/pages\/1354","targetHints":{"allow":["GET"]}}],"collection":[{"href":"https:\/\/animalwelfare.interpharma.ch\/fr\/wp-json\/wp\/v2\/pages"}],"about":[{"href":"https:\/\/animalwelfare.interpharma.ch\/fr\/wp-json\/wp\/v2\/types\/page"}],"author":[{"embeddable":true,"href":"https:\/\/animalwelfare.interpharma.ch\/fr\/wp-json\/wp\/v2\/users\/1"}],"replies":[{"embeddable":true,"href":"https:\/\/animalwelfare.interpharma.ch\/fr\/wp-json\/wp\/v2\/comments?post=1354"}],"version-history":[{"count":2,"href":"https:\/\/animalwelfare.interpharma.ch\/fr\/wp-json\/wp\/v2\/pages\/1354\/revisions"}],"predecessor-version":[{"id":2921,"href":"https:\/\/animalwelfare.interpharma.ch\/fr\/wp-json\/wp\/v2\/pages\/1354\/revisions\/2921"}],"up":[{"embeddable":true,"href":"https:\/\/animalwelfare.interpharma.ch\/fr\/wp-json\/wp\/v2\/pages\/1348"}],"wp:attachment":[{"href":"https:\/\/animalwelfare.interpharma.ch\/fr\/wp-json\/wp\/v2\/media?parent=1354"}],"curies":[{"name":"wp","href":"https:\/\/api.w.org\/{rel}","templated":true}]}}