{"id":1338,"date":"2026-03-06T17:35:46","date_gmt":"2026-03-06T16:35:46","guid":{"rendered":"https:\/\/animalwelfare.iph-multisite.berta-bewegt.ch\/?page_id=1338"},"modified":"2026-03-09T16:11:46","modified_gmt":"2026-03-09T15:11:46","slug":"animal-welfare-4r-day","status":"publish","type":"page","link":"https:\/\/animalwelfare.interpharma.ch\/fr\/projets\/animal-welfare-4r-day\/","title":{"rendered":"Animal Welfare 4R Day"},"content":{"rendered":"\n<h2 class=\"wp-block-heading\">Animal Welfare 4R Day<\/h2>\n\n\n\n<p>Nous savons que la recherche impliquant des animaux est \u00e0 la fois gratifiante et difficile. C\u2019est pourquoi il est important de cr\u00e9er une atmosph\u00e8re dans laquelle les expert-e-s qui travaillent dans la recherche impliquant des animaux se sentent soutenu-e-s dans leur stress \u00e9motionnel et physique. Les programmes de \u00abCulture of Care\u00bb encouragent l\u2019entraide, proposent des outils favorables \u00e0 la sant\u00e9 mentale, donnent la priorit\u00e9 au bien-\u00eatre animal (p.&nbsp;ex. par l\u2019\u00e9ducation, l\u2019adoption d\u2019animaux, etc.), et comprennent des programmes de reconnaissance pour distinguer les efforts.<\/p>\n\n\n\n<p>Le dernier Animal Welfare 4R Day en date a soulign\u00e9 l\u2019impact et les contributions du personnel dans le domaine <em>in vivo<\/em>. En outre, des responsables internes et externes ont fait des pr\u00e9sentations inspirantes sur diff\u00e9rents sujets:<\/p>\n\n\n\n<ul class=\"wp-block-list\">\n<li>Comment l\u2019ouverture et la transparence en mati\u00e8re d\u2019exp\u00e9rimentation animale dans la science et la recherche peuvent am\u00e9liorer la compr\u00e9hension et l\u2019acceptation dans l\u2019opinion publique<\/li>\n\n\n\n<li>Fatigue compassionnelle du point de vue d\u2019une chercheuse ou d\u2019un chercheur travaillant avec des animaux et d\u2019un-e responsable dirigeant d\u2019autres chercheuses et chercheurs qui travaillent avec des animaux<\/li>\n\n\n\n<li>Comment \u00eatre r\u00e9silient-e en cas de fatigue compassionnelle<\/li>\n<\/ul>\n\n\n\n<p>Nom du projet: Animal Welfare 4R Day<br>Article de la charte: 3<\/p>\n","protected":false},"excerpt":{"rendered":"<p>Animal Welfare 4R Day Nous savons que la recherche impliquant des animaux est \u00e0 la fois gratifiante et difficile. C\u2019est pourquoi il est important de cr\u00e9er une atmosph\u00e8re dans laquelle les expert-e-s qui travaillent dans la recherche impliquant des animaux se sentent soutenu-e-s dans leur stress \u00e9motionnel et physique. Les programmes de \u00abCulture of Care\u00bb [&hellip;]<\/p>\n","protected":false},"author":1,"featured_media":0,"parent":750,"menu_order":10,"comment_status":"closed","ping_status":"closed","template":"page-templates\/unterthema.php","meta":{"_acf_changed":false,"inline_featured_image":false,"footnotes":""},"class_list":["post-1338","page","type-page","status-publish","hentry"],"acf":[],"yoast_head":"<!-- This site is optimized with the Yoast SEO Premium plugin v27.2 (Yoast SEO v27.2) - https:\/\/yoast.com\/product\/yoast-seo-premium-wordpress\/ -->\n<title>Animal Welfare 4R Day - animalwelfare<\/title>\n<meta name=\"robots\" content=\"index, follow, max-snippet:-1, max-image-preview:large, max-video-preview:-1\" \/>\n<link rel=\"canonical\" href=\"https:\/\/animalwelfare.interpharma.ch\/fr\/projets\/animal-welfare-4r-day\/\" \/>\n<meta property=\"og:locale\" content=\"fr_FR\" \/>\n<meta property=\"og:type\" content=\"article\" \/>\n<meta property=\"og:title\" content=\"Animal Welfare 4R Day\" \/>\n<meta property=\"og:description\" content=\"Animal Welfare 4R Day Nous savons que la recherche impliquant des animaux est \u00e0 la fois gratifiante et difficile. C\u2019est pourquoi il est important de cr\u00e9er une atmosph\u00e8re dans laquelle les expert-e-s qui travaillent dans la recherche impliquant des animaux se sentent soutenu-e-s dans leur stress \u00e9motionnel et physique. Les programmes de \u00abCulture of Care\u00bb [&hellip;]\" \/>\n<meta property=\"og:url\" content=\"https:\/\/animalwelfare.interpharma.ch\/fr\/projets\/animal-welfare-4r-day\/\" \/>\n<meta property=\"og:site_name\" content=\"animalwelfare\" \/>\n<meta property=\"article:modified_time\" content=\"2026-03-09T15:11:46+00:00\" \/>\n<meta name=\"twitter:card\" content=\"summary_large_image\" \/>\n<meta name=\"twitter:label1\" content=\"Dur\u00e9e de lecture estim\u00e9e\" \/>\n\t<meta name=\"twitter:data1\" content=\"2 minutes\" \/>\n<script type=\"application\/ld+json\" class=\"yoast-schema-graph\">{\"@context\":\"https:\/\/schema.org\",\"@graph\":[{\"@type\":\"WebPage\",\"@id\":\"https:\/\/animalwelfare.interpharma.ch\/fr\/projets\/animal-welfare-4r-day\/\",\"url\":\"https:\/\/animalwelfare.interpharma.ch\/fr\/projets\/animal-welfare-4r-day\/\",\"name\":\"Animal Welfare 4R Day - animalwelfare\",\"isPartOf\":{\"@id\":\"https:\/\/animalwelfare.interpharma.ch\/#website\"},\"datePublished\":\"2026-03-06T16:35:46+00:00\",\"dateModified\":\"2026-03-09T15:11:46+00:00\",\"breadcrumb\":{\"@id\":\"https:\/\/animalwelfare.interpharma.ch\/fr\/projets\/animal-welfare-4r-day\/#breadcrumb\"},\"inLanguage\":\"fr-FR\",\"potentialAction\":[{\"@type\":\"ReadAction\",\"target\":[\"https:\/\/animalwelfare.interpharma.ch\/fr\/projets\/animal-welfare-4r-day\/\"]}]},{\"@type\":\"BreadcrumbList\",\"@id\":\"https:\/\/animalwelfare.interpharma.ch\/fr\/projets\/animal-welfare-4r-day\/#breadcrumb\",\"itemListElement\":[{\"@type\":\"ListItem\",\"position\":1,\"name\":\"Start\",\"item\":\"https:\/\/animalwelfare.interpharma.ch\/fr\/\"},{\"@type\":\"ListItem\",\"position\":2,\"name\":\"Report 2023\",\"item\":\"https:\/\/animalwelfare.interpharma.ch\/fr\/projets\/\"},{\"@type\":\"ListItem\",\"position\":3,\"name\":\"Animal Welfare 4R Day\"}]},{\"@type\":\"WebSite\",\"@id\":\"https:\/\/animalwelfare.interpharma.ch\/#website\",\"url\":\"https:\/\/animalwelfare.interpharma.ch\/\",\"name\":\"animalwelfare\",\"description\":\"\",\"potentialAction\":[{\"@type\":\"SearchAction\",\"target\":{\"@type\":\"EntryPoint\",\"urlTemplate\":\"https:\/\/animalwelfare.interpharma.ch\/?s={search_term_string}\"},\"query-input\":{\"@type\":\"PropertyValueSpecification\",\"valueRequired\":true,\"valueName\":\"search_term_string\"}}],\"inLanguage\":\"fr-FR\"}]}<\/script>\n<!-- \/ Yoast SEO Premium plugin. -->","yoast_head_json":{"title":"Animal Welfare 4R Day - animalwelfare","robots":{"index":"index","follow":"follow","max-snippet":"max-snippet:-1","max-image-preview":"max-image-preview:large","max-video-preview":"max-video-preview:-1"},"canonical":"https:\/\/animalwelfare.interpharma.ch\/fr\/projets\/animal-welfare-4r-day\/","og_locale":"fr_FR","og_type":"article","og_title":"Animal Welfare 4R Day","og_description":"Animal Welfare 4R Day Nous savons que la recherche impliquant des animaux est \u00e0 la fois gratifiante et difficile. C\u2019est pourquoi il est important de cr\u00e9er une atmosph\u00e8re dans laquelle les expert-e-s qui travaillent dans la recherche impliquant des animaux se sentent soutenu-e-s dans leur stress \u00e9motionnel et physique. Les programmes de \u00abCulture of Care\u00bb [&hellip;]","og_url":"https:\/\/animalwelfare.interpharma.ch\/fr\/projets\/animal-welfare-4r-day\/","og_site_name":"animalwelfare","article_modified_time":"2026-03-09T15:11:46+00:00","twitter_card":"summary_large_image","twitter_misc":{"Dur\u00e9e de lecture estim\u00e9e":"2 minutes"},"schema":{"@context":"https:\/\/schema.org","@graph":[{"@type":"WebPage","@id":"https:\/\/animalwelfare.interpharma.ch\/fr\/projets\/animal-welfare-4r-day\/","url":"https:\/\/animalwelfare.interpharma.ch\/fr\/projets\/animal-welfare-4r-day\/","name":"Animal Welfare 4R Day - animalwelfare","isPartOf":{"@id":"https:\/\/animalwelfare.interpharma.ch\/#website"},"datePublished":"2026-03-06T16:35:46+00:00","dateModified":"2026-03-09T15:11:46+00:00","breadcrumb":{"@id":"https:\/\/animalwelfare.interpharma.ch\/fr\/projets\/animal-welfare-4r-day\/#breadcrumb"},"inLanguage":"fr-FR","potentialAction":[{"@type":"ReadAction","target":["https:\/\/animalwelfare.interpharma.ch\/fr\/projets\/animal-welfare-4r-day\/"]}]},{"@type":"BreadcrumbList","@id":"https:\/\/animalwelfare.interpharma.ch\/fr\/projets\/animal-welfare-4r-day\/#breadcrumb","itemListElement":[{"@type":"ListItem","position":1,"name":"Start","item":"https:\/\/animalwelfare.interpharma.ch\/fr\/"},{"@type":"ListItem","position":2,"name":"Report 2023","item":"https:\/\/animalwelfare.interpharma.ch\/fr\/projets\/"},{"@type":"ListItem","position":3,"name":"Animal Welfare 4R Day"}]},{"@type":"WebSite","@id":"https:\/\/animalwelfare.interpharma.ch\/#website","url":"https:\/\/animalwelfare.interpharma.ch\/","name":"animalwelfare","description":"","potentialAction":[{"@type":"SearchAction","target":{"@type":"EntryPoint","urlTemplate":"https:\/\/animalwelfare.interpharma.ch\/?s={search_term_string}"},"query-input":{"@type":"PropertyValueSpecification","valueRequired":true,"valueName":"search_term_string"}}],"inLanguage":"fr-FR"}]}},"_links":{"self":[{"href":"https:\/\/animalwelfare.interpharma.ch\/fr\/wp-json\/wp\/v2\/pages\/1338","targetHints":{"allow":["GET"]}}],"collection":[{"href":"https:\/\/animalwelfare.interpharma.ch\/fr\/wp-json\/wp\/v2\/pages"}],"about":[{"href":"https:\/\/animalwelfare.interpharma.ch\/fr\/wp-json\/wp\/v2\/types\/page"}],"author":[{"embeddable":true,"href":"https:\/\/animalwelfare.interpharma.ch\/fr\/wp-json\/wp\/v2\/users\/1"}],"replies":[{"embeddable":true,"href":"https:\/\/animalwelfare.interpharma.ch\/fr\/wp-json\/wp\/v2\/comments?post=1338"}],"version-history":[{"count":2,"href":"https:\/\/animalwelfare.interpharma.ch\/fr\/wp-json\/wp\/v2\/pages\/1338\/revisions"}],"predecessor-version":[{"id":2965,"href":"https:\/\/animalwelfare.interpharma.ch\/fr\/wp-json\/wp\/v2\/pages\/1338\/revisions\/2965"}],"up":[{"embeddable":true,"href":"https:\/\/animalwelfare.interpharma.ch\/fr\/wp-json\/wp\/v2\/pages\/750"}],"wp:attachment":[{"href":"https:\/\/animalwelfare.interpharma.ch\/fr\/wp-json\/wp\/v2\/media?parent=1338"}],"curies":[{"name":"wp","href":"https:\/\/api.w.org\/{rel}","templated":true}]}}