{"id":1332,"date":"2026-03-06T17:35:46","date_gmt":"2026-03-06T16:35:46","guid":{"rendered":"https:\/\/animalwelfare.iph-multisite.berta-bewegt.ch\/?page_id=1332"},"modified":"2026-03-09T16:08:04","modified_gmt":"2026-03-09T15:08:04","slug":"institute-of-human-biology","status":"publish","type":"page","link":"https:\/\/animalwelfare.interpharma.ch\/fr\/projets\/institute-of-human-biology\/","title":{"rendered":"Institute of Human Biology"},"content":{"rendered":"\n<h2 class=\"wp-block-heading\">Institute of Human Biology<\/h2>\n\n\n\n<p>L\u2019Institute of Human Biology (IHB) a \u00e9t\u00e9 cr\u00e9\u00e9 \u00e0 B\u00e2le pour utiliser et encourager de nouveaux syst\u00e8mes de mod\u00e9lisation de l\u2019\u00eatre humain, par exemple des cultures d\u2019organes miniatures, pour la d\u00e9couverte et les phases pr\u00e9coces de d\u00e9veloppement de m\u00e9dicaments. Des perc\u00e9es r\u00e9centes dans l\u2019utilisation de technologies de cultures cellulaires humaines ont montr\u00e9 que celles-ci permettent de pr\u00e9dire avec une grande pr\u00e9cision la s\u00e9curit\u00e9 clinique, l\u2019efficacit\u00e9 et la pharmacocin\u00e9tique. Les donn\u00e9es de ces nouveaux mod\u00e8les tissulaires et pathologiques vont compl\u00e9ter les algorithmes <em>in silico<\/em> utilis\u00e9s pour la mod\u00e9lisation et la simulation. Dans ce domaine en plein essor, les travaux se concentrent sur les organo\u00efdes, de minuscules cultures tissulaires en trois dimensions auto-organis\u00e9es que l\u2019on obtient \u00e0 partir de cellules souches, ainsi que sur les \u00aborganes sur puce\u00bb. Ces cultures de la prochaine g\u00e9n\u00e9ration peuvent \u00eatre mises en place de mani\u00e8re \u00e0 reproduire la complexit\u00e9 structurelle et fonctionnelle d\u2019un organe humain ou \u00e0 exprimer certains aspects choisis, par exemple \u00e0 produire seulement certains types de tissus. La technologie des \u00aborganes sur puce\u00bb permet aux scientifiques de cultiver dans des conditions physiologiques, par exemple stimuli m\u00e9caniques, des cellules humaines qui repr\u00e9sentent des organes.<\/p>\n\n\n\n<p>L\u2019institut rassemble des chercheuses et chercheurs des secteurs scientifique et industriel pour favoriser l\u2019introduction \u00e0 grande \u00e9chelle de syst\u00e8mes de mod\u00e9lisation de l\u2019\u00eatre humain dans la recherche et le d\u00e9veloppement pharmaceutiques.<\/p>\n\n\n\n<p>Nom du projet: Institute of Human Biology<br>Articles de la charte: 1, 2<\/p>\n","protected":false},"excerpt":{"rendered":"<p>Institute of Human Biology L\u2019Institute of Human Biology (IHB) a \u00e9t\u00e9 cr\u00e9\u00e9 \u00e0 B\u00e2le pour utiliser et encourager de nouveaux syst\u00e8mes de mod\u00e9lisation de l\u2019\u00eatre humain, par exemple des cultures d\u2019organes miniatures, pour la d\u00e9couverte et les phases pr\u00e9coces de d\u00e9veloppement de m\u00e9dicaments. Des perc\u00e9es r\u00e9centes dans l\u2019utilisation de technologies de cultures cellulaires humaines ont [&hellip;]<\/p>\n","protected":false},"author":1,"featured_media":0,"parent":750,"menu_order":0,"comment_status":"closed","ping_status":"closed","template":"page-templates\/unterthema.php","meta":{"_acf_changed":false,"inline_featured_image":false,"footnotes":""},"class_list":["post-1332","page","type-page","status-publish","hentry"],"acf":[],"yoast_head":"<!-- This site is optimized with the Yoast SEO Premium plugin v27.2 (Yoast SEO v27.2) - https:\/\/yoast.com\/product\/yoast-seo-premium-wordpress\/ -->\n<title>Institute of Human Biology - animalwelfare<\/title>\n<meta name=\"robots\" content=\"index, follow, max-snippet:-1, max-image-preview:large, max-video-preview:-1\" \/>\n<link rel=\"canonical\" href=\"https:\/\/animalwelfare.interpharma.ch\/fr\/projets\/institute-of-human-biology\/\" \/>\n<meta property=\"og:locale\" content=\"fr_FR\" \/>\n<meta property=\"og:type\" content=\"article\" \/>\n<meta property=\"og:title\" content=\"Institute of Human Biology\" \/>\n<meta property=\"og:description\" content=\"Institute of Human Biology L\u2019Institute of Human Biology (IHB) a \u00e9t\u00e9 cr\u00e9\u00e9 \u00e0 B\u00e2le pour utiliser et encourager de nouveaux syst\u00e8mes de mod\u00e9lisation de l\u2019\u00eatre humain, par exemple des cultures d\u2019organes miniatures, pour la d\u00e9couverte et les phases pr\u00e9coces de d\u00e9veloppement de m\u00e9dicaments. Des perc\u00e9es r\u00e9centes dans l\u2019utilisation de technologies de cultures cellulaires humaines ont [&hellip;]\" \/>\n<meta property=\"og:url\" content=\"https:\/\/animalwelfare.interpharma.ch\/fr\/projets\/institute-of-human-biology\/\" \/>\n<meta property=\"og:site_name\" content=\"animalwelfare\" \/>\n<meta property=\"article:modified_time\" content=\"2026-03-09T15:08:04+00:00\" \/>\n<meta name=\"twitter:card\" content=\"summary_large_image\" \/>\n<meta name=\"twitter:label1\" content=\"Dur\u00e9e de lecture estim\u00e9e\" \/>\n\t<meta name=\"twitter:data1\" content=\"2 minutes\" \/>\n<script type=\"application\/ld+json\" class=\"yoast-schema-graph\">{\"@context\":\"https:\/\/schema.org\",\"@graph\":[{\"@type\":\"WebPage\",\"@id\":\"https:\/\/animalwelfare.interpharma.ch\/fr\/projets\/institute-of-human-biology\/\",\"url\":\"https:\/\/animalwelfare.interpharma.ch\/fr\/projets\/institute-of-human-biology\/\",\"name\":\"Institute of Human Biology - animalwelfare\",\"isPartOf\":{\"@id\":\"https:\/\/animalwelfare.interpharma.ch\/#website\"},\"datePublished\":\"2026-03-06T16:35:46+00:00\",\"dateModified\":\"2026-03-09T15:08:04+00:00\",\"breadcrumb\":{\"@id\":\"https:\/\/animalwelfare.interpharma.ch\/fr\/projets\/institute-of-human-biology\/#breadcrumb\"},\"inLanguage\":\"fr-FR\",\"potentialAction\":[{\"@type\":\"ReadAction\",\"target\":[\"https:\/\/animalwelfare.interpharma.ch\/fr\/projets\/institute-of-human-biology\/\"]}]},{\"@type\":\"BreadcrumbList\",\"@id\":\"https:\/\/animalwelfare.interpharma.ch\/fr\/projets\/institute-of-human-biology\/#breadcrumb\",\"itemListElement\":[{\"@type\":\"ListItem\",\"position\":1,\"name\":\"Start\",\"item\":\"https:\/\/animalwelfare.interpharma.ch\/fr\/\"},{\"@type\":\"ListItem\",\"position\":2,\"name\":\"Report 2023\",\"item\":\"https:\/\/animalwelfare.interpharma.ch\/fr\/projets\/\"},{\"@type\":\"ListItem\",\"position\":3,\"name\":\"Institute of Human Biology\"}]},{\"@type\":\"WebSite\",\"@id\":\"https:\/\/animalwelfare.interpharma.ch\/#website\",\"url\":\"https:\/\/animalwelfare.interpharma.ch\/\",\"name\":\"animalwelfare\",\"description\":\"\",\"potentialAction\":[{\"@type\":\"SearchAction\",\"target\":{\"@type\":\"EntryPoint\",\"urlTemplate\":\"https:\/\/animalwelfare.interpharma.ch\/?s={search_term_string}\"},\"query-input\":{\"@type\":\"PropertyValueSpecification\",\"valueRequired\":true,\"valueName\":\"search_term_string\"}}],\"inLanguage\":\"fr-FR\"}]}<\/script>\n<!-- \/ Yoast SEO Premium plugin. -->","yoast_head_json":{"title":"Institute of Human Biology - animalwelfare","robots":{"index":"index","follow":"follow","max-snippet":"max-snippet:-1","max-image-preview":"max-image-preview:large","max-video-preview":"max-video-preview:-1"},"canonical":"https:\/\/animalwelfare.interpharma.ch\/fr\/projets\/institute-of-human-biology\/","og_locale":"fr_FR","og_type":"article","og_title":"Institute of Human Biology","og_description":"Institute of Human Biology L\u2019Institute of Human Biology (IHB) a \u00e9t\u00e9 cr\u00e9\u00e9 \u00e0 B\u00e2le pour utiliser et encourager de nouveaux syst\u00e8mes de mod\u00e9lisation de l\u2019\u00eatre humain, par exemple des cultures d\u2019organes miniatures, pour la d\u00e9couverte et les phases pr\u00e9coces de d\u00e9veloppement de m\u00e9dicaments. Des perc\u00e9es r\u00e9centes dans l\u2019utilisation de technologies de cultures cellulaires humaines ont [&hellip;]","og_url":"https:\/\/animalwelfare.interpharma.ch\/fr\/projets\/institute-of-human-biology\/","og_site_name":"animalwelfare","article_modified_time":"2026-03-09T15:08:04+00:00","twitter_card":"summary_large_image","twitter_misc":{"Dur\u00e9e de lecture estim\u00e9e":"2 minutes"},"schema":{"@context":"https:\/\/schema.org","@graph":[{"@type":"WebPage","@id":"https:\/\/animalwelfare.interpharma.ch\/fr\/projets\/institute-of-human-biology\/","url":"https:\/\/animalwelfare.interpharma.ch\/fr\/projets\/institute-of-human-biology\/","name":"Institute of Human Biology - animalwelfare","isPartOf":{"@id":"https:\/\/animalwelfare.interpharma.ch\/#website"},"datePublished":"2026-03-06T16:35:46+00:00","dateModified":"2026-03-09T15:08:04+00:00","breadcrumb":{"@id":"https:\/\/animalwelfare.interpharma.ch\/fr\/projets\/institute-of-human-biology\/#breadcrumb"},"inLanguage":"fr-FR","potentialAction":[{"@type":"ReadAction","target":["https:\/\/animalwelfare.interpharma.ch\/fr\/projets\/institute-of-human-biology\/"]}]},{"@type":"BreadcrumbList","@id":"https:\/\/animalwelfare.interpharma.ch\/fr\/projets\/institute-of-human-biology\/#breadcrumb","itemListElement":[{"@type":"ListItem","position":1,"name":"Start","item":"https:\/\/animalwelfare.interpharma.ch\/fr\/"},{"@type":"ListItem","position":2,"name":"Report 2023","item":"https:\/\/animalwelfare.interpharma.ch\/fr\/projets\/"},{"@type":"ListItem","position":3,"name":"Institute of Human Biology"}]},{"@type":"WebSite","@id":"https:\/\/animalwelfare.interpharma.ch\/#website","url":"https:\/\/animalwelfare.interpharma.ch\/","name":"animalwelfare","description":"","potentialAction":[{"@type":"SearchAction","target":{"@type":"EntryPoint","urlTemplate":"https:\/\/animalwelfare.interpharma.ch\/?s={search_term_string}"},"query-input":{"@type":"PropertyValueSpecification","valueRequired":true,"valueName":"search_term_string"}}],"inLanguage":"fr-FR"}]}},"_links":{"self":[{"href":"https:\/\/animalwelfare.interpharma.ch\/fr\/wp-json\/wp\/v2\/pages\/1332","targetHints":{"allow":["GET"]}}],"collection":[{"href":"https:\/\/animalwelfare.interpharma.ch\/fr\/wp-json\/wp\/v2\/pages"}],"about":[{"href":"https:\/\/animalwelfare.interpharma.ch\/fr\/wp-json\/wp\/v2\/types\/page"}],"author":[{"embeddable":true,"href":"https:\/\/animalwelfare.interpharma.ch\/fr\/wp-json\/wp\/v2\/users\/1"}],"replies":[{"embeddable":true,"href":"https:\/\/animalwelfare.interpharma.ch\/fr\/wp-json\/wp\/v2\/comments?post=1332"}],"version-history":[{"count":2,"href":"https:\/\/animalwelfare.interpharma.ch\/fr\/wp-json\/wp\/v2\/pages\/1332\/revisions"}],"predecessor-version":[{"id":2955,"href":"https:\/\/animalwelfare.interpharma.ch\/fr\/wp-json\/wp\/v2\/pages\/1332\/revisions\/2955"}],"up":[{"embeddable":true,"href":"https:\/\/animalwelfare.interpharma.ch\/fr\/wp-json\/wp\/v2\/pages\/750"}],"wp:attachment":[{"href":"https:\/\/animalwelfare.interpharma.ch\/fr\/wp-json\/wp\/v2\/media?parent=1332"}],"curies":[{"name":"wp","href":"https:\/\/api.w.org\/{rel}","templated":true}]}}