{"id":1308,"date":"2026-03-06T17:35:44","date_gmt":"2026-03-06T16:35:44","guid":{"rendered":"https:\/\/animalwelfare.iph-multisite.berta-bewegt.ch\/?page_id=1308"},"modified":"2026-03-09T14:23:47","modified_gmt":"2026-03-09T13:23:47","slug":"2-das-potenzial-von-big-data-und-kunstlicher-intelligenz-fur-3r-in-der-praklinischen-forschung-nutzbar-machen","status":"publish","type":"page","link":"https:\/\/animalwelfare.interpharma.ch\/fr\/sujets\/3r\/les-3r-dans-la-recherche-preclinique\/2-das-potenzial-von-big-data-und-kunstlicher-intelligenz-fur-3r-in-der-praklinischen-forschung-nutzbar-machen\/","title":{"rendered":"2. Rendre exploitable le potentiel des m\u00e9gadonn\u00e9es et de l\u2019intelligence artificielle pour les 3R dans la recherche pr\u00e9clinique"},"content":{"rendered":"\n<h2 class=\"wp-block-heading\">2. Rendre exploitable le potentiel des m\u00e9gadonn\u00e9es et de l\u2019intelligence artificielle pour les 3R dans la recherche pr\u00e9clinique<\/h2>\n\n\n\n<p><strong>Utiliser les donn\u00e9es actuelles et futures<\/strong><\/p>\n\n\n\n<p>Reconna\u00eetre les m\u00e9thodes de substitution est une chose, mais quelles sont les possibilit\u00e9s potentielles des m\u00e9gadonn\u00e9es de faire avancer les 3R? Les m\u00e9gadonn\u00e9es renferment un potentiel encore en friche, susceptible d\u2019acc\u00e9l\u00e9rer et d\u2019am\u00e9liorer la recherche biom\u00e9dicale. Mais comment cela peut-il fonctionner? Les r\u00e9sultats de la recherche sont publi\u00e9s dans des revues scientifiques sp\u00e9cialis\u00e9es, ainsi aussi les r\u00e9sultats de l\u2019exp\u00e9rimentation animale. Cependant, les donn\u00e9es issues des essais, par exemple les informations sur la m\u00e9thode employ\u00e9e, les r\u00e9sultats concernant la dose \u00e0 partir de laquelle un m\u00e9dicament a caus\u00e9 des effets secondaires ou a \u00e9t\u00e9 efficace contre une maladie, ne sont disponibles nulle part sous une forme permettant aux scientifiques d\u2019utiliser et de comparer les r\u00e9sultats d\u2019\u00e9tudes pr\u00e9c\u00e9dentes. Pour pouvoir tirer des enseignements d\u2019exp\u00e9riences d\u00e9j\u00e0 r\u00e9alis\u00e9es sur des animaux, il faudrait que les donn\u00e9es disponibles sur ces exp\u00e9riences, ind\u00e9pendamment du fait que les r\u00e9sultats aient \u00e9t\u00e9 positifs ou n\u00e9gatifs, soient par exemple rassembl\u00e9es et interconnect\u00e9es sur une plateforme num\u00e9rique de mani\u00e8re \u00e0 ce que les chercheuses et chercheurs y aient acc\u00e8s facilement et rapidement. Un exemple: les comprim\u00e9s se composent d\u2019une substance active qui agit contre une maladie et d\u2019excipients, des substances qui permettent de former et d\u2019agglom\u00e9rer le comprim\u00e9. Ces excipients ne doivent d\u00e9clencher aucun effet toxique et doivent donc aussi \u00eatre test\u00e9s dans des exp\u00e9riences sur animaux. Comme on emploie largement les excipients dans la fabrication de comprim\u00e9s, il serait utile de regrouper tous les tests toxicologiques dans une banque de donn\u00e9es, de sorte que d\u2019autres scientifiques des universit\u00e9s ou de l\u2019industrie pharmaceutique puissent acc\u00e9der aux r\u00e9sultats et s\u2019en servir pour leurs propres applications, sans avoir \u00e0 refaire les m\u00eames tests. On voit donc que les m\u00e9gadonn\u00e9es ne fournissent un b\u00e9n\u00e9fice notable que si elles sont interconnect\u00e9es et accessibles. Rendre ces donn\u00e9es existantes utilisables par la collectivit\u00e9 signifie aussi mettre en route une \u00e9volution des mentalit\u00e9s et surmonter les silos qui existent au sein des institutions et entre les diff\u00e9rentes institutions de recherche et entreprises.<\/p>\n\n\n\n<p><strong>L\u2019utilisation de l\u2019intelligence artificielle requiert de grands ensembles de donn\u00e9es<\/strong><\/p>\n\n\n\n            <section class=\"custom-image-block block-margins scrollMagic-block visibleInBackend\" data-uid=\"69e203808aa71\">\n            <figure class=\"custom-image-desktop\">\n                <img decoding=\"async\" src=\"https:\/\/animalwelfare.interpharma.ch\/wp-content\/uploads\/sites\/5\/2023\/11\/20231120_iph_grafik_trichter_desktop_FR_02ik-scaled.png\" alt=\"Icon\">\n            <\/figure>\n\n            <figure class=\"custom-image-mobile\">\n                <img decoding=\"async\" src=\"https:\/\/animalwelfare.interpharma.ch\/wp-content\/uploads\/sites\/5\/2023\/11\/20231120_iph_grafik_trichter_mobile_FR_ik02-scaled.png\">\n            <\/figure>\n        <\/section>\n    \n\n\n\n<p>D\u00e8s lors que de grandes quantit\u00e9s de donn\u00e9es sont disponibles, la question de l\u2019utilisation de l\u2019intelligence artificielle (IA) se pose. En effet, l\u2019interconnexion de donn\u00e9es issues de l\u2019exp\u00e9rimentation animale pourrait non seulement \u00e9viter de r\u00e9p\u00e9ter les exp\u00e9riences, mais aussi permettre le d\u00e9veloppement de techniques et applications enti\u00e8rement nouvelles. On pourrait par exemple utiliser l\u2019intelligence artificielle pour mod\u00e9liser des exp\u00e9riences sur animaux et pr\u00e9dire ainsi l\u2019efficacit\u00e9 et la s\u00e9curit\u00e9 d\u2019un m\u00e9dicament sans avoir \u00e0 faire des essais sur l\u2019animal. La majeure partie du d\u00e9veloppement traditionnel de m\u00e9dicaments (nombre de tests sur de potentielles substances actives candidates) se compose des phases \u00abd\u00e9couverte\u00bb de nouvelles substances actives et \u00abtests <em>in vitro<\/em>\u00bb, par exemple en cultures cellulaires, de ces nouvelles substances. L\u2019\u00e9tape suivante consiste \u00e0 tester un m\u00e9dicament potentiel chez l\u2019animal avant de faire des essais cliniques chez l\u2019\u00eatre humain. L\u2019intelligence artificielle pourrait consid\u00e9rablement contribuer \u00e0 \u00e9tendre la recherche <em>in vitro<\/em> et \u00e0 \u00e9viter certaines exp\u00e9riences sur animaux \u00e0 la phase pr\u00e9clinique, donc \u00e0 en r\u00e9duire encore le nombre. Elle renferme aussi le potentiel d\u2019acc\u00e9l\u00e9rer le processus de d\u00e9veloppement de m\u00e9dicaments, de l\u2019id\u00e9e \u00e0 l\u2019autorisation de mise sur le march\u00e9, et de d\u00e9couvrir des erreurs \u00e0 un stade plus pr\u00e9coce du d\u00e9veloppement, de sorte que seules les substances candidates tr\u00e8s prometteuses parviendraient \u00e0 la phase clinique. Mais l\u2019utilisation de l\u2019intelligence artificielle requiert de grandes quantit\u00e9s de donn\u00e9es et l\u2019acc\u00e8s aux ensembles de donn\u00e9es, sans oublier de veiller \u00e0 la protection de la propri\u00e9t\u00e9 intellectuelle. En outre, elle requiert surtout des scientifiques capables de l\u2019utiliser de mani\u00e8re pertinente, d\u2019\u00e9valuer les r\u00e9sultats obtenus et de prendre des d\u00e9cisions sur cette base.<\/p>\n","protected":false},"excerpt":{"rendered":"<p>2. Rendre exploitable le potentiel des m\u00e9gadonn\u00e9es et de l\u2019intelligence artificielle pour les 3R dans la recherche pr\u00e9clinique Utiliser les donn\u00e9es actuelles et futures Reconna\u00eetre les m\u00e9thodes de substitution est une chose, mais quelles sont les possibilit\u00e9s potentielles des m\u00e9gadonn\u00e9es de faire avancer les 3R? Les m\u00e9gadonn\u00e9es renferment un potentiel encore en friche, susceptible d\u2019acc\u00e9l\u00e9rer [&hellip;]<\/p>\n","protected":false},"author":1,"featured_media":0,"parent":1302,"menu_order":1,"comment_status":"closed","ping_status":"closed","template":"page-templates\/unterthema.php","meta":{"_acf_changed":false,"inline_featured_image":false,"footnotes":""},"class_list":["post-1308","page","type-page","status-publish","hentry"],"acf":[],"yoast_head":"<!-- This site is optimized with the Yoast SEO Premium plugin v27.2 (Yoast SEO v27.2) - https:\/\/yoast.com\/product\/yoast-seo-premium-wordpress\/ -->\n<title>2. Rendre exploitable le potentiel des m\u00e9gadonn\u00e9es et de l\u2019intelligence artificielle pour les 3R dans la recherche pr\u00e9clinique - animalwelfare<\/title>\n<meta name=\"robots\" content=\"index, follow, max-snippet:-1, max-image-preview:large, max-video-preview:-1\" \/>\n<link rel=\"canonical\" href=\"https:\/\/animalwelfare.interpharma.ch\/fr\/sujets\/3r\/les-3r-dans-la-recherche-preclinique\/2-das-potenzial-von-big-data-und-kunstlicher-intelligenz-fur-3r-in-der-praklinischen-forschung-nutzbar-machen\/\" \/>\n<meta property=\"og:locale\" content=\"fr_FR\" \/>\n<meta property=\"og:type\" content=\"article\" \/>\n<meta property=\"og:title\" content=\"2. Rendre exploitable le potentiel des m\u00e9gadonn\u00e9es et de l\u2019intelligence artificielle pour les 3R dans la recherche pr\u00e9clinique\" \/>\n<meta property=\"og:description\" content=\"2. Rendre exploitable le potentiel des m\u00e9gadonn\u00e9es et de l\u2019intelligence artificielle pour les 3R dans la recherche pr\u00e9clinique Utiliser les donn\u00e9es actuelles et futures Reconna\u00eetre les m\u00e9thodes de substitution est une chose, mais quelles sont les possibilit\u00e9s potentielles des m\u00e9gadonn\u00e9es de faire avancer les 3R? Les m\u00e9gadonn\u00e9es renferment un potentiel encore en friche, susceptible d\u2019acc\u00e9l\u00e9rer [&hellip;]\" \/>\n<meta property=\"og:url\" content=\"https:\/\/animalwelfare.interpharma.ch\/fr\/sujets\/3r\/les-3r-dans-la-recherche-preclinique\/2-das-potenzial-von-big-data-und-kunstlicher-intelligenz-fur-3r-in-der-praklinischen-forschung-nutzbar-machen\/\" \/>\n<meta property=\"og:site_name\" content=\"animalwelfare\" \/>\n<meta property=\"article:modified_time\" content=\"2026-03-09T13:23:47+00:00\" \/>\n<meta name=\"twitter:card\" content=\"summary_large_image\" \/>\n<meta name=\"twitter:label1\" content=\"Dur\u00e9e de lecture estim\u00e9e\" \/>\n\t<meta name=\"twitter:data1\" content=\"4 minutes\" \/>\n<script type=\"application\/ld+json\" class=\"yoast-schema-graph\">{\"@context\":\"https:\/\/schema.org\",\"@graph\":[{\"@type\":\"WebPage\",\"@id\":\"https:\/\/animalwelfare.interpharma.ch\/fr\/sujets\/3r\/les-3r-dans-la-recherche-preclinique\/2-das-potenzial-von-big-data-und-kunstlicher-intelligenz-fur-3r-in-der-praklinischen-forschung-nutzbar-machen\/\",\"url\":\"https:\/\/animalwelfare.interpharma.ch\/fr\/sujets\/3r\/les-3r-dans-la-recherche-preclinique\/2-das-potenzial-von-big-data-und-kunstlicher-intelligenz-fur-3r-in-der-praklinischen-forschung-nutzbar-machen\/\",\"name\":\"2. Rendre exploitable le potentiel des m\u00e9gadonn\u00e9es et de l\u2019intelligence artificielle pour les 3R dans la recherche pr\u00e9clinique - animalwelfare\",\"isPartOf\":{\"@id\":\"https:\/\/animalwelfare.interpharma.ch\/#website\"},\"datePublished\":\"2026-03-06T16:35:44+00:00\",\"dateModified\":\"2026-03-09T13:23:47+00:00\",\"breadcrumb\":{\"@id\":\"https:\/\/animalwelfare.interpharma.ch\/fr\/sujets\/3r\/les-3r-dans-la-recherche-preclinique\/2-das-potenzial-von-big-data-und-kunstlicher-intelligenz-fur-3r-in-der-praklinischen-forschung-nutzbar-machen\/#breadcrumb\"},\"inLanguage\":\"fr-FR\",\"potentialAction\":[{\"@type\":\"ReadAction\",\"target\":[\"https:\/\/animalwelfare.interpharma.ch\/fr\/sujets\/3r\/les-3r-dans-la-recherche-preclinique\/2-das-potenzial-von-big-data-und-kunstlicher-intelligenz-fur-3r-in-der-praklinischen-forschung-nutzbar-machen\/\"]}]},{\"@type\":\"BreadcrumbList\",\"@id\":\"https:\/\/animalwelfare.interpharma.ch\/fr\/sujets\/3r\/les-3r-dans-la-recherche-preclinique\/2-das-potenzial-von-big-data-und-kunstlicher-intelligenz-fur-3r-in-der-praklinischen-forschung-nutzbar-machen\/#breadcrumb\",\"itemListElement\":[{\"@type\":\"ListItem\",\"position\":1,\"name\":\"Start\",\"item\":\"https:\/\/animalwelfare.interpharma.ch\/fr\/\"},{\"@type\":\"ListItem\",\"position\":2,\"name\":\"Contenus\",\"item\":\"https:\/\/animalwelfare.interpharma.ch\/fr\/sujets\/\"},{\"@type\":\"ListItem\",\"position\":3,\"name\":\"3R\",\"item\":\"https:\/\/animalwelfare.interpharma.ch\/fr\/sujets\/3r\/\"},{\"@type\":\"ListItem\",\"position\":4,\"name\":\"Les 3R dans la recherche pr\u00e9clinique\",\"item\":\"https:\/\/animalwelfare.interpharma.ch\/themen\/3r\/3r-in-der-praeklinischen-forschung\/\"},{\"@type\":\"ListItem\",\"position\":5,\"name\":\"2. Rendre exploitable le potentiel des m\u00e9gadonn\u00e9es et de l\u2019intelligence artificielle pour les 3R dans la recherche pr\u00e9clinique\"}]},{\"@type\":\"WebSite\",\"@id\":\"https:\/\/animalwelfare.interpharma.ch\/#website\",\"url\":\"https:\/\/animalwelfare.interpharma.ch\/\",\"name\":\"animalwelfare\",\"description\":\"\",\"potentialAction\":[{\"@type\":\"SearchAction\",\"target\":{\"@type\":\"EntryPoint\",\"urlTemplate\":\"https:\/\/animalwelfare.interpharma.ch\/?s={search_term_string}\"},\"query-input\":{\"@type\":\"PropertyValueSpecification\",\"valueRequired\":true,\"valueName\":\"search_term_string\"}}],\"inLanguage\":\"fr-FR\"}]}<\/script>\n<!-- \/ Yoast SEO Premium plugin. -->","yoast_head_json":{"title":"2. Rendre exploitable le potentiel des m\u00e9gadonn\u00e9es et de l\u2019intelligence artificielle pour les 3R dans la recherche pr\u00e9clinique - animalwelfare","robots":{"index":"index","follow":"follow","max-snippet":"max-snippet:-1","max-image-preview":"max-image-preview:large","max-video-preview":"max-video-preview:-1"},"canonical":"https:\/\/animalwelfare.interpharma.ch\/fr\/sujets\/3r\/les-3r-dans-la-recherche-preclinique\/2-das-potenzial-von-big-data-und-kunstlicher-intelligenz-fur-3r-in-der-praklinischen-forschung-nutzbar-machen\/","og_locale":"fr_FR","og_type":"article","og_title":"2. Rendre exploitable le potentiel des m\u00e9gadonn\u00e9es et de l\u2019intelligence artificielle pour les 3R dans la recherche pr\u00e9clinique","og_description":"2. Rendre exploitable le potentiel des m\u00e9gadonn\u00e9es et de l\u2019intelligence artificielle pour les 3R dans la recherche pr\u00e9clinique Utiliser les donn\u00e9es actuelles et futures Reconna\u00eetre les m\u00e9thodes de substitution est une chose, mais quelles sont les possibilit\u00e9s potentielles des m\u00e9gadonn\u00e9es de faire avancer les 3R? Les m\u00e9gadonn\u00e9es renferment un potentiel encore en friche, susceptible d\u2019acc\u00e9l\u00e9rer [&hellip;]","og_url":"https:\/\/animalwelfare.interpharma.ch\/fr\/sujets\/3r\/les-3r-dans-la-recherche-preclinique\/2-das-potenzial-von-big-data-und-kunstlicher-intelligenz-fur-3r-in-der-praklinischen-forschung-nutzbar-machen\/","og_site_name":"animalwelfare","article_modified_time":"2026-03-09T13:23:47+00:00","twitter_card":"summary_large_image","twitter_misc":{"Dur\u00e9e de lecture estim\u00e9e":"4 minutes"},"schema":{"@context":"https:\/\/schema.org","@graph":[{"@type":"WebPage","@id":"https:\/\/animalwelfare.interpharma.ch\/fr\/sujets\/3r\/les-3r-dans-la-recherche-preclinique\/2-das-potenzial-von-big-data-und-kunstlicher-intelligenz-fur-3r-in-der-praklinischen-forschung-nutzbar-machen\/","url":"https:\/\/animalwelfare.interpharma.ch\/fr\/sujets\/3r\/les-3r-dans-la-recherche-preclinique\/2-das-potenzial-von-big-data-und-kunstlicher-intelligenz-fur-3r-in-der-praklinischen-forschung-nutzbar-machen\/","name":"2. Rendre exploitable le potentiel des m\u00e9gadonn\u00e9es et de l\u2019intelligence artificielle pour les 3R dans la recherche pr\u00e9clinique - animalwelfare","isPartOf":{"@id":"https:\/\/animalwelfare.interpharma.ch\/#website"},"datePublished":"2026-03-06T16:35:44+00:00","dateModified":"2026-03-09T13:23:47+00:00","breadcrumb":{"@id":"https:\/\/animalwelfare.interpharma.ch\/fr\/sujets\/3r\/les-3r-dans-la-recherche-preclinique\/2-das-potenzial-von-big-data-und-kunstlicher-intelligenz-fur-3r-in-der-praklinischen-forschung-nutzbar-machen\/#breadcrumb"},"inLanguage":"fr-FR","potentialAction":[{"@type":"ReadAction","target":["https:\/\/animalwelfare.interpharma.ch\/fr\/sujets\/3r\/les-3r-dans-la-recherche-preclinique\/2-das-potenzial-von-big-data-und-kunstlicher-intelligenz-fur-3r-in-der-praklinischen-forschung-nutzbar-machen\/"]}]},{"@type":"BreadcrumbList","@id":"https:\/\/animalwelfare.interpharma.ch\/fr\/sujets\/3r\/les-3r-dans-la-recherche-preclinique\/2-das-potenzial-von-big-data-und-kunstlicher-intelligenz-fur-3r-in-der-praklinischen-forschung-nutzbar-machen\/#breadcrumb","itemListElement":[{"@type":"ListItem","position":1,"name":"Start","item":"https:\/\/animalwelfare.interpharma.ch\/fr\/"},{"@type":"ListItem","position":2,"name":"Contenus","item":"https:\/\/animalwelfare.interpharma.ch\/fr\/sujets\/"},{"@type":"ListItem","position":3,"name":"3R","item":"https:\/\/animalwelfare.interpharma.ch\/fr\/sujets\/3r\/"},{"@type":"ListItem","position":4,"name":"Les 3R dans la recherche pr\u00e9clinique","item":"https:\/\/animalwelfare.interpharma.ch\/themen\/3r\/3r-in-der-praeklinischen-forschung\/"},{"@type":"ListItem","position":5,"name":"2. Rendre exploitable le potentiel des m\u00e9gadonn\u00e9es et de l\u2019intelligence artificielle pour les 3R dans la recherche pr\u00e9clinique"}]},{"@type":"WebSite","@id":"https:\/\/animalwelfare.interpharma.ch\/#website","url":"https:\/\/animalwelfare.interpharma.ch\/","name":"animalwelfare","description":"","potentialAction":[{"@type":"SearchAction","target":{"@type":"EntryPoint","urlTemplate":"https:\/\/animalwelfare.interpharma.ch\/?s={search_term_string}"},"query-input":{"@type":"PropertyValueSpecification","valueRequired":true,"valueName":"search_term_string"}}],"inLanguage":"fr-FR"}]}},"_links":{"self":[{"href":"https:\/\/animalwelfare.interpharma.ch\/fr\/wp-json\/wp\/v2\/pages\/1308","targetHints":{"allow":["GET"]}}],"collection":[{"href":"https:\/\/animalwelfare.interpharma.ch\/fr\/wp-json\/wp\/v2\/pages"}],"about":[{"href":"https:\/\/animalwelfare.interpharma.ch\/fr\/wp-json\/wp\/v2\/types\/page"}],"author":[{"embeddable":true,"href":"https:\/\/animalwelfare.interpharma.ch\/fr\/wp-json\/wp\/v2\/users\/1"}],"replies":[{"embeddable":true,"href":"https:\/\/animalwelfare.interpharma.ch\/fr\/wp-json\/wp\/v2\/comments?post=1308"}],"version-history":[{"count":2,"href":"https:\/\/animalwelfare.interpharma.ch\/fr\/wp-json\/wp\/v2\/pages\/1308\/revisions"}],"predecessor-version":[{"id":2818,"href":"https:\/\/animalwelfare.interpharma.ch\/fr\/wp-json\/wp\/v2\/pages\/1308\/revisions\/2818"}],"up":[{"embeddable":true,"href":"https:\/\/animalwelfare.interpharma.ch\/fr\/wp-json\/wp\/v2\/pages\/1302"}],"wp:attachment":[{"href":"https:\/\/animalwelfare.interpharma.ch\/fr\/wp-json\/wp\/v2\/media?parent=1308"}],"curies":[{"name":"wp","href":"https:\/\/api.w.org\/{rel}","templated":true}]}}