{"id":1254,"date":"2026-03-06T17:35:41","date_gmt":"2026-03-06T16:35:41","guid":{"rendered":"https:\/\/animalwelfare.iph-multisite.berta-bewegt.ch\/?page_id=1254"},"modified":"2026-03-09T15:29:04","modified_gmt":"2026-03-09T14:29:04","slug":"5-dialogue-avec-les-groupes-dinteret-et-le-grand-public","status":"publish","type":"page","link":"https:\/\/animalwelfare.interpharma.ch\/fr\/sujets\/3r\/la-charte-pour-la-protection-des-animaux-a-dix-ans\/5-dialogue-avec-les-groupes-dinteret-et-le-grand-public\/","title":{"rendered":"5. Dialogue avec les groupes d\u2019int\u00e9r\u00eat et le grand public"},"content":{"rendered":"\n<h2 class=\"wp-block-heading\">5. Dialogue avec les groupes d\u2019int\u00e9r\u00eat et le grand public<\/h2>\n\n\n\n<p>Par sa charte, son rapport annuel qui pr\u00e9sente les nombreux projets et initiatives visant \u00e0 am\u00e9liorer le bien-\u00eatre animal dans la recherche, et son engagement dans le cadre du Centre de comp\u00e9tence 3RCC, l\u2019industrie pharmaceutique suisse pratiquant la recherche entre en dialogue avec le public et les diverses parties prenantes. C\u2019est ainsi qu\u2019un \u00e9change r\u00e9gulier entre repr\u00e9sentant-e-s de la Protection Suisse des Animaux (PSA) et l\u2019industrie est solidement \u00e9tabli depuis 2011. La communication transparente et la constitution de groupes de travail et de r\u00e9seaux pluridisciplinaires sont non seulement le signe d\u2019une volont\u00e9 commune, mais aussi un soutien au processus visant \u00e0 am\u00e9liorer continuellement et durablement la situation des animaux de laboratoire.<\/p>\n","protected":false},"excerpt":{"rendered":"<p>5. Dialogue avec les groupes d\u2019int\u00e9r\u00eat et le grand public Par sa charte, son rapport annuel qui pr\u00e9sente les nombreux projets et initiatives visant \u00e0 am\u00e9liorer le bien-\u00eatre animal dans la recherche, et son engagement dans le cadre du Centre de comp\u00e9tence 3RCC, l\u2019industrie pharmaceutique suisse pratiquant la recherche entre en dialogue avec le public [&hellip;]<\/p>\n","protected":false},"author":1,"featured_media":0,"parent":1248,"menu_order":4,"comment_status":"closed","ping_status":"closed","template":"page-templates\/unterthema.php","meta":{"_acf_changed":false,"inline_featured_image":false,"footnotes":""},"class_list":["post-1254","page","type-page","status-publish","hentry"],"acf":[],"yoast_head":"<!-- This site is optimized with the Yoast SEO Premium plugin v27.2 (Yoast SEO v27.2) - https:\/\/yoast.com\/product\/yoast-seo-premium-wordpress\/ -->\n<title>5. Dialogue avec les groupes d\u2019int\u00e9r\u00eat et le grand public - animalwelfare<\/title>\n<meta name=\"robots\" content=\"index, follow, max-snippet:-1, max-image-preview:large, max-video-preview:-1\" \/>\n<link rel=\"canonical\" href=\"https:\/\/animalwelfare.interpharma.ch\/fr\/sujets\/3r\/la-charte-pour-la-protection-des-animaux-a-dix-ans\/5-dialogue-avec-les-groupes-dinteret-et-le-grand-public\/\" \/>\n<meta property=\"og:locale\" content=\"fr_FR\" \/>\n<meta property=\"og:type\" content=\"article\" \/>\n<meta property=\"og:title\" content=\"5. Dialogue avec les groupes d\u2019int\u00e9r\u00eat et le grand public\" \/>\n<meta property=\"og:description\" content=\"5. Dialogue avec les groupes d\u2019int\u00e9r\u00eat et le grand public Par sa charte, son rapport annuel qui pr\u00e9sente les nombreux projets et initiatives visant \u00e0 am\u00e9liorer le bien-\u00eatre animal dans la recherche, et son engagement dans le cadre du Centre de comp\u00e9tence 3RCC, l\u2019industrie pharmaceutique suisse pratiquant la recherche entre en dialogue avec le public [&hellip;]\" \/>\n<meta property=\"og:url\" content=\"https:\/\/animalwelfare.interpharma.ch\/fr\/sujets\/3r\/la-charte-pour-la-protection-des-animaux-a-dix-ans\/5-dialogue-avec-les-groupes-dinteret-et-le-grand-public\/\" \/>\n<meta property=\"og:site_name\" content=\"animalwelfare\" \/>\n<meta property=\"article:modified_time\" content=\"2026-03-09T14:29:04+00:00\" \/>\n<meta name=\"twitter:card\" content=\"summary_large_image\" \/>\n<meta name=\"twitter:label1\" content=\"Dur\u00e9e de lecture estim\u00e9e\" \/>\n\t<meta name=\"twitter:data1\" content=\"1 minute\" \/>\n<script type=\"application\/ld+json\" class=\"yoast-schema-graph\">{\"@context\":\"https:\/\/schema.org\",\"@graph\":[{\"@type\":\"WebPage\",\"@id\":\"https:\/\/animalwelfare.interpharma.ch\/fr\/sujets\/3r\/la-charte-pour-la-protection-des-animaux-a-dix-ans\/5-dialogue-avec-les-groupes-dinteret-et-le-grand-public\/\",\"url\":\"https:\/\/animalwelfare.interpharma.ch\/fr\/sujets\/3r\/la-charte-pour-la-protection-des-animaux-a-dix-ans\/5-dialogue-avec-les-groupes-dinteret-et-le-grand-public\/\",\"name\":\"5. Dialogue avec les groupes d\u2019int\u00e9r\u00eat et le grand public - animalwelfare\",\"isPartOf\":{\"@id\":\"https:\/\/animalwelfare.interpharma.ch\/#website\"},\"datePublished\":\"2026-03-06T16:35:41+00:00\",\"dateModified\":\"2026-03-09T14:29:04+00:00\",\"breadcrumb\":{\"@id\":\"https:\/\/animalwelfare.interpharma.ch\/fr\/sujets\/3r\/la-charte-pour-la-protection-des-animaux-a-dix-ans\/5-dialogue-avec-les-groupes-dinteret-et-le-grand-public\/#breadcrumb\"},\"inLanguage\":\"fr-FR\",\"potentialAction\":[{\"@type\":\"ReadAction\",\"target\":[\"https:\/\/animalwelfare.interpharma.ch\/fr\/sujets\/3r\/la-charte-pour-la-protection-des-animaux-a-dix-ans\/5-dialogue-avec-les-groupes-dinteret-et-le-grand-public\/\"]}]},{\"@type\":\"BreadcrumbList\",\"@id\":\"https:\/\/animalwelfare.interpharma.ch\/fr\/sujets\/3r\/la-charte-pour-la-protection-des-animaux-a-dix-ans\/5-dialogue-avec-les-groupes-dinteret-et-le-grand-public\/#breadcrumb\",\"itemListElement\":[{\"@type\":\"ListItem\",\"position\":1,\"name\":\"Start\",\"item\":\"https:\/\/animalwelfare.interpharma.ch\/fr\/\"},{\"@type\":\"ListItem\",\"position\":2,\"name\":\"Contenus\",\"item\":\"https:\/\/animalwelfare.interpharma.ch\/fr\/sujets\/\"},{\"@type\":\"ListItem\",\"position\":3,\"name\":\"3R\",\"item\":\"https:\/\/animalwelfare.interpharma.ch\/fr\/sujets\/3r\/\"},{\"@type\":\"ListItem\",\"position\":4,\"name\":\"La Charte pour la protection des animaux a dix ans\",\"item\":\"https:\/\/animalwelfare.interpharma.ch\/themen\/3r\/zehn-jahre-animal-welfare-charta\/\"},{\"@type\":\"ListItem\",\"position\":5,\"name\":\"5. Dialogue avec les groupes d\u2019int\u00e9r\u00eat et le grand public\"}]},{\"@type\":\"WebSite\",\"@id\":\"https:\/\/animalwelfare.interpharma.ch\/#website\",\"url\":\"https:\/\/animalwelfare.interpharma.ch\/\",\"name\":\"animalwelfare\",\"description\":\"\",\"potentialAction\":[{\"@type\":\"SearchAction\",\"target\":{\"@type\":\"EntryPoint\",\"urlTemplate\":\"https:\/\/animalwelfare.interpharma.ch\/?s={search_term_string}\"},\"query-input\":{\"@type\":\"PropertyValueSpecification\",\"valueRequired\":true,\"valueName\":\"search_term_string\"}}],\"inLanguage\":\"fr-FR\"}]}<\/script>\n<!-- \/ Yoast SEO Premium plugin. -->","yoast_head_json":{"title":"5. Dialogue avec les groupes d\u2019int\u00e9r\u00eat et le grand public - animalwelfare","robots":{"index":"index","follow":"follow","max-snippet":"max-snippet:-1","max-image-preview":"max-image-preview:large","max-video-preview":"max-video-preview:-1"},"canonical":"https:\/\/animalwelfare.interpharma.ch\/fr\/sujets\/3r\/la-charte-pour-la-protection-des-animaux-a-dix-ans\/5-dialogue-avec-les-groupes-dinteret-et-le-grand-public\/","og_locale":"fr_FR","og_type":"article","og_title":"5. Dialogue avec les groupes d\u2019int\u00e9r\u00eat et le grand public","og_description":"5. Dialogue avec les groupes d\u2019int\u00e9r\u00eat et le grand public Par sa charte, son rapport annuel qui pr\u00e9sente les nombreux projets et initiatives visant \u00e0 am\u00e9liorer le bien-\u00eatre animal dans la recherche, et son engagement dans le cadre du Centre de comp\u00e9tence 3RCC, l\u2019industrie pharmaceutique suisse pratiquant la recherche entre en dialogue avec le public [&hellip;]","og_url":"https:\/\/animalwelfare.interpharma.ch\/fr\/sujets\/3r\/la-charte-pour-la-protection-des-animaux-a-dix-ans\/5-dialogue-avec-les-groupes-dinteret-et-le-grand-public\/","og_site_name":"animalwelfare","article_modified_time":"2026-03-09T14:29:04+00:00","twitter_card":"summary_large_image","twitter_misc":{"Dur\u00e9e de lecture estim\u00e9e":"1 minute"},"schema":{"@context":"https:\/\/schema.org","@graph":[{"@type":"WebPage","@id":"https:\/\/animalwelfare.interpharma.ch\/fr\/sujets\/3r\/la-charte-pour-la-protection-des-animaux-a-dix-ans\/5-dialogue-avec-les-groupes-dinteret-et-le-grand-public\/","url":"https:\/\/animalwelfare.interpharma.ch\/fr\/sujets\/3r\/la-charte-pour-la-protection-des-animaux-a-dix-ans\/5-dialogue-avec-les-groupes-dinteret-et-le-grand-public\/","name":"5. Dialogue avec les groupes d\u2019int\u00e9r\u00eat et le grand public - animalwelfare","isPartOf":{"@id":"https:\/\/animalwelfare.interpharma.ch\/#website"},"datePublished":"2026-03-06T16:35:41+00:00","dateModified":"2026-03-09T14:29:04+00:00","breadcrumb":{"@id":"https:\/\/animalwelfare.interpharma.ch\/fr\/sujets\/3r\/la-charte-pour-la-protection-des-animaux-a-dix-ans\/5-dialogue-avec-les-groupes-dinteret-et-le-grand-public\/#breadcrumb"},"inLanguage":"fr-FR","potentialAction":[{"@type":"ReadAction","target":["https:\/\/animalwelfare.interpharma.ch\/fr\/sujets\/3r\/la-charte-pour-la-protection-des-animaux-a-dix-ans\/5-dialogue-avec-les-groupes-dinteret-et-le-grand-public\/"]}]},{"@type":"BreadcrumbList","@id":"https:\/\/animalwelfare.interpharma.ch\/fr\/sujets\/3r\/la-charte-pour-la-protection-des-animaux-a-dix-ans\/5-dialogue-avec-les-groupes-dinteret-et-le-grand-public\/#breadcrumb","itemListElement":[{"@type":"ListItem","position":1,"name":"Start","item":"https:\/\/animalwelfare.interpharma.ch\/fr\/"},{"@type":"ListItem","position":2,"name":"Contenus","item":"https:\/\/animalwelfare.interpharma.ch\/fr\/sujets\/"},{"@type":"ListItem","position":3,"name":"3R","item":"https:\/\/animalwelfare.interpharma.ch\/fr\/sujets\/3r\/"},{"@type":"ListItem","position":4,"name":"La Charte pour la protection des animaux a dix ans","item":"https:\/\/animalwelfare.interpharma.ch\/themen\/3r\/zehn-jahre-animal-welfare-charta\/"},{"@type":"ListItem","position":5,"name":"5. Dialogue avec les groupes d\u2019int\u00e9r\u00eat et le grand public"}]},{"@type":"WebSite","@id":"https:\/\/animalwelfare.interpharma.ch\/#website","url":"https:\/\/animalwelfare.interpharma.ch\/","name":"animalwelfare","description":"","potentialAction":[{"@type":"SearchAction","target":{"@type":"EntryPoint","urlTemplate":"https:\/\/animalwelfare.interpharma.ch\/?s={search_term_string}"},"query-input":{"@type":"PropertyValueSpecification","valueRequired":true,"valueName":"search_term_string"}}],"inLanguage":"fr-FR"}]}},"_links":{"self":[{"href":"https:\/\/animalwelfare.interpharma.ch\/fr\/wp-json\/wp\/v2\/pages\/1254","targetHints":{"allow":["GET"]}}],"collection":[{"href":"https:\/\/animalwelfare.interpharma.ch\/fr\/wp-json\/wp\/v2\/pages"}],"about":[{"href":"https:\/\/animalwelfare.interpharma.ch\/fr\/wp-json\/wp\/v2\/types\/page"}],"author":[{"embeddable":true,"href":"https:\/\/animalwelfare.interpharma.ch\/fr\/wp-json\/wp\/v2\/users\/1"}],"replies":[{"embeddable":true,"href":"https:\/\/animalwelfare.interpharma.ch\/fr\/wp-json\/wp\/v2\/comments?post=1254"}],"version-history":[{"count":2,"href":"https:\/\/animalwelfare.interpharma.ch\/fr\/wp-json\/wp\/v2\/pages\/1254\/revisions"}],"predecessor-version":[{"id":2892,"href":"https:\/\/animalwelfare.interpharma.ch\/fr\/wp-json\/wp\/v2\/pages\/1254\/revisions\/2892"}],"up":[{"embeddable":true,"href":"https:\/\/animalwelfare.interpharma.ch\/fr\/wp-json\/wp\/v2\/pages\/1248"}],"wp:attachment":[{"href":"https:\/\/animalwelfare.interpharma.ch\/fr\/wp-json\/wp\/v2\/media?parent=1254"}],"curies":[{"name":"wp","href":"https:\/\/api.w.org\/{rel}","templated":true}]}}