{"id":1236,"date":"2026-03-06T17:35:40","date_gmt":"2026-03-06T16:35:40","guid":{"rendered":"https:\/\/animalwelfare.iph-multisite.berta-bewegt.ch\/?page_id=1236"},"modified":"2026-03-09T15:10:15","modified_gmt":"2026-03-09T14:10:15","slug":"4-developpement-dun-vaccin-en-un-temps-record","status":"publish","type":"page","link":"https:\/\/animalwelfare.interpharma.ch\/fr\/sujets\/beispiele\/ensemble-contre-la-covid-19\/4-developpement-dun-vaccin-en-un-temps-record\/","title":{"rendered":"4. D\u00e9veloppement d\u2019un vaccin en un temps record"},"content":{"rendered":"\n<h2 class=\"wp-block-heading\">4. D\u00e9veloppement d\u2019un vaccin en un temps record<\/h2>\n\n\n\n<p>Normalement, il faut compter 6 \u00e0 15 ans avant qu\u2019un nouveauvaccin soit pr\u00eat \u00e0 \u00eatre mis sur le march\u00e9. Le d\u00e9veloppementd\u2019un vaccin est un processus extr\u00eamement complexe (cf.illustration en p. 4-5). Mais dans la lutte contre la COVID-19,de l\u2019avis d\u2019experts, ce d\u00e9lai pourrait \u00eatre r\u00e9duit \u00e0 entre 12et 18 mois. Comment est-il possible de d\u00e9velopper un vaccinaussi rapidement? L\u2019\u00e9l\u00e9ment d\u00e9cisif est l\u2019\u00e9change sanspr\u00e9c\u00e9dent entre l\u2019industrie pharmaceutique et des partenairesuniversitaires dans le cadre d\u2019alliances mondiales et de projetsenglobant diff\u00e9rentes entreprises. Ensemble, les entreprisesont pu mobiliser rapidement des capacit\u00e9s de recherche etde production suppl\u00e9mentaires et sont en mesure de combinerplusieurs phases d\u2019essais cliniques. C\u2019est ainsi que, fin juillet,l\u2019Organisation mondiale de la Sant\u00e9 d\u00e9nombrait d\u00e9j\u00e0165 candidats vaccins (139 en phase pr\u00e9clinique et 26 enphase clinique). Plusieurs projets de membres d\u2019Interpharmaen font partie: Johnson &amp; Johnson a d\u00e9marr\u00e9 enjuillet un essai de phase 1 avec son entreprise Janssenet le site de vaccins de celle-ci \u00e0 Berne.<\/p>\n\n\n\n<p>D\u2019autres entreprises qui travaillent sur des candidats vaccins prometteurs sont par exemple AstraZeneca en coop\u00e9ration avec l\u2019Universit\u00e9 d\u2019Oxford, Sanofi et GSK, Merck &amp; Co., ainsi que Pfizer en coop\u00e9ration avec l\u2019entreprise biotechnologique allemande BioNTech. Un autre point important dans ce processus sont les interactions avec les gouvernements et les autorit\u00e9s. Une autorisation de mise sur le march\u00e9 acc\u00e9l\u00e9r\u00e9e permettra de gagner encore du temps dans la lutte contre la COVID-19.<\/p>\n","protected":false},"excerpt":{"rendered":"<p>4. D\u00e9veloppement d\u2019un vaccin en un temps record Normalement, il faut compter 6 \u00e0 15 ans avant qu\u2019un nouveauvaccin soit pr\u00eat \u00e0 \u00eatre mis sur le march\u00e9. Le d\u00e9veloppementd\u2019un vaccin est un processus extr\u00eamement complexe (cf.illustration en p. 4-5). Mais dans la lutte contre la COVID-19,de l\u2019avis d\u2019experts, ce d\u00e9lai pourrait \u00eatre r\u00e9duit \u00e0 entre [&hellip;]<\/p>\n","protected":false},"author":1,"featured_media":0,"parent":930,"menu_order":3,"comment_status":"closed","ping_status":"closed","template":"page-templates\/unterthema.php","meta":{"_acf_changed":false,"inline_featured_image":false,"footnotes":""},"class_list":["post-1236","page","type-page","status-publish","hentry"],"acf":[],"yoast_head":"<!-- This site is optimized with the Yoast SEO Premium plugin v27.2 (Yoast SEO v27.2) - https:\/\/yoast.com\/product\/yoast-seo-premium-wordpress\/ -->\n<title>4. D\u00e9veloppement d\u2019un vaccin en un temps record - animalwelfare<\/title>\n<meta name=\"robots\" content=\"index, follow, max-snippet:-1, max-image-preview:large, max-video-preview:-1\" \/>\n<link rel=\"canonical\" href=\"https:\/\/animalwelfare.interpharma.ch\/fr\/sujets\/beispiele\/ensemble-contre-la-covid-19\/4-developpement-dun-vaccin-en-un-temps-record\/\" \/>\n<meta property=\"og:locale\" content=\"fr_FR\" \/>\n<meta property=\"og:type\" content=\"article\" \/>\n<meta property=\"og:title\" content=\"4. D\u00e9veloppement d\u2019un vaccin en un temps record\" \/>\n<meta property=\"og:description\" content=\"4. D\u00e9veloppement d\u2019un vaccin en un temps record Normalement, il faut compter 6 \u00e0 15 ans avant qu\u2019un nouveauvaccin soit pr\u00eat \u00e0 \u00eatre mis sur le march\u00e9. Le d\u00e9veloppementd\u2019un vaccin est un processus extr\u00eamement complexe (cf.illustration en p. 4-5). Mais dans la lutte contre la COVID-19,de l\u2019avis d\u2019experts, ce d\u00e9lai pourrait \u00eatre r\u00e9duit \u00e0 entre [&hellip;]\" \/>\n<meta property=\"og:url\" content=\"https:\/\/animalwelfare.interpharma.ch\/fr\/sujets\/beispiele\/ensemble-contre-la-covid-19\/4-developpement-dun-vaccin-en-un-temps-record\/\" \/>\n<meta property=\"og:site_name\" content=\"animalwelfare\" \/>\n<meta property=\"article:modified_time\" content=\"2026-03-09T14:10:15+00:00\" \/>\n<meta name=\"twitter:card\" content=\"summary_large_image\" \/>\n<meta name=\"twitter:label1\" content=\"Dur\u00e9e de lecture estim\u00e9e\" \/>\n\t<meta name=\"twitter:data1\" content=\"2 minutes\" \/>\n<script type=\"application\/ld+json\" class=\"yoast-schema-graph\">{\"@context\":\"https:\/\/schema.org\",\"@graph\":[{\"@type\":\"WebPage\",\"@id\":\"https:\/\/animalwelfare.interpharma.ch\/fr\/sujets\/beispiele\/ensemble-contre-la-covid-19\/4-developpement-dun-vaccin-en-un-temps-record\/\",\"url\":\"https:\/\/animalwelfare.interpharma.ch\/fr\/sujets\/beispiele\/ensemble-contre-la-covid-19\/4-developpement-dun-vaccin-en-un-temps-record\/\",\"name\":\"4. D\u00e9veloppement d\u2019un vaccin en un temps record - animalwelfare\",\"isPartOf\":{\"@id\":\"https:\/\/animalwelfare.interpharma.ch\/#website\"},\"datePublished\":\"2026-03-06T16:35:40+00:00\",\"dateModified\":\"2026-03-09T14:10:15+00:00\",\"breadcrumb\":{\"@id\":\"https:\/\/animalwelfare.interpharma.ch\/fr\/sujets\/beispiele\/ensemble-contre-la-covid-19\/4-developpement-dun-vaccin-en-un-temps-record\/#breadcrumb\"},\"inLanguage\":\"fr-FR\",\"potentialAction\":[{\"@type\":\"ReadAction\",\"target\":[\"https:\/\/animalwelfare.interpharma.ch\/fr\/sujets\/beispiele\/ensemble-contre-la-covid-19\/4-developpement-dun-vaccin-en-un-temps-record\/\"]}]},{\"@type\":\"BreadcrumbList\",\"@id\":\"https:\/\/animalwelfare.interpharma.ch\/fr\/sujets\/beispiele\/ensemble-contre-la-covid-19\/4-developpement-dun-vaccin-en-un-temps-record\/#breadcrumb\",\"itemListElement\":[{\"@type\":\"ListItem\",\"position\":1,\"name\":\"Start\",\"item\":\"https:\/\/animalwelfare.interpharma.ch\/fr\/\"},{\"@type\":\"ListItem\",\"position\":2,\"name\":\"Contenus\",\"item\":\"https:\/\/animalwelfare.interpharma.ch\/fr\/sujets\/\"},{\"@type\":\"ListItem\",\"position\":3,\"name\":\"Exemple\",\"item\":\"https:\/\/animalwelfare.interpharma.ch\/fr\/sujets\/beispiele\/\"},{\"@type\":\"ListItem\",\"position\":4,\"name\":\"Ensemble contre la COVID-19\",\"item\":\"https:\/\/animalwelfare.interpharma.ch\/themen\/beispiele\/gemeinsam-gegen-covid-19\/\"},{\"@type\":\"ListItem\",\"position\":5,\"name\":\"4. D\u00e9veloppement d\u2019un vaccin en un temps record\"}]},{\"@type\":\"WebSite\",\"@id\":\"https:\/\/animalwelfare.interpharma.ch\/#website\",\"url\":\"https:\/\/animalwelfare.interpharma.ch\/\",\"name\":\"animalwelfare\",\"description\":\"\",\"potentialAction\":[{\"@type\":\"SearchAction\",\"target\":{\"@type\":\"EntryPoint\",\"urlTemplate\":\"https:\/\/animalwelfare.interpharma.ch\/?s={search_term_string}\"},\"query-input\":{\"@type\":\"PropertyValueSpecification\",\"valueRequired\":true,\"valueName\":\"search_term_string\"}}],\"inLanguage\":\"fr-FR\"}]}<\/script>\n<!-- \/ Yoast SEO Premium plugin. -->","yoast_head_json":{"title":"4. D\u00e9veloppement d\u2019un vaccin en un temps record - animalwelfare","robots":{"index":"index","follow":"follow","max-snippet":"max-snippet:-1","max-image-preview":"max-image-preview:large","max-video-preview":"max-video-preview:-1"},"canonical":"https:\/\/animalwelfare.interpharma.ch\/fr\/sujets\/beispiele\/ensemble-contre-la-covid-19\/4-developpement-dun-vaccin-en-un-temps-record\/","og_locale":"fr_FR","og_type":"article","og_title":"4. D\u00e9veloppement d\u2019un vaccin en un temps record","og_description":"4. D\u00e9veloppement d\u2019un vaccin en un temps record Normalement, il faut compter 6 \u00e0 15 ans avant qu\u2019un nouveauvaccin soit pr\u00eat \u00e0 \u00eatre mis sur le march\u00e9. Le d\u00e9veloppementd\u2019un vaccin est un processus extr\u00eamement complexe (cf.illustration en p. 4-5). Mais dans la lutte contre la COVID-19,de l\u2019avis d\u2019experts, ce d\u00e9lai pourrait \u00eatre r\u00e9duit \u00e0 entre [&hellip;]","og_url":"https:\/\/animalwelfare.interpharma.ch\/fr\/sujets\/beispiele\/ensemble-contre-la-covid-19\/4-developpement-dun-vaccin-en-un-temps-record\/","og_site_name":"animalwelfare","article_modified_time":"2026-03-09T14:10:15+00:00","twitter_card":"summary_large_image","twitter_misc":{"Dur\u00e9e de lecture estim\u00e9e":"2 minutes"},"schema":{"@context":"https:\/\/schema.org","@graph":[{"@type":"WebPage","@id":"https:\/\/animalwelfare.interpharma.ch\/fr\/sujets\/beispiele\/ensemble-contre-la-covid-19\/4-developpement-dun-vaccin-en-un-temps-record\/","url":"https:\/\/animalwelfare.interpharma.ch\/fr\/sujets\/beispiele\/ensemble-contre-la-covid-19\/4-developpement-dun-vaccin-en-un-temps-record\/","name":"4. D\u00e9veloppement d\u2019un vaccin en un temps record - animalwelfare","isPartOf":{"@id":"https:\/\/animalwelfare.interpharma.ch\/#website"},"datePublished":"2026-03-06T16:35:40+00:00","dateModified":"2026-03-09T14:10:15+00:00","breadcrumb":{"@id":"https:\/\/animalwelfare.interpharma.ch\/fr\/sujets\/beispiele\/ensemble-contre-la-covid-19\/4-developpement-dun-vaccin-en-un-temps-record\/#breadcrumb"},"inLanguage":"fr-FR","potentialAction":[{"@type":"ReadAction","target":["https:\/\/animalwelfare.interpharma.ch\/fr\/sujets\/beispiele\/ensemble-contre-la-covid-19\/4-developpement-dun-vaccin-en-un-temps-record\/"]}]},{"@type":"BreadcrumbList","@id":"https:\/\/animalwelfare.interpharma.ch\/fr\/sujets\/beispiele\/ensemble-contre-la-covid-19\/4-developpement-dun-vaccin-en-un-temps-record\/#breadcrumb","itemListElement":[{"@type":"ListItem","position":1,"name":"Start","item":"https:\/\/animalwelfare.interpharma.ch\/fr\/"},{"@type":"ListItem","position":2,"name":"Contenus","item":"https:\/\/animalwelfare.interpharma.ch\/fr\/sujets\/"},{"@type":"ListItem","position":3,"name":"Exemple","item":"https:\/\/animalwelfare.interpharma.ch\/fr\/sujets\/beispiele\/"},{"@type":"ListItem","position":4,"name":"Ensemble contre la COVID-19","item":"https:\/\/animalwelfare.interpharma.ch\/themen\/beispiele\/gemeinsam-gegen-covid-19\/"},{"@type":"ListItem","position":5,"name":"4. D\u00e9veloppement d\u2019un vaccin en un temps record"}]},{"@type":"WebSite","@id":"https:\/\/animalwelfare.interpharma.ch\/#website","url":"https:\/\/animalwelfare.interpharma.ch\/","name":"animalwelfare","description":"","potentialAction":[{"@type":"SearchAction","target":{"@type":"EntryPoint","urlTemplate":"https:\/\/animalwelfare.interpharma.ch\/?s={search_term_string}"},"query-input":{"@type":"PropertyValueSpecification","valueRequired":true,"valueName":"search_term_string"}}],"inLanguage":"fr-FR"}]}},"_links":{"self":[{"href":"https:\/\/animalwelfare.interpharma.ch\/fr\/wp-json\/wp\/v2\/pages\/1236","targetHints":{"allow":["GET"]}}],"collection":[{"href":"https:\/\/animalwelfare.interpharma.ch\/fr\/wp-json\/wp\/v2\/pages"}],"about":[{"href":"https:\/\/animalwelfare.interpharma.ch\/fr\/wp-json\/wp\/v2\/types\/page"}],"author":[{"embeddable":true,"href":"https:\/\/animalwelfare.interpharma.ch\/fr\/wp-json\/wp\/v2\/users\/1"}],"replies":[{"embeddable":true,"href":"https:\/\/animalwelfare.interpharma.ch\/fr\/wp-json\/wp\/v2\/comments?post=1236"}],"version-history":[{"count":2,"href":"https:\/\/animalwelfare.interpharma.ch\/fr\/wp-json\/wp\/v2\/pages\/1236\/revisions"}],"predecessor-version":[{"id":2883,"href":"https:\/\/animalwelfare.interpharma.ch\/fr\/wp-json\/wp\/v2\/pages\/1236\/revisions\/2883"}],"up":[{"embeddable":true,"href":"https:\/\/animalwelfare.interpharma.ch\/fr\/wp-json\/wp\/v2\/pages\/930"}],"wp:attachment":[{"href":"https:\/\/animalwelfare.interpharma.ch\/fr\/wp-json\/wp\/v2\/media?parent=1236"}],"curies":[{"name":"wp","href":"https:\/\/api.w.org\/{rel}","templated":true}]}}