{"id":1230,"date":"2026-03-06T17:35:40","date_gmt":"2026-03-06T16:35:40","guid":{"rendered":"https:\/\/animalwelfare.iph-multisite.berta-bewegt.ch\/?page_id=1230"},"modified":"2026-03-09T15:09:55","modified_gmt":"2026-03-09T14:09:55","slug":"3-recherche-sur-des-substances-connues","status":"publish","type":"page","link":"https:\/\/animalwelfare.interpharma.ch\/fr\/sujets\/beispiele\/ensemble-contre-la-covid-19\/3-recherche-sur-des-substances-connues\/","title":{"rendered":"3. Recherche sur des substances connues"},"content":{"rendered":"\n<h2 class=\"wp-block-heading\">3. Recherche sur des substances connues<\/h2>\n\n\n\n<p>\u00c0 la recherche de substances actives, les travaux sur des substancesd\u00e9j\u00e0 connues occupent une place importante. Descentaines d\u2019essais cliniques ont lieu dans le monde entier pourtester l\u2019efficacit\u00e9 de m\u00e9dicaments existants contre le virusSARS-CoV-2. Les membres d\u2019Interpharma participent parexemple \u00e0 des tests portant sur des m\u00e9dicaments contre le paludismeou le VIH. L\u2019entreprise Gilead a enregistr\u00e9 un succ\u00e8simportant: le remdesivir, m\u00e9dicament d\u00e9velopp\u00e9 \u00e0 l\u2019originecontre la maladie \u00e0 virus Ebola, est le premier traitement antiviralautoris\u00e9 qui permet de raccourcir nettement la maladiede patient-e-s atteint-e-s de COVID-19.<\/p>\n","protected":false},"excerpt":{"rendered":"<p>3. Recherche sur des substances connues \u00c0 la recherche de substances actives, les travaux sur des substancesd\u00e9j\u00e0 connues occupent une place importante. Descentaines d\u2019essais cliniques ont lieu dans le monde entier pourtester l\u2019efficacit\u00e9 de m\u00e9dicaments existants contre le virusSARS-CoV-2. Les membres d\u2019Interpharma participent parexemple \u00e0 des tests portant sur des m\u00e9dicaments contre le paludismeou le [&hellip;]<\/p>\n","protected":false},"author":1,"featured_media":0,"parent":930,"menu_order":2,"comment_status":"closed","ping_status":"closed","template":"page-templates\/unterthema.php","meta":{"_acf_changed":false,"inline_featured_image":false,"footnotes":""},"class_list":["post-1230","page","type-page","status-publish","hentry"],"acf":[],"yoast_head":"<!-- This site is optimized with the Yoast SEO Premium plugin v27.2 (Yoast SEO v27.2) - https:\/\/yoast.com\/product\/yoast-seo-premium-wordpress\/ -->\n<title>3. Recherche sur des substances connues - animalwelfare<\/title>\n<meta name=\"robots\" content=\"index, follow, max-snippet:-1, max-image-preview:large, max-video-preview:-1\" \/>\n<link rel=\"canonical\" href=\"https:\/\/animalwelfare.interpharma.ch\/fr\/sujets\/beispiele\/ensemble-contre-la-covid-19\/3-recherche-sur-des-substances-connues\/\" \/>\n<meta property=\"og:locale\" content=\"fr_FR\" \/>\n<meta property=\"og:type\" content=\"article\" \/>\n<meta property=\"og:title\" content=\"3. Recherche sur des substances connues\" \/>\n<meta property=\"og:description\" content=\"3. Recherche sur des substances connues \u00c0 la recherche de substances actives, les travaux sur des substancesd\u00e9j\u00e0 connues occupent une place importante. Descentaines d\u2019essais cliniques ont lieu dans le monde entier pourtester l\u2019efficacit\u00e9 de m\u00e9dicaments existants contre le virusSARS-CoV-2. Les membres d\u2019Interpharma participent parexemple \u00e0 des tests portant sur des m\u00e9dicaments contre le paludismeou le [&hellip;]\" \/>\n<meta property=\"og:url\" content=\"https:\/\/animalwelfare.interpharma.ch\/fr\/sujets\/beispiele\/ensemble-contre-la-covid-19\/3-recherche-sur-des-substances-connues\/\" \/>\n<meta property=\"og:site_name\" content=\"animalwelfare\" \/>\n<meta property=\"article:modified_time\" content=\"2026-03-09T14:09:55+00:00\" \/>\n<meta name=\"twitter:card\" content=\"summary_large_image\" \/>\n<meta name=\"twitter:label1\" content=\"Dur\u00e9e de lecture estim\u00e9e\" \/>\n\t<meta name=\"twitter:data1\" content=\"1 minute\" \/>\n<script type=\"application\/ld+json\" class=\"yoast-schema-graph\">{\"@context\":\"https:\/\/schema.org\",\"@graph\":[{\"@type\":\"WebPage\",\"@id\":\"https:\/\/animalwelfare.interpharma.ch\/fr\/sujets\/beispiele\/ensemble-contre-la-covid-19\/3-recherche-sur-des-substances-connues\/\",\"url\":\"https:\/\/animalwelfare.interpharma.ch\/fr\/sujets\/beispiele\/ensemble-contre-la-covid-19\/3-recherche-sur-des-substances-connues\/\",\"name\":\"3. Recherche sur des substances connues - animalwelfare\",\"isPartOf\":{\"@id\":\"https:\/\/animalwelfare.interpharma.ch\/#website\"},\"datePublished\":\"2026-03-06T16:35:40+00:00\",\"dateModified\":\"2026-03-09T14:09:55+00:00\",\"breadcrumb\":{\"@id\":\"https:\/\/animalwelfare.interpharma.ch\/fr\/sujets\/beispiele\/ensemble-contre-la-covid-19\/3-recherche-sur-des-substances-connues\/#breadcrumb\"},\"inLanguage\":\"fr-FR\",\"potentialAction\":[{\"@type\":\"ReadAction\",\"target\":[\"https:\/\/animalwelfare.interpharma.ch\/fr\/sujets\/beispiele\/ensemble-contre-la-covid-19\/3-recherche-sur-des-substances-connues\/\"]}]},{\"@type\":\"BreadcrumbList\",\"@id\":\"https:\/\/animalwelfare.interpharma.ch\/fr\/sujets\/beispiele\/ensemble-contre-la-covid-19\/3-recherche-sur-des-substances-connues\/#breadcrumb\",\"itemListElement\":[{\"@type\":\"ListItem\",\"position\":1,\"name\":\"Start\",\"item\":\"https:\/\/animalwelfare.interpharma.ch\/fr\/\"},{\"@type\":\"ListItem\",\"position\":2,\"name\":\"Contenus\",\"item\":\"https:\/\/animalwelfare.interpharma.ch\/fr\/sujets\/\"},{\"@type\":\"ListItem\",\"position\":3,\"name\":\"Exemple\",\"item\":\"https:\/\/animalwelfare.interpharma.ch\/fr\/sujets\/beispiele\/\"},{\"@type\":\"ListItem\",\"position\":4,\"name\":\"Ensemble contre la COVID-19\",\"item\":\"https:\/\/animalwelfare.interpharma.ch\/themen\/beispiele\/gemeinsam-gegen-covid-19\/\"},{\"@type\":\"ListItem\",\"position\":5,\"name\":\"3. Recherche sur des substances connues\"}]},{\"@type\":\"WebSite\",\"@id\":\"https:\/\/animalwelfare.interpharma.ch\/#website\",\"url\":\"https:\/\/animalwelfare.interpharma.ch\/\",\"name\":\"animalwelfare\",\"description\":\"\",\"potentialAction\":[{\"@type\":\"SearchAction\",\"target\":{\"@type\":\"EntryPoint\",\"urlTemplate\":\"https:\/\/animalwelfare.interpharma.ch\/?s={search_term_string}\"},\"query-input\":{\"@type\":\"PropertyValueSpecification\",\"valueRequired\":true,\"valueName\":\"search_term_string\"}}],\"inLanguage\":\"fr-FR\"}]}<\/script>\n<!-- \/ Yoast SEO Premium plugin. -->","yoast_head_json":{"title":"3. Recherche sur des substances connues - animalwelfare","robots":{"index":"index","follow":"follow","max-snippet":"max-snippet:-1","max-image-preview":"max-image-preview:large","max-video-preview":"max-video-preview:-1"},"canonical":"https:\/\/animalwelfare.interpharma.ch\/fr\/sujets\/beispiele\/ensemble-contre-la-covid-19\/3-recherche-sur-des-substances-connues\/","og_locale":"fr_FR","og_type":"article","og_title":"3. Recherche sur des substances connues","og_description":"3. Recherche sur des substances connues \u00c0 la recherche de substances actives, les travaux sur des substancesd\u00e9j\u00e0 connues occupent une place importante. Descentaines d\u2019essais cliniques ont lieu dans le monde entier pourtester l\u2019efficacit\u00e9 de m\u00e9dicaments existants contre le virusSARS-CoV-2. Les membres d\u2019Interpharma participent parexemple \u00e0 des tests portant sur des m\u00e9dicaments contre le paludismeou le [&hellip;]","og_url":"https:\/\/animalwelfare.interpharma.ch\/fr\/sujets\/beispiele\/ensemble-contre-la-covid-19\/3-recherche-sur-des-substances-connues\/","og_site_name":"animalwelfare","article_modified_time":"2026-03-09T14:09:55+00:00","twitter_card":"summary_large_image","twitter_misc":{"Dur\u00e9e de lecture estim\u00e9e":"1 minute"},"schema":{"@context":"https:\/\/schema.org","@graph":[{"@type":"WebPage","@id":"https:\/\/animalwelfare.interpharma.ch\/fr\/sujets\/beispiele\/ensemble-contre-la-covid-19\/3-recherche-sur-des-substances-connues\/","url":"https:\/\/animalwelfare.interpharma.ch\/fr\/sujets\/beispiele\/ensemble-contre-la-covid-19\/3-recherche-sur-des-substances-connues\/","name":"3. Recherche sur des substances connues - animalwelfare","isPartOf":{"@id":"https:\/\/animalwelfare.interpharma.ch\/#website"},"datePublished":"2026-03-06T16:35:40+00:00","dateModified":"2026-03-09T14:09:55+00:00","breadcrumb":{"@id":"https:\/\/animalwelfare.interpharma.ch\/fr\/sujets\/beispiele\/ensemble-contre-la-covid-19\/3-recherche-sur-des-substances-connues\/#breadcrumb"},"inLanguage":"fr-FR","potentialAction":[{"@type":"ReadAction","target":["https:\/\/animalwelfare.interpharma.ch\/fr\/sujets\/beispiele\/ensemble-contre-la-covid-19\/3-recherche-sur-des-substances-connues\/"]}]},{"@type":"BreadcrumbList","@id":"https:\/\/animalwelfare.interpharma.ch\/fr\/sujets\/beispiele\/ensemble-contre-la-covid-19\/3-recherche-sur-des-substances-connues\/#breadcrumb","itemListElement":[{"@type":"ListItem","position":1,"name":"Start","item":"https:\/\/animalwelfare.interpharma.ch\/fr\/"},{"@type":"ListItem","position":2,"name":"Contenus","item":"https:\/\/animalwelfare.interpharma.ch\/fr\/sujets\/"},{"@type":"ListItem","position":3,"name":"Exemple","item":"https:\/\/animalwelfare.interpharma.ch\/fr\/sujets\/beispiele\/"},{"@type":"ListItem","position":4,"name":"Ensemble contre la COVID-19","item":"https:\/\/animalwelfare.interpharma.ch\/themen\/beispiele\/gemeinsam-gegen-covid-19\/"},{"@type":"ListItem","position":5,"name":"3. Recherche sur des substances connues"}]},{"@type":"WebSite","@id":"https:\/\/animalwelfare.interpharma.ch\/#website","url":"https:\/\/animalwelfare.interpharma.ch\/","name":"animalwelfare","description":"","potentialAction":[{"@type":"SearchAction","target":{"@type":"EntryPoint","urlTemplate":"https:\/\/animalwelfare.interpharma.ch\/?s={search_term_string}"},"query-input":{"@type":"PropertyValueSpecification","valueRequired":true,"valueName":"search_term_string"}}],"inLanguage":"fr-FR"}]}},"_links":{"self":[{"href":"https:\/\/animalwelfare.interpharma.ch\/fr\/wp-json\/wp\/v2\/pages\/1230","targetHints":{"allow":["GET"]}}],"collection":[{"href":"https:\/\/animalwelfare.interpharma.ch\/fr\/wp-json\/wp\/v2\/pages"}],"about":[{"href":"https:\/\/animalwelfare.interpharma.ch\/fr\/wp-json\/wp\/v2\/types\/page"}],"author":[{"embeddable":true,"href":"https:\/\/animalwelfare.interpharma.ch\/fr\/wp-json\/wp\/v2\/users\/1"}],"replies":[{"embeddable":true,"href":"https:\/\/animalwelfare.interpharma.ch\/fr\/wp-json\/wp\/v2\/comments?post=1230"}],"version-history":[{"count":2,"href":"https:\/\/animalwelfare.interpharma.ch\/fr\/wp-json\/wp\/v2\/pages\/1230\/revisions"}],"predecessor-version":[{"id":2882,"href":"https:\/\/animalwelfare.interpharma.ch\/fr\/wp-json\/wp\/v2\/pages\/1230\/revisions\/2882"}],"up":[{"embeddable":true,"href":"https:\/\/animalwelfare.interpharma.ch\/fr\/wp-json\/wp\/v2\/pages\/930"}],"wp:attachment":[{"href":"https:\/\/animalwelfare.interpharma.ch\/fr\/wp-json\/wp\/v2\/media?parent=1230"}],"curies":[{"name":"wp","href":"https:\/\/api.w.org\/{rel}","templated":true}]}}