{"id":1224,"date":"2026-03-06T17:35:40","date_gmt":"2026-03-06T16:35:40","guid":{"rendered":"https:\/\/animalwelfare.iph-multisite.berta-bewegt.ch\/?page_id=1224"},"modified":"2026-03-09T15:08:31","modified_gmt":"2026-03-09T14:08:31","slug":"1-une-course-contre-la-montre","status":"publish","type":"page","link":"https:\/\/animalwelfare.interpharma.ch\/fr\/sujets\/beispiele\/ensemble-contre-la-covid-19\/1-une-course-contre-la-montre\/","title":{"rendered":"1. Une course contre la montre"},"content":{"rendered":"\n<h2 class=\"wp-block-heading\">1. Une course contre la montre<\/h2>\n\n\n\n<p>La pand\u00e9mie de COVID-19 am\u00e8ne des d\u00e9fis \u00e9normes pourles syst\u00e8mes de sant\u00e9 du monde entier et pour l\u2019industriepharmaceutique pratiquant la recherche. L\u2019une des questions leplus souvent pos\u00e9es ces derniers mois est: quand la recherchepharmaceutique aura-t-elle un m\u00e9dicament ou un vaccinefficace contre la COVID-19? Il est difficile d\u2019y r\u00e9pondre aveccertitude, mais une chose est d\u00e8s aujourd\u2019hui s\u00fbre: jamaisauparavant les entreprises pharmaceutiques et les institutionsde recherche universitaires n\u2019avaient r\u00e9agi aussi vite encommun \u00e0 un nouvel agent pathog\u00e8ne qu\u2019au SARS-CoV-2.Dans cette course contre la montre, tous coop\u00e8rent au-del\u00e0des fronti\u00e8res et accomplissent un effort sans pr\u00e9c\u00e9dentpour surmonter cette crise, que ce soit dans la recherche etle d\u00e9veloppement ou dans la production et l\u2019approvisionnementde la population en produits diagnostiques et m\u00e9dicaments.<\/p>\n","protected":false},"excerpt":{"rendered":"<p>1. Une course contre la montre La pand\u00e9mie de COVID-19 am\u00e8ne des d\u00e9fis \u00e9normes pourles syst\u00e8mes de sant\u00e9 du monde entier et pour l\u2019industriepharmaceutique pratiquant la recherche. L\u2019une des questions leplus souvent pos\u00e9es ces derniers mois est: quand la recherchepharmaceutique aura-t-elle un m\u00e9dicament ou un vaccinefficace contre la COVID-19? Il est difficile d\u2019y r\u00e9pondre aveccertitude, [&hellip;]<\/p>\n","protected":false},"author":1,"featured_media":0,"parent":930,"menu_order":0,"comment_status":"closed","ping_status":"closed","template":"page-templates\/unterthema.php","meta":{"_acf_changed":false,"inline_featured_image":false,"footnotes":""},"class_list":["post-1224","page","type-page","status-publish","hentry"],"acf":[],"yoast_head":"<!-- This site is optimized with the Yoast SEO Premium plugin v27.2 (Yoast SEO v27.2) - https:\/\/yoast.com\/product\/yoast-seo-premium-wordpress\/ -->\n<title>1. Une course contre la montre - animalwelfare<\/title>\n<meta name=\"robots\" content=\"index, follow, max-snippet:-1, max-image-preview:large, max-video-preview:-1\" \/>\n<link rel=\"canonical\" href=\"https:\/\/animalwelfare.interpharma.ch\/fr\/sujets\/beispiele\/ensemble-contre-la-covid-19\/1-une-course-contre-la-montre\/\" \/>\n<meta property=\"og:locale\" content=\"fr_FR\" \/>\n<meta property=\"og:type\" content=\"article\" \/>\n<meta property=\"og:title\" content=\"1. Une course contre la montre\" \/>\n<meta property=\"og:description\" content=\"1. Une course contre la montre La pand\u00e9mie de COVID-19 am\u00e8ne des d\u00e9fis \u00e9normes pourles syst\u00e8mes de sant\u00e9 du monde entier et pour l\u2019industriepharmaceutique pratiquant la recherche. L\u2019une des questions leplus souvent pos\u00e9es ces derniers mois est: quand la recherchepharmaceutique aura-t-elle un m\u00e9dicament ou un vaccinefficace contre la COVID-19? Il est difficile d\u2019y r\u00e9pondre aveccertitude, [&hellip;]\" \/>\n<meta property=\"og:url\" content=\"https:\/\/animalwelfare.interpharma.ch\/fr\/sujets\/beispiele\/ensemble-contre-la-covid-19\/1-une-course-contre-la-montre\/\" \/>\n<meta property=\"og:site_name\" content=\"animalwelfare\" \/>\n<meta property=\"article:modified_time\" content=\"2026-03-09T14:08:31+00:00\" \/>\n<meta name=\"twitter:card\" content=\"summary_large_image\" \/>\n<meta name=\"twitter:label1\" content=\"Dur\u00e9e de lecture estim\u00e9e\" \/>\n\t<meta name=\"twitter:data1\" content=\"1 minute\" \/>\n<script type=\"application\/ld+json\" class=\"yoast-schema-graph\">{\"@context\":\"https:\/\/schema.org\",\"@graph\":[{\"@type\":\"WebPage\",\"@id\":\"https:\/\/animalwelfare.interpharma.ch\/fr\/sujets\/beispiele\/ensemble-contre-la-covid-19\/1-une-course-contre-la-montre\/\",\"url\":\"https:\/\/animalwelfare.interpharma.ch\/fr\/sujets\/beispiele\/ensemble-contre-la-covid-19\/1-une-course-contre-la-montre\/\",\"name\":\"1. Une course contre la montre - animalwelfare\",\"isPartOf\":{\"@id\":\"https:\/\/animalwelfare.interpharma.ch\/#website\"},\"datePublished\":\"2026-03-06T16:35:40+00:00\",\"dateModified\":\"2026-03-09T14:08:31+00:00\",\"breadcrumb\":{\"@id\":\"https:\/\/animalwelfare.interpharma.ch\/fr\/sujets\/beispiele\/ensemble-contre-la-covid-19\/1-une-course-contre-la-montre\/#breadcrumb\"},\"inLanguage\":\"fr-FR\",\"potentialAction\":[{\"@type\":\"ReadAction\",\"target\":[\"https:\/\/animalwelfare.interpharma.ch\/fr\/sujets\/beispiele\/ensemble-contre-la-covid-19\/1-une-course-contre-la-montre\/\"]}]},{\"@type\":\"BreadcrumbList\",\"@id\":\"https:\/\/animalwelfare.interpharma.ch\/fr\/sujets\/beispiele\/ensemble-contre-la-covid-19\/1-une-course-contre-la-montre\/#breadcrumb\",\"itemListElement\":[{\"@type\":\"ListItem\",\"position\":1,\"name\":\"Start\",\"item\":\"https:\/\/animalwelfare.interpharma.ch\/fr\/\"},{\"@type\":\"ListItem\",\"position\":2,\"name\":\"Contenus\",\"item\":\"https:\/\/animalwelfare.interpharma.ch\/fr\/sujets\/\"},{\"@type\":\"ListItem\",\"position\":3,\"name\":\"Exemple\",\"item\":\"https:\/\/animalwelfare.interpharma.ch\/fr\/sujets\/beispiele\/\"},{\"@type\":\"ListItem\",\"position\":4,\"name\":\"Ensemble contre la COVID-19\",\"item\":\"https:\/\/animalwelfare.interpharma.ch\/themen\/beispiele\/gemeinsam-gegen-covid-19\/\"},{\"@type\":\"ListItem\",\"position\":5,\"name\":\"1. Une course contre la montre\"}]},{\"@type\":\"WebSite\",\"@id\":\"https:\/\/animalwelfare.interpharma.ch\/#website\",\"url\":\"https:\/\/animalwelfare.interpharma.ch\/\",\"name\":\"animalwelfare\",\"description\":\"\",\"potentialAction\":[{\"@type\":\"SearchAction\",\"target\":{\"@type\":\"EntryPoint\",\"urlTemplate\":\"https:\/\/animalwelfare.interpharma.ch\/?s={search_term_string}\"},\"query-input\":{\"@type\":\"PropertyValueSpecification\",\"valueRequired\":true,\"valueName\":\"search_term_string\"}}],\"inLanguage\":\"fr-FR\"}]}<\/script>\n<!-- \/ Yoast SEO Premium plugin. -->","yoast_head_json":{"title":"1. Une course contre la montre - animalwelfare","robots":{"index":"index","follow":"follow","max-snippet":"max-snippet:-1","max-image-preview":"max-image-preview:large","max-video-preview":"max-video-preview:-1"},"canonical":"https:\/\/animalwelfare.interpharma.ch\/fr\/sujets\/beispiele\/ensemble-contre-la-covid-19\/1-une-course-contre-la-montre\/","og_locale":"fr_FR","og_type":"article","og_title":"1. Une course contre la montre","og_description":"1. Une course contre la montre La pand\u00e9mie de COVID-19 am\u00e8ne des d\u00e9fis \u00e9normes pourles syst\u00e8mes de sant\u00e9 du monde entier et pour l\u2019industriepharmaceutique pratiquant la recherche. L\u2019une des questions leplus souvent pos\u00e9es ces derniers mois est: quand la recherchepharmaceutique aura-t-elle un m\u00e9dicament ou un vaccinefficace contre la COVID-19? Il est difficile d\u2019y r\u00e9pondre aveccertitude, [&hellip;]","og_url":"https:\/\/animalwelfare.interpharma.ch\/fr\/sujets\/beispiele\/ensemble-contre-la-covid-19\/1-une-course-contre-la-montre\/","og_site_name":"animalwelfare","article_modified_time":"2026-03-09T14:08:31+00:00","twitter_card":"summary_large_image","twitter_misc":{"Dur\u00e9e de lecture estim\u00e9e":"1 minute"},"schema":{"@context":"https:\/\/schema.org","@graph":[{"@type":"WebPage","@id":"https:\/\/animalwelfare.interpharma.ch\/fr\/sujets\/beispiele\/ensemble-contre-la-covid-19\/1-une-course-contre-la-montre\/","url":"https:\/\/animalwelfare.interpharma.ch\/fr\/sujets\/beispiele\/ensemble-contre-la-covid-19\/1-une-course-contre-la-montre\/","name":"1. Une course contre la montre - animalwelfare","isPartOf":{"@id":"https:\/\/animalwelfare.interpharma.ch\/#website"},"datePublished":"2026-03-06T16:35:40+00:00","dateModified":"2026-03-09T14:08:31+00:00","breadcrumb":{"@id":"https:\/\/animalwelfare.interpharma.ch\/fr\/sujets\/beispiele\/ensemble-contre-la-covid-19\/1-une-course-contre-la-montre\/#breadcrumb"},"inLanguage":"fr-FR","potentialAction":[{"@type":"ReadAction","target":["https:\/\/animalwelfare.interpharma.ch\/fr\/sujets\/beispiele\/ensemble-contre-la-covid-19\/1-une-course-contre-la-montre\/"]}]},{"@type":"BreadcrumbList","@id":"https:\/\/animalwelfare.interpharma.ch\/fr\/sujets\/beispiele\/ensemble-contre-la-covid-19\/1-une-course-contre-la-montre\/#breadcrumb","itemListElement":[{"@type":"ListItem","position":1,"name":"Start","item":"https:\/\/animalwelfare.interpharma.ch\/fr\/"},{"@type":"ListItem","position":2,"name":"Contenus","item":"https:\/\/animalwelfare.interpharma.ch\/fr\/sujets\/"},{"@type":"ListItem","position":3,"name":"Exemple","item":"https:\/\/animalwelfare.interpharma.ch\/fr\/sujets\/beispiele\/"},{"@type":"ListItem","position":4,"name":"Ensemble contre la COVID-19","item":"https:\/\/animalwelfare.interpharma.ch\/themen\/beispiele\/gemeinsam-gegen-covid-19\/"},{"@type":"ListItem","position":5,"name":"1. Une course contre la montre"}]},{"@type":"WebSite","@id":"https:\/\/animalwelfare.interpharma.ch\/#website","url":"https:\/\/animalwelfare.interpharma.ch\/","name":"animalwelfare","description":"","potentialAction":[{"@type":"SearchAction","target":{"@type":"EntryPoint","urlTemplate":"https:\/\/animalwelfare.interpharma.ch\/?s={search_term_string}"},"query-input":{"@type":"PropertyValueSpecification","valueRequired":true,"valueName":"search_term_string"}}],"inLanguage":"fr-FR"}]}},"_links":{"self":[{"href":"https:\/\/animalwelfare.interpharma.ch\/fr\/wp-json\/wp\/v2\/pages\/1224","targetHints":{"allow":["GET"]}}],"collection":[{"href":"https:\/\/animalwelfare.interpharma.ch\/fr\/wp-json\/wp\/v2\/pages"}],"about":[{"href":"https:\/\/animalwelfare.interpharma.ch\/fr\/wp-json\/wp\/v2\/types\/page"}],"author":[{"embeddable":true,"href":"https:\/\/animalwelfare.interpharma.ch\/fr\/wp-json\/wp\/v2\/users\/1"}],"replies":[{"embeddable":true,"href":"https:\/\/animalwelfare.interpharma.ch\/fr\/wp-json\/wp\/v2\/comments?post=1224"}],"version-history":[{"count":2,"href":"https:\/\/animalwelfare.interpharma.ch\/fr\/wp-json\/wp\/v2\/pages\/1224\/revisions"}],"predecessor-version":[{"id":2880,"href":"https:\/\/animalwelfare.interpharma.ch\/fr\/wp-json\/wp\/v2\/pages\/1224\/revisions\/2880"}],"up":[{"embeddable":true,"href":"https:\/\/animalwelfare.interpharma.ch\/fr\/wp-json\/wp\/v2\/pages\/930"}],"wp:attachment":[{"href":"https:\/\/animalwelfare.interpharma.ch\/fr\/wp-json\/wp\/v2\/media?parent=1224"}],"curies":[{"name":"wp","href":"https:\/\/api.w.org\/{rel}","templated":true}]}}