{"id":1206,"date":"2026-03-06T17:35:39","date_gmt":"2026-03-06T16:35:39","guid":{"rendered":"https:\/\/animalwelfare.iph-multisite.berta-bewegt.ch\/?page_id=1206"},"modified":"2026-03-09T15:07:00","modified_gmt":"2026-03-09T14:07:00","slug":"5-la-strategie-des-3r-montre-la-voie","status":"publish","type":"page","link":"https:\/\/animalwelfare.interpharma.ch\/fr\/sujets\/blick-ins-ausland\/interdiction-de-lexperimentation-animale-aux-pays-bas\/5-la-strategie-des-3r-montre-la-voie\/","title":{"rendered":"5. La strat\u00e9gie des 3R montre la voie"},"content":{"rendered":"\n<h2 class=\"wp-block-heading\">5. La strat\u00e9gie des 3R montre la voie<\/h2>\n\n\n\n<p>La revendication d\u2019interdire l\u2019exp\u00e9rimentation animale n\u2019est pasnouvelle. M\u00eame au plus fort de la pand\u00e9mie de COVID-19 enmars-avril 2020, des p\u00e9titions demandant l\u2019interdiction compl\u00e8tede l\u2019exp\u00e9rimentation animale ont \u00e9t\u00e9 d\u00e9pos\u00e9es aupr\u00e8sde la Commission europ\u00e9enne. Les initiants ont entre autresjustifi\u00e9 leur initiative par le fait que les Pays-Bas avaient soidisantd\u00e9j\u00e0 un calendrier d\u2019\u00e9limination de l\u2019exp\u00e9rimentation animale.Mais ce dont la communaut\u00e9 scientifique se doutaitd\u00e8s la formulation du plan de d\u00e9sengagement a \u00e9t\u00e9 confirm\u00e9plus tard par la politique: aujourd\u2019hui, les Pays-Bas n\u2019ont plusde plan concret d\u2019\u00e9limination des exp\u00e9riences sur animaux.Comme l\u2019a montr\u00e9 entre autres la pand\u00e9mie de SARS-CoV-2,l\u2019exp\u00e9rimentation animale est essentielle pour rechercher destraitements vitaux et des vaccins. De m\u00eame, s\u2019agissant descontr\u00f4les de qualit\u00e9 r\u00e9glementaires, on ne peut renoncer auxexp\u00e9riences sur animaux que s\u2019il existe des alternatives valid\u00e9es,reconnues \u00e0 l\u2019\u00e9chelon international. Un plan d\u2019abandonde l\u2019exp\u00e9rimentation animale contraignant est irr\u00e9aliste \u00e0 br\u00e8ve\u00e9ch\u00e9ance, car les alternatives, et non la volont\u00e9 de la communaut\u00e9scientifique, font d\u00e9faut. Pour finir, notons que l\u2019encouragementet la mise en oeuvre syst\u00e9matiques des principes des3R (reduce, replace, refine) sont la voie qui m\u00e8ne au but d\u2019am\u00e9liorerla qualit\u00e9 de la recherche et le bien-\u00eatre des animaux.<\/p>\n","protected":false},"excerpt":{"rendered":"<p>5. La strat\u00e9gie des 3R montre la voie La revendication d\u2019interdire l\u2019exp\u00e9rimentation animale n\u2019est pasnouvelle. M\u00eame au plus fort de la pand\u00e9mie de COVID-19 enmars-avril 2020, des p\u00e9titions demandant l\u2019interdiction compl\u00e8tede l\u2019exp\u00e9rimentation animale ont \u00e9t\u00e9 d\u00e9pos\u00e9es aupr\u00e8sde la Commission europ\u00e9enne. Les initiants ont entre autresjustifi\u00e9 leur initiative par le fait que les Pays-Bas avaient soidisantd\u00e9j\u00e0 [&hellip;]<\/p>\n","protected":false},"author":1,"featured_media":0,"parent":948,"menu_order":4,"comment_status":"closed","ping_status":"closed","template":"page-templates\/unterthema.php","meta":{"_acf_changed":false,"inline_featured_image":false,"footnotes":""},"class_list":["post-1206","page","type-page","status-publish","hentry"],"acf":[],"yoast_head":"<!-- This site is optimized with the Yoast SEO Premium plugin v27.2 (Yoast SEO v27.2) - https:\/\/yoast.com\/product\/yoast-seo-premium-wordpress\/ -->\n<title>5. La strat\u00e9gie des 3R montre la voie - animalwelfare<\/title>\n<meta name=\"robots\" content=\"index, follow, max-snippet:-1, max-image-preview:large, max-video-preview:-1\" \/>\n<link rel=\"canonical\" href=\"https:\/\/animalwelfare.interpharma.ch\/fr\/sujets\/blick-ins-ausland\/interdiction-de-lexperimentation-animale-aux-pays-bas\/5-la-strategie-des-3r-montre-la-voie\/\" \/>\n<meta property=\"og:locale\" content=\"fr_FR\" \/>\n<meta property=\"og:type\" content=\"article\" \/>\n<meta property=\"og:title\" content=\"5. La strat\u00e9gie des 3R montre la voie\" \/>\n<meta property=\"og:description\" content=\"5. La strat\u00e9gie des 3R montre la voie La revendication d\u2019interdire l\u2019exp\u00e9rimentation animale n\u2019est pasnouvelle. M\u00eame au plus fort de la pand\u00e9mie de COVID-19 enmars-avril 2020, des p\u00e9titions demandant l\u2019interdiction compl\u00e8tede l\u2019exp\u00e9rimentation animale ont \u00e9t\u00e9 d\u00e9pos\u00e9es aupr\u00e8sde la Commission europ\u00e9enne. Les initiants ont entre autresjustifi\u00e9 leur initiative par le fait que les Pays-Bas avaient soidisantd\u00e9j\u00e0 [&hellip;]\" \/>\n<meta property=\"og:url\" content=\"https:\/\/animalwelfare.interpharma.ch\/fr\/sujets\/blick-ins-ausland\/interdiction-de-lexperimentation-animale-aux-pays-bas\/5-la-strategie-des-3r-montre-la-voie\/\" \/>\n<meta property=\"og:site_name\" content=\"animalwelfare\" \/>\n<meta property=\"article:modified_time\" content=\"2026-03-09T14:07:00+00:00\" \/>\n<meta name=\"twitter:card\" content=\"summary_large_image\" \/>\n<meta name=\"twitter:label1\" content=\"Dur\u00e9e de lecture estim\u00e9e\" \/>\n\t<meta name=\"twitter:data1\" content=\"2 minutes\" \/>\n<script type=\"application\/ld+json\" class=\"yoast-schema-graph\">{\"@context\":\"https:\/\/schema.org\",\"@graph\":[{\"@type\":\"WebPage\",\"@id\":\"https:\/\/animalwelfare.interpharma.ch\/fr\/sujets\/blick-ins-ausland\/interdiction-de-lexperimentation-animale-aux-pays-bas\/5-la-strategie-des-3r-montre-la-voie\/\",\"url\":\"https:\/\/animalwelfare.interpharma.ch\/fr\/sujets\/blick-ins-ausland\/interdiction-de-lexperimentation-animale-aux-pays-bas\/5-la-strategie-des-3r-montre-la-voie\/\",\"name\":\"5. La strat\u00e9gie des 3R montre la voie - animalwelfare\",\"isPartOf\":{\"@id\":\"https:\/\/animalwelfare.interpharma.ch\/#website\"},\"datePublished\":\"2026-03-06T16:35:39+00:00\",\"dateModified\":\"2026-03-09T14:07:00+00:00\",\"breadcrumb\":{\"@id\":\"https:\/\/animalwelfare.interpharma.ch\/fr\/sujets\/blick-ins-ausland\/interdiction-de-lexperimentation-animale-aux-pays-bas\/5-la-strategie-des-3r-montre-la-voie\/#breadcrumb\"},\"inLanguage\":\"fr-FR\",\"potentialAction\":[{\"@type\":\"ReadAction\",\"target\":[\"https:\/\/animalwelfare.interpharma.ch\/fr\/sujets\/blick-ins-ausland\/interdiction-de-lexperimentation-animale-aux-pays-bas\/5-la-strategie-des-3r-montre-la-voie\/\"]}]},{\"@type\":\"BreadcrumbList\",\"@id\":\"https:\/\/animalwelfare.interpharma.ch\/fr\/sujets\/blick-ins-ausland\/interdiction-de-lexperimentation-animale-aux-pays-bas\/5-la-strategie-des-3r-montre-la-voie\/#breadcrumb\",\"itemListElement\":[{\"@type\":\"ListItem\",\"position\":1,\"name\":\"Start\",\"item\":\"https:\/\/animalwelfare.interpharma.ch\/fr\/\"},{\"@type\":\"ListItem\",\"position\":2,\"name\":\"Contenus\",\"item\":\"https:\/\/animalwelfare.interpharma.ch\/fr\/sujets\/\"},{\"@type\":\"ListItem\",\"position\":3,\"name\":\"Regards \u00e0 l\u2019\u00e9tranger\",\"item\":\"https:\/\/animalwelfare.interpharma.ch\/fr\/sujets\/blick-ins-ausland\/\"},{\"@type\":\"ListItem\",\"position\":4,\"name\":\"Interdiction de l\u2019exp\u00e9rimentation animale aux Pays-Bas\",\"item\":\"https:\/\/animalwelfare.interpharma.ch\/themen\/blick-ins-ausland\/tierversuchsverbot-in-den-niederlanden\/\"},{\"@type\":\"ListItem\",\"position\":5,\"name\":\"5. La strat\u00e9gie des 3R montre la voie\"}]},{\"@type\":\"WebSite\",\"@id\":\"https:\/\/animalwelfare.interpharma.ch\/#website\",\"url\":\"https:\/\/animalwelfare.interpharma.ch\/\",\"name\":\"animalwelfare\",\"description\":\"\",\"potentialAction\":[{\"@type\":\"SearchAction\",\"target\":{\"@type\":\"EntryPoint\",\"urlTemplate\":\"https:\/\/animalwelfare.interpharma.ch\/?s={search_term_string}\"},\"query-input\":{\"@type\":\"PropertyValueSpecification\",\"valueRequired\":true,\"valueName\":\"search_term_string\"}}],\"inLanguage\":\"fr-FR\"}]}<\/script>\n<!-- \/ Yoast SEO Premium plugin. -->","yoast_head_json":{"title":"5. La strat\u00e9gie des 3R montre la voie - animalwelfare","robots":{"index":"index","follow":"follow","max-snippet":"max-snippet:-1","max-image-preview":"max-image-preview:large","max-video-preview":"max-video-preview:-1"},"canonical":"https:\/\/animalwelfare.interpharma.ch\/fr\/sujets\/blick-ins-ausland\/interdiction-de-lexperimentation-animale-aux-pays-bas\/5-la-strategie-des-3r-montre-la-voie\/","og_locale":"fr_FR","og_type":"article","og_title":"5. La strat\u00e9gie des 3R montre la voie","og_description":"5. La strat\u00e9gie des 3R montre la voie La revendication d\u2019interdire l\u2019exp\u00e9rimentation animale n\u2019est pasnouvelle. M\u00eame au plus fort de la pand\u00e9mie de COVID-19 enmars-avril 2020, des p\u00e9titions demandant l\u2019interdiction compl\u00e8tede l\u2019exp\u00e9rimentation animale ont \u00e9t\u00e9 d\u00e9pos\u00e9es aupr\u00e8sde la Commission europ\u00e9enne. Les initiants ont entre autresjustifi\u00e9 leur initiative par le fait que les Pays-Bas avaient soidisantd\u00e9j\u00e0 [&hellip;]","og_url":"https:\/\/animalwelfare.interpharma.ch\/fr\/sujets\/blick-ins-ausland\/interdiction-de-lexperimentation-animale-aux-pays-bas\/5-la-strategie-des-3r-montre-la-voie\/","og_site_name":"animalwelfare","article_modified_time":"2026-03-09T14:07:00+00:00","twitter_card":"summary_large_image","twitter_misc":{"Dur\u00e9e de lecture estim\u00e9e":"2 minutes"},"schema":{"@context":"https:\/\/schema.org","@graph":[{"@type":"WebPage","@id":"https:\/\/animalwelfare.interpharma.ch\/fr\/sujets\/blick-ins-ausland\/interdiction-de-lexperimentation-animale-aux-pays-bas\/5-la-strategie-des-3r-montre-la-voie\/","url":"https:\/\/animalwelfare.interpharma.ch\/fr\/sujets\/blick-ins-ausland\/interdiction-de-lexperimentation-animale-aux-pays-bas\/5-la-strategie-des-3r-montre-la-voie\/","name":"5. La strat\u00e9gie des 3R montre la voie - animalwelfare","isPartOf":{"@id":"https:\/\/animalwelfare.interpharma.ch\/#website"},"datePublished":"2026-03-06T16:35:39+00:00","dateModified":"2026-03-09T14:07:00+00:00","breadcrumb":{"@id":"https:\/\/animalwelfare.interpharma.ch\/fr\/sujets\/blick-ins-ausland\/interdiction-de-lexperimentation-animale-aux-pays-bas\/5-la-strategie-des-3r-montre-la-voie\/#breadcrumb"},"inLanguage":"fr-FR","potentialAction":[{"@type":"ReadAction","target":["https:\/\/animalwelfare.interpharma.ch\/fr\/sujets\/blick-ins-ausland\/interdiction-de-lexperimentation-animale-aux-pays-bas\/5-la-strategie-des-3r-montre-la-voie\/"]}]},{"@type":"BreadcrumbList","@id":"https:\/\/animalwelfare.interpharma.ch\/fr\/sujets\/blick-ins-ausland\/interdiction-de-lexperimentation-animale-aux-pays-bas\/5-la-strategie-des-3r-montre-la-voie\/#breadcrumb","itemListElement":[{"@type":"ListItem","position":1,"name":"Start","item":"https:\/\/animalwelfare.interpharma.ch\/fr\/"},{"@type":"ListItem","position":2,"name":"Contenus","item":"https:\/\/animalwelfare.interpharma.ch\/fr\/sujets\/"},{"@type":"ListItem","position":3,"name":"Regards \u00e0 l\u2019\u00e9tranger","item":"https:\/\/animalwelfare.interpharma.ch\/fr\/sujets\/blick-ins-ausland\/"},{"@type":"ListItem","position":4,"name":"Interdiction de l\u2019exp\u00e9rimentation animale aux Pays-Bas","item":"https:\/\/animalwelfare.interpharma.ch\/themen\/blick-ins-ausland\/tierversuchsverbot-in-den-niederlanden\/"},{"@type":"ListItem","position":5,"name":"5. La strat\u00e9gie des 3R montre la voie"}]},{"@type":"WebSite","@id":"https:\/\/animalwelfare.interpharma.ch\/#website","url":"https:\/\/animalwelfare.interpharma.ch\/","name":"animalwelfare","description":"","potentialAction":[{"@type":"SearchAction","target":{"@type":"EntryPoint","urlTemplate":"https:\/\/animalwelfare.interpharma.ch\/?s={search_term_string}"},"query-input":{"@type":"PropertyValueSpecification","valueRequired":true,"valueName":"search_term_string"}}],"inLanguage":"fr-FR"}]}},"_links":{"self":[{"href":"https:\/\/animalwelfare.interpharma.ch\/fr\/wp-json\/wp\/v2\/pages\/1206","targetHints":{"allow":["GET"]}}],"collection":[{"href":"https:\/\/animalwelfare.interpharma.ch\/fr\/wp-json\/wp\/v2\/pages"}],"about":[{"href":"https:\/\/animalwelfare.interpharma.ch\/fr\/wp-json\/wp\/v2\/types\/page"}],"author":[{"embeddable":true,"href":"https:\/\/animalwelfare.interpharma.ch\/fr\/wp-json\/wp\/v2\/users\/1"}],"replies":[{"embeddable":true,"href":"https:\/\/animalwelfare.interpharma.ch\/fr\/wp-json\/wp\/v2\/comments?post=1206"}],"version-history":[{"count":2,"href":"https:\/\/animalwelfare.interpharma.ch\/fr\/wp-json\/wp\/v2\/pages\/1206\/revisions"}],"predecessor-version":[{"id":2877,"href":"https:\/\/animalwelfare.interpharma.ch\/fr\/wp-json\/wp\/v2\/pages\/1206\/revisions\/2877"}],"up":[{"embeddable":true,"href":"https:\/\/animalwelfare.interpharma.ch\/fr\/wp-json\/wp\/v2\/pages\/948"}],"wp:attachment":[{"href":"https:\/\/animalwelfare.interpharma.ch\/fr\/wp-json\/wp\/v2\/media?parent=1206"}],"curies":[{"name":"wp","href":"https:\/\/api.w.org\/{rel}","templated":true}]}}