{"id":1194,"date":"2026-03-06T17:35:38","date_gmt":"2026-03-06T16:35:38","guid":{"rendered":"https:\/\/animalwelfare.iph-multisite.berta-bewegt.ch\/?page_id=1194"},"modified":"2026-03-09T15:05:50","modified_gmt":"2026-03-09T14:05:50","slug":"1-les-pays-bas-avaient-prevu-la-sortie","status":"publish","type":"page","link":"https:\/\/animalwelfare.interpharma.ch\/fr\/sujets\/blick-ins-ausland\/interdiction-de-lexperimentation-animale-aux-pays-bas\/1-les-pays-bas-avaient-prevu-la-sortie\/","title":{"rendered":"1. Les Pays-Bas avaient pr\u00e9vu la sortie"},"content":{"rendered":"\n<h2 class=\"wp-block-heading\">1. Les Pays-Bas avaient pr\u00e9vu la sortie<\/h2>\n\n\n\n<p>Le Comit\u00e9 national n\u00e9erlandais pour la protection des animauxde laboratoire (NCad) a publi\u00e9 en 2016 une recommandationde passage \u00e0 une recherche sans exp\u00e9riences sur animaux.Il demandait d\u2019ici 2025 une r\u00e9duction progressive et un plan desortie, en particulier pour les exp\u00e9riences sur animaux faisantpartie des contr\u00f4les de s\u00e9curit\u00e9 r\u00e9glementaires, c\u2019est-\u00e0-dire destests de s\u00e9curit\u00e9 prescrits par la loi pour les produits chimiques,les aliments, les ingr\u00e9dients, les pesticides et les produitsm\u00e9dicaux, ainsi que les vaccins. Les recommandations du NCadont ensuite souvent \u00e9t\u00e9 d\u00e9crites comme un \u00abplan directeur\u00bbd\u2019\u00e9limination de l\u2019exp\u00e9rimentation animale aux Pays-Bas, maiscela s\u2019est av\u00e9r\u00e9 faux.<\/p>\n","protected":false},"excerpt":{"rendered":"<p>1. Les Pays-Bas avaient pr\u00e9vu la sortie Le Comit\u00e9 national n\u00e9erlandais pour la protection des animauxde laboratoire (NCad) a publi\u00e9 en 2016 une recommandationde passage \u00e0 une recherche sans exp\u00e9riences sur animaux.Il demandait d\u2019ici 2025 une r\u00e9duction progressive et un plan desortie, en particulier pour les exp\u00e9riences sur animaux faisantpartie des contr\u00f4les de s\u00e9curit\u00e9 r\u00e9glementaires, [&hellip;]<\/p>\n","protected":false},"author":1,"featured_media":0,"parent":948,"menu_order":0,"comment_status":"closed","ping_status":"closed","template":"page-templates\/unterthema.php","meta":{"_acf_changed":false,"inline_featured_image":false,"footnotes":""},"class_list":["post-1194","page","type-page","status-publish","hentry"],"acf":[],"yoast_head":"<!-- This site is optimized with the Yoast SEO Premium plugin v27.2 (Yoast SEO v27.2) - https:\/\/yoast.com\/product\/yoast-seo-premium-wordpress\/ -->\n<title>1. Les Pays-Bas avaient pr\u00e9vu la sortie - animalwelfare<\/title>\n<meta name=\"robots\" content=\"index, follow, max-snippet:-1, max-image-preview:large, max-video-preview:-1\" \/>\n<link rel=\"canonical\" href=\"https:\/\/animalwelfare.interpharma.ch\/fr\/sujets\/blick-ins-ausland\/interdiction-de-lexperimentation-animale-aux-pays-bas\/1-les-pays-bas-avaient-prevu-la-sortie\/\" \/>\n<meta property=\"og:locale\" content=\"fr_FR\" \/>\n<meta property=\"og:type\" content=\"article\" \/>\n<meta property=\"og:title\" content=\"1. Les Pays-Bas avaient pr\u00e9vu la sortie\" \/>\n<meta property=\"og:description\" content=\"1. Les Pays-Bas avaient pr\u00e9vu la sortie Le Comit\u00e9 national n\u00e9erlandais pour la protection des animauxde laboratoire (NCad) a publi\u00e9 en 2016 une recommandationde passage \u00e0 une recherche sans exp\u00e9riences sur animaux.Il demandait d\u2019ici 2025 une r\u00e9duction progressive et un plan desortie, en particulier pour les exp\u00e9riences sur animaux faisantpartie des contr\u00f4les de s\u00e9curit\u00e9 r\u00e9glementaires, [&hellip;]\" \/>\n<meta property=\"og:url\" content=\"https:\/\/animalwelfare.interpharma.ch\/fr\/sujets\/blick-ins-ausland\/interdiction-de-lexperimentation-animale-aux-pays-bas\/1-les-pays-bas-avaient-prevu-la-sortie\/\" \/>\n<meta property=\"og:site_name\" content=\"animalwelfare\" \/>\n<meta property=\"article:modified_time\" content=\"2026-03-09T14:05:50+00:00\" \/>\n<meta name=\"twitter:card\" content=\"summary_large_image\" \/>\n<meta name=\"twitter:label1\" content=\"Dur\u00e9e de lecture estim\u00e9e\" \/>\n\t<meta name=\"twitter:data1\" content=\"1 minute\" \/>\n<script type=\"application\/ld+json\" class=\"yoast-schema-graph\">{\"@context\":\"https:\/\/schema.org\",\"@graph\":[{\"@type\":\"WebPage\",\"@id\":\"https:\/\/animalwelfare.interpharma.ch\/fr\/sujets\/blick-ins-ausland\/interdiction-de-lexperimentation-animale-aux-pays-bas\/1-les-pays-bas-avaient-prevu-la-sortie\/\",\"url\":\"https:\/\/animalwelfare.interpharma.ch\/fr\/sujets\/blick-ins-ausland\/interdiction-de-lexperimentation-animale-aux-pays-bas\/1-les-pays-bas-avaient-prevu-la-sortie\/\",\"name\":\"1. Les Pays-Bas avaient pr\u00e9vu la sortie - animalwelfare\",\"isPartOf\":{\"@id\":\"https:\/\/animalwelfare.interpharma.ch\/#website\"},\"datePublished\":\"2026-03-06T16:35:38+00:00\",\"dateModified\":\"2026-03-09T14:05:50+00:00\",\"breadcrumb\":{\"@id\":\"https:\/\/animalwelfare.interpharma.ch\/fr\/sujets\/blick-ins-ausland\/interdiction-de-lexperimentation-animale-aux-pays-bas\/1-les-pays-bas-avaient-prevu-la-sortie\/#breadcrumb\"},\"inLanguage\":\"fr-FR\",\"potentialAction\":[{\"@type\":\"ReadAction\",\"target\":[\"https:\/\/animalwelfare.interpharma.ch\/fr\/sujets\/blick-ins-ausland\/interdiction-de-lexperimentation-animale-aux-pays-bas\/1-les-pays-bas-avaient-prevu-la-sortie\/\"]}]},{\"@type\":\"BreadcrumbList\",\"@id\":\"https:\/\/animalwelfare.interpharma.ch\/fr\/sujets\/blick-ins-ausland\/interdiction-de-lexperimentation-animale-aux-pays-bas\/1-les-pays-bas-avaient-prevu-la-sortie\/#breadcrumb\",\"itemListElement\":[{\"@type\":\"ListItem\",\"position\":1,\"name\":\"Start\",\"item\":\"https:\/\/animalwelfare.interpharma.ch\/fr\/\"},{\"@type\":\"ListItem\",\"position\":2,\"name\":\"Contenus\",\"item\":\"https:\/\/animalwelfare.interpharma.ch\/fr\/sujets\/\"},{\"@type\":\"ListItem\",\"position\":3,\"name\":\"Regards \u00e0 l\u2019\u00e9tranger\",\"item\":\"https:\/\/animalwelfare.interpharma.ch\/fr\/sujets\/blick-ins-ausland\/\"},{\"@type\":\"ListItem\",\"position\":4,\"name\":\"Interdiction de l\u2019exp\u00e9rimentation animale aux Pays-Bas\",\"item\":\"https:\/\/animalwelfare.interpharma.ch\/themen\/blick-ins-ausland\/tierversuchsverbot-in-den-niederlanden\/\"},{\"@type\":\"ListItem\",\"position\":5,\"name\":\"1. Les Pays-Bas avaient pr\u00e9vu la sortie\"}]},{\"@type\":\"WebSite\",\"@id\":\"https:\/\/animalwelfare.interpharma.ch\/#website\",\"url\":\"https:\/\/animalwelfare.interpharma.ch\/\",\"name\":\"animalwelfare\",\"description\":\"\",\"potentialAction\":[{\"@type\":\"SearchAction\",\"target\":{\"@type\":\"EntryPoint\",\"urlTemplate\":\"https:\/\/animalwelfare.interpharma.ch\/?s={search_term_string}\"},\"query-input\":{\"@type\":\"PropertyValueSpecification\",\"valueRequired\":true,\"valueName\":\"search_term_string\"}}],\"inLanguage\":\"fr-FR\"}]}<\/script>\n<!-- \/ Yoast SEO Premium plugin. -->","yoast_head_json":{"title":"1. Les Pays-Bas avaient pr\u00e9vu la sortie - animalwelfare","robots":{"index":"index","follow":"follow","max-snippet":"max-snippet:-1","max-image-preview":"max-image-preview:large","max-video-preview":"max-video-preview:-1"},"canonical":"https:\/\/animalwelfare.interpharma.ch\/fr\/sujets\/blick-ins-ausland\/interdiction-de-lexperimentation-animale-aux-pays-bas\/1-les-pays-bas-avaient-prevu-la-sortie\/","og_locale":"fr_FR","og_type":"article","og_title":"1. Les Pays-Bas avaient pr\u00e9vu la sortie","og_description":"1. Les Pays-Bas avaient pr\u00e9vu la sortie Le Comit\u00e9 national n\u00e9erlandais pour la protection des animauxde laboratoire (NCad) a publi\u00e9 en 2016 une recommandationde passage \u00e0 une recherche sans exp\u00e9riences sur animaux.Il demandait d\u2019ici 2025 une r\u00e9duction progressive et un plan desortie, en particulier pour les exp\u00e9riences sur animaux faisantpartie des contr\u00f4les de s\u00e9curit\u00e9 r\u00e9glementaires, [&hellip;]","og_url":"https:\/\/animalwelfare.interpharma.ch\/fr\/sujets\/blick-ins-ausland\/interdiction-de-lexperimentation-animale-aux-pays-bas\/1-les-pays-bas-avaient-prevu-la-sortie\/","og_site_name":"animalwelfare","article_modified_time":"2026-03-09T14:05:50+00:00","twitter_card":"summary_large_image","twitter_misc":{"Dur\u00e9e de lecture estim\u00e9e":"1 minute"},"schema":{"@context":"https:\/\/schema.org","@graph":[{"@type":"WebPage","@id":"https:\/\/animalwelfare.interpharma.ch\/fr\/sujets\/blick-ins-ausland\/interdiction-de-lexperimentation-animale-aux-pays-bas\/1-les-pays-bas-avaient-prevu-la-sortie\/","url":"https:\/\/animalwelfare.interpharma.ch\/fr\/sujets\/blick-ins-ausland\/interdiction-de-lexperimentation-animale-aux-pays-bas\/1-les-pays-bas-avaient-prevu-la-sortie\/","name":"1. Les Pays-Bas avaient pr\u00e9vu la sortie - animalwelfare","isPartOf":{"@id":"https:\/\/animalwelfare.interpharma.ch\/#website"},"datePublished":"2026-03-06T16:35:38+00:00","dateModified":"2026-03-09T14:05:50+00:00","breadcrumb":{"@id":"https:\/\/animalwelfare.interpharma.ch\/fr\/sujets\/blick-ins-ausland\/interdiction-de-lexperimentation-animale-aux-pays-bas\/1-les-pays-bas-avaient-prevu-la-sortie\/#breadcrumb"},"inLanguage":"fr-FR","potentialAction":[{"@type":"ReadAction","target":["https:\/\/animalwelfare.interpharma.ch\/fr\/sujets\/blick-ins-ausland\/interdiction-de-lexperimentation-animale-aux-pays-bas\/1-les-pays-bas-avaient-prevu-la-sortie\/"]}]},{"@type":"BreadcrumbList","@id":"https:\/\/animalwelfare.interpharma.ch\/fr\/sujets\/blick-ins-ausland\/interdiction-de-lexperimentation-animale-aux-pays-bas\/1-les-pays-bas-avaient-prevu-la-sortie\/#breadcrumb","itemListElement":[{"@type":"ListItem","position":1,"name":"Start","item":"https:\/\/animalwelfare.interpharma.ch\/fr\/"},{"@type":"ListItem","position":2,"name":"Contenus","item":"https:\/\/animalwelfare.interpharma.ch\/fr\/sujets\/"},{"@type":"ListItem","position":3,"name":"Regards \u00e0 l\u2019\u00e9tranger","item":"https:\/\/animalwelfare.interpharma.ch\/fr\/sujets\/blick-ins-ausland\/"},{"@type":"ListItem","position":4,"name":"Interdiction de l\u2019exp\u00e9rimentation animale aux Pays-Bas","item":"https:\/\/animalwelfare.interpharma.ch\/themen\/blick-ins-ausland\/tierversuchsverbot-in-den-niederlanden\/"},{"@type":"ListItem","position":5,"name":"1. Les Pays-Bas avaient pr\u00e9vu la sortie"}]},{"@type":"WebSite","@id":"https:\/\/animalwelfare.interpharma.ch\/#website","url":"https:\/\/animalwelfare.interpharma.ch\/","name":"animalwelfare","description":"","potentialAction":[{"@type":"SearchAction","target":{"@type":"EntryPoint","urlTemplate":"https:\/\/animalwelfare.interpharma.ch\/?s={search_term_string}"},"query-input":{"@type":"PropertyValueSpecification","valueRequired":true,"valueName":"search_term_string"}}],"inLanguage":"fr-FR"}]}},"_links":{"self":[{"href":"https:\/\/animalwelfare.interpharma.ch\/fr\/wp-json\/wp\/v2\/pages\/1194","targetHints":{"allow":["GET"]}}],"collection":[{"href":"https:\/\/animalwelfare.interpharma.ch\/fr\/wp-json\/wp\/v2\/pages"}],"about":[{"href":"https:\/\/animalwelfare.interpharma.ch\/fr\/wp-json\/wp\/v2\/types\/page"}],"author":[{"embeddable":true,"href":"https:\/\/animalwelfare.interpharma.ch\/fr\/wp-json\/wp\/v2\/users\/1"}],"replies":[{"embeddable":true,"href":"https:\/\/animalwelfare.interpharma.ch\/fr\/wp-json\/wp\/v2\/comments?post=1194"}],"version-history":[{"count":2,"href":"https:\/\/animalwelfare.interpharma.ch\/fr\/wp-json\/wp\/v2\/pages\/1194\/revisions"}],"predecessor-version":[{"id":2873,"href":"https:\/\/animalwelfare.interpharma.ch\/fr\/wp-json\/wp\/v2\/pages\/1194\/revisions\/2873"}],"up":[{"embeddable":true,"href":"https:\/\/animalwelfare.interpharma.ch\/fr\/wp-json\/wp\/v2\/pages\/948"}],"wp:attachment":[{"href":"https:\/\/animalwelfare.interpharma.ch\/fr\/wp-json\/wp\/v2\/media?parent=1194"}],"curies":[{"name":"wp","href":"https:\/\/api.w.org\/{rel}","templated":true}]}}