{"id":1182,"date":"2026-03-06T17:35:37","date_gmt":"2026-03-06T16:35:37","guid":{"rendered":"https:\/\/animalwelfare.iph-multisite.berta-bewegt.ch\/?page_id=1182"},"modified":"2026-03-09T15:07:38","modified_gmt":"2026-03-09T14:07:38","slug":"entretien-avec-dr-jenny-sandstrom-3rcc","status":"publish","type":"page","link":"https:\/\/animalwelfare.interpharma.ch\/fr\/sujets\/3r\/interview-avec-dr-jenny-sandstroem-3rcc\/entretien-avec-dr-jenny-sandstrom-3rcc\/","title":{"rendered":"Entretien avec Dr. Jenny Sandstr\u00f6m (3RCC)"},"content":{"rendered":"\n<h2 class=\"wp-block-heading\">Entretien avec Dr. Jenny Sandstr\u00f6m (3RCC)<\/h2>\n\n\n\n<p><strong>Pourquoi avez-vous accept\u00e9 ce poste de direction et quels sont vos objectifs?<\/strong><\/p>\n\n\n\n<p>J\u2019avais d\u00e9j\u00e0 travaill\u00e9 quelques ann\u00e9es \u00e0 la direction de la recherche du Centre suisse de toxicologie humaine appliqu\u00e9e (SCAHT), et le poste vacant \u00e0 la t\u00eate du 3RCC me semblait id\u00e9al. Le principe des 3R \u00e9tait un \u00e9l\u00e9ment essentiel de ma carri\u00e8re de chercheuse d\u00e9j\u00e0 dans les programmes de recherche que j\u2019ai pu perfectionner avec le SCAHT. Ce qui m\u2019int\u00e9resse dans le 3RCC, c\u2019est d\u2019avoir une influence sur le paysage suisse de la recherche. J\u2019aimerais aboutir \u00e0 des progr\u00e8s qui renforcent la protection des animaux et am\u00e9liorent la science. Le 3RCC a une organisation originale avec une structure interne de parties prenantes vari\u00e9es. Mes principaux objectifs personnels sont d\u2019\u00e9tendre les collaborations existantes et de trouver des solutions ayant un large impact.<\/p>\n\n\n\n<p><strong>O\u00f9 en sont les progr\u00e8s de la strat\u00e9gie des 3R en Suisse?<\/strong><\/p>\n\n\n\n<p>La cr\u00e9ation du 3RCC \u00e9tait une \u00e9tape importante pour mieux aborder les enjeux de la mise en \u0153uvre des 3R en Suisse. La fondation Recherches 3R a financ\u00e9 par le pass\u00e9 de nombreux projets de recherche de haute qualit\u00e9, mais il ne suffit pas de faire de la recherche, il est tout aussi important d\u2019informer et de communiquer. L\u2019encouragement national coordonn\u00e9 des 3R est complexe et a besoin de notre institution. Nous tirons des enseignements de ce que font des projets \u00e0 l\u2019\u00e9tranger, par exemple le NC3Rs en Grande-Bretagne. Celui-ci a r\u00e9ussi \u00e0 s\u2019\u00e9tablir, mais il faut du temps et de l\u2019engagement pour aboutir \u00e0 des progr\u00e8s. Vu les comp\u00e9tences, l\u2019engagement et la passion de notre conseil ex\u00e9cutif, je suis s\u00fbre que nous pourrons atteindre beaucoup de choses! La recherche actuelle est totalement diff\u00e9rente de ce qu\u2019elle \u00e9tait en 1959, lorsque le principe des 3R a \u00e9t\u00e9 formul\u00e9 pour la premi\u00e8re fois. Le 3RCC entend am\u00e9liorer en Suisse l\u2019acc\u00e8s des scientifiques aux tendances et d\u00e9veloppements scientifiques les plus r\u00e9cents.<\/p>\n\n\n\n<p><strong>Pourquoi les animaux sont-ils si importants pour la recherche m\u00e9dicale?<\/strong><\/p>\n\n\n\n<p>Malgr\u00e9 les \u00e9normes progr\u00e8s des connaissances de la communaut\u00e9 scientifique mondiale, il faut rester modeste: nous savons aussi qu\u2019il y a beaucoup de choses que nous ne connaissons pas. La question \u00e9tudi\u00e9e guide le choix du mod\u00e8le le mieux adapt\u00e9 pour y r\u00e9pondre, mais tous les mod\u00e8les de recherche ont leurs limites. Nous avons accompli des progr\u00e8s technologiques \u00e9normes dans le domaine des mod\u00e8les in vitro, mais certaines questions ont trop de facettes diff\u00e9rentes pour pouvoir les \u00e9lucider \u00e0 l\u2019aide de mod\u00e8les exempts d\u2019animaux. Actuellement, les syst\u00e8mes artificiels ne peuvent pas reproduire de mani\u00e8re ad\u00e9quate la complexit\u00e9 de l\u2019organisme vivant. C\u2019est bien parce que les exp\u00e9riences sur animaux sont aujourd\u2019hui indispensables dans la recherche biom\u00e9dicale que nous cherchons sans rel\u00e2che des m\u00e9thodes de substitution. C\u2019est pourquoi nous encourageons le d\u00e9veloppement de nouvelles m\u00e9thodes comme les organo\u00efdes ou les technologies \u00abMulti-Organ-on-a-Chip\u00bb.<\/p>\n\n\n\n<blockquote class=\"wp-block-quote is-layout-flow wp-block-quote-is-layout-flow\">\n<p>\u00abCertaines questions ont trop de facettes diff\u00e9rentes pour pouvoir les \u00e9lucider \u00e0 l\u2019aide de mod\u00e8les de recherche exempts d\u2019animaux.\u00bb<\/p>\n<\/blockquote>\n\n\n\n<p><strong>Voulez-vous \u00e9liminer l\u2019exp\u00e9rimentation animale?<\/strong><\/p>\n\n\n\n<p>Il faut nous concentrer sur le principe des 3R: remplacer partout o\u00f9 c\u2019est possible, r\u00e9duire le nombre d\u2019animaux et all\u00e9ger les contraintes. Les progr\u00e8s technologiques vont continuer \u00e0 \u00e9tendre les possibilit\u00e9s de substitution. Nous voulons promouvoir l\u2019encouragement des 3R pour am\u00e9liorer le bien-\u00eatre animal et la science en Suisse en changeant les mentalit\u00e9s, en assurant une bonne pratique des 3R et en cr\u00e9ant des r\u00e9seaux pour la science. Je veux m\u2019engager pour une application stricte et \u00e9tendue du principe des 3R. Une interdiction de l\u2019exp\u00e9rimentation animale ne fait pas partie de cet agenda<\/p>\n","protected":false},"excerpt":{"rendered":"<p>Entretien avec Dr. Jenny Sandstr\u00f6m (3RCC) Pourquoi avez-vous accept\u00e9 ce poste de direction et quels sont vos objectifs? J\u2019avais d\u00e9j\u00e0 travaill\u00e9 quelques ann\u00e9es \u00e0 la direction de la recherche du Centre suisse de toxicologie humaine appliqu\u00e9e (SCAHT), et le poste vacant \u00e0 la t\u00eate du 3RCC me semblait id\u00e9al. Le principe des 3R \u00e9tait un [&hellip;]<\/p>\n","protected":false},"author":1,"featured_media":0,"parent":1290,"menu_order":0,"comment_status":"closed","ping_status":"closed","template":"page-templates\/unterthema.php","meta":{"_acf_changed":false,"inline_featured_image":false,"footnotes":""},"class_list":["post-1182","page","type-page","status-publish","hentry"],"acf":[],"yoast_head":"<!-- This site is optimized with the Yoast SEO Premium plugin v27.2 (Yoast SEO v27.2) - https:\/\/yoast.com\/product\/yoast-seo-premium-wordpress\/ -->\n<title>Entretien avec Dr. Jenny Sandstr\u00f6m (3RCC) - animalwelfare<\/title>\n<meta name=\"robots\" content=\"index, follow, max-snippet:-1, max-image-preview:large, max-video-preview:-1\" \/>\n<link rel=\"canonical\" href=\"https:\/\/animalwelfare.interpharma.ch\/fr\/sujets\/3r\/interview-avec-dr-jenny-sandstroem-3rcc\/entretien-avec-dr-jenny-sandstrom-3rcc\/\" \/>\n<meta property=\"og:locale\" content=\"fr_FR\" \/>\n<meta property=\"og:type\" content=\"article\" \/>\n<meta property=\"og:title\" content=\"Entretien avec Dr. Jenny Sandstr\u00f6m (3RCC)\" \/>\n<meta property=\"og:description\" content=\"Entretien avec Dr. Jenny Sandstr\u00f6m (3RCC) Pourquoi avez-vous accept\u00e9 ce poste de direction et quels sont vos objectifs? J\u2019avais d\u00e9j\u00e0 travaill\u00e9 quelques ann\u00e9es \u00e0 la direction de la recherche du Centre suisse de toxicologie humaine appliqu\u00e9e (SCAHT), et le poste vacant \u00e0 la t\u00eate du 3RCC me semblait id\u00e9al. Le principe des 3R \u00e9tait un [&hellip;]\" \/>\n<meta property=\"og:url\" content=\"https:\/\/animalwelfare.interpharma.ch\/fr\/sujets\/3r\/interview-avec-dr-jenny-sandstroem-3rcc\/entretien-avec-dr-jenny-sandstrom-3rcc\/\" \/>\n<meta property=\"og:site_name\" content=\"animalwelfare\" \/>\n<meta property=\"article:modified_time\" content=\"2026-03-09T14:07:38+00:00\" \/>\n<meta name=\"twitter:card\" content=\"summary_large_image\" \/>\n<meta name=\"twitter:label1\" content=\"Dur\u00e9e de lecture estim\u00e9e\" \/>\n\t<meta name=\"twitter:data1\" content=\"4 minutes\" \/>\n<script type=\"application\/ld+json\" class=\"yoast-schema-graph\">{\"@context\":\"https:\/\/schema.org\",\"@graph\":[{\"@type\":\"WebPage\",\"@id\":\"https:\/\/animalwelfare.interpharma.ch\/fr\/sujets\/3r\/interview-avec-dr-jenny-sandstroem-3rcc\/entretien-avec-dr-jenny-sandstrom-3rcc\/\",\"url\":\"https:\/\/animalwelfare.interpharma.ch\/fr\/sujets\/3r\/interview-avec-dr-jenny-sandstroem-3rcc\/entretien-avec-dr-jenny-sandstrom-3rcc\/\",\"name\":\"Entretien avec Dr. Jenny Sandstr\u00f6m (3RCC) - animalwelfare\",\"isPartOf\":{\"@id\":\"https:\/\/animalwelfare.interpharma.ch\/#website\"},\"datePublished\":\"2026-03-06T16:35:37+00:00\",\"dateModified\":\"2026-03-09T14:07:38+00:00\",\"breadcrumb\":{\"@id\":\"https:\/\/animalwelfare.interpharma.ch\/fr\/sujets\/3r\/interview-avec-dr-jenny-sandstroem-3rcc\/entretien-avec-dr-jenny-sandstrom-3rcc\/#breadcrumb\"},\"inLanguage\":\"fr-FR\",\"potentialAction\":[{\"@type\":\"ReadAction\",\"target\":[\"https:\/\/animalwelfare.interpharma.ch\/fr\/sujets\/3r\/interview-avec-dr-jenny-sandstroem-3rcc\/entretien-avec-dr-jenny-sandstrom-3rcc\/\"]}]},{\"@type\":\"BreadcrumbList\",\"@id\":\"https:\/\/animalwelfare.interpharma.ch\/fr\/sujets\/3r\/interview-avec-dr-jenny-sandstroem-3rcc\/entretien-avec-dr-jenny-sandstrom-3rcc\/#breadcrumb\",\"itemListElement\":[{\"@type\":\"ListItem\",\"position\":1,\"name\":\"Start\",\"item\":\"https:\/\/animalwelfare.interpharma.ch\/fr\/\"},{\"@type\":\"ListItem\",\"position\":2,\"name\":\"Contenus\",\"item\":\"https:\/\/animalwelfare.interpharma.ch\/fr\/sujets\/\"},{\"@type\":\"ListItem\",\"position\":3,\"name\":\"3R\",\"item\":\"https:\/\/animalwelfare.interpharma.ch\/fr\/sujets\/3r\/\"},{\"@type\":\"ListItem\",\"position\":4,\"name\":\"Interview avec Dr. Jenny Sandstr\u00f6m : 3RCC\",\"item\":\"https:\/\/animalwelfare.interpharma.ch\/fr\/sujets\/3r\/interview-avec-dr-jenny-sandstroem-3rcc\/\"},{\"@type\":\"ListItem\",\"position\":5,\"name\":\"Entretien avec Dr. Jenny Sandstr\u00f6m (3RCC)\"}]},{\"@type\":\"WebSite\",\"@id\":\"https:\/\/animalwelfare.interpharma.ch\/#website\",\"url\":\"https:\/\/animalwelfare.interpharma.ch\/\",\"name\":\"animalwelfare\",\"description\":\"\",\"potentialAction\":[{\"@type\":\"SearchAction\",\"target\":{\"@type\":\"EntryPoint\",\"urlTemplate\":\"https:\/\/animalwelfare.interpharma.ch\/?s={search_term_string}\"},\"query-input\":{\"@type\":\"PropertyValueSpecification\",\"valueRequired\":true,\"valueName\":\"search_term_string\"}}],\"inLanguage\":\"fr-FR\"}]}<\/script>\n<!-- \/ Yoast SEO Premium plugin. -->","yoast_head_json":{"title":"Entretien avec Dr. Jenny Sandstr\u00f6m (3RCC) - animalwelfare","robots":{"index":"index","follow":"follow","max-snippet":"max-snippet:-1","max-image-preview":"max-image-preview:large","max-video-preview":"max-video-preview:-1"},"canonical":"https:\/\/animalwelfare.interpharma.ch\/fr\/sujets\/3r\/interview-avec-dr-jenny-sandstroem-3rcc\/entretien-avec-dr-jenny-sandstrom-3rcc\/","og_locale":"fr_FR","og_type":"article","og_title":"Entretien avec Dr. Jenny Sandstr\u00f6m (3RCC)","og_description":"Entretien avec Dr. Jenny Sandstr\u00f6m (3RCC) Pourquoi avez-vous accept\u00e9 ce poste de direction et quels sont vos objectifs? J\u2019avais d\u00e9j\u00e0 travaill\u00e9 quelques ann\u00e9es \u00e0 la direction de la recherche du Centre suisse de toxicologie humaine appliqu\u00e9e (SCAHT), et le poste vacant \u00e0 la t\u00eate du 3RCC me semblait id\u00e9al. Le principe des 3R \u00e9tait un [&hellip;]","og_url":"https:\/\/animalwelfare.interpharma.ch\/fr\/sujets\/3r\/interview-avec-dr-jenny-sandstroem-3rcc\/entretien-avec-dr-jenny-sandstrom-3rcc\/","og_site_name":"animalwelfare","article_modified_time":"2026-03-09T14:07:38+00:00","twitter_card":"summary_large_image","twitter_misc":{"Dur\u00e9e de lecture estim\u00e9e":"4 minutes"},"schema":{"@context":"https:\/\/schema.org","@graph":[{"@type":"WebPage","@id":"https:\/\/animalwelfare.interpharma.ch\/fr\/sujets\/3r\/interview-avec-dr-jenny-sandstroem-3rcc\/entretien-avec-dr-jenny-sandstrom-3rcc\/","url":"https:\/\/animalwelfare.interpharma.ch\/fr\/sujets\/3r\/interview-avec-dr-jenny-sandstroem-3rcc\/entretien-avec-dr-jenny-sandstrom-3rcc\/","name":"Entretien avec Dr. Jenny Sandstr\u00f6m (3RCC) - animalwelfare","isPartOf":{"@id":"https:\/\/animalwelfare.interpharma.ch\/#website"},"datePublished":"2026-03-06T16:35:37+00:00","dateModified":"2026-03-09T14:07:38+00:00","breadcrumb":{"@id":"https:\/\/animalwelfare.interpharma.ch\/fr\/sujets\/3r\/interview-avec-dr-jenny-sandstroem-3rcc\/entretien-avec-dr-jenny-sandstrom-3rcc\/#breadcrumb"},"inLanguage":"fr-FR","potentialAction":[{"@type":"ReadAction","target":["https:\/\/animalwelfare.interpharma.ch\/fr\/sujets\/3r\/interview-avec-dr-jenny-sandstroem-3rcc\/entretien-avec-dr-jenny-sandstrom-3rcc\/"]}]},{"@type":"BreadcrumbList","@id":"https:\/\/animalwelfare.interpharma.ch\/fr\/sujets\/3r\/interview-avec-dr-jenny-sandstroem-3rcc\/entretien-avec-dr-jenny-sandstrom-3rcc\/#breadcrumb","itemListElement":[{"@type":"ListItem","position":1,"name":"Start","item":"https:\/\/animalwelfare.interpharma.ch\/fr\/"},{"@type":"ListItem","position":2,"name":"Contenus","item":"https:\/\/animalwelfare.interpharma.ch\/fr\/sujets\/"},{"@type":"ListItem","position":3,"name":"3R","item":"https:\/\/animalwelfare.interpharma.ch\/fr\/sujets\/3r\/"},{"@type":"ListItem","position":4,"name":"Interview avec Dr. Jenny Sandstr\u00f6m : 3RCC","item":"https:\/\/animalwelfare.interpharma.ch\/fr\/sujets\/3r\/interview-avec-dr-jenny-sandstroem-3rcc\/"},{"@type":"ListItem","position":5,"name":"Entretien avec Dr. Jenny Sandstr\u00f6m (3RCC)"}]},{"@type":"WebSite","@id":"https:\/\/animalwelfare.interpharma.ch\/#website","url":"https:\/\/animalwelfare.interpharma.ch\/","name":"animalwelfare","description":"","potentialAction":[{"@type":"SearchAction","target":{"@type":"EntryPoint","urlTemplate":"https:\/\/animalwelfare.interpharma.ch\/?s={search_term_string}"},"query-input":{"@type":"PropertyValueSpecification","valueRequired":true,"valueName":"search_term_string"}}],"inLanguage":"fr-FR"}]}},"_links":{"self":[{"href":"https:\/\/animalwelfare.interpharma.ch\/fr\/wp-json\/wp\/v2\/pages\/1182","targetHints":{"allow":["GET"]}}],"collection":[{"href":"https:\/\/animalwelfare.interpharma.ch\/fr\/wp-json\/wp\/v2\/pages"}],"about":[{"href":"https:\/\/animalwelfare.interpharma.ch\/fr\/wp-json\/wp\/v2\/types\/page"}],"author":[{"embeddable":true,"href":"https:\/\/animalwelfare.interpharma.ch\/fr\/wp-json\/wp\/v2\/users\/1"}],"replies":[{"embeddable":true,"href":"https:\/\/animalwelfare.interpharma.ch\/fr\/wp-json\/wp\/v2\/comments?post=1182"}],"version-history":[{"count":2,"href":"https:\/\/animalwelfare.interpharma.ch\/fr\/wp-json\/wp\/v2\/pages\/1182\/revisions"}],"predecessor-version":[{"id":2878,"href":"https:\/\/animalwelfare.interpharma.ch\/fr\/wp-json\/wp\/v2\/pages\/1182\/revisions\/2878"}],"up":[{"embeddable":true,"href":"https:\/\/animalwelfare.interpharma.ch\/fr\/wp-json\/wp\/v2\/pages\/1290"}],"wp:attachment":[{"href":"https:\/\/animalwelfare.interpharma.ch\/fr\/wp-json\/wp\/v2\/media?parent=1182"}],"curies":[{"name":"wp","href":"https:\/\/api.w.org\/{rel}","templated":true}]}}