{"id":1176,"date":"2026-03-06T17:35:37","date_gmt":"2026-03-06T16:35:37","guid":{"rendered":"https:\/\/animalwelfare.iph-multisite.berta-bewegt.ch\/?page_id=1176"},"modified":"2026-03-09T15:03:23","modified_gmt":"2026-03-09T14:03:23","slug":"5-quen-est-il-dans-la-pratique","status":"publish","type":"page","link":"https:\/\/animalwelfare.interpharma.ch\/fr\/sujets\/tierwohl\/culture-of-care\/5-quen-est-il-dans-la-pratique\/","title":{"rendered":"5. Qu\u2019en est-il dans la pratique?"},"content":{"rendered":"\n<h2 class=\"wp-block-heading\">5. Qu\u2019en est-il dans la pratique?<\/h2>\n\n\n\n<p>Le \u00abtunnel\u00bb de manipulation est un exemple pratique quipermet d\u2019illustrer la Culture of Care. Autrefois, les gardien-ne-sd\u2019animaux, laborantin-e-s et chercheurs\/chercheuses ne communiquaientque peu, mais aujourd\u2019hui, les entreprises favorisentla communication entre les personnes travaillant dans les diff\u00e9rentsdomaines. Ces \u00e9changes ont permis \u00e0 la communaut\u00e9scientifique de r\u00e9aliser l\u2019importance de la mani\u00e8re dont on manipuleles souris et autres animaux de laboratoire. La manipulation\u00aben tunnel\u00bb r\u00e9duit le stress des animaux, ce qui am\u00e9lioreles r\u00e9sultats des tests et le bien-\u00eatre animal. Cette \u00e9volutiondes mentalit\u00e9s a aussi montr\u00e9 aux membres du personnel quela direction prend au s\u00e9rieux leurs critiques et suggestions.<\/p>\n","protected":false},"excerpt":{"rendered":"<p>5. Qu\u2019en est-il dans la pratique? Le \u00abtunnel\u00bb de manipulation est un exemple pratique quipermet d\u2019illustrer la Culture of Care. Autrefois, les gardien-ne-sd\u2019animaux, laborantin-e-s et chercheurs\/chercheuses ne communiquaientque peu, mais aujourd\u2019hui, les entreprises favorisentla communication entre les personnes travaillant dans les diff\u00e9rentsdomaines. Ces \u00e9changes ont permis \u00e0 la communaut\u00e9scientifique de r\u00e9aliser l\u2019importance de la mani\u00e8re [&hellip;]<\/p>\n","protected":false},"author":1,"featured_media":0,"parent":984,"menu_order":4,"comment_status":"closed","ping_status":"closed","template":"page-templates\/unterthema.php","meta":{"_acf_changed":false,"inline_featured_image":false,"footnotes":""},"class_list":["post-1176","page","type-page","status-publish","hentry"],"acf":[],"yoast_head":"<!-- This site is optimized with the Yoast SEO Premium plugin v27.2 (Yoast SEO v27.2) - https:\/\/yoast.com\/product\/yoast-seo-premium-wordpress\/ -->\n<title>5. Qu\u2019en est-il dans la pratique? - animalwelfare<\/title>\n<meta name=\"robots\" content=\"index, follow, max-snippet:-1, max-image-preview:large, max-video-preview:-1\" \/>\n<link rel=\"canonical\" href=\"https:\/\/animalwelfare.interpharma.ch\/fr\/sujets\/tierwohl\/culture-of-care\/5-quen-est-il-dans-la-pratique\/\" \/>\n<meta property=\"og:locale\" content=\"fr_FR\" \/>\n<meta property=\"og:type\" content=\"article\" \/>\n<meta property=\"og:title\" content=\"5. Qu\u2019en est-il dans la pratique?\" \/>\n<meta property=\"og:description\" content=\"5. Qu\u2019en est-il dans la pratique? Le \u00abtunnel\u00bb de manipulation est un exemple pratique quipermet d\u2019illustrer la Culture of Care. Autrefois, les gardien-ne-sd\u2019animaux, laborantin-e-s et chercheurs\/chercheuses ne communiquaientque peu, mais aujourd\u2019hui, les entreprises favorisentla communication entre les personnes travaillant dans les diff\u00e9rentsdomaines. Ces \u00e9changes ont permis \u00e0 la communaut\u00e9scientifique de r\u00e9aliser l\u2019importance de la mani\u00e8re [&hellip;]\" \/>\n<meta property=\"og:url\" content=\"https:\/\/animalwelfare.interpharma.ch\/fr\/sujets\/tierwohl\/culture-of-care\/5-quen-est-il-dans-la-pratique\/\" \/>\n<meta property=\"og:site_name\" content=\"animalwelfare\" \/>\n<meta property=\"article:modified_time\" content=\"2026-03-09T14:03:23+00:00\" \/>\n<meta name=\"twitter:card\" content=\"summary_large_image\" \/>\n<meta name=\"twitter:label1\" content=\"Dur\u00e9e de lecture estim\u00e9e\" \/>\n\t<meta name=\"twitter:data1\" content=\"1 minute\" \/>\n<script type=\"application\/ld+json\" class=\"yoast-schema-graph\">{\"@context\":\"https:\/\/schema.org\",\"@graph\":[{\"@type\":\"WebPage\",\"@id\":\"https:\/\/animalwelfare.interpharma.ch\/fr\/sujets\/tierwohl\/culture-of-care\/5-quen-est-il-dans-la-pratique\/\",\"url\":\"https:\/\/animalwelfare.interpharma.ch\/fr\/sujets\/tierwohl\/culture-of-care\/5-quen-est-il-dans-la-pratique\/\",\"name\":\"5. Qu\u2019en est-il dans la pratique? - animalwelfare\",\"isPartOf\":{\"@id\":\"https:\/\/animalwelfare.interpharma.ch\/#website\"},\"datePublished\":\"2026-03-06T16:35:37+00:00\",\"dateModified\":\"2026-03-09T14:03:23+00:00\",\"breadcrumb\":{\"@id\":\"https:\/\/animalwelfare.interpharma.ch\/fr\/sujets\/tierwohl\/culture-of-care\/5-quen-est-il-dans-la-pratique\/#breadcrumb\"},\"inLanguage\":\"fr-FR\",\"potentialAction\":[{\"@type\":\"ReadAction\",\"target\":[\"https:\/\/animalwelfare.interpharma.ch\/fr\/sujets\/tierwohl\/culture-of-care\/5-quen-est-il-dans-la-pratique\/\"]}]},{\"@type\":\"BreadcrumbList\",\"@id\":\"https:\/\/animalwelfare.interpharma.ch\/fr\/sujets\/tierwohl\/culture-of-care\/5-quen-est-il-dans-la-pratique\/#breadcrumb\",\"itemListElement\":[{\"@type\":\"ListItem\",\"position\":1,\"name\":\"Start\",\"item\":\"https:\/\/animalwelfare.interpharma.ch\/fr\/\"},{\"@type\":\"ListItem\",\"position\":2,\"name\":\"Contenus\",\"item\":\"https:\/\/animalwelfare.interpharma.ch\/fr\/sujets\/\"},{\"@type\":\"ListItem\",\"position\":3,\"name\":\"Bien-\u00eatre animal\",\"item\":\"https:\/\/animalwelfare.interpharma.ch\/fr\/sujets\/tierwohl\/\"},{\"@type\":\"ListItem\",\"position\":4,\"name\":\"Culture of Care\",\"item\":\"https:\/\/animalwelfare.interpharma.ch\/themen\/tierwohl\/culture-of-care\/\"},{\"@type\":\"ListItem\",\"position\":5,\"name\":\"5. Qu\u2019en est-il dans la pratique?\"}]},{\"@type\":\"WebSite\",\"@id\":\"https:\/\/animalwelfare.interpharma.ch\/#website\",\"url\":\"https:\/\/animalwelfare.interpharma.ch\/\",\"name\":\"animalwelfare\",\"description\":\"\",\"potentialAction\":[{\"@type\":\"SearchAction\",\"target\":{\"@type\":\"EntryPoint\",\"urlTemplate\":\"https:\/\/animalwelfare.interpharma.ch\/?s={search_term_string}\"},\"query-input\":{\"@type\":\"PropertyValueSpecification\",\"valueRequired\":true,\"valueName\":\"search_term_string\"}}],\"inLanguage\":\"fr-FR\"}]}<\/script>\n<!-- \/ Yoast SEO Premium plugin. -->","yoast_head_json":{"title":"5. Qu\u2019en est-il dans la pratique? - animalwelfare","robots":{"index":"index","follow":"follow","max-snippet":"max-snippet:-1","max-image-preview":"max-image-preview:large","max-video-preview":"max-video-preview:-1"},"canonical":"https:\/\/animalwelfare.interpharma.ch\/fr\/sujets\/tierwohl\/culture-of-care\/5-quen-est-il-dans-la-pratique\/","og_locale":"fr_FR","og_type":"article","og_title":"5. Qu\u2019en est-il dans la pratique?","og_description":"5. Qu\u2019en est-il dans la pratique? Le \u00abtunnel\u00bb de manipulation est un exemple pratique quipermet d\u2019illustrer la Culture of Care. Autrefois, les gardien-ne-sd\u2019animaux, laborantin-e-s et chercheurs\/chercheuses ne communiquaientque peu, mais aujourd\u2019hui, les entreprises favorisentla communication entre les personnes travaillant dans les diff\u00e9rentsdomaines. Ces \u00e9changes ont permis \u00e0 la communaut\u00e9scientifique de r\u00e9aliser l\u2019importance de la mani\u00e8re [&hellip;]","og_url":"https:\/\/animalwelfare.interpharma.ch\/fr\/sujets\/tierwohl\/culture-of-care\/5-quen-est-il-dans-la-pratique\/","og_site_name":"animalwelfare","article_modified_time":"2026-03-09T14:03:23+00:00","twitter_card":"summary_large_image","twitter_misc":{"Dur\u00e9e de lecture estim\u00e9e":"1 minute"},"schema":{"@context":"https:\/\/schema.org","@graph":[{"@type":"WebPage","@id":"https:\/\/animalwelfare.interpharma.ch\/fr\/sujets\/tierwohl\/culture-of-care\/5-quen-est-il-dans-la-pratique\/","url":"https:\/\/animalwelfare.interpharma.ch\/fr\/sujets\/tierwohl\/culture-of-care\/5-quen-est-il-dans-la-pratique\/","name":"5. Qu\u2019en est-il dans la pratique? - animalwelfare","isPartOf":{"@id":"https:\/\/animalwelfare.interpharma.ch\/#website"},"datePublished":"2026-03-06T16:35:37+00:00","dateModified":"2026-03-09T14:03:23+00:00","breadcrumb":{"@id":"https:\/\/animalwelfare.interpharma.ch\/fr\/sujets\/tierwohl\/culture-of-care\/5-quen-est-il-dans-la-pratique\/#breadcrumb"},"inLanguage":"fr-FR","potentialAction":[{"@type":"ReadAction","target":["https:\/\/animalwelfare.interpharma.ch\/fr\/sujets\/tierwohl\/culture-of-care\/5-quen-est-il-dans-la-pratique\/"]}]},{"@type":"BreadcrumbList","@id":"https:\/\/animalwelfare.interpharma.ch\/fr\/sujets\/tierwohl\/culture-of-care\/5-quen-est-il-dans-la-pratique\/#breadcrumb","itemListElement":[{"@type":"ListItem","position":1,"name":"Start","item":"https:\/\/animalwelfare.interpharma.ch\/fr\/"},{"@type":"ListItem","position":2,"name":"Contenus","item":"https:\/\/animalwelfare.interpharma.ch\/fr\/sujets\/"},{"@type":"ListItem","position":3,"name":"Bien-\u00eatre animal","item":"https:\/\/animalwelfare.interpharma.ch\/fr\/sujets\/tierwohl\/"},{"@type":"ListItem","position":4,"name":"Culture of Care","item":"https:\/\/animalwelfare.interpharma.ch\/themen\/tierwohl\/culture-of-care\/"},{"@type":"ListItem","position":5,"name":"5. Qu\u2019en est-il dans la pratique?"}]},{"@type":"WebSite","@id":"https:\/\/animalwelfare.interpharma.ch\/#website","url":"https:\/\/animalwelfare.interpharma.ch\/","name":"animalwelfare","description":"","potentialAction":[{"@type":"SearchAction","target":{"@type":"EntryPoint","urlTemplate":"https:\/\/animalwelfare.interpharma.ch\/?s={search_term_string}"},"query-input":{"@type":"PropertyValueSpecification","valueRequired":true,"valueName":"search_term_string"}}],"inLanguage":"fr-FR"}]}},"_links":{"self":[{"href":"https:\/\/animalwelfare.interpharma.ch\/fr\/wp-json\/wp\/v2\/pages\/1176","targetHints":{"allow":["GET"]}}],"collection":[{"href":"https:\/\/animalwelfare.interpharma.ch\/fr\/wp-json\/wp\/v2\/pages"}],"about":[{"href":"https:\/\/animalwelfare.interpharma.ch\/fr\/wp-json\/wp\/v2\/types\/page"}],"author":[{"embeddable":true,"href":"https:\/\/animalwelfare.interpharma.ch\/fr\/wp-json\/wp\/v2\/users\/1"}],"replies":[{"embeddable":true,"href":"https:\/\/animalwelfare.interpharma.ch\/fr\/wp-json\/wp\/v2\/comments?post=1176"}],"version-history":[{"count":2,"href":"https:\/\/animalwelfare.interpharma.ch\/fr\/wp-json\/wp\/v2\/pages\/1176\/revisions"}],"predecessor-version":[{"id":2870,"href":"https:\/\/animalwelfare.interpharma.ch\/fr\/wp-json\/wp\/v2\/pages\/1176\/revisions\/2870"}],"up":[{"embeddable":true,"href":"https:\/\/animalwelfare.interpharma.ch\/fr\/wp-json\/wp\/v2\/pages\/984"}],"wp:attachment":[{"href":"https:\/\/animalwelfare.interpharma.ch\/fr\/wp-json\/wp\/v2\/media?parent=1176"}],"curies":[{"name":"wp","href":"https:\/\/api.w.org\/{rel}","templated":true}]}}