{"id":1140,"date":"2026-03-06T17:35:35","date_gmt":"2026-03-06T16:35:35","guid":{"rendered":"https:\/\/animalwelfare.iph-multisite.berta-bewegt.ch\/?page_id=1140"},"modified":"2026-03-09T14:40:25","modified_gmt":"2026-03-09T13:40:25","slug":"1-introduction-2","status":"publish","type":"page","link":"https:\/\/animalwelfare.interpharma.ch\/fr\/sujets\/grundlagen\/transposition-des-resultats-d-etudes-animales-a-l-homme\/1-introduction-2\/","title":{"rendered":"1. Introduction"},"content":{"rendered":"\n<h2 class=\"wp-block-heading\">1. Introduction<\/h2>\n\n\n\n<p>Sur le long chemin qui m\u00e8ne \u00e0 un m\u00e9dicament, la recherche pharmaceutique a recours \u00e0 l\u2019exp\u00e9rimentation animale \u00e0 la phase pr\u00e9clinique. De nombreuses ann\u00e9es s\u2019\u00e9coulent en g\u00e9n\u00e9ral d\u00e9j\u00e0 avant d\u2019en arriver l\u00e0. Le plus souvent, les chercheuses et chercheurs testent des centaines de milliers de substances pour en trouver une qui pr\u00e9sente le potentiel de freiner ou influencer dans le bon sens l\u2019\u00e9volution d\u2019une maladie. Les premi\u00e8res exp\u00e9riences de cette exp\u00e9dition \u00e0 la d\u00e9couverte de nouvelles substances actives se font dans des solutions et sur des cultures cellulaires. Les exp\u00e9riences sur animaux ne suivent que si certaines conditions sont remplies. L\u2019exp\u00e9rimentation animale sert \u00e0 d\u00e9terminer comment la substance candidate est m\u00e9tabolis\u00e9e dans l\u2019organisme et si elle g\u00e9n\u00e8re des effets n\u00e9fastes. Ce n\u2019est qu\u2019une fois qu\u2019une substance a pass\u00e9 avec succ\u00e8s toutes les exp\u00e9riences pr\u00e9cliniques obligatoires, c\u2019est-\u00e0-dire qu\u2019elle s\u2019est av\u00e9r\u00e9e efficace et inoffensive dans les cultures cellulaires et dans l\u2019organisme animal, que l\u2019on a le droit de la tester chez l\u2019\u00eatre humain dans le cadre d\u2019essais cliniques. Pourquoi tant d\u2019\u00e9tapes pr\u00e9liminaires ?<\/p>\n","protected":false},"excerpt":{"rendered":"<p>1. Introduction Sur le long chemin qui m\u00e8ne \u00e0 un m\u00e9dicament, la recherche pharmaceutique a recours \u00e0 l\u2019exp\u00e9rimentation animale \u00e0 la phase pr\u00e9clinique. De nombreuses ann\u00e9es s\u2019\u00e9coulent en g\u00e9n\u00e9ral d\u00e9j\u00e0 avant d\u2019en arriver l\u00e0. Le plus souvent, les chercheuses et chercheurs testent des centaines de milliers de substances pour en trouver une qui pr\u00e9sente le [&hellip;]<\/p>\n","protected":false},"author":1,"featured_media":0,"parent":1146,"menu_order":0,"comment_status":"closed","ping_status":"closed","template":"page-templates\/unterthema.php","meta":{"_acf_changed":false,"inline_featured_image":false,"footnotes":""},"class_list":["post-1140","page","type-page","status-publish","hentry"],"acf":[],"yoast_head":"<!-- This site is optimized with the Yoast SEO Premium plugin v27.2 (Yoast SEO v27.2) - https:\/\/yoast.com\/product\/yoast-seo-premium-wordpress\/ -->\n<title>1. Introduction - animalwelfare<\/title>\n<meta name=\"robots\" content=\"index, follow, max-snippet:-1, max-image-preview:large, max-video-preview:-1\" \/>\n<link rel=\"canonical\" href=\"https:\/\/animalwelfare.interpharma.ch\/fr\/sujets\/grundlagen\/transposition-des-resultats-d-etudes-animales-a-l-homme\/1-introduction-2\/\" \/>\n<meta property=\"og:locale\" content=\"fr_FR\" \/>\n<meta property=\"og:type\" content=\"article\" \/>\n<meta property=\"og:title\" content=\"1. Introduction\" \/>\n<meta property=\"og:description\" content=\"1. Introduction Sur le long chemin qui m\u00e8ne \u00e0 un m\u00e9dicament, la recherche pharmaceutique a recours \u00e0 l\u2019exp\u00e9rimentation animale \u00e0 la phase pr\u00e9clinique. De nombreuses ann\u00e9es s\u2019\u00e9coulent en g\u00e9n\u00e9ral d\u00e9j\u00e0 avant d\u2019en arriver l\u00e0. Le plus souvent, les chercheuses et chercheurs testent des centaines de milliers de substances pour en trouver une qui pr\u00e9sente le [&hellip;]\" \/>\n<meta property=\"og:url\" content=\"https:\/\/animalwelfare.interpharma.ch\/fr\/sujets\/grundlagen\/transposition-des-resultats-d-etudes-animales-a-l-homme\/1-introduction-2\/\" \/>\n<meta property=\"og:site_name\" content=\"animalwelfare\" \/>\n<meta property=\"article:modified_time\" content=\"2026-03-09T13:40:25+00:00\" \/>\n<meta name=\"twitter:card\" content=\"summary_large_image\" \/>\n<meta name=\"twitter:label1\" content=\"Dur\u00e9e de lecture estim\u00e9e\" \/>\n\t<meta name=\"twitter:data1\" content=\"1 minute\" \/>\n<script type=\"application\/ld+json\" class=\"yoast-schema-graph\">{\"@context\":\"https:\/\/schema.org\",\"@graph\":[{\"@type\":\"WebPage\",\"@id\":\"https:\/\/animalwelfare.interpharma.ch\/fr\/sujets\/grundlagen\/transposition-des-resultats-d-etudes-animales-a-l-homme\/1-introduction-2\/\",\"url\":\"https:\/\/animalwelfare.interpharma.ch\/fr\/sujets\/grundlagen\/transposition-des-resultats-d-etudes-animales-a-l-homme\/1-introduction-2\/\",\"name\":\"1. Introduction - animalwelfare\",\"isPartOf\":{\"@id\":\"https:\/\/animalwelfare.interpharma.ch\/#website\"},\"datePublished\":\"2026-03-06T16:35:35+00:00\",\"dateModified\":\"2026-03-09T13:40:25+00:00\",\"breadcrumb\":{\"@id\":\"https:\/\/animalwelfare.interpharma.ch\/fr\/sujets\/grundlagen\/transposition-des-resultats-d-etudes-animales-a-l-homme\/1-introduction-2\/#breadcrumb\"},\"inLanguage\":\"fr-FR\",\"potentialAction\":[{\"@type\":\"ReadAction\",\"target\":[\"https:\/\/animalwelfare.interpharma.ch\/fr\/sujets\/grundlagen\/transposition-des-resultats-d-etudes-animales-a-l-homme\/1-introduction-2\/\"]}]},{\"@type\":\"BreadcrumbList\",\"@id\":\"https:\/\/animalwelfare.interpharma.ch\/fr\/sujets\/grundlagen\/transposition-des-resultats-d-etudes-animales-a-l-homme\/1-introduction-2\/#breadcrumb\",\"itemListElement\":[{\"@type\":\"ListItem\",\"position\":1,\"name\":\"Start\",\"item\":\"https:\/\/animalwelfare.interpharma.ch\/fr\/\"},{\"@type\":\"ListItem\",\"position\":2,\"name\":\"Contenus\",\"item\":\"https:\/\/animalwelfare.interpharma.ch\/fr\/sujets\/\"},{\"@type\":\"ListItem\",\"position\":3,\"name\":\"Fondements\",\"item\":\"https:\/\/animalwelfare.interpharma.ch\/fr\/sujets\/grundlagen\/\"},{\"@type\":\"ListItem\",\"position\":4,\"name\":\"Transposition des r\u00e9sultats d&#8217;\u00e9tudes animales \u00e0 l&#8217;homme\",\"item\":\"https:\/\/animalwelfare.interpharma.ch\/fr\/sujets\/grundlagen\/transposition-des-resultats-d-etudes-animales-a-l-homme\/\"},{\"@type\":\"ListItem\",\"position\":5,\"name\":\"1. Introduction\"}]},{\"@type\":\"WebSite\",\"@id\":\"https:\/\/animalwelfare.interpharma.ch\/#website\",\"url\":\"https:\/\/animalwelfare.interpharma.ch\/\",\"name\":\"animalwelfare\",\"description\":\"\",\"potentialAction\":[{\"@type\":\"SearchAction\",\"target\":{\"@type\":\"EntryPoint\",\"urlTemplate\":\"https:\/\/animalwelfare.interpharma.ch\/?s={search_term_string}\"},\"query-input\":{\"@type\":\"PropertyValueSpecification\",\"valueRequired\":true,\"valueName\":\"search_term_string\"}}],\"inLanguage\":\"fr-FR\"}]}<\/script>\n<!-- \/ Yoast SEO Premium plugin. -->","yoast_head_json":{"title":"1. Introduction - animalwelfare","robots":{"index":"index","follow":"follow","max-snippet":"max-snippet:-1","max-image-preview":"max-image-preview:large","max-video-preview":"max-video-preview:-1"},"canonical":"https:\/\/animalwelfare.interpharma.ch\/fr\/sujets\/grundlagen\/transposition-des-resultats-d-etudes-animales-a-l-homme\/1-introduction-2\/","og_locale":"fr_FR","og_type":"article","og_title":"1. Introduction","og_description":"1. Introduction Sur le long chemin qui m\u00e8ne \u00e0 un m\u00e9dicament, la recherche pharmaceutique a recours \u00e0 l\u2019exp\u00e9rimentation animale \u00e0 la phase pr\u00e9clinique. De nombreuses ann\u00e9es s\u2019\u00e9coulent en g\u00e9n\u00e9ral d\u00e9j\u00e0 avant d\u2019en arriver l\u00e0. Le plus souvent, les chercheuses et chercheurs testent des centaines de milliers de substances pour en trouver une qui pr\u00e9sente le [&hellip;]","og_url":"https:\/\/animalwelfare.interpharma.ch\/fr\/sujets\/grundlagen\/transposition-des-resultats-d-etudes-animales-a-l-homme\/1-introduction-2\/","og_site_name":"animalwelfare","article_modified_time":"2026-03-09T13:40:25+00:00","twitter_card":"summary_large_image","twitter_misc":{"Dur\u00e9e de lecture estim\u00e9e":"1 minute"},"schema":{"@context":"https:\/\/schema.org","@graph":[{"@type":"WebPage","@id":"https:\/\/animalwelfare.interpharma.ch\/fr\/sujets\/grundlagen\/transposition-des-resultats-d-etudes-animales-a-l-homme\/1-introduction-2\/","url":"https:\/\/animalwelfare.interpharma.ch\/fr\/sujets\/grundlagen\/transposition-des-resultats-d-etudes-animales-a-l-homme\/1-introduction-2\/","name":"1. Introduction - animalwelfare","isPartOf":{"@id":"https:\/\/animalwelfare.interpharma.ch\/#website"},"datePublished":"2026-03-06T16:35:35+00:00","dateModified":"2026-03-09T13:40:25+00:00","breadcrumb":{"@id":"https:\/\/animalwelfare.interpharma.ch\/fr\/sujets\/grundlagen\/transposition-des-resultats-d-etudes-animales-a-l-homme\/1-introduction-2\/#breadcrumb"},"inLanguage":"fr-FR","potentialAction":[{"@type":"ReadAction","target":["https:\/\/animalwelfare.interpharma.ch\/fr\/sujets\/grundlagen\/transposition-des-resultats-d-etudes-animales-a-l-homme\/1-introduction-2\/"]}]},{"@type":"BreadcrumbList","@id":"https:\/\/animalwelfare.interpharma.ch\/fr\/sujets\/grundlagen\/transposition-des-resultats-d-etudes-animales-a-l-homme\/1-introduction-2\/#breadcrumb","itemListElement":[{"@type":"ListItem","position":1,"name":"Start","item":"https:\/\/animalwelfare.interpharma.ch\/fr\/"},{"@type":"ListItem","position":2,"name":"Contenus","item":"https:\/\/animalwelfare.interpharma.ch\/fr\/sujets\/"},{"@type":"ListItem","position":3,"name":"Fondements","item":"https:\/\/animalwelfare.interpharma.ch\/fr\/sujets\/grundlagen\/"},{"@type":"ListItem","position":4,"name":"Transposition des r\u00e9sultats d&#8217;\u00e9tudes animales \u00e0 l&#8217;homme","item":"https:\/\/animalwelfare.interpharma.ch\/fr\/sujets\/grundlagen\/transposition-des-resultats-d-etudes-animales-a-l-homme\/"},{"@type":"ListItem","position":5,"name":"1. Introduction"}]},{"@type":"WebSite","@id":"https:\/\/animalwelfare.interpharma.ch\/#website","url":"https:\/\/animalwelfare.interpharma.ch\/","name":"animalwelfare","description":"","potentialAction":[{"@type":"SearchAction","target":{"@type":"EntryPoint","urlTemplate":"https:\/\/animalwelfare.interpharma.ch\/?s={search_term_string}"},"query-input":{"@type":"PropertyValueSpecification","valueRequired":true,"valueName":"search_term_string"}}],"inLanguage":"fr-FR"}]}},"_links":{"self":[{"href":"https:\/\/animalwelfare.interpharma.ch\/fr\/wp-json\/wp\/v2\/pages\/1140","targetHints":{"allow":["GET"]}}],"collection":[{"href":"https:\/\/animalwelfare.interpharma.ch\/fr\/wp-json\/wp\/v2\/pages"}],"about":[{"href":"https:\/\/animalwelfare.interpharma.ch\/fr\/wp-json\/wp\/v2\/types\/page"}],"author":[{"embeddable":true,"href":"https:\/\/animalwelfare.interpharma.ch\/fr\/wp-json\/wp\/v2\/users\/1"}],"replies":[{"embeddable":true,"href":"https:\/\/animalwelfare.interpharma.ch\/fr\/wp-json\/wp\/v2\/comments?post=1140"}],"version-history":[{"count":2,"href":"https:\/\/animalwelfare.interpharma.ch\/fr\/wp-json\/wp\/v2\/pages\/1140\/revisions"}],"predecessor-version":[{"id":2833,"href":"https:\/\/animalwelfare.interpharma.ch\/fr\/wp-json\/wp\/v2\/pages\/1140\/revisions\/2833"}],"up":[{"embeddable":true,"href":"https:\/\/animalwelfare.interpharma.ch\/fr\/wp-json\/wp\/v2\/pages\/1146"}],"wp:attachment":[{"href":"https:\/\/animalwelfare.interpharma.ch\/fr\/wp-json\/wp\/v2\/media?parent=1140"}],"curies":[{"name":"wp","href":"https:\/\/api.w.org\/{rel}","templated":true}]}}