{"id":1128,"date":"2026-03-06T17:35:34","date_gmt":"2026-03-06T16:35:34","guid":{"rendered":"https:\/\/animalwelfare.iph-multisite.berta-bewegt.ch\/?page_id=1128"},"modified":"2026-03-09T14:43:08","modified_gmt":"2026-03-09T13:43:08","slug":"5-renseignements-precieux-sur-les-causes-des-maladies","status":"publish","type":"page","link":"https:\/\/animalwelfare.interpharma.ch\/fr\/sujets\/grundlagen\/transposition-des-resultats-d-etudes-animales-a-l-homme\/5-renseignements-precieux-sur-les-causes-des-maladies\/","title":{"rendered":"5. Renseignements pr\u00e9cieux sur les causes des maladies"},"content":{"rendered":"\n<h2 class=\"wp-block-heading\">5. Renseignements pr\u00e9cieux sur les causes des maladies<\/h2>\n\n\n\n<p>En termes d\u2019\u00e9volution, l\u2019\u00eatre humain et l\u2019animal ont un lien de parent\u00e9. Ils ont des anc\u00eatres communs et donc \u00e9galement, \u00e0 des degr\u00e9s divers, des points communs biologiques. Au cours de l\u2019\u00e9volution, la nature a conserv\u00e9 beaucoup de processus. C\u2019est pourquoi la recherche impliquant des animaux peut fournir de pr\u00e9cieux indices sur les causes des maladies et l\u2019effet des m\u00e9dicaments. Elle permet de tirer des conclusions sur les effets souhait\u00e9s et r\u00e9v\u00e8le \u00e9galement environ 70% des effets ind\u00e9sirables.<\/p>\n","protected":false},"excerpt":{"rendered":"<p>5. Renseignements pr\u00e9cieux sur les causes des maladies En termes d\u2019\u00e9volution, l\u2019\u00eatre humain et l\u2019animal ont un lien de parent\u00e9. Ils ont des anc\u00eatres communs et donc \u00e9galement, \u00e0 des degr\u00e9s divers, des points communs biologiques. Au cours de l\u2019\u00e9volution, la nature a conserv\u00e9 beaucoup de processus. C\u2019est pourquoi la recherche impliquant des animaux peut [&hellip;]<\/p>\n","protected":false},"author":1,"featured_media":0,"parent":1146,"menu_order":4,"comment_status":"closed","ping_status":"closed","template":"page-templates\/unterthema.php","meta":{"_acf_changed":false,"inline_featured_image":false,"footnotes":""},"class_list":["post-1128","page","type-page","status-publish","hentry"],"acf":[],"yoast_head":"<!-- This site is optimized with the Yoast SEO Premium plugin v27.2 (Yoast SEO v27.2) - https:\/\/yoast.com\/product\/yoast-seo-premium-wordpress\/ -->\n<title>5. Renseignements pr\u00e9cieux sur les causes des maladies - animalwelfare<\/title>\n<meta name=\"robots\" content=\"index, follow, max-snippet:-1, max-image-preview:large, max-video-preview:-1\" \/>\n<link rel=\"canonical\" href=\"https:\/\/animalwelfare.interpharma.ch\/fr\/sujets\/grundlagen\/transposition-des-resultats-d-etudes-animales-a-l-homme\/5-renseignements-precieux-sur-les-causes-des-maladies\/\" \/>\n<meta property=\"og:locale\" content=\"fr_FR\" \/>\n<meta property=\"og:type\" content=\"article\" \/>\n<meta property=\"og:title\" content=\"5. Renseignements pr\u00e9cieux sur les causes des maladies\" \/>\n<meta property=\"og:description\" content=\"5. Renseignements pr\u00e9cieux sur les causes des maladies En termes d\u2019\u00e9volution, l\u2019\u00eatre humain et l\u2019animal ont un lien de parent\u00e9. Ils ont des anc\u00eatres communs et donc \u00e9galement, \u00e0 des degr\u00e9s divers, des points communs biologiques. Au cours de l\u2019\u00e9volution, la nature a conserv\u00e9 beaucoup de processus. C\u2019est pourquoi la recherche impliquant des animaux peut [&hellip;]\" \/>\n<meta property=\"og:url\" content=\"https:\/\/animalwelfare.interpharma.ch\/fr\/sujets\/grundlagen\/transposition-des-resultats-d-etudes-animales-a-l-homme\/5-renseignements-precieux-sur-les-causes-des-maladies\/\" \/>\n<meta property=\"og:site_name\" content=\"animalwelfare\" \/>\n<meta property=\"article:modified_time\" content=\"2026-03-09T13:43:08+00:00\" \/>\n<meta name=\"twitter:card\" content=\"summary_large_image\" \/>\n<meta name=\"twitter:label1\" content=\"Dur\u00e9e de lecture estim\u00e9e\" \/>\n\t<meta name=\"twitter:data1\" content=\"1 minute\" \/>\n<script type=\"application\/ld+json\" class=\"yoast-schema-graph\">{\"@context\":\"https:\/\/schema.org\",\"@graph\":[{\"@type\":\"WebPage\",\"@id\":\"https:\/\/animalwelfare.interpharma.ch\/fr\/sujets\/grundlagen\/transposition-des-resultats-d-etudes-animales-a-l-homme\/5-renseignements-precieux-sur-les-causes-des-maladies\/\",\"url\":\"https:\/\/animalwelfare.interpharma.ch\/fr\/sujets\/grundlagen\/transposition-des-resultats-d-etudes-animales-a-l-homme\/5-renseignements-precieux-sur-les-causes-des-maladies\/\",\"name\":\"5. Renseignements pr\u00e9cieux sur les causes des maladies - animalwelfare\",\"isPartOf\":{\"@id\":\"https:\/\/animalwelfare.interpharma.ch\/#website\"},\"datePublished\":\"2026-03-06T16:35:34+00:00\",\"dateModified\":\"2026-03-09T13:43:08+00:00\",\"breadcrumb\":{\"@id\":\"https:\/\/animalwelfare.interpharma.ch\/fr\/sujets\/grundlagen\/transposition-des-resultats-d-etudes-animales-a-l-homme\/5-renseignements-precieux-sur-les-causes-des-maladies\/#breadcrumb\"},\"inLanguage\":\"fr-FR\",\"potentialAction\":[{\"@type\":\"ReadAction\",\"target\":[\"https:\/\/animalwelfare.interpharma.ch\/fr\/sujets\/grundlagen\/transposition-des-resultats-d-etudes-animales-a-l-homme\/5-renseignements-precieux-sur-les-causes-des-maladies\/\"]}]},{\"@type\":\"BreadcrumbList\",\"@id\":\"https:\/\/animalwelfare.interpharma.ch\/fr\/sujets\/grundlagen\/transposition-des-resultats-d-etudes-animales-a-l-homme\/5-renseignements-precieux-sur-les-causes-des-maladies\/#breadcrumb\",\"itemListElement\":[{\"@type\":\"ListItem\",\"position\":1,\"name\":\"Start\",\"item\":\"https:\/\/animalwelfare.interpharma.ch\/fr\/\"},{\"@type\":\"ListItem\",\"position\":2,\"name\":\"Contenus\",\"item\":\"https:\/\/animalwelfare.interpharma.ch\/fr\/sujets\/\"},{\"@type\":\"ListItem\",\"position\":3,\"name\":\"Fondements\",\"item\":\"https:\/\/animalwelfare.interpharma.ch\/fr\/sujets\/grundlagen\/\"},{\"@type\":\"ListItem\",\"position\":4,\"name\":\"Transposition des r\u00e9sultats d&#8217;\u00e9tudes animales \u00e0 l&#8217;homme\",\"item\":\"https:\/\/animalwelfare.interpharma.ch\/fr\/sujets\/grundlagen\/transposition-des-resultats-d-etudes-animales-a-l-homme\/\"},{\"@type\":\"ListItem\",\"position\":5,\"name\":\"5. Renseignements pr\u00e9cieux sur les causes des maladies\"}]},{\"@type\":\"WebSite\",\"@id\":\"https:\/\/animalwelfare.interpharma.ch\/#website\",\"url\":\"https:\/\/animalwelfare.interpharma.ch\/\",\"name\":\"animalwelfare\",\"description\":\"\",\"potentialAction\":[{\"@type\":\"SearchAction\",\"target\":{\"@type\":\"EntryPoint\",\"urlTemplate\":\"https:\/\/animalwelfare.interpharma.ch\/?s={search_term_string}\"},\"query-input\":{\"@type\":\"PropertyValueSpecification\",\"valueRequired\":true,\"valueName\":\"search_term_string\"}}],\"inLanguage\":\"fr-FR\"}]}<\/script>\n<!-- \/ Yoast SEO Premium plugin. -->","yoast_head_json":{"title":"5. Renseignements pr\u00e9cieux sur les causes des maladies - animalwelfare","robots":{"index":"index","follow":"follow","max-snippet":"max-snippet:-1","max-image-preview":"max-image-preview:large","max-video-preview":"max-video-preview:-1"},"canonical":"https:\/\/animalwelfare.interpharma.ch\/fr\/sujets\/grundlagen\/transposition-des-resultats-d-etudes-animales-a-l-homme\/5-renseignements-precieux-sur-les-causes-des-maladies\/","og_locale":"fr_FR","og_type":"article","og_title":"5. Renseignements pr\u00e9cieux sur les causes des maladies","og_description":"5. Renseignements pr\u00e9cieux sur les causes des maladies En termes d\u2019\u00e9volution, l\u2019\u00eatre humain et l\u2019animal ont un lien de parent\u00e9. Ils ont des anc\u00eatres communs et donc \u00e9galement, \u00e0 des degr\u00e9s divers, des points communs biologiques. Au cours de l\u2019\u00e9volution, la nature a conserv\u00e9 beaucoup de processus. C\u2019est pourquoi la recherche impliquant des animaux peut [&hellip;]","og_url":"https:\/\/animalwelfare.interpharma.ch\/fr\/sujets\/grundlagen\/transposition-des-resultats-d-etudes-animales-a-l-homme\/5-renseignements-precieux-sur-les-causes-des-maladies\/","og_site_name":"animalwelfare","article_modified_time":"2026-03-09T13:43:08+00:00","twitter_card":"summary_large_image","twitter_misc":{"Dur\u00e9e de lecture estim\u00e9e":"1 minute"},"schema":{"@context":"https:\/\/schema.org","@graph":[{"@type":"WebPage","@id":"https:\/\/animalwelfare.interpharma.ch\/fr\/sujets\/grundlagen\/transposition-des-resultats-d-etudes-animales-a-l-homme\/5-renseignements-precieux-sur-les-causes-des-maladies\/","url":"https:\/\/animalwelfare.interpharma.ch\/fr\/sujets\/grundlagen\/transposition-des-resultats-d-etudes-animales-a-l-homme\/5-renseignements-precieux-sur-les-causes-des-maladies\/","name":"5. Renseignements pr\u00e9cieux sur les causes des maladies - animalwelfare","isPartOf":{"@id":"https:\/\/animalwelfare.interpharma.ch\/#website"},"datePublished":"2026-03-06T16:35:34+00:00","dateModified":"2026-03-09T13:43:08+00:00","breadcrumb":{"@id":"https:\/\/animalwelfare.interpharma.ch\/fr\/sujets\/grundlagen\/transposition-des-resultats-d-etudes-animales-a-l-homme\/5-renseignements-precieux-sur-les-causes-des-maladies\/#breadcrumb"},"inLanguage":"fr-FR","potentialAction":[{"@type":"ReadAction","target":["https:\/\/animalwelfare.interpharma.ch\/fr\/sujets\/grundlagen\/transposition-des-resultats-d-etudes-animales-a-l-homme\/5-renseignements-precieux-sur-les-causes-des-maladies\/"]}]},{"@type":"BreadcrumbList","@id":"https:\/\/animalwelfare.interpharma.ch\/fr\/sujets\/grundlagen\/transposition-des-resultats-d-etudes-animales-a-l-homme\/5-renseignements-precieux-sur-les-causes-des-maladies\/#breadcrumb","itemListElement":[{"@type":"ListItem","position":1,"name":"Start","item":"https:\/\/animalwelfare.interpharma.ch\/fr\/"},{"@type":"ListItem","position":2,"name":"Contenus","item":"https:\/\/animalwelfare.interpharma.ch\/fr\/sujets\/"},{"@type":"ListItem","position":3,"name":"Fondements","item":"https:\/\/animalwelfare.interpharma.ch\/fr\/sujets\/grundlagen\/"},{"@type":"ListItem","position":4,"name":"Transposition des r\u00e9sultats d&#8217;\u00e9tudes animales \u00e0 l&#8217;homme","item":"https:\/\/animalwelfare.interpharma.ch\/fr\/sujets\/grundlagen\/transposition-des-resultats-d-etudes-animales-a-l-homme\/"},{"@type":"ListItem","position":5,"name":"5. Renseignements pr\u00e9cieux sur les causes des maladies"}]},{"@type":"WebSite","@id":"https:\/\/animalwelfare.interpharma.ch\/#website","url":"https:\/\/animalwelfare.interpharma.ch\/","name":"animalwelfare","description":"","potentialAction":[{"@type":"SearchAction","target":{"@type":"EntryPoint","urlTemplate":"https:\/\/animalwelfare.interpharma.ch\/?s={search_term_string}"},"query-input":{"@type":"PropertyValueSpecification","valueRequired":true,"valueName":"search_term_string"}}],"inLanguage":"fr-FR"}]}},"_links":{"self":[{"href":"https:\/\/animalwelfare.interpharma.ch\/fr\/wp-json\/wp\/v2\/pages\/1128","targetHints":{"allow":["GET"]}}],"collection":[{"href":"https:\/\/animalwelfare.interpharma.ch\/fr\/wp-json\/wp\/v2\/pages"}],"about":[{"href":"https:\/\/animalwelfare.interpharma.ch\/fr\/wp-json\/wp\/v2\/types\/page"}],"author":[{"embeddable":true,"href":"https:\/\/animalwelfare.interpharma.ch\/fr\/wp-json\/wp\/v2\/users\/1"}],"replies":[{"embeddable":true,"href":"https:\/\/animalwelfare.interpharma.ch\/fr\/wp-json\/wp\/v2\/comments?post=1128"}],"version-history":[{"count":2,"href":"https:\/\/animalwelfare.interpharma.ch\/fr\/wp-json\/wp\/v2\/pages\/1128\/revisions"}],"predecessor-version":[{"id":2837,"href":"https:\/\/animalwelfare.interpharma.ch\/fr\/wp-json\/wp\/v2\/pages\/1128\/revisions\/2837"}],"up":[{"embeddable":true,"href":"https:\/\/animalwelfare.interpharma.ch\/fr\/wp-json\/wp\/v2\/pages\/1146"}],"wp:attachment":[{"href":"https:\/\/animalwelfare.interpharma.ch\/fr\/wp-json\/wp\/v2\/media?parent=1128"}],"curies":[{"name":"wp","href":"https:\/\/api.w.org\/{rel}","templated":true}]}}