{"id":1122,"date":"2026-03-06T17:35:34","date_gmt":"2026-03-06T16:35:34","guid":{"rendered":"https:\/\/animalwelfare.iph-multisite.berta-bewegt.ch\/?page_id=1122"},"modified":"2026-03-09T14:42:49","modified_gmt":"2026-03-09T13:42:49","slug":"4-parente-dans-levolution","status":"publish","type":"page","link":"https:\/\/animalwelfare.interpharma.ch\/fr\/sujets\/grundlagen\/transposition-des-resultats-d-etudes-animales-a-l-homme\/4-parente-dans-levolution\/","title":{"rendered":"4. Parent\u00e9 dans l\u2019\u00e9volution"},"content":{"rendered":"\n<h2 class=\"wp-block-heading\">4. Parent\u00e9 dans l\u2019\u00e9volution<\/h2>\n\n\n\n<p>Tous les m\u00e9dicaments, tous les traitements et presque tous les dispositifs m\u00e9dicaux qui soulagent des maladies ou sont employ\u00e9s partout dans le monde pour gu\u00e9rir les patient-e-s ont \u00e9t\u00e9 d\u00e9velopp\u00e9s \u00e0 l\u2019aide d\u2019exp\u00e9riences sur des animaux. Il y a plusieurs raisons pour lesquelles l\u2019exp\u00e9rimentation animale est n\u00e9cessaire \u00e0 l\u2019\u00e9tude de maladies et au d\u00e9veloppement de nouveaux m\u00e9dicaments et de traitements innovants. L\u2019une de ces raisons se situe dans la nature m\u00eame de la th\u00e9matique, la biologie.<\/p>\n\n\n\n<p>Sans travaux sur des organismes vivants, la recherche biologique fondamentale est impossible. C\u2019est par exemple la recherche biologique fondamentale qui nous a permis de savoir comment les animaux survivent dans leur environnement naturel et de quoi ils ont besoin pour cela. La m\u00e9decine et la pharmacie tirent aussi profit de ces connaissances, car ce qui rend malade l\u2019animal est souvent n\u00e9faste aussi pour l\u2019\u00eatre humain.<\/p>\n","protected":false},"excerpt":{"rendered":"<p>4. Parent\u00e9 dans l\u2019\u00e9volution Tous les m\u00e9dicaments, tous les traitements et presque tous les dispositifs m\u00e9dicaux qui soulagent des maladies ou sont employ\u00e9s partout dans le monde pour gu\u00e9rir les patient-e-s ont \u00e9t\u00e9 d\u00e9velopp\u00e9s \u00e0 l\u2019aide d\u2019exp\u00e9riences sur des animaux. Il y a plusieurs raisons pour lesquelles l\u2019exp\u00e9rimentation animale est n\u00e9cessaire \u00e0 l\u2019\u00e9tude de maladies [&hellip;]<\/p>\n","protected":false},"author":1,"featured_media":0,"parent":1146,"menu_order":3,"comment_status":"closed","ping_status":"closed","template":"page-templates\/unterthema.php","meta":{"_acf_changed":false,"inline_featured_image":false,"footnotes":""},"class_list":["post-1122","page","type-page","status-publish","hentry"],"acf":[],"yoast_head":"<!-- This site is optimized with the Yoast SEO Premium plugin v27.2 (Yoast SEO v27.2) - https:\/\/yoast.com\/product\/yoast-seo-premium-wordpress\/ -->\n<title>4. Parent\u00e9 dans l\u2019\u00e9volution - animalwelfare<\/title>\n<meta name=\"robots\" content=\"index, follow, max-snippet:-1, max-image-preview:large, max-video-preview:-1\" \/>\n<link rel=\"canonical\" href=\"https:\/\/animalwelfare.interpharma.ch\/fr\/sujets\/grundlagen\/transposition-des-resultats-d-etudes-animales-a-l-homme\/4-parente-dans-levolution\/\" \/>\n<meta property=\"og:locale\" content=\"fr_FR\" \/>\n<meta property=\"og:type\" content=\"article\" \/>\n<meta property=\"og:title\" content=\"4. Parent\u00e9 dans l\u2019\u00e9volution\" \/>\n<meta property=\"og:description\" content=\"4. Parent\u00e9 dans l\u2019\u00e9volution Tous les m\u00e9dicaments, tous les traitements et presque tous les dispositifs m\u00e9dicaux qui soulagent des maladies ou sont employ\u00e9s partout dans le monde pour gu\u00e9rir les patient-e-s ont \u00e9t\u00e9 d\u00e9velopp\u00e9s \u00e0 l\u2019aide d\u2019exp\u00e9riences sur des animaux. Il y a plusieurs raisons pour lesquelles l\u2019exp\u00e9rimentation animale est n\u00e9cessaire \u00e0 l\u2019\u00e9tude de maladies [&hellip;]\" \/>\n<meta property=\"og:url\" content=\"https:\/\/animalwelfare.interpharma.ch\/fr\/sujets\/grundlagen\/transposition-des-resultats-d-etudes-animales-a-l-homme\/4-parente-dans-levolution\/\" \/>\n<meta property=\"og:site_name\" content=\"animalwelfare\" \/>\n<meta property=\"article:modified_time\" content=\"2026-03-09T13:42:49+00:00\" \/>\n<meta name=\"twitter:card\" content=\"summary_large_image\" \/>\n<meta name=\"twitter:label1\" content=\"Dur\u00e9e de lecture estim\u00e9e\" \/>\n\t<meta name=\"twitter:data1\" content=\"1 minute\" \/>\n<script type=\"application\/ld+json\" class=\"yoast-schema-graph\">{\"@context\":\"https:\/\/schema.org\",\"@graph\":[{\"@type\":\"WebPage\",\"@id\":\"https:\/\/animalwelfare.interpharma.ch\/fr\/sujets\/grundlagen\/transposition-des-resultats-d-etudes-animales-a-l-homme\/4-parente-dans-levolution\/\",\"url\":\"https:\/\/animalwelfare.interpharma.ch\/fr\/sujets\/grundlagen\/transposition-des-resultats-d-etudes-animales-a-l-homme\/4-parente-dans-levolution\/\",\"name\":\"4. Parent\u00e9 dans l\u2019\u00e9volution - animalwelfare\",\"isPartOf\":{\"@id\":\"https:\/\/animalwelfare.interpharma.ch\/#website\"},\"datePublished\":\"2026-03-06T16:35:34+00:00\",\"dateModified\":\"2026-03-09T13:42:49+00:00\",\"breadcrumb\":{\"@id\":\"https:\/\/animalwelfare.interpharma.ch\/fr\/sujets\/grundlagen\/transposition-des-resultats-d-etudes-animales-a-l-homme\/4-parente-dans-levolution\/#breadcrumb\"},\"inLanguage\":\"fr-FR\",\"potentialAction\":[{\"@type\":\"ReadAction\",\"target\":[\"https:\/\/animalwelfare.interpharma.ch\/fr\/sujets\/grundlagen\/transposition-des-resultats-d-etudes-animales-a-l-homme\/4-parente-dans-levolution\/\"]}]},{\"@type\":\"BreadcrumbList\",\"@id\":\"https:\/\/animalwelfare.interpharma.ch\/fr\/sujets\/grundlagen\/transposition-des-resultats-d-etudes-animales-a-l-homme\/4-parente-dans-levolution\/#breadcrumb\",\"itemListElement\":[{\"@type\":\"ListItem\",\"position\":1,\"name\":\"Start\",\"item\":\"https:\/\/animalwelfare.interpharma.ch\/fr\/\"},{\"@type\":\"ListItem\",\"position\":2,\"name\":\"Contenus\",\"item\":\"https:\/\/animalwelfare.interpharma.ch\/fr\/sujets\/\"},{\"@type\":\"ListItem\",\"position\":3,\"name\":\"Fondements\",\"item\":\"https:\/\/animalwelfare.interpharma.ch\/fr\/sujets\/grundlagen\/\"},{\"@type\":\"ListItem\",\"position\":4,\"name\":\"Transposition des r\u00e9sultats d&#8217;\u00e9tudes animales \u00e0 l&#8217;homme\",\"item\":\"https:\/\/animalwelfare.interpharma.ch\/fr\/sujets\/grundlagen\/transposition-des-resultats-d-etudes-animales-a-l-homme\/\"},{\"@type\":\"ListItem\",\"position\":5,\"name\":\"4. Parent\u00e9 dans l\u2019\u00e9volution\"}]},{\"@type\":\"WebSite\",\"@id\":\"https:\/\/animalwelfare.interpharma.ch\/#website\",\"url\":\"https:\/\/animalwelfare.interpharma.ch\/\",\"name\":\"animalwelfare\",\"description\":\"\",\"potentialAction\":[{\"@type\":\"SearchAction\",\"target\":{\"@type\":\"EntryPoint\",\"urlTemplate\":\"https:\/\/animalwelfare.interpharma.ch\/?s={search_term_string}\"},\"query-input\":{\"@type\":\"PropertyValueSpecification\",\"valueRequired\":true,\"valueName\":\"search_term_string\"}}],\"inLanguage\":\"fr-FR\"}]}<\/script>\n<!-- \/ Yoast SEO Premium plugin. -->","yoast_head_json":{"title":"4. Parent\u00e9 dans l\u2019\u00e9volution - animalwelfare","robots":{"index":"index","follow":"follow","max-snippet":"max-snippet:-1","max-image-preview":"max-image-preview:large","max-video-preview":"max-video-preview:-1"},"canonical":"https:\/\/animalwelfare.interpharma.ch\/fr\/sujets\/grundlagen\/transposition-des-resultats-d-etudes-animales-a-l-homme\/4-parente-dans-levolution\/","og_locale":"fr_FR","og_type":"article","og_title":"4. Parent\u00e9 dans l\u2019\u00e9volution","og_description":"4. Parent\u00e9 dans l\u2019\u00e9volution Tous les m\u00e9dicaments, tous les traitements et presque tous les dispositifs m\u00e9dicaux qui soulagent des maladies ou sont employ\u00e9s partout dans le monde pour gu\u00e9rir les patient-e-s ont \u00e9t\u00e9 d\u00e9velopp\u00e9s \u00e0 l\u2019aide d\u2019exp\u00e9riences sur des animaux. Il y a plusieurs raisons pour lesquelles l\u2019exp\u00e9rimentation animale est n\u00e9cessaire \u00e0 l\u2019\u00e9tude de maladies [&hellip;]","og_url":"https:\/\/animalwelfare.interpharma.ch\/fr\/sujets\/grundlagen\/transposition-des-resultats-d-etudes-animales-a-l-homme\/4-parente-dans-levolution\/","og_site_name":"animalwelfare","article_modified_time":"2026-03-09T13:42:49+00:00","twitter_card":"summary_large_image","twitter_misc":{"Dur\u00e9e de lecture estim\u00e9e":"1 minute"},"schema":{"@context":"https:\/\/schema.org","@graph":[{"@type":"WebPage","@id":"https:\/\/animalwelfare.interpharma.ch\/fr\/sujets\/grundlagen\/transposition-des-resultats-d-etudes-animales-a-l-homme\/4-parente-dans-levolution\/","url":"https:\/\/animalwelfare.interpharma.ch\/fr\/sujets\/grundlagen\/transposition-des-resultats-d-etudes-animales-a-l-homme\/4-parente-dans-levolution\/","name":"4. Parent\u00e9 dans l\u2019\u00e9volution - animalwelfare","isPartOf":{"@id":"https:\/\/animalwelfare.interpharma.ch\/#website"},"datePublished":"2026-03-06T16:35:34+00:00","dateModified":"2026-03-09T13:42:49+00:00","breadcrumb":{"@id":"https:\/\/animalwelfare.interpharma.ch\/fr\/sujets\/grundlagen\/transposition-des-resultats-d-etudes-animales-a-l-homme\/4-parente-dans-levolution\/#breadcrumb"},"inLanguage":"fr-FR","potentialAction":[{"@type":"ReadAction","target":["https:\/\/animalwelfare.interpharma.ch\/fr\/sujets\/grundlagen\/transposition-des-resultats-d-etudes-animales-a-l-homme\/4-parente-dans-levolution\/"]}]},{"@type":"BreadcrumbList","@id":"https:\/\/animalwelfare.interpharma.ch\/fr\/sujets\/grundlagen\/transposition-des-resultats-d-etudes-animales-a-l-homme\/4-parente-dans-levolution\/#breadcrumb","itemListElement":[{"@type":"ListItem","position":1,"name":"Start","item":"https:\/\/animalwelfare.interpharma.ch\/fr\/"},{"@type":"ListItem","position":2,"name":"Contenus","item":"https:\/\/animalwelfare.interpharma.ch\/fr\/sujets\/"},{"@type":"ListItem","position":3,"name":"Fondements","item":"https:\/\/animalwelfare.interpharma.ch\/fr\/sujets\/grundlagen\/"},{"@type":"ListItem","position":4,"name":"Transposition des r\u00e9sultats d&#8217;\u00e9tudes animales \u00e0 l&#8217;homme","item":"https:\/\/animalwelfare.interpharma.ch\/fr\/sujets\/grundlagen\/transposition-des-resultats-d-etudes-animales-a-l-homme\/"},{"@type":"ListItem","position":5,"name":"4. Parent\u00e9 dans l\u2019\u00e9volution"}]},{"@type":"WebSite","@id":"https:\/\/animalwelfare.interpharma.ch\/#website","url":"https:\/\/animalwelfare.interpharma.ch\/","name":"animalwelfare","description":"","potentialAction":[{"@type":"SearchAction","target":{"@type":"EntryPoint","urlTemplate":"https:\/\/animalwelfare.interpharma.ch\/?s={search_term_string}"},"query-input":{"@type":"PropertyValueSpecification","valueRequired":true,"valueName":"search_term_string"}}],"inLanguage":"fr-FR"}]}},"_links":{"self":[{"href":"https:\/\/animalwelfare.interpharma.ch\/fr\/wp-json\/wp\/v2\/pages\/1122","targetHints":{"allow":["GET"]}}],"collection":[{"href":"https:\/\/animalwelfare.interpharma.ch\/fr\/wp-json\/wp\/v2\/pages"}],"about":[{"href":"https:\/\/animalwelfare.interpharma.ch\/fr\/wp-json\/wp\/v2\/types\/page"}],"author":[{"embeddable":true,"href":"https:\/\/animalwelfare.interpharma.ch\/fr\/wp-json\/wp\/v2\/users\/1"}],"replies":[{"embeddable":true,"href":"https:\/\/animalwelfare.interpharma.ch\/fr\/wp-json\/wp\/v2\/comments?post=1122"}],"version-history":[{"count":2,"href":"https:\/\/animalwelfare.interpharma.ch\/fr\/wp-json\/wp\/v2\/pages\/1122\/revisions"}],"predecessor-version":[{"id":2836,"href":"https:\/\/animalwelfare.interpharma.ch\/fr\/wp-json\/wp\/v2\/pages\/1122\/revisions\/2836"}],"up":[{"embeddable":true,"href":"https:\/\/animalwelfare.interpharma.ch\/fr\/wp-json\/wp\/v2\/pages\/1146"}],"wp:attachment":[{"href":"https:\/\/animalwelfare.interpharma.ch\/fr\/wp-json\/wp\/v2\/media?parent=1122"}],"curies":[{"name":"wp","href":"https:\/\/api.w.org\/{rel}","templated":true}]}}