{"id":1104,"date":"2026-03-06T17:35:33","date_gmt":"2026-03-06T16:35:33","guid":{"rendered":"https:\/\/animalwelfare.iph-multisite.berta-bewegt.ch\/?page_id=1104"},"modified":"2026-03-09T14:44:25","modified_gmt":"2026-03-09T13:44:25","slug":"9-lexperimentation-animale-reduit-lexperimentation-animale","status":"publish","type":"page","link":"https:\/\/animalwelfare.interpharma.ch\/fr\/sujets\/grundlagen\/transposition-des-resultats-d-etudes-animales-a-l-homme\/9-lexperimentation-animale-reduit-lexperimentation-animale\/","title":{"rendered":"9. L\u2019exp\u00e9rimentation animale r\u00e9duit l\u2019exp\u00e9rimentation animale"},"content":{"rendered":"\n<h2 class=\"wp-block-heading\">9. L\u2019exp\u00e9rimentation animale r\u00e9duit l\u2019exp\u00e9rimentation animale<\/h2>\n\n\n\n<p>La recherche ne peut pas encore se passer de l\u2019exp\u00e9rimentation animale. Certes, les m\u00e9thodes utilisant des mod\u00e8les informatiques et des cultures cellulaires sont d\u00e9j\u00e0 tr\u00e8s perfectionn\u00e9es et des technologies comme les \u00aborganes sur puce\u00bbpermettent de reproduire des processus simples. Mais les m\u00e9thodes disponibles ne permettent pas (encore) de reproduire les processus complexes de l\u2019organisme. En effet, ce qui se passe dans une cellule est d\u00e9j\u00e0 si compliqu\u00e9 qu\u2019un ordinateur ne peut pas le calculer. L\u2019exp\u00e9rimentation animale reste donc pour le moment n\u00e9cessaire, \u00e9galement pour l\u2019am\u00e9liorer et la remplacer de plus en plus souvent. <\/p>\n","protected":false},"excerpt":{"rendered":"<p>9. L\u2019exp\u00e9rimentation animale r\u00e9duit l\u2019exp\u00e9rimentation animale La recherche ne peut pas encore se passer de l\u2019exp\u00e9rimentation animale. Certes, les m\u00e9thodes utilisant des mod\u00e8les informatiques et des cultures cellulaires sont d\u00e9j\u00e0 tr\u00e8s perfectionn\u00e9es et des technologies comme les \u00aborganes sur puce\u00bbpermettent de reproduire des processus simples. Mais les m\u00e9thodes disponibles ne permettent pas (encore) de reproduire [&hellip;]<\/p>\n","protected":false},"author":1,"featured_media":0,"parent":1146,"menu_order":8,"comment_status":"closed","ping_status":"closed","template":"page-templates\/unterthema.php","meta":{"_acf_changed":false,"inline_featured_image":false,"footnotes":""},"class_list":["post-1104","page","type-page","status-publish","hentry"],"acf":[],"yoast_head":"<!-- This site is optimized with the Yoast SEO Premium plugin v27.2 (Yoast SEO v27.2) - https:\/\/yoast.com\/product\/yoast-seo-premium-wordpress\/ -->\n<title>9. L\u2019exp\u00e9rimentation animale r\u00e9duit l\u2019exp\u00e9rimentation animale - animalwelfare<\/title>\n<meta name=\"robots\" content=\"index, follow, max-snippet:-1, max-image-preview:large, max-video-preview:-1\" \/>\n<link rel=\"canonical\" href=\"https:\/\/animalwelfare.interpharma.ch\/fr\/sujets\/grundlagen\/transposition-des-resultats-d-etudes-animales-a-l-homme\/9-lexperimentation-animale-reduit-lexperimentation-animale\/\" \/>\n<meta property=\"og:locale\" content=\"fr_FR\" \/>\n<meta property=\"og:type\" content=\"article\" \/>\n<meta property=\"og:title\" content=\"9. L\u2019exp\u00e9rimentation animale r\u00e9duit l\u2019exp\u00e9rimentation animale\" \/>\n<meta property=\"og:description\" content=\"9. L\u2019exp\u00e9rimentation animale r\u00e9duit l\u2019exp\u00e9rimentation animale La recherche ne peut pas encore se passer de l\u2019exp\u00e9rimentation animale. Certes, les m\u00e9thodes utilisant des mod\u00e8les informatiques et des cultures cellulaires sont d\u00e9j\u00e0 tr\u00e8s perfectionn\u00e9es et des technologies comme les \u00aborganes sur puce\u00bbpermettent de reproduire des processus simples. Mais les m\u00e9thodes disponibles ne permettent pas (encore) de reproduire [&hellip;]\" \/>\n<meta property=\"og:url\" content=\"https:\/\/animalwelfare.interpharma.ch\/fr\/sujets\/grundlagen\/transposition-des-resultats-d-etudes-animales-a-l-homme\/9-lexperimentation-animale-reduit-lexperimentation-animale\/\" \/>\n<meta property=\"og:site_name\" content=\"animalwelfare\" \/>\n<meta property=\"article:modified_time\" content=\"2026-03-09T13:44:25+00:00\" \/>\n<meta name=\"twitter:card\" content=\"summary_large_image\" \/>\n<meta name=\"twitter:label1\" content=\"Dur\u00e9e de lecture estim\u00e9e\" \/>\n\t<meta name=\"twitter:data1\" content=\"1 minute\" \/>\n<script type=\"application\/ld+json\" class=\"yoast-schema-graph\">{\"@context\":\"https:\/\/schema.org\",\"@graph\":[{\"@type\":\"WebPage\",\"@id\":\"https:\/\/animalwelfare.interpharma.ch\/fr\/sujets\/grundlagen\/transposition-des-resultats-d-etudes-animales-a-l-homme\/9-lexperimentation-animale-reduit-lexperimentation-animale\/\",\"url\":\"https:\/\/animalwelfare.interpharma.ch\/fr\/sujets\/grundlagen\/transposition-des-resultats-d-etudes-animales-a-l-homme\/9-lexperimentation-animale-reduit-lexperimentation-animale\/\",\"name\":\"9. L\u2019exp\u00e9rimentation animale r\u00e9duit l\u2019exp\u00e9rimentation animale - animalwelfare\",\"isPartOf\":{\"@id\":\"https:\/\/animalwelfare.interpharma.ch\/#website\"},\"datePublished\":\"2026-03-06T16:35:33+00:00\",\"dateModified\":\"2026-03-09T13:44:25+00:00\",\"breadcrumb\":{\"@id\":\"https:\/\/animalwelfare.interpharma.ch\/fr\/sujets\/grundlagen\/transposition-des-resultats-d-etudes-animales-a-l-homme\/9-lexperimentation-animale-reduit-lexperimentation-animale\/#breadcrumb\"},\"inLanguage\":\"fr-FR\",\"potentialAction\":[{\"@type\":\"ReadAction\",\"target\":[\"https:\/\/animalwelfare.interpharma.ch\/fr\/sujets\/grundlagen\/transposition-des-resultats-d-etudes-animales-a-l-homme\/9-lexperimentation-animale-reduit-lexperimentation-animale\/\"]}]},{\"@type\":\"BreadcrumbList\",\"@id\":\"https:\/\/animalwelfare.interpharma.ch\/fr\/sujets\/grundlagen\/transposition-des-resultats-d-etudes-animales-a-l-homme\/9-lexperimentation-animale-reduit-lexperimentation-animale\/#breadcrumb\",\"itemListElement\":[{\"@type\":\"ListItem\",\"position\":1,\"name\":\"Start\",\"item\":\"https:\/\/animalwelfare.interpharma.ch\/fr\/\"},{\"@type\":\"ListItem\",\"position\":2,\"name\":\"Contenus\",\"item\":\"https:\/\/animalwelfare.interpharma.ch\/fr\/sujets\/\"},{\"@type\":\"ListItem\",\"position\":3,\"name\":\"Fondements\",\"item\":\"https:\/\/animalwelfare.interpharma.ch\/fr\/sujets\/grundlagen\/\"},{\"@type\":\"ListItem\",\"position\":4,\"name\":\"Transposition des r\u00e9sultats d&#8217;\u00e9tudes animales \u00e0 l&#8217;homme\",\"item\":\"https:\/\/animalwelfare.interpharma.ch\/fr\/sujets\/grundlagen\/transposition-des-resultats-d-etudes-animales-a-l-homme\/\"},{\"@type\":\"ListItem\",\"position\":5,\"name\":\"9. L\u2019exp\u00e9rimentation animale r\u00e9duit l\u2019exp\u00e9rimentation animale\"}]},{\"@type\":\"WebSite\",\"@id\":\"https:\/\/animalwelfare.interpharma.ch\/#website\",\"url\":\"https:\/\/animalwelfare.interpharma.ch\/\",\"name\":\"animalwelfare\",\"description\":\"\",\"potentialAction\":[{\"@type\":\"SearchAction\",\"target\":{\"@type\":\"EntryPoint\",\"urlTemplate\":\"https:\/\/animalwelfare.interpharma.ch\/?s={search_term_string}\"},\"query-input\":{\"@type\":\"PropertyValueSpecification\",\"valueRequired\":true,\"valueName\":\"search_term_string\"}}],\"inLanguage\":\"fr-FR\"}]}<\/script>\n<!-- \/ Yoast SEO Premium plugin. -->","yoast_head_json":{"title":"9. L\u2019exp\u00e9rimentation animale r\u00e9duit l\u2019exp\u00e9rimentation animale - animalwelfare","robots":{"index":"index","follow":"follow","max-snippet":"max-snippet:-1","max-image-preview":"max-image-preview:large","max-video-preview":"max-video-preview:-1"},"canonical":"https:\/\/animalwelfare.interpharma.ch\/fr\/sujets\/grundlagen\/transposition-des-resultats-d-etudes-animales-a-l-homme\/9-lexperimentation-animale-reduit-lexperimentation-animale\/","og_locale":"fr_FR","og_type":"article","og_title":"9. L\u2019exp\u00e9rimentation animale r\u00e9duit l\u2019exp\u00e9rimentation animale","og_description":"9. L\u2019exp\u00e9rimentation animale r\u00e9duit l\u2019exp\u00e9rimentation animale La recherche ne peut pas encore se passer de l\u2019exp\u00e9rimentation animale. Certes, les m\u00e9thodes utilisant des mod\u00e8les informatiques et des cultures cellulaires sont d\u00e9j\u00e0 tr\u00e8s perfectionn\u00e9es et des technologies comme les \u00aborganes sur puce\u00bbpermettent de reproduire des processus simples. Mais les m\u00e9thodes disponibles ne permettent pas (encore) de reproduire [&hellip;]","og_url":"https:\/\/animalwelfare.interpharma.ch\/fr\/sujets\/grundlagen\/transposition-des-resultats-d-etudes-animales-a-l-homme\/9-lexperimentation-animale-reduit-lexperimentation-animale\/","og_site_name":"animalwelfare","article_modified_time":"2026-03-09T13:44:25+00:00","twitter_card":"summary_large_image","twitter_misc":{"Dur\u00e9e de lecture estim\u00e9e":"1 minute"},"schema":{"@context":"https:\/\/schema.org","@graph":[{"@type":"WebPage","@id":"https:\/\/animalwelfare.interpharma.ch\/fr\/sujets\/grundlagen\/transposition-des-resultats-d-etudes-animales-a-l-homme\/9-lexperimentation-animale-reduit-lexperimentation-animale\/","url":"https:\/\/animalwelfare.interpharma.ch\/fr\/sujets\/grundlagen\/transposition-des-resultats-d-etudes-animales-a-l-homme\/9-lexperimentation-animale-reduit-lexperimentation-animale\/","name":"9. L\u2019exp\u00e9rimentation animale r\u00e9duit l\u2019exp\u00e9rimentation animale - animalwelfare","isPartOf":{"@id":"https:\/\/animalwelfare.interpharma.ch\/#website"},"datePublished":"2026-03-06T16:35:33+00:00","dateModified":"2026-03-09T13:44:25+00:00","breadcrumb":{"@id":"https:\/\/animalwelfare.interpharma.ch\/fr\/sujets\/grundlagen\/transposition-des-resultats-d-etudes-animales-a-l-homme\/9-lexperimentation-animale-reduit-lexperimentation-animale\/#breadcrumb"},"inLanguage":"fr-FR","potentialAction":[{"@type":"ReadAction","target":["https:\/\/animalwelfare.interpharma.ch\/fr\/sujets\/grundlagen\/transposition-des-resultats-d-etudes-animales-a-l-homme\/9-lexperimentation-animale-reduit-lexperimentation-animale\/"]}]},{"@type":"BreadcrumbList","@id":"https:\/\/animalwelfare.interpharma.ch\/fr\/sujets\/grundlagen\/transposition-des-resultats-d-etudes-animales-a-l-homme\/9-lexperimentation-animale-reduit-lexperimentation-animale\/#breadcrumb","itemListElement":[{"@type":"ListItem","position":1,"name":"Start","item":"https:\/\/animalwelfare.interpharma.ch\/fr\/"},{"@type":"ListItem","position":2,"name":"Contenus","item":"https:\/\/animalwelfare.interpharma.ch\/fr\/sujets\/"},{"@type":"ListItem","position":3,"name":"Fondements","item":"https:\/\/animalwelfare.interpharma.ch\/fr\/sujets\/grundlagen\/"},{"@type":"ListItem","position":4,"name":"Transposition des r\u00e9sultats d&#8217;\u00e9tudes animales \u00e0 l&#8217;homme","item":"https:\/\/animalwelfare.interpharma.ch\/fr\/sujets\/grundlagen\/transposition-des-resultats-d-etudes-animales-a-l-homme\/"},{"@type":"ListItem","position":5,"name":"9. L\u2019exp\u00e9rimentation animale r\u00e9duit l\u2019exp\u00e9rimentation animale"}]},{"@type":"WebSite","@id":"https:\/\/animalwelfare.interpharma.ch\/#website","url":"https:\/\/animalwelfare.interpharma.ch\/","name":"animalwelfare","description":"","potentialAction":[{"@type":"SearchAction","target":{"@type":"EntryPoint","urlTemplate":"https:\/\/animalwelfare.interpharma.ch\/?s={search_term_string}"},"query-input":{"@type":"PropertyValueSpecification","valueRequired":true,"valueName":"search_term_string"}}],"inLanguage":"fr-FR"}]}},"_links":{"self":[{"href":"https:\/\/animalwelfare.interpharma.ch\/fr\/wp-json\/wp\/v2\/pages\/1104","targetHints":{"allow":["GET"]}}],"collection":[{"href":"https:\/\/animalwelfare.interpharma.ch\/fr\/wp-json\/wp\/v2\/pages"}],"about":[{"href":"https:\/\/animalwelfare.interpharma.ch\/fr\/wp-json\/wp\/v2\/types\/page"}],"author":[{"embeddable":true,"href":"https:\/\/animalwelfare.interpharma.ch\/fr\/wp-json\/wp\/v2\/users\/1"}],"replies":[{"embeddable":true,"href":"https:\/\/animalwelfare.interpharma.ch\/fr\/wp-json\/wp\/v2\/comments?post=1104"}],"version-history":[{"count":2,"href":"https:\/\/animalwelfare.interpharma.ch\/fr\/wp-json\/wp\/v2\/pages\/1104\/revisions"}],"predecessor-version":[{"id":2841,"href":"https:\/\/animalwelfare.interpharma.ch\/fr\/wp-json\/wp\/v2\/pages\/1104\/revisions\/2841"}],"up":[{"embeddable":true,"href":"https:\/\/animalwelfare.interpharma.ch\/fr\/wp-json\/wp\/v2\/pages\/1146"}],"wp:attachment":[{"href":"https:\/\/animalwelfare.interpharma.ch\/fr\/wp-json\/wp\/v2\/media?parent=1104"}],"curies":[{"name":"wp","href":"https:\/\/api.w.org\/{rel}","templated":true}]}}