{"id":1098,"date":"2026-03-06T17:35:33","date_gmt":"2026-03-06T16:35:33","guid":{"rendered":"https:\/\/animalwelfare.iph-multisite.berta-bewegt.ch\/?page_id=1098"},"modified":"2026-03-09T14:44:08","modified_gmt":"2026-03-09T13:44:08","slug":"8-de-nombreux-progres-grace-a-lexperimentation-animale","status":"publish","type":"page","link":"https:\/\/animalwelfare.interpharma.ch\/fr\/sujets\/grundlagen\/transposition-des-resultats-d-etudes-animales-a-l-homme\/8-de-nombreux-progres-grace-a-lexperimentation-animale\/","title":{"rendered":"8. De nombreux progr\u00e8s gr\u00e2ce \u00e0 l\u2019exp\u00e9rimentation animale"},"content":{"rendered":"\n<h2 class=\"wp-block-heading\">8. De nombreux progr\u00e8s gr\u00e2ce \u00e0 l\u2019exp\u00e9rimentation animale<\/h2>\n\n\n\n<p>Les exp\u00e9riences sur animaux ne sont autoris\u00e9es que si elles sont indispensables pour \u00e9lucider des questions encore sans r\u00e9ponse. Elles font partie de la recherche fondamentale et sont prescrites par la loi pour le d\u00e9veloppement de nouveaux m\u00e9dicaments (recherche pr\u00e9clinique). Leur but est non seulement de cr\u00e9er des applications concr\u00e8tes, mais aussi de g\u00e9n\u00e9rer des connaissances qui entrent dans le d\u00e9veloppement de m\u00e9dicaments et traitements innovants. Autrement dit, les \u00e9tudes et exp\u00e9riences impliquant des animaux contribuent \u00e0 accro\u00eetre nos connaissances sur la nature. Elles nous aident \u00e0 mieux comprendre la gen\u00e8se des maladies. La validit\u00e9 pour l\u2019\u00eatre humain des connaissances acquises dans les exp\u00e9riences sur animaux est suffisamment grande pour conclure \u00e0 des principes de fonctionnement et des effets n\u00e9fastes.Il est indiscutable que le travail sur des animaux de laboratoire apporte une contribution consid\u00e9rable au d\u00e9veloppement de nouvelles m\u00e9thodes de traitement. C\u2019est ainsi que gr\u00e2ce \u00e0 la recherche et \u00e0 l\u2019exp\u00e9rimentation animale, on gu\u00e9rit aujourd\u2019hui 80% des enfants atteints de leuc\u00e9mie. Le dernier exemple en date est la rapidit\u00e9 et le succ\u00e8s du d\u00e9veloppement de divers vaccins contre le COVID-19.<\/p>\n","protected":false},"excerpt":{"rendered":"<p>8. De nombreux progr\u00e8s gr\u00e2ce \u00e0 l\u2019exp\u00e9rimentation animale Les exp\u00e9riences sur animaux ne sont autoris\u00e9es que si elles sont indispensables pour \u00e9lucider des questions encore sans r\u00e9ponse. Elles font partie de la recherche fondamentale et sont prescrites par la loi pour le d\u00e9veloppement de nouveaux m\u00e9dicaments (recherche pr\u00e9clinique). Leur but est non seulement de cr\u00e9er [&hellip;]<\/p>\n","protected":false},"author":1,"featured_media":0,"parent":1146,"menu_order":7,"comment_status":"closed","ping_status":"closed","template":"page-templates\/unterthema.php","meta":{"_acf_changed":false,"inline_featured_image":false,"footnotes":""},"class_list":["post-1098","page","type-page","status-publish","hentry"],"acf":[],"yoast_head":"<!-- This site is optimized with the Yoast SEO Premium plugin v27.2 (Yoast SEO v27.2) - https:\/\/yoast.com\/product\/yoast-seo-premium-wordpress\/ -->\n<title>8. De nombreux progr\u00e8s gr\u00e2ce \u00e0 l\u2019exp\u00e9rimentation animale - animalwelfare<\/title>\n<meta name=\"robots\" content=\"index, follow, max-snippet:-1, max-image-preview:large, max-video-preview:-1\" \/>\n<link rel=\"canonical\" href=\"https:\/\/animalwelfare.interpharma.ch\/fr\/sujets\/grundlagen\/transposition-des-resultats-d-etudes-animales-a-l-homme\/8-de-nombreux-progres-grace-a-lexperimentation-animale\/\" \/>\n<meta property=\"og:locale\" content=\"fr_FR\" \/>\n<meta property=\"og:type\" content=\"article\" \/>\n<meta property=\"og:title\" content=\"8. De nombreux progr\u00e8s gr\u00e2ce \u00e0 l\u2019exp\u00e9rimentation animale\" \/>\n<meta property=\"og:description\" content=\"8. De nombreux progr\u00e8s gr\u00e2ce \u00e0 l\u2019exp\u00e9rimentation animale Les exp\u00e9riences sur animaux ne sont autoris\u00e9es que si elles sont indispensables pour \u00e9lucider des questions encore sans r\u00e9ponse. Elles font partie de la recherche fondamentale et sont prescrites par la loi pour le d\u00e9veloppement de nouveaux m\u00e9dicaments (recherche pr\u00e9clinique). Leur but est non seulement de cr\u00e9er [&hellip;]\" \/>\n<meta property=\"og:url\" content=\"https:\/\/animalwelfare.interpharma.ch\/fr\/sujets\/grundlagen\/transposition-des-resultats-d-etudes-animales-a-l-homme\/8-de-nombreux-progres-grace-a-lexperimentation-animale\/\" \/>\n<meta property=\"og:site_name\" content=\"animalwelfare\" \/>\n<meta property=\"article:modified_time\" content=\"2026-03-09T13:44:08+00:00\" \/>\n<meta name=\"twitter:card\" content=\"summary_large_image\" \/>\n<meta name=\"twitter:label1\" content=\"Dur\u00e9e de lecture estim\u00e9e\" \/>\n\t<meta name=\"twitter:data1\" content=\"2 minutes\" \/>\n<script type=\"application\/ld+json\" class=\"yoast-schema-graph\">{\"@context\":\"https:\/\/schema.org\",\"@graph\":[{\"@type\":\"WebPage\",\"@id\":\"https:\/\/animalwelfare.interpharma.ch\/fr\/sujets\/grundlagen\/transposition-des-resultats-d-etudes-animales-a-l-homme\/8-de-nombreux-progres-grace-a-lexperimentation-animale\/\",\"url\":\"https:\/\/animalwelfare.interpharma.ch\/fr\/sujets\/grundlagen\/transposition-des-resultats-d-etudes-animales-a-l-homme\/8-de-nombreux-progres-grace-a-lexperimentation-animale\/\",\"name\":\"8. De nombreux progr\u00e8s gr\u00e2ce \u00e0 l\u2019exp\u00e9rimentation animale - animalwelfare\",\"isPartOf\":{\"@id\":\"https:\/\/animalwelfare.interpharma.ch\/#website\"},\"datePublished\":\"2026-03-06T16:35:33+00:00\",\"dateModified\":\"2026-03-09T13:44:08+00:00\",\"breadcrumb\":{\"@id\":\"https:\/\/animalwelfare.interpharma.ch\/fr\/sujets\/grundlagen\/transposition-des-resultats-d-etudes-animales-a-l-homme\/8-de-nombreux-progres-grace-a-lexperimentation-animale\/#breadcrumb\"},\"inLanguage\":\"fr-FR\",\"potentialAction\":[{\"@type\":\"ReadAction\",\"target\":[\"https:\/\/animalwelfare.interpharma.ch\/fr\/sujets\/grundlagen\/transposition-des-resultats-d-etudes-animales-a-l-homme\/8-de-nombreux-progres-grace-a-lexperimentation-animale\/\"]}]},{\"@type\":\"BreadcrumbList\",\"@id\":\"https:\/\/animalwelfare.interpharma.ch\/fr\/sujets\/grundlagen\/transposition-des-resultats-d-etudes-animales-a-l-homme\/8-de-nombreux-progres-grace-a-lexperimentation-animale\/#breadcrumb\",\"itemListElement\":[{\"@type\":\"ListItem\",\"position\":1,\"name\":\"Start\",\"item\":\"https:\/\/animalwelfare.interpharma.ch\/fr\/\"},{\"@type\":\"ListItem\",\"position\":2,\"name\":\"Contenus\",\"item\":\"https:\/\/animalwelfare.interpharma.ch\/fr\/sujets\/\"},{\"@type\":\"ListItem\",\"position\":3,\"name\":\"Fondements\",\"item\":\"https:\/\/animalwelfare.interpharma.ch\/fr\/sujets\/grundlagen\/\"},{\"@type\":\"ListItem\",\"position\":4,\"name\":\"Transposition des r\u00e9sultats d&#8217;\u00e9tudes animales \u00e0 l&#8217;homme\",\"item\":\"https:\/\/animalwelfare.interpharma.ch\/fr\/sujets\/grundlagen\/transposition-des-resultats-d-etudes-animales-a-l-homme\/\"},{\"@type\":\"ListItem\",\"position\":5,\"name\":\"8. De nombreux progr\u00e8s gr\u00e2ce \u00e0 l\u2019exp\u00e9rimentation animale\"}]},{\"@type\":\"WebSite\",\"@id\":\"https:\/\/animalwelfare.interpharma.ch\/#website\",\"url\":\"https:\/\/animalwelfare.interpharma.ch\/\",\"name\":\"animalwelfare\",\"description\":\"\",\"potentialAction\":[{\"@type\":\"SearchAction\",\"target\":{\"@type\":\"EntryPoint\",\"urlTemplate\":\"https:\/\/animalwelfare.interpharma.ch\/?s={search_term_string}\"},\"query-input\":{\"@type\":\"PropertyValueSpecification\",\"valueRequired\":true,\"valueName\":\"search_term_string\"}}],\"inLanguage\":\"fr-FR\"}]}<\/script>\n<!-- \/ Yoast SEO Premium plugin. -->","yoast_head_json":{"title":"8. De nombreux progr\u00e8s gr\u00e2ce \u00e0 l\u2019exp\u00e9rimentation animale - animalwelfare","robots":{"index":"index","follow":"follow","max-snippet":"max-snippet:-1","max-image-preview":"max-image-preview:large","max-video-preview":"max-video-preview:-1"},"canonical":"https:\/\/animalwelfare.interpharma.ch\/fr\/sujets\/grundlagen\/transposition-des-resultats-d-etudes-animales-a-l-homme\/8-de-nombreux-progres-grace-a-lexperimentation-animale\/","og_locale":"fr_FR","og_type":"article","og_title":"8. De nombreux progr\u00e8s gr\u00e2ce \u00e0 l\u2019exp\u00e9rimentation animale","og_description":"8. De nombreux progr\u00e8s gr\u00e2ce \u00e0 l\u2019exp\u00e9rimentation animale Les exp\u00e9riences sur animaux ne sont autoris\u00e9es que si elles sont indispensables pour \u00e9lucider des questions encore sans r\u00e9ponse. Elles font partie de la recherche fondamentale et sont prescrites par la loi pour le d\u00e9veloppement de nouveaux m\u00e9dicaments (recherche pr\u00e9clinique). Leur but est non seulement de cr\u00e9er [&hellip;]","og_url":"https:\/\/animalwelfare.interpharma.ch\/fr\/sujets\/grundlagen\/transposition-des-resultats-d-etudes-animales-a-l-homme\/8-de-nombreux-progres-grace-a-lexperimentation-animale\/","og_site_name":"animalwelfare","article_modified_time":"2026-03-09T13:44:08+00:00","twitter_card":"summary_large_image","twitter_misc":{"Dur\u00e9e de lecture estim\u00e9e":"2 minutes"},"schema":{"@context":"https:\/\/schema.org","@graph":[{"@type":"WebPage","@id":"https:\/\/animalwelfare.interpharma.ch\/fr\/sujets\/grundlagen\/transposition-des-resultats-d-etudes-animales-a-l-homme\/8-de-nombreux-progres-grace-a-lexperimentation-animale\/","url":"https:\/\/animalwelfare.interpharma.ch\/fr\/sujets\/grundlagen\/transposition-des-resultats-d-etudes-animales-a-l-homme\/8-de-nombreux-progres-grace-a-lexperimentation-animale\/","name":"8. De nombreux progr\u00e8s gr\u00e2ce \u00e0 l\u2019exp\u00e9rimentation animale - animalwelfare","isPartOf":{"@id":"https:\/\/animalwelfare.interpharma.ch\/#website"},"datePublished":"2026-03-06T16:35:33+00:00","dateModified":"2026-03-09T13:44:08+00:00","breadcrumb":{"@id":"https:\/\/animalwelfare.interpharma.ch\/fr\/sujets\/grundlagen\/transposition-des-resultats-d-etudes-animales-a-l-homme\/8-de-nombreux-progres-grace-a-lexperimentation-animale\/#breadcrumb"},"inLanguage":"fr-FR","potentialAction":[{"@type":"ReadAction","target":["https:\/\/animalwelfare.interpharma.ch\/fr\/sujets\/grundlagen\/transposition-des-resultats-d-etudes-animales-a-l-homme\/8-de-nombreux-progres-grace-a-lexperimentation-animale\/"]}]},{"@type":"BreadcrumbList","@id":"https:\/\/animalwelfare.interpharma.ch\/fr\/sujets\/grundlagen\/transposition-des-resultats-d-etudes-animales-a-l-homme\/8-de-nombreux-progres-grace-a-lexperimentation-animale\/#breadcrumb","itemListElement":[{"@type":"ListItem","position":1,"name":"Start","item":"https:\/\/animalwelfare.interpharma.ch\/fr\/"},{"@type":"ListItem","position":2,"name":"Contenus","item":"https:\/\/animalwelfare.interpharma.ch\/fr\/sujets\/"},{"@type":"ListItem","position":3,"name":"Fondements","item":"https:\/\/animalwelfare.interpharma.ch\/fr\/sujets\/grundlagen\/"},{"@type":"ListItem","position":4,"name":"Transposition des r\u00e9sultats d&#8217;\u00e9tudes animales \u00e0 l&#8217;homme","item":"https:\/\/animalwelfare.interpharma.ch\/fr\/sujets\/grundlagen\/transposition-des-resultats-d-etudes-animales-a-l-homme\/"},{"@type":"ListItem","position":5,"name":"8. De nombreux progr\u00e8s gr\u00e2ce \u00e0 l\u2019exp\u00e9rimentation animale"}]},{"@type":"WebSite","@id":"https:\/\/animalwelfare.interpharma.ch\/#website","url":"https:\/\/animalwelfare.interpharma.ch\/","name":"animalwelfare","description":"","potentialAction":[{"@type":"SearchAction","target":{"@type":"EntryPoint","urlTemplate":"https:\/\/animalwelfare.interpharma.ch\/?s={search_term_string}"},"query-input":{"@type":"PropertyValueSpecification","valueRequired":true,"valueName":"search_term_string"}}],"inLanguage":"fr-FR"}]}},"_links":{"self":[{"href":"https:\/\/animalwelfare.interpharma.ch\/fr\/wp-json\/wp\/v2\/pages\/1098","targetHints":{"allow":["GET"]}}],"collection":[{"href":"https:\/\/animalwelfare.interpharma.ch\/fr\/wp-json\/wp\/v2\/pages"}],"about":[{"href":"https:\/\/animalwelfare.interpharma.ch\/fr\/wp-json\/wp\/v2\/types\/page"}],"author":[{"embeddable":true,"href":"https:\/\/animalwelfare.interpharma.ch\/fr\/wp-json\/wp\/v2\/users\/1"}],"replies":[{"embeddable":true,"href":"https:\/\/animalwelfare.interpharma.ch\/fr\/wp-json\/wp\/v2\/comments?post=1098"}],"version-history":[{"count":2,"href":"https:\/\/animalwelfare.interpharma.ch\/fr\/wp-json\/wp\/v2\/pages\/1098\/revisions"}],"predecessor-version":[{"id":2840,"href":"https:\/\/animalwelfare.interpharma.ch\/fr\/wp-json\/wp\/v2\/pages\/1098\/revisions\/2840"}],"up":[{"embeddable":true,"href":"https:\/\/animalwelfare.interpharma.ch\/fr\/wp-json\/wp\/v2\/pages\/1146"}],"wp:attachment":[{"href":"https:\/\/animalwelfare.interpharma.ch\/fr\/wp-json\/wp\/v2\/media?parent=1098"}],"curies":[{"name":"wp","href":"https:\/\/api.w.org\/{rel}","templated":true}]}}