{"id":1092,"date":"2026-03-06T17:35:33","date_gmt":"2026-03-06T16:35:33","guid":{"rendered":"https:\/\/animalwelfare.iph-multisite.berta-bewegt.ch\/?page_id=1092"},"modified":"2026-03-09T14:43:42","modified_gmt":"2026-03-09T13:43:42","slug":"7-lexperimentation-animale-beneficie-aussi-a-la-medecine-veterinaire","status":"publish","type":"page","link":"https:\/\/animalwelfare.interpharma.ch\/fr\/sujets\/grundlagen\/transposition-des-resultats-d-etudes-animales-a-l-homme\/7-lexperimentation-animale-beneficie-aussi-a-la-medecine-veterinaire\/","title":{"rendered":"7. L\u2019exp\u00e9rimentation animale b\u00e9n\u00e9ficie aussi \u00e0 la m\u00e9decine v\u00e9t\u00e9rinaire"},"content":{"rendered":"\n<h2 class=\"wp-block-heading\">7. L\u2019exp\u00e9rimentation animale b\u00e9n\u00e9ficie aussi \u00e0 la m\u00e9decine v\u00e9t\u00e9rinaire<\/h2>\n\n\n\n<p>Les chiens, les chats et les rongeurs peuvent aussi \u00eatre atteints de la cataracte, toutes les esp\u00e8ces animales sont sujettes au cancer de divers organes, l\u2019\u00e9pilepsie peut toucher le chien, le chat et le lapin, pour ne citer que quelques maladies que se partagent l\u2019\u00eatre humain et l\u2019animal. Presque toutes les maladies que nous connaissons touchent aussi l\u2019animal sous la m\u00eame forme ou sous une forme similaire et se soignent aussi en principe de la m\u00eame mani\u00e8re. La m\u00e9decine humaine et la m\u00e9decine v\u00e9t\u00e9rinaire ont de nombreux points communs, et nombre de m\u00e9dicaments v\u00e9t\u00e9rinaires contiennent les m\u00eames substances actives qu\u2019en m\u00e9decine humaine. Par cons\u00e9quent, les exp\u00e9riences sur animaux sont \u00e9galement utiles \u00e0 l\u2019animal.<\/p>\n\n\n\n<p><strong>Exp\u00e9rimentation animale et vaccins contre le COVID-19<br><\/strong>L\u2019exp\u00e9rimentation animale a contribu\u00e9 de mani\u00e8re d\u00e9cisive \u00e0 ce que les chercheuses et chercheurs comprennent le SARSCoV-2 proprement dit, les m\u00e9canismes de sa transmission ainsi que la s\u00e9curit\u00e9 et l\u2019efficacit\u00e9 de tous les vaccins qui ont \u00e9t\u00e9 produits jusqu\u2019\u00e0 pr\u00e9sent, ce qui nous a fait faire un pas vers la fin de la pand\u00e9mie de COVID-19.<\/p>\n","protected":false},"excerpt":{"rendered":"<p>7. L\u2019exp\u00e9rimentation animale b\u00e9n\u00e9ficie aussi \u00e0 la m\u00e9decine v\u00e9t\u00e9rinaire Les chiens, les chats et les rongeurs peuvent aussi \u00eatre atteints de la cataracte, toutes les esp\u00e8ces animales sont sujettes au cancer de divers organes, l\u2019\u00e9pilepsie peut toucher le chien, le chat et le lapin, pour ne citer que quelques maladies que se partagent l\u2019\u00eatre humain [&hellip;]<\/p>\n","protected":false},"author":1,"featured_media":0,"parent":1146,"menu_order":6,"comment_status":"closed","ping_status":"closed","template":"page-templates\/unterthema.php","meta":{"_acf_changed":false,"inline_featured_image":false,"footnotes":""},"class_list":["post-1092","page","type-page","status-publish","hentry"],"acf":[],"yoast_head":"<!-- This site is optimized with the Yoast SEO Premium plugin v27.2 (Yoast SEO v27.2) - https:\/\/yoast.com\/product\/yoast-seo-premium-wordpress\/ -->\n<title>7. L\u2019exp\u00e9rimentation animale b\u00e9n\u00e9ficie aussi \u00e0 la m\u00e9decine v\u00e9t\u00e9rinaire - animalwelfare<\/title>\n<meta name=\"robots\" content=\"index, follow, max-snippet:-1, max-image-preview:large, max-video-preview:-1\" \/>\n<link rel=\"canonical\" href=\"https:\/\/animalwelfare.interpharma.ch\/fr\/sujets\/grundlagen\/transposition-des-resultats-d-etudes-animales-a-l-homme\/7-lexperimentation-animale-beneficie-aussi-a-la-medecine-veterinaire\/\" \/>\n<meta property=\"og:locale\" content=\"fr_FR\" \/>\n<meta property=\"og:type\" content=\"article\" \/>\n<meta property=\"og:title\" content=\"7. L\u2019exp\u00e9rimentation animale b\u00e9n\u00e9ficie aussi \u00e0 la m\u00e9decine v\u00e9t\u00e9rinaire\" \/>\n<meta property=\"og:description\" content=\"7. L\u2019exp\u00e9rimentation animale b\u00e9n\u00e9ficie aussi \u00e0 la m\u00e9decine v\u00e9t\u00e9rinaire Les chiens, les chats et les rongeurs peuvent aussi \u00eatre atteints de la cataracte, toutes les esp\u00e8ces animales sont sujettes au cancer de divers organes, l\u2019\u00e9pilepsie peut toucher le chien, le chat et le lapin, pour ne citer que quelques maladies que se partagent l\u2019\u00eatre humain [&hellip;]\" \/>\n<meta property=\"og:url\" content=\"https:\/\/animalwelfare.interpharma.ch\/fr\/sujets\/grundlagen\/transposition-des-resultats-d-etudes-animales-a-l-homme\/7-lexperimentation-animale-beneficie-aussi-a-la-medecine-veterinaire\/\" \/>\n<meta property=\"og:site_name\" content=\"animalwelfare\" \/>\n<meta property=\"article:modified_time\" content=\"2026-03-09T13:43:42+00:00\" \/>\n<meta name=\"twitter:card\" content=\"summary_large_image\" \/>\n<meta name=\"twitter:label1\" content=\"Dur\u00e9e de lecture estim\u00e9e\" \/>\n\t<meta name=\"twitter:data1\" content=\"2 minutes\" \/>\n<script type=\"application\/ld+json\" class=\"yoast-schema-graph\">{\"@context\":\"https:\/\/schema.org\",\"@graph\":[{\"@type\":\"WebPage\",\"@id\":\"https:\/\/animalwelfare.interpharma.ch\/fr\/sujets\/grundlagen\/transposition-des-resultats-d-etudes-animales-a-l-homme\/7-lexperimentation-animale-beneficie-aussi-a-la-medecine-veterinaire\/\",\"url\":\"https:\/\/animalwelfare.interpharma.ch\/fr\/sujets\/grundlagen\/transposition-des-resultats-d-etudes-animales-a-l-homme\/7-lexperimentation-animale-beneficie-aussi-a-la-medecine-veterinaire\/\",\"name\":\"7. L\u2019exp\u00e9rimentation animale b\u00e9n\u00e9ficie aussi \u00e0 la m\u00e9decine v\u00e9t\u00e9rinaire - animalwelfare\",\"isPartOf\":{\"@id\":\"https:\/\/animalwelfare.interpharma.ch\/#website\"},\"datePublished\":\"2026-03-06T16:35:33+00:00\",\"dateModified\":\"2026-03-09T13:43:42+00:00\",\"breadcrumb\":{\"@id\":\"https:\/\/animalwelfare.interpharma.ch\/fr\/sujets\/grundlagen\/transposition-des-resultats-d-etudes-animales-a-l-homme\/7-lexperimentation-animale-beneficie-aussi-a-la-medecine-veterinaire\/#breadcrumb\"},\"inLanguage\":\"fr-FR\",\"potentialAction\":[{\"@type\":\"ReadAction\",\"target\":[\"https:\/\/animalwelfare.interpharma.ch\/fr\/sujets\/grundlagen\/transposition-des-resultats-d-etudes-animales-a-l-homme\/7-lexperimentation-animale-beneficie-aussi-a-la-medecine-veterinaire\/\"]}]},{\"@type\":\"BreadcrumbList\",\"@id\":\"https:\/\/animalwelfare.interpharma.ch\/fr\/sujets\/grundlagen\/transposition-des-resultats-d-etudes-animales-a-l-homme\/7-lexperimentation-animale-beneficie-aussi-a-la-medecine-veterinaire\/#breadcrumb\",\"itemListElement\":[{\"@type\":\"ListItem\",\"position\":1,\"name\":\"Start\",\"item\":\"https:\/\/animalwelfare.interpharma.ch\/fr\/\"},{\"@type\":\"ListItem\",\"position\":2,\"name\":\"Contenus\",\"item\":\"https:\/\/animalwelfare.interpharma.ch\/fr\/sujets\/\"},{\"@type\":\"ListItem\",\"position\":3,\"name\":\"Fondements\",\"item\":\"https:\/\/animalwelfare.interpharma.ch\/fr\/sujets\/grundlagen\/\"},{\"@type\":\"ListItem\",\"position\":4,\"name\":\"Transposition des r\u00e9sultats d&#8217;\u00e9tudes animales \u00e0 l&#8217;homme\",\"item\":\"https:\/\/animalwelfare.interpharma.ch\/fr\/sujets\/grundlagen\/transposition-des-resultats-d-etudes-animales-a-l-homme\/\"},{\"@type\":\"ListItem\",\"position\":5,\"name\":\"7. L\u2019exp\u00e9rimentation animale b\u00e9n\u00e9ficie aussi \u00e0 la m\u00e9decine v\u00e9t\u00e9rinaire\"}]},{\"@type\":\"WebSite\",\"@id\":\"https:\/\/animalwelfare.interpharma.ch\/#website\",\"url\":\"https:\/\/animalwelfare.interpharma.ch\/\",\"name\":\"animalwelfare\",\"description\":\"\",\"potentialAction\":[{\"@type\":\"SearchAction\",\"target\":{\"@type\":\"EntryPoint\",\"urlTemplate\":\"https:\/\/animalwelfare.interpharma.ch\/?s={search_term_string}\"},\"query-input\":{\"@type\":\"PropertyValueSpecification\",\"valueRequired\":true,\"valueName\":\"search_term_string\"}}],\"inLanguage\":\"fr-FR\"}]}<\/script>\n<!-- \/ Yoast SEO Premium plugin. -->","yoast_head_json":{"title":"7. L\u2019exp\u00e9rimentation animale b\u00e9n\u00e9ficie aussi \u00e0 la m\u00e9decine v\u00e9t\u00e9rinaire - animalwelfare","robots":{"index":"index","follow":"follow","max-snippet":"max-snippet:-1","max-image-preview":"max-image-preview:large","max-video-preview":"max-video-preview:-1"},"canonical":"https:\/\/animalwelfare.interpharma.ch\/fr\/sujets\/grundlagen\/transposition-des-resultats-d-etudes-animales-a-l-homme\/7-lexperimentation-animale-beneficie-aussi-a-la-medecine-veterinaire\/","og_locale":"fr_FR","og_type":"article","og_title":"7. L\u2019exp\u00e9rimentation animale b\u00e9n\u00e9ficie aussi \u00e0 la m\u00e9decine v\u00e9t\u00e9rinaire","og_description":"7. L\u2019exp\u00e9rimentation animale b\u00e9n\u00e9ficie aussi \u00e0 la m\u00e9decine v\u00e9t\u00e9rinaire Les chiens, les chats et les rongeurs peuvent aussi \u00eatre atteints de la cataracte, toutes les esp\u00e8ces animales sont sujettes au cancer de divers organes, l\u2019\u00e9pilepsie peut toucher le chien, le chat et le lapin, pour ne citer que quelques maladies que se partagent l\u2019\u00eatre humain [&hellip;]","og_url":"https:\/\/animalwelfare.interpharma.ch\/fr\/sujets\/grundlagen\/transposition-des-resultats-d-etudes-animales-a-l-homme\/7-lexperimentation-animale-beneficie-aussi-a-la-medecine-veterinaire\/","og_site_name":"animalwelfare","article_modified_time":"2026-03-09T13:43:42+00:00","twitter_card":"summary_large_image","twitter_misc":{"Dur\u00e9e de lecture estim\u00e9e":"2 minutes"},"schema":{"@context":"https:\/\/schema.org","@graph":[{"@type":"WebPage","@id":"https:\/\/animalwelfare.interpharma.ch\/fr\/sujets\/grundlagen\/transposition-des-resultats-d-etudes-animales-a-l-homme\/7-lexperimentation-animale-beneficie-aussi-a-la-medecine-veterinaire\/","url":"https:\/\/animalwelfare.interpharma.ch\/fr\/sujets\/grundlagen\/transposition-des-resultats-d-etudes-animales-a-l-homme\/7-lexperimentation-animale-beneficie-aussi-a-la-medecine-veterinaire\/","name":"7. L\u2019exp\u00e9rimentation animale b\u00e9n\u00e9ficie aussi \u00e0 la m\u00e9decine v\u00e9t\u00e9rinaire - animalwelfare","isPartOf":{"@id":"https:\/\/animalwelfare.interpharma.ch\/#website"},"datePublished":"2026-03-06T16:35:33+00:00","dateModified":"2026-03-09T13:43:42+00:00","breadcrumb":{"@id":"https:\/\/animalwelfare.interpharma.ch\/fr\/sujets\/grundlagen\/transposition-des-resultats-d-etudes-animales-a-l-homme\/7-lexperimentation-animale-beneficie-aussi-a-la-medecine-veterinaire\/#breadcrumb"},"inLanguage":"fr-FR","potentialAction":[{"@type":"ReadAction","target":["https:\/\/animalwelfare.interpharma.ch\/fr\/sujets\/grundlagen\/transposition-des-resultats-d-etudes-animales-a-l-homme\/7-lexperimentation-animale-beneficie-aussi-a-la-medecine-veterinaire\/"]}]},{"@type":"BreadcrumbList","@id":"https:\/\/animalwelfare.interpharma.ch\/fr\/sujets\/grundlagen\/transposition-des-resultats-d-etudes-animales-a-l-homme\/7-lexperimentation-animale-beneficie-aussi-a-la-medecine-veterinaire\/#breadcrumb","itemListElement":[{"@type":"ListItem","position":1,"name":"Start","item":"https:\/\/animalwelfare.interpharma.ch\/fr\/"},{"@type":"ListItem","position":2,"name":"Contenus","item":"https:\/\/animalwelfare.interpharma.ch\/fr\/sujets\/"},{"@type":"ListItem","position":3,"name":"Fondements","item":"https:\/\/animalwelfare.interpharma.ch\/fr\/sujets\/grundlagen\/"},{"@type":"ListItem","position":4,"name":"Transposition des r\u00e9sultats d&#8217;\u00e9tudes animales \u00e0 l&#8217;homme","item":"https:\/\/animalwelfare.interpharma.ch\/fr\/sujets\/grundlagen\/transposition-des-resultats-d-etudes-animales-a-l-homme\/"},{"@type":"ListItem","position":5,"name":"7. L\u2019exp\u00e9rimentation animale b\u00e9n\u00e9ficie aussi \u00e0 la m\u00e9decine v\u00e9t\u00e9rinaire"}]},{"@type":"WebSite","@id":"https:\/\/animalwelfare.interpharma.ch\/#website","url":"https:\/\/animalwelfare.interpharma.ch\/","name":"animalwelfare","description":"","potentialAction":[{"@type":"SearchAction","target":{"@type":"EntryPoint","urlTemplate":"https:\/\/animalwelfare.interpharma.ch\/?s={search_term_string}"},"query-input":{"@type":"PropertyValueSpecification","valueRequired":true,"valueName":"search_term_string"}}],"inLanguage":"fr-FR"}]}},"_links":{"self":[{"href":"https:\/\/animalwelfare.interpharma.ch\/fr\/wp-json\/wp\/v2\/pages\/1092","targetHints":{"allow":["GET"]}}],"collection":[{"href":"https:\/\/animalwelfare.interpharma.ch\/fr\/wp-json\/wp\/v2\/pages"}],"about":[{"href":"https:\/\/animalwelfare.interpharma.ch\/fr\/wp-json\/wp\/v2\/types\/page"}],"author":[{"embeddable":true,"href":"https:\/\/animalwelfare.interpharma.ch\/fr\/wp-json\/wp\/v2\/users\/1"}],"replies":[{"embeddable":true,"href":"https:\/\/animalwelfare.interpharma.ch\/fr\/wp-json\/wp\/v2\/comments?post=1092"}],"version-history":[{"count":2,"href":"https:\/\/animalwelfare.interpharma.ch\/fr\/wp-json\/wp\/v2\/pages\/1092\/revisions"}],"predecessor-version":[{"id":2839,"href":"https:\/\/animalwelfare.interpharma.ch\/fr\/wp-json\/wp\/v2\/pages\/1092\/revisions\/2839"}],"up":[{"embeddable":true,"href":"https:\/\/animalwelfare.interpharma.ch\/fr\/wp-json\/wp\/v2\/pages\/1146"}],"wp:attachment":[{"href":"https:\/\/animalwelfare.interpharma.ch\/fr\/wp-json\/wp\/v2\/media?parent=1092"}],"curies":[{"name":"wp","href":"https:\/\/api.w.org\/{rel}","templated":true}]}}