{"id":1086,"date":"2026-03-06T17:35:32","date_gmt":"2026-03-06T16:35:32","guid":{"rendered":"https:\/\/animalwelfare.iph-multisite.berta-bewegt.ch\/?page_id=1086"},"modified":"2026-03-09T14:45:58","modified_gmt":"2026-03-09T13:45:58","slug":"2-exigences-strictes-vis-a-vis-des-entreprises-et-des-eleveurs","status":"publish","type":"page","link":"https:\/\/animalwelfare.interpharma.ch\/fr\/sujets\/tierwohl\/elevage-detention-et-transport-d-animaux-de-laboratoire\/2-exigences-strictes-vis-a-vis-des-entreprises-et-des-eleveurs\/","title":{"rendered":"2. Exigences strictes vis-\u00e0-vis des entreprises et des \u00e9leveurs"},"content":{"rendered":"\n<h2 class=\"wp-block-heading\">2. Exigences strictes vis-\u00e0-vis des entreprises et des \u00e9leveurs<\/h2>\n\n\n\n<p>En Suisse et dans toute l\u2019Europe, une institution de rechercheou une entreprise qui veut commander, d\u00e9tenir ou \u00e9lever desanimaux de laboratoire doit respecter des conditions sp\u00e9cifiqueset \u00eatre titulaire d\u2019une autorisation. Une entreprise d\u2019\u00e9levageest consid\u00e9r\u00e9e comme un lieu de d\u00e9tention d\u2019animaux.Elle doit donc remplir des conditions similaires \u00e0 celles desentreprises pharmaceutiques et autres institutions de recherche.Il s\u2019agit de normes strictes en mati\u00e8re d\u2019infrastructureet d\u2019\u00e9quipements techniques tels qu\u2019a\u00e9ration, temp\u00e9rature,approvisionnement en eau, liti\u00e8re, nourriture, hygi\u00e8ne, maisaussi dimensions, mat\u00e9riau et solidit\u00e9 des cages et formationdu personnel. Au-del\u00e0 des conditions l\u00e9gales, de nombreusesentreprises pharmaceutiques ont des exigences suppl\u00e9mentairesvis-\u00e0-vis des \u00e9leveurs, par exemple ce que l\u2019on appelle\u00abEnvironmental Enrichment\u00bb, c\u2019est-\u00e0-dire jouets, possibilit\u00e9sde grimper ou perchoirs sur\u00e9lev\u00e9s, autant d\u2019\u00e9l\u00e9ments cruciauxpour le bien-\u00eatre des animaux.<\/p>\n","protected":false},"excerpt":{"rendered":"<p>2. Exigences strictes vis-\u00e0-vis des entreprises et des \u00e9leveurs En Suisse et dans toute l\u2019Europe, une institution de rechercheou une entreprise qui veut commander, d\u00e9tenir ou \u00e9lever desanimaux de laboratoire doit respecter des conditions sp\u00e9cifiqueset \u00eatre titulaire d\u2019une autorisation. Une entreprise d\u2019\u00e9levageest consid\u00e9r\u00e9e comme un lieu de d\u00e9tention d\u2019animaux.Elle doit donc remplir des conditions similaires [&hellip;]<\/p>\n","protected":false},"author":1,"featured_media":0,"parent":1158,"menu_order":1,"comment_status":"closed","ping_status":"closed","template":"page-templates\/unterthema.php","meta":{"_acf_changed":false,"inline_featured_image":false,"footnotes":""},"class_list":["post-1086","page","type-page","status-publish","hentry"],"acf":[],"yoast_head":"<!-- This site is optimized with the Yoast SEO Premium plugin v27.2 (Yoast SEO v27.2) - https:\/\/yoast.com\/product\/yoast-seo-premium-wordpress\/ -->\n<title>2. Exigences strictes vis-\u00e0-vis des entreprises et des \u00e9leveurs - animalwelfare<\/title>\n<meta name=\"robots\" content=\"index, follow, max-snippet:-1, max-image-preview:large, max-video-preview:-1\" \/>\n<link rel=\"canonical\" href=\"https:\/\/animalwelfare.interpharma.ch\/fr\/sujets\/tierwohl\/elevage-detention-et-transport-d-animaux-de-laboratoire\/2-exigences-strictes-vis-a-vis-des-entreprises-et-des-eleveurs\/\" \/>\n<meta property=\"og:locale\" content=\"fr_FR\" \/>\n<meta property=\"og:type\" content=\"article\" \/>\n<meta property=\"og:title\" content=\"2. Exigences strictes vis-\u00e0-vis des entreprises et des \u00e9leveurs\" \/>\n<meta property=\"og:description\" content=\"2. Exigences strictes vis-\u00e0-vis des entreprises et des \u00e9leveurs En Suisse et dans toute l\u2019Europe, une institution de rechercheou une entreprise qui veut commander, d\u00e9tenir ou \u00e9lever desanimaux de laboratoire doit respecter des conditions sp\u00e9cifiqueset \u00eatre titulaire d\u2019une autorisation. Une entreprise d\u2019\u00e9levageest consid\u00e9r\u00e9e comme un lieu de d\u00e9tention d\u2019animaux.Elle doit donc remplir des conditions similaires [&hellip;]\" \/>\n<meta property=\"og:url\" content=\"https:\/\/animalwelfare.interpharma.ch\/fr\/sujets\/tierwohl\/elevage-detention-et-transport-d-animaux-de-laboratoire\/2-exigences-strictes-vis-a-vis-des-entreprises-et-des-eleveurs\/\" \/>\n<meta property=\"og:site_name\" content=\"animalwelfare\" \/>\n<meta property=\"article:modified_time\" content=\"2026-03-09T13:45:58+00:00\" \/>\n<meta name=\"twitter:card\" content=\"summary_large_image\" \/>\n<meta name=\"twitter:label1\" content=\"Dur\u00e9e de lecture estim\u00e9e\" \/>\n\t<meta name=\"twitter:data1\" content=\"1 minute\" \/>\n<script type=\"application\/ld+json\" class=\"yoast-schema-graph\">{\"@context\":\"https:\/\/schema.org\",\"@graph\":[{\"@type\":\"WebPage\",\"@id\":\"https:\/\/animalwelfare.interpharma.ch\/fr\/sujets\/tierwohl\/elevage-detention-et-transport-d-animaux-de-laboratoire\/2-exigences-strictes-vis-a-vis-des-entreprises-et-des-eleveurs\/\",\"url\":\"https:\/\/animalwelfare.interpharma.ch\/fr\/sujets\/tierwohl\/elevage-detention-et-transport-d-animaux-de-laboratoire\/2-exigences-strictes-vis-a-vis-des-entreprises-et-des-eleveurs\/\",\"name\":\"2. Exigences strictes vis-\u00e0-vis des entreprises et des \u00e9leveurs - animalwelfare\",\"isPartOf\":{\"@id\":\"https:\/\/animalwelfare.interpharma.ch\/#website\"},\"datePublished\":\"2026-03-06T16:35:32+00:00\",\"dateModified\":\"2026-03-09T13:45:58+00:00\",\"breadcrumb\":{\"@id\":\"https:\/\/animalwelfare.interpharma.ch\/fr\/sujets\/tierwohl\/elevage-detention-et-transport-d-animaux-de-laboratoire\/2-exigences-strictes-vis-a-vis-des-entreprises-et-des-eleveurs\/#breadcrumb\"},\"inLanguage\":\"fr-FR\",\"potentialAction\":[{\"@type\":\"ReadAction\",\"target\":[\"https:\/\/animalwelfare.interpharma.ch\/fr\/sujets\/tierwohl\/elevage-detention-et-transport-d-animaux-de-laboratoire\/2-exigences-strictes-vis-a-vis-des-entreprises-et-des-eleveurs\/\"]}]},{\"@type\":\"BreadcrumbList\",\"@id\":\"https:\/\/animalwelfare.interpharma.ch\/fr\/sujets\/tierwohl\/elevage-detention-et-transport-d-animaux-de-laboratoire\/2-exigences-strictes-vis-a-vis-des-entreprises-et-des-eleveurs\/#breadcrumb\",\"itemListElement\":[{\"@type\":\"ListItem\",\"position\":1,\"name\":\"Start\",\"item\":\"https:\/\/animalwelfare.interpharma.ch\/fr\/\"},{\"@type\":\"ListItem\",\"position\":2,\"name\":\"Contenus\",\"item\":\"https:\/\/animalwelfare.interpharma.ch\/fr\/sujets\/\"},{\"@type\":\"ListItem\",\"position\":3,\"name\":\"Bien-\u00eatre animal\",\"item\":\"https:\/\/animalwelfare.interpharma.ch\/fr\/sujets\/tierwohl\/\"},{\"@type\":\"ListItem\",\"position\":4,\"name\":\"\u00c9levage, d\u00e9tention et transport d&#8217;animaux de laboratoire\",\"item\":\"https:\/\/animalwelfare.interpharma.ch\/fr\/sujets\/tierwohl\/elevage-detention-et-transport-d-animaux-de-laboratoire\/\"},{\"@type\":\"ListItem\",\"position\":5,\"name\":\"2. Exigences strictes vis-\u00e0-vis des entreprises et des \u00e9leveurs\"}]},{\"@type\":\"WebSite\",\"@id\":\"https:\/\/animalwelfare.interpharma.ch\/#website\",\"url\":\"https:\/\/animalwelfare.interpharma.ch\/\",\"name\":\"animalwelfare\",\"description\":\"\",\"potentialAction\":[{\"@type\":\"SearchAction\",\"target\":{\"@type\":\"EntryPoint\",\"urlTemplate\":\"https:\/\/animalwelfare.interpharma.ch\/?s={search_term_string}\"},\"query-input\":{\"@type\":\"PropertyValueSpecification\",\"valueRequired\":true,\"valueName\":\"search_term_string\"}}],\"inLanguage\":\"fr-FR\"}]}<\/script>\n<!-- \/ Yoast SEO Premium plugin. -->","yoast_head_json":{"title":"2. Exigences strictes vis-\u00e0-vis des entreprises et des \u00e9leveurs - animalwelfare","robots":{"index":"index","follow":"follow","max-snippet":"max-snippet:-1","max-image-preview":"max-image-preview:large","max-video-preview":"max-video-preview:-1"},"canonical":"https:\/\/animalwelfare.interpharma.ch\/fr\/sujets\/tierwohl\/elevage-detention-et-transport-d-animaux-de-laboratoire\/2-exigences-strictes-vis-a-vis-des-entreprises-et-des-eleveurs\/","og_locale":"fr_FR","og_type":"article","og_title":"2. Exigences strictes vis-\u00e0-vis des entreprises et des \u00e9leveurs","og_description":"2. Exigences strictes vis-\u00e0-vis des entreprises et des \u00e9leveurs En Suisse et dans toute l\u2019Europe, une institution de rechercheou une entreprise qui veut commander, d\u00e9tenir ou \u00e9lever desanimaux de laboratoire doit respecter des conditions sp\u00e9cifiqueset \u00eatre titulaire d\u2019une autorisation. Une entreprise d\u2019\u00e9levageest consid\u00e9r\u00e9e comme un lieu de d\u00e9tention d\u2019animaux.Elle doit donc remplir des conditions similaires [&hellip;]","og_url":"https:\/\/animalwelfare.interpharma.ch\/fr\/sujets\/tierwohl\/elevage-detention-et-transport-d-animaux-de-laboratoire\/2-exigences-strictes-vis-a-vis-des-entreprises-et-des-eleveurs\/","og_site_name":"animalwelfare","article_modified_time":"2026-03-09T13:45:58+00:00","twitter_card":"summary_large_image","twitter_misc":{"Dur\u00e9e de lecture estim\u00e9e":"1 minute"},"schema":{"@context":"https:\/\/schema.org","@graph":[{"@type":"WebPage","@id":"https:\/\/animalwelfare.interpharma.ch\/fr\/sujets\/tierwohl\/elevage-detention-et-transport-d-animaux-de-laboratoire\/2-exigences-strictes-vis-a-vis-des-entreprises-et-des-eleveurs\/","url":"https:\/\/animalwelfare.interpharma.ch\/fr\/sujets\/tierwohl\/elevage-detention-et-transport-d-animaux-de-laboratoire\/2-exigences-strictes-vis-a-vis-des-entreprises-et-des-eleveurs\/","name":"2. Exigences strictes vis-\u00e0-vis des entreprises et des \u00e9leveurs - animalwelfare","isPartOf":{"@id":"https:\/\/animalwelfare.interpharma.ch\/#website"},"datePublished":"2026-03-06T16:35:32+00:00","dateModified":"2026-03-09T13:45:58+00:00","breadcrumb":{"@id":"https:\/\/animalwelfare.interpharma.ch\/fr\/sujets\/tierwohl\/elevage-detention-et-transport-d-animaux-de-laboratoire\/2-exigences-strictes-vis-a-vis-des-entreprises-et-des-eleveurs\/#breadcrumb"},"inLanguage":"fr-FR","potentialAction":[{"@type":"ReadAction","target":["https:\/\/animalwelfare.interpharma.ch\/fr\/sujets\/tierwohl\/elevage-detention-et-transport-d-animaux-de-laboratoire\/2-exigences-strictes-vis-a-vis-des-entreprises-et-des-eleveurs\/"]}]},{"@type":"BreadcrumbList","@id":"https:\/\/animalwelfare.interpharma.ch\/fr\/sujets\/tierwohl\/elevage-detention-et-transport-d-animaux-de-laboratoire\/2-exigences-strictes-vis-a-vis-des-entreprises-et-des-eleveurs\/#breadcrumb","itemListElement":[{"@type":"ListItem","position":1,"name":"Start","item":"https:\/\/animalwelfare.interpharma.ch\/fr\/"},{"@type":"ListItem","position":2,"name":"Contenus","item":"https:\/\/animalwelfare.interpharma.ch\/fr\/sujets\/"},{"@type":"ListItem","position":3,"name":"Bien-\u00eatre animal","item":"https:\/\/animalwelfare.interpharma.ch\/fr\/sujets\/tierwohl\/"},{"@type":"ListItem","position":4,"name":"\u00c9levage, d\u00e9tention et transport d&#8217;animaux de laboratoire","item":"https:\/\/animalwelfare.interpharma.ch\/fr\/sujets\/tierwohl\/elevage-detention-et-transport-d-animaux-de-laboratoire\/"},{"@type":"ListItem","position":5,"name":"2. Exigences strictes vis-\u00e0-vis des entreprises et des \u00e9leveurs"}]},{"@type":"WebSite","@id":"https:\/\/animalwelfare.interpharma.ch\/#website","url":"https:\/\/animalwelfare.interpharma.ch\/","name":"animalwelfare","description":"","potentialAction":[{"@type":"SearchAction","target":{"@type":"EntryPoint","urlTemplate":"https:\/\/animalwelfare.interpharma.ch\/?s={search_term_string}"},"query-input":{"@type":"PropertyValueSpecification","valueRequired":true,"valueName":"search_term_string"}}],"inLanguage":"fr-FR"}]}},"_links":{"self":[{"href":"https:\/\/animalwelfare.interpharma.ch\/fr\/wp-json\/wp\/v2\/pages\/1086","targetHints":{"allow":["GET"]}}],"collection":[{"href":"https:\/\/animalwelfare.interpharma.ch\/fr\/wp-json\/wp\/v2\/pages"}],"about":[{"href":"https:\/\/animalwelfare.interpharma.ch\/fr\/wp-json\/wp\/v2\/types\/page"}],"author":[{"embeddable":true,"href":"https:\/\/animalwelfare.interpharma.ch\/fr\/wp-json\/wp\/v2\/users\/1"}],"replies":[{"embeddable":true,"href":"https:\/\/animalwelfare.interpharma.ch\/fr\/wp-json\/wp\/v2\/comments?post=1086"}],"version-history":[{"count":2,"href":"https:\/\/animalwelfare.interpharma.ch\/fr\/wp-json\/wp\/v2\/pages\/1086\/revisions"}],"predecessor-version":[{"id":2844,"href":"https:\/\/animalwelfare.interpharma.ch\/fr\/wp-json\/wp\/v2\/pages\/1086\/revisions\/2844"}],"up":[{"embeddable":true,"href":"https:\/\/animalwelfare.interpharma.ch\/fr\/wp-json\/wp\/v2\/pages\/1158"}],"wp:attachment":[{"href":"https:\/\/animalwelfare.interpharma.ch\/fr\/wp-json\/wp\/v2\/media?parent=1086"}],"curies":[{"name":"wp","href":"https:\/\/api.w.org\/{rel}","templated":true}]}}