{"id":1068,"date":"2026-03-06T17:35:31","date_gmt":"2026-03-06T16:35:31","guid":{"rendered":"https:\/\/animalwelfare.iph-multisite.berta-bewegt.ch\/?page_id=1068"},"modified":"2026-03-09T14:47:12","modified_gmt":"2026-03-09T13:47:12","slug":"1-introduciton-6","status":"publish","type":"page","link":"https:\/\/animalwelfare.interpharma.ch\/fr\/sujets\/tierwohl\/elevage-detention-et-transport-d-animaux-de-laboratoire\/1-introduciton-6\/","title":{"rendered":"6. R\u00e8glementation stricte et plans d\u2019urgence"},"content":{"rendered":"\n<h2 class=\"wp-block-heading\">6. R\u00e8glementation stricte et plans d\u2019urgence<\/h2>\n\n\n\n<p>L\u2019ordonnance suisse sur la protection des animaux r\u00e8gle s\u00e9v\u00e8rementle transport d\u2019animaux. Elle pr\u00e9cise les responsabilit\u00e9sde l\u2019exp\u00e9diteur, du transporteur et du destinataire. Les personnesqui effectuent le transport doivent \u00eatre comp\u00e9tenteset avoir re\u00e7u des instructions sur les conditions de transportd\u2019animaux de laboratoire. Pour que tout fonctionne sans accrocs\u00e0 la douane, des soci\u00e9t\u00e9s sp\u00e9cialis\u00e9es de \u00abcourtiers endouane\u00bb travaillent de concert avec les transporteurs. En casde transport complexe, il est aussi possible d\u2019informer et impliquer\u00e0 l\u2019avance le v\u00e9t\u00e9rinaire de fronti\u00e8re. Pour les incidentstels qu\u2019embouteillage, accident, temp\u00eate, incendie ou tremblementde terre, mais aussi pour les situations qui peuventse pr\u00e9senter en cas de pand\u00e9mie, les transporteurs doiventdisposer d\u2019un \u00abplan catastrophe\u00bb qui d\u00e9crit ce qu\u2019il faut fairedans chaque sc\u00e9nario.<\/p>\n","protected":false},"excerpt":{"rendered":"<p>6. R\u00e8glementation stricte et plans d\u2019urgence L\u2019ordonnance suisse sur la protection des animaux r\u00e8gle s\u00e9v\u00e8rementle transport d\u2019animaux. Elle pr\u00e9cise les responsabilit\u00e9sde l\u2019exp\u00e9diteur, du transporteur et du destinataire. Les personnesqui effectuent le transport doivent \u00eatre comp\u00e9tenteset avoir re\u00e7u des instructions sur les conditions de transportd\u2019animaux de laboratoire. Pour que tout fonctionne sans accrocs\u00e0 la douane, des [&hellip;]<\/p>\n","protected":false},"author":1,"featured_media":0,"parent":1158,"menu_order":5,"comment_status":"closed","ping_status":"closed","template":"page-templates\/unterthema.php","meta":{"_acf_changed":false,"inline_featured_image":false,"footnotes":""},"class_list":["post-1068","page","type-page","status-publish","hentry"],"acf":[],"yoast_head":"<!-- This site is optimized with the Yoast SEO Premium plugin v27.2 (Yoast SEO v27.2) - https:\/\/yoast.com\/product\/yoast-seo-premium-wordpress\/ -->\n<title>6. R\u00e8glementation stricte et plans d\u2019urgence - animalwelfare<\/title>\n<meta name=\"robots\" content=\"index, follow, max-snippet:-1, max-image-preview:large, max-video-preview:-1\" \/>\n<link rel=\"canonical\" href=\"https:\/\/animalwelfare.interpharma.ch\/fr\/sujets\/tierwohl\/elevage-detention-et-transport-d-animaux-de-laboratoire\/1-introduciton-6\/\" \/>\n<meta property=\"og:locale\" content=\"fr_FR\" \/>\n<meta property=\"og:type\" content=\"article\" \/>\n<meta property=\"og:title\" content=\"6. R\u00e8glementation stricte et plans d\u2019urgence\" \/>\n<meta property=\"og:description\" content=\"6. R\u00e8glementation stricte et plans d\u2019urgence L\u2019ordonnance suisse sur la protection des animaux r\u00e8gle s\u00e9v\u00e8rementle transport d\u2019animaux. Elle pr\u00e9cise les responsabilit\u00e9sde l\u2019exp\u00e9diteur, du transporteur et du destinataire. Les personnesqui effectuent le transport doivent \u00eatre comp\u00e9tenteset avoir re\u00e7u des instructions sur les conditions de transportd\u2019animaux de laboratoire. Pour que tout fonctionne sans accrocs\u00e0 la douane, des [&hellip;]\" \/>\n<meta property=\"og:url\" content=\"https:\/\/animalwelfare.interpharma.ch\/fr\/sujets\/tierwohl\/elevage-detention-et-transport-d-animaux-de-laboratoire\/1-introduciton-6\/\" \/>\n<meta property=\"og:site_name\" content=\"animalwelfare\" \/>\n<meta property=\"article:modified_time\" content=\"2026-03-09T13:47:12+00:00\" \/>\n<meta name=\"twitter:card\" content=\"summary_large_image\" \/>\n<meta name=\"twitter:label1\" content=\"Dur\u00e9e de lecture estim\u00e9e\" \/>\n\t<meta name=\"twitter:data1\" content=\"1 minute\" \/>\n<script type=\"application\/ld+json\" class=\"yoast-schema-graph\">{\"@context\":\"https:\/\/schema.org\",\"@graph\":[{\"@type\":\"WebPage\",\"@id\":\"https:\/\/animalwelfare.interpharma.ch\/fr\/sujets\/tierwohl\/elevage-detention-et-transport-d-animaux-de-laboratoire\/1-introduciton-6\/\",\"url\":\"https:\/\/animalwelfare.interpharma.ch\/fr\/sujets\/tierwohl\/elevage-detention-et-transport-d-animaux-de-laboratoire\/1-introduciton-6\/\",\"name\":\"6. R\u00e8glementation stricte et plans d\u2019urgence - animalwelfare\",\"isPartOf\":{\"@id\":\"https:\/\/animalwelfare.interpharma.ch\/#website\"},\"datePublished\":\"2026-03-06T16:35:31+00:00\",\"dateModified\":\"2026-03-09T13:47:12+00:00\",\"breadcrumb\":{\"@id\":\"https:\/\/animalwelfare.interpharma.ch\/fr\/sujets\/tierwohl\/elevage-detention-et-transport-d-animaux-de-laboratoire\/1-introduciton-6\/#breadcrumb\"},\"inLanguage\":\"fr-FR\",\"potentialAction\":[{\"@type\":\"ReadAction\",\"target\":[\"https:\/\/animalwelfare.interpharma.ch\/fr\/sujets\/tierwohl\/elevage-detention-et-transport-d-animaux-de-laboratoire\/1-introduciton-6\/\"]}]},{\"@type\":\"BreadcrumbList\",\"@id\":\"https:\/\/animalwelfare.interpharma.ch\/fr\/sujets\/tierwohl\/elevage-detention-et-transport-d-animaux-de-laboratoire\/1-introduciton-6\/#breadcrumb\",\"itemListElement\":[{\"@type\":\"ListItem\",\"position\":1,\"name\":\"Start\",\"item\":\"https:\/\/animalwelfare.interpharma.ch\/fr\/\"},{\"@type\":\"ListItem\",\"position\":2,\"name\":\"Contenus\",\"item\":\"https:\/\/animalwelfare.interpharma.ch\/fr\/sujets\/\"},{\"@type\":\"ListItem\",\"position\":3,\"name\":\"Bien-\u00eatre animal\",\"item\":\"https:\/\/animalwelfare.interpharma.ch\/fr\/sujets\/tierwohl\/\"},{\"@type\":\"ListItem\",\"position\":4,\"name\":\"\u00c9levage, d\u00e9tention et transport d&#8217;animaux de laboratoire\",\"item\":\"https:\/\/animalwelfare.interpharma.ch\/fr\/sujets\/tierwohl\/elevage-detention-et-transport-d-animaux-de-laboratoire\/\"},{\"@type\":\"ListItem\",\"position\":5,\"name\":\"6. R\u00e8glementation stricte et plans d\u2019urgence\"}]},{\"@type\":\"WebSite\",\"@id\":\"https:\/\/animalwelfare.interpharma.ch\/#website\",\"url\":\"https:\/\/animalwelfare.interpharma.ch\/\",\"name\":\"animalwelfare\",\"description\":\"\",\"potentialAction\":[{\"@type\":\"SearchAction\",\"target\":{\"@type\":\"EntryPoint\",\"urlTemplate\":\"https:\/\/animalwelfare.interpharma.ch\/?s={search_term_string}\"},\"query-input\":{\"@type\":\"PropertyValueSpecification\",\"valueRequired\":true,\"valueName\":\"search_term_string\"}}],\"inLanguage\":\"fr-FR\"}]}<\/script>\n<!-- \/ Yoast SEO Premium plugin. -->","yoast_head_json":{"title":"6. R\u00e8glementation stricte et plans d\u2019urgence - animalwelfare","robots":{"index":"index","follow":"follow","max-snippet":"max-snippet:-1","max-image-preview":"max-image-preview:large","max-video-preview":"max-video-preview:-1"},"canonical":"https:\/\/animalwelfare.interpharma.ch\/fr\/sujets\/tierwohl\/elevage-detention-et-transport-d-animaux-de-laboratoire\/1-introduciton-6\/","og_locale":"fr_FR","og_type":"article","og_title":"6. R\u00e8glementation stricte et plans d\u2019urgence","og_description":"6. R\u00e8glementation stricte et plans d\u2019urgence L\u2019ordonnance suisse sur la protection des animaux r\u00e8gle s\u00e9v\u00e8rementle transport d\u2019animaux. Elle pr\u00e9cise les responsabilit\u00e9sde l\u2019exp\u00e9diteur, du transporteur et du destinataire. Les personnesqui effectuent le transport doivent \u00eatre comp\u00e9tenteset avoir re\u00e7u des instructions sur les conditions de transportd\u2019animaux de laboratoire. Pour que tout fonctionne sans accrocs\u00e0 la douane, des [&hellip;]","og_url":"https:\/\/animalwelfare.interpharma.ch\/fr\/sujets\/tierwohl\/elevage-detention-et-transport-d-animaux-de-laboratoire\/1-introduciton-6\/","og_site_name":"animalwelfare","article_modified_time":"2026-03-09T13:47:12+00:00","twitter_card":"summary_large_image","twitter_misc":{"Dur\u00e9e de lecture estim\u00e9e":"1 minute"},"schema":{"@context":"https:\/\/schema.org","@graph":[{"@type":"WebPage","@id":"https:\/\/animalwelfare.interpharma.ch\/fr\/sujets\/tierwohl\/elevage-detention-et-transport-d-animaux-de-laboratoire\/1-introduciton-6\/","url":"https:\/\/animalwelfare.interpharma.ch\/fr\/sujets\/tierwohl\/elevage-detention-et-transport-d-animaux-de-laboratoire\/1-introduciton-6\/","name":"6. R\u00e8glementation stricte et plans d\u2019urgence - animalwelfare","isPartOf":{"@id":"https:\/\/animalwelfare.interpharma.ch\/#website"},"datePublished":"2026-03-06T16:35:31+00:00","dateModified":"2026-03-09T13:47:12+00:00","breadcrumb":{"@id":"https:\/\/animalwelfare.interpharma.ch\/fr\/sujets\/tierwohl\/elevage-detention-et-transport-d-animaux-de-laboratoire\/1-introduciton-6\/#breadcrumb"},"inLanguage":"fr-FR","potentialAction":[{"@type":"ReadAction","target":["https:\/\/animalwelfare.interpharma.ch\/fr\/sujets\/tierwohl\/elevage-detention-et-transport-d-animaux-de-laboratoire\/1-introduciton-6\/"]}]},{"@type":"BreadcrumbList","@id":"https:\/\/animalwelfare.interpharma.ch\/fr\/sujets\/tierwohl\/elevage-detention-et-transport-d-animaux-de-laboratoire\/1-introduciton-6\/#breadcrumb","itemListElement":[{"@type":"ListItem","position":1,"name":"Start","item":"https:\/\/animalwelfare.interpharma.ch\/fr\/"},{"@type":"ListItem","position":2,"name":"Contenus","item":"https:\/\/animalwelfare.interpharma.ch\/fr\/sujets\/"},{"@type":"ListItem","position":3,"name":"Bien-\u00eatre animal","item":"https:\/\/animalwelfare.interpharma.ch\/fr\/sujets\/tierwohl\/"},{"@type":"ListItem","position":4,"name":"\u00c9levage, d\u00e9tention et transport d&#8217;animaux de laboratoire","item":"https:\/\/animalwelfare.interpharma.ch\/fr\/sujets\/tierwohl\/elevage-detention-et-transport-d-animaux-de-laboratoire\/"},{"@type":"ListItem","position":5,"name":"6. R\u00e8glementation stricte et plans d\u2019urgence"}]},{"@type":"WebSite","@id":"https:\/\/animalwelfare.interpharma.ch\/#website","url":"https:\/\/animalwelfare.interpharma.ch\/","name":"animalwelfare","description":"","potentialAction":[{"@type":"SearchAction","target":{"@type":"EntryPoint","urlTemplate":"https:\/\/animalwelfare.interpharma.ch\/?s={search_term_string}"},"query-input":{"@type":"PropertyValueSpecification","valueRequired":true,"valueName":"search_term_string"}}],"inLanguage":"fr-FR"}]}},"_links":{"self":[{"href":"https:\/\/animalwelfare.interpharma.ch\/fr\/wp-json\/wp\/v2\/pages\/1068","targetHints":{"allow":["GET"]}}],"collection":[{"href":"https:\/\/animalwelfare.interpharma.ch\/fr\/wp-json\/wp\/v2\/pages"}],"about":[{"href":"https:\/\/animalwelfare.interpharma.ch\/fr\/wp-json\/wp\/v2\/types\/page"}],"author":[{"embeddable":true,"href":"https:\/\/animalwelfare.interpharma.ch\/fr\/wp-json\/wp\/v2\/users\/1"}],"replies":[{"embeddable":true,"href":"https:\/\/animalwelfare.interpharma.ch\/fr\/wp-json\/wp\/v2\/comments?post=1068"}],"version-history":[{"count":2,"href":"https:\/\/animalwelfare.interpharma.ch\/fr\/wp-json\/wp\/v2\/pages\/1068\/revisions"}],"predecessor-version":[{"id":2848,"href":"https:\/\/animalwelfare.interpharma.ch\/fr\/wp-json\/wp\/v2\/pages\/1068\/revisions\/2848"}],"up":[{"embeddable":true,"href":"https:\/\/animalwelfare.interpharma.ch\/fr\/wp-json\/wp\/v2\/pages\/1158"}],"wp:attachment":[{"href":"https:\/\/animalwelfare.interpharma.ch\/fr\/wp-json\/wp\/v2\/media?parent=1068"}],"curies":[{"name":"wp","href":"https:\/\/api.w.org\/{rel}","templated":true}]}}