{"id":1062,"date":"2026-03-06T17:35:31","date_gmt":"2026-03-06T16:35:31","guid":{"rendered":"https:\/\/animalwelfare.iph-multisite.berta-bewegt.ch\/?page_id=1062"},"modified":"2026-03-09T14:46:55","modified_gmt":"2026-03-09T13:46:55","slug":"5-planification-minutieuse-avec-des-partenaires-experimentes","status":"publish","type":"page","link":"https:\/\/animalwelfare.interpharma.ch\/fr\/sujets\/tierwohl\/elevage-detention-et-transport-d-animaux-de-laboratoire\/5-planification-minutieuse-avec-des-partenaires-experimentes\/","title":{"rendered":"5. Planification minutieuse avec des partenaires exp\u00e9riment\u00e9s"},"content":{"rendered":"\n<h2 class=\"wp-block-heading\">5. Planification minutieuse avec des partenaires exp\u00e9riment\u00e9s<\/h2>\n\n\n\n<p>De l\u2019entr\u00e9e dans les conteneurs de transport \u00e0 l\u2019arriv\u00e9e sur lelieu de destination, l\u2019exp\u00e9diteur et le destinataire doivent planifierminutieusement tous les d\u00e9tails et travailler en \u00e9troitecoop\u00e9ration. Ils doivent d\u00e9terminer \u00e0 l\u2019avance tous les documentsn\u00e9cessaires et les compl\u00e9ter (autorisation d\u2019exportationet d\u2019importation, certificat sanitaire d\u2019un v\u00e9t\u00e9rinaireofficiel d\u00e9livr\u00e9 \u00e0 l\u2019\u00e9leveur, d\u00e9clarations sur les conteneurs detransport). Les transporteurs entrant en ligne de compte sontsp\u00e9cialis\u00e9s dans le transport d\u2019animaux de laboratoire. Ils disposentde v\u00e9hicules ad\u00e9quats et de conteneurs standardis\u00e9s.Il est important que les animaux aient suffisamment d\u2019eau etde nourriture, en pr\u00e9voyant toujours des r\u00e9serves en cas decontretemps. Pendant le transport, il est interdit d\u2019ouvrir lesconteneurs pour \u00e9viter toute introduction de germes susceptiblesde porter atteinte aux travaux de recherche.<\/p>\n","protected":false},"excerpt":{"rendered":"<p>5. Planification minutieuse avec des partenaires exp\u00e9riment\u00e9s De l\u2019entr\u00e9e dans les conteneurs de transport \u00e0 l\u2019arriv\u00e9e sur lelieu de destination, l\u2019exp\u00e9diteur et le destinataire doivent planifierminutieusement tous les d\u00e9tails et travailler en \u00e9troitecoop\u00e9ration. Ils doivent d\u00e9terminer \u00e0 l\u2019avance tous les documentsn\u00e9cessaires et les compl\u00e9ter (autorisation d\u2019exportationet d\u2019importation, certificat sanitaire d\u2019un v\u00e9t\u00e9rinaireofficiel d\u00e9livr\u00e9 \u00e0 l\u2019\u00e9leveur, d\u00e9clarations [&hellip;]<\/p>\n","protected":false},"author":1,"featured_media":0,"parent":1158,"menu_order":4,"comment_status":"closed","ping_status":"closed","template":"page-templates\/unterthema.php","meta":{"_acf_changed":false,"inline_featured_image":false,"footnotes":""},"class_list":["post-1062","page","type-page","status-publish","hentry"],"acf":[],"yoast_head":"<!-- This site is optimized with the Yoast SEO Premium plugin v27.2 (Yoast SEO v27.2) - https:\/\/yoast.com\/product\/yoast-seo-premium-wordpress\/ -->\n<title>5. Planification minutieuse avec des partenaires exp\u00e9riment\u00e9s - animalwelfare<\/title>\n<meta name=\"robots\" content=\"index, follow, max-snippet:-1, max-image-preview:large, max-video-preview:-1\" \/>\n<link rel=\"canonical\" href=\"https:\/\/animalwelfare.interpharma.ch\/fr\/sujets\/tierwohl\/elevage-detention-et-transport-d-animaux-de-laboratoire\/5-planification-minutieuse-avec-des-partenaires-experimentes\/\" \/>\n<meta property=\"og:locale\" content=\"fr_FR\" \/>\n<meta property=\"og:type\" content=\"article\" \/>\n<meta property=\"og:title\" content=\"5. Planification minutieuse avec des partenaires exp\u00e9riment\u00e9s\" \/>\n<meta property=\"og:description\" content=\"5. Planification minutieuse avec des partenaires exp\u00e9riment\u00e9s De l\u2019entr\u00e9e dans les conteneurs de transport \u00e0 l\u2019arriv\u00e9e sur lelieu de destination, l\u2019exp\u00e9diteur et le destinataire doivent planifierminutieusement tous les d\u00e9tails et travailler en \u00e9troitecoop\u00e9ration. Ils doivent d\u00e9terminer \u00e0 l\u2019avance tous les documentsn\u00e9cessaires et les compl\u00e9ter (autorisation d\u2019exportationet d\u2019importation, certificat sanitaire d\u2019un v\u00e9t\u00e9rinaireofficiel d\u00e9livr\u00e9 \u00e0 l\u2019\u00e9leveur, d\u00e9clarations [&hellip;]\" \/>\n<meta property=\"og:url\" content=\"https:\/\/animalwelfare.interpharma.ch\/fr\/sujets\/tierwohl\/elevage-detention-et-transport-d-animaux-de-laboratoire\/5-planification-minutieuse-avec-des-partenaires-experimentes\/\" \/>\n<meta property=\"og:site_name\" content=\"animalwelfare\" \/>\n<meta property=\"article:modified_time\" content=\"2026-03-09T13:46:55+00:00\" \/>\n<meta name=\"twitter:card\" content=\"summary_large_image\" \/>\n<meta name=\"twitter:label1\" content=\"Dur\u00e9e de lecture estim\u00e9e\" \/>\n\t<meta name=\"twitter:data1\" content=\"1 minute\" \/>\n<script type=\"application\/ld+json\" class=\"yoast-schema-graph\">{\"@context\":\"https:\/\/schema.org\",\"@graph\":[{\"@type\":\"WebPage\",\"@id\":\"https:\/\/animalwelfare.interpharma.ch\/fr\/sujets\/tierwohl\/elevage-detention-et-transport-d-animaux-de-laboratoire\/5-planification-minutieuse-avec-des-partenaires-experimentes\/\",\"url\":\"https:\/\/animalwelfare.interpharma.ch\/fr\/sujets\/tierwohl\/elevage-detention-et-transport-d-animaux-de-laboratoire\/5-planification-minutieuse-avec-des-partenaires-experimentes\/\",\"name\":\"5. Planification minutieuse avec des partenaires exp\u00e9riment\u00e9s - animalwelfare\",\"isPartOf\":{\"@id\":\"https:\/\/animalwelfare.interpharma.ch\/#website\"},\"datePublished\":\"2026-03-06T16:35:31+00:00\",\"dateModified\":\"2026-03-09T13:46:55+00:00\",\"breadcrumb\":{\"@id\":\"https:\/\/animalwelfare.interpharma.ch\/fr\/sujets\/tierwohl\/elevage-detention-et-transport-d-animaux-de-laboratoire\/5-planification-minutieuse-avec-des-partenaires-experimentes\/#breadcrumb\"},\"inLanguage\":\"fr-FR\",\"potentialAction\":[{\"@type\":\"ReadAction\",\"target\":[\"https:\/\/animalwelfare.interpharma.ch\/fr\/sujets\/tierwohl\/elevage-detention-et-transport-d-animaux-de-laboratoire\/5-planification-minutieuse-avec-des-partenaires-experimentes\/\"]}]},{\"@type\":\"BreadcrumbList\",\"@id\":\"https:\/\/animalwelfare.interpharma.ch\/fr\/sujets\/tierwohl\/elevage-detention-et-transport-d-animaux-de-laboratoire\/5-planification-minutieuse-avec-des-partenaires-experimentes\/#breadcrumb\",\"itemListElement\":[{\"@type\":\"ListItem\",\"position\":1,\"name\":\"Start\",\"item\":\"https:\/\/animalwelfare.interpharma.ch\/fr\/\"},{\"@type\":\"ListItem\",\"position\":2,\"name\":\"Contenus\",\"item\":\"https:\/\/animalwelfare.interpharma.ch\/fr\/sujets\/\"},{\"@type\":\"ListItem\",\"position\":3,\"name\":\"Bien-\u00eatre animal\",\"item\":\"https:\/\/animalwelfare.interpharma.ch\/fr\/sujets\/tierwohl\/\"},{\"@type\":\"ListItem\",\"position\":4,\"name\":\"\u00c9levage, d\u00e9tention et transport d&#8217;animaux de laboratoire\",\"item\":\"https:\/\/animalwelfare.interpharma.ch\/fr\/sujets\/tierwohl\/elevage-detention-et-transport-d-animaux-de-laboratoire\/\"},{\"@type\":\"ListItem\",\"position\":5,\"name\":\"5. Planification minutieuse avec des partenaires exp\u00e9riment\u00e9s\"}]},{\"@type\":\"WebSite\",\"@id\":\"https:\/\/animalwelfare.interpharma.ch\/#website\",\"url\":\"https:\/\/animalwelfare.interpharma.ch\/\",\"name\":\"animalwelfare\",\"description\":\"\",\"potentialAction\":[{\"@type\":\"SearchAction\",\"target\":{\"@type\":\"EntryPoint\",\"urlTemplate\":\"https:\/\/animalwelfare.interpharma.ch\/?s={search_term_string}\"},\"query-input\":{\"@type\":\"PropertyValueSpecification\",\"valueRequired\":true,\"valueName\":\"search_term_string\"}}],\"inLanguage\":\"fr-FR\"}]}<\/script>\n<!-- \/ Yoast SEO Premium plugin. -->","yoast_head_json":{"title":"5. Planification minutieuse avec des partenaires exp\u00e9riment\u00e9s - animalwelfare","robots":{"index":"index","follow":"follow","max-snippet":"max-snippet:-1","max-image-preview":"max-image-preview:large","max-video-preview":"max-video-preview:-1"},"canonical":"https:\/\/animalwelfare.interpharma.ch\/fr\/sujets\/tierwohl\/elevage-detention-et-transport-d-animaux-de-laboratoire\/5-planification-minutieuse-avec-des-partenaires-experimentes\/","og_locale":"fr_FR","og_type":"article","og_title":"5. Planification minutieuse avec des partenaires exp\u00e9riment\u00e9s","og_description":"5. Planification minutieuse avec des partenaires exp\u00e9riment\u00e9s De l\u2019entr\u00e9e dans les conteneurs de transport \u00e0 l\u2019arriv\u00e9e sur lelieu de destination, l\u2019exp\u00e9diteur et le destinataire doivent planifierminutieusement tous les d\u00e9tails et travailler en \u00e9troitecoop\u00e9ration. Ils doivent d\u00e9terminer \u00e0 l\u2019avance tous les documentsn\u00e9cessaires et les compl\u00e9ter (autorisation d\u2019exportationet d\u2019importation, certificat sanitaire d\u2019un v\u00e9t\u00e9rinaireofficiel d\u00e9livr\u00e9 \u00e0 l\u2019\u00e9leveur, d\u00e9clarations [&hellip;]","og_url":"https:\/\/animalwelfare.interpharma.ch\/fr\/sujets\/tierwohl\/elevage-detention-et-transport-d-animaux-de-laboratoire\/5-planification-minutieuse-avec-des-partenaires-experimentes\/","og_site_name":"animalwelfare","article_modified_time":"2026-03-09T13:46:55+00:00","twitter_card":"summary_large_image","twitter_misc":{"Dur\u00e9e de lecture estim\u00e9e":"1 minute"},"schema":{"@context":"https:\/\/schema.org","@graph":[{"@type":"WebPage","@id":"https:\/\/animalwelfare.interpharma.ch\/fr\/sujets\/tierwohl\/elevage-detention-et-transport-d-animaux-de-laboratoire\/5-planification-minutieuse-avec-des-partenaires-experimentes\/","url":"https:\/\/animalwelfare.interpharma.ch\/fr\/sujets\/tierwohl\/elevage-detention-et-transport-d-animaux-de-laboratoire\/5-planification-minutieuse-avec-des-partenaires-experimentes\/","name":"5. Planification minutieuse avec des partenaires exp\u00e9riment\u00e9s - animalwelfare","isPartOf":{"@id":"https:\/\/animalwelfare.interpharma.ch\/#website"},"datePublished":"2026-03-06T16:35:31+00:00","dateModified":"2026-03-09T13:46:55+00:00","breadcrumb":{"@id":"https:\/\/animalwelfare.interpharma.ch\/fr\/sujets\/tierwohl\/elevage-detention-et-transport-d-animaux-de-laboratoire\/5-planification-minutieuse-avec-des-partenaires-experimentes\/#breadcrumb"},"inLanguage":"fr-FR","potentialAction":[{"@type":"ReadAction","target":["https:\/\/animalwelfare.interpharma.ch\/fr\/sujets\/tierwohl\/elevage-detention-et-transport-d-animaux-de-laboratoire\/5-planification-minutieuse-avec-des-partenaires-experimentes\/"]}]},{"@type":"BreadcrumbList","@id":"https:\/\/animalwelfare.interpharma.ch\/fr\/sujets\/tierwohl\/elevage-detention-et-transport-d-animaux-de-laboratoire\/5-planification-minutieuse-avec-des-partenaires-experimentes\/#breadcrumb","itemListElement":[{"@type":"ListItem","position":1,"name":"Start","item":"https:\/\/animalwelfare.interpharma.ch\/fr\/"},{"@type":"ListItem","position":2,"name":"Contenus","item":"https:\/\/animalwelfare.interpharma.ch\/fr\/sujets\/"},{"@type":"ListItem","position":3,"name":"Bien-\u00eatre animal","item":"https:\/\/animalwelfare.interpharma.ch\/fr\/sujets\/tierwohl\/"},{"@type":"ListItem","position":4,"name":"\u00c9levage, d\u00e9tention et transport d&#8217;animaux de laboratoire","item":"https:\/\/animalwelfare.interpharma.ch\/fr\/sujets\/tierwohl\/elevage-detention-et-transport-d-animaux-de-laboratoire\/"},{"@type":"ListItem","position":5,"name":"5. Planification minutieuse avec des partenaires exp\u00e9riment\u00e9s"}]},{"@type":"WebSite","@id":"https:\/\/animalwelfare.interpharma.ch\/#website","url":"https:\/\/animalwelfare.interpharma.ch\/","name":"animalwelfare","description":"","potentialAction":[{"@type":"SearchAction","target":{"@type":"EntryPoint","urlTemplate":"https:\/\/animalwelfare.interpharma.ch\/?s={search_term_string}"},"query-input":{"@type":"PropertyValueSpecification","valueRequired":true,"valueName":"search_term_string"}}],"inLanguage":"fr-FR"}]}},"_links":{"self":[{"href":"https:\/\/animalwelfare.interpharma.ch\/fr\/wp-json\/wp\/v2\/pages\/1062","targetHints":{"allow":["GET"]}}],"collection":[{"href":"https:\/\/animalwelfare.interpharma.ch\/fr\/wp-json\/wp\/v2\/pages"}],"about":[{"href":"https:\/\/animalwelfare.interpharma.ch\/fr\/wp-json\/wp\/v2\/types\/page"}],"author":[{"embeddable":true,"href":"https:\/\/animalwelfare.interpharma.ch\/fr\/wp-json\/wp\/v2\/users\/1"}],"replies":[{"embeddable":true,"href":"https:\/\/animalwelfare.interpharma.ch\/fr\/wp-json\/wp\/v2\/comments?post=1062"}],"version-history":[{"count":2,"href":"https:\/\/animalwelfare.interpharma.ch\/fr\/wp-json\/wp\/v2\/pages\/1062\/revisions"}],"predecessor-version":[{"id":2847,"href":"https:\/\/animalwelfare.interpharma.ch\/fr\/wp-json\/wp\/v2\/pages\/1062\/revisions\/2847"}],"up":[{"embeddable":true,"href":"https:\/\/animalwelfare.interpharma.ch\/fr\/wp-json\/wp\/v2\/pages\/1158"}],"wp:attachment":[{"href":"https:\/\/animalwelfare.interpharma.ch\/fr\/wp-json\/wp\/v2\/media?parent=1062"}],"curies":[{"name":"wp","href":"https:\/\/api.w.org\/{rel}","templated":true}]}}