{"id":1056,"date":"2026-03-06T17:35:31","date_gmt":"2026-03-06T16:35:31","guid":{"rendered":"https:\/\/animalwelfare.iph-multisite.berta-bewegt.ch\/?page_id=1056"},"modified":"2026-03-09T14:46:31","modified_gmt":"2026-03-09T13:46:31","slug":"4-le-transport-doit-etre-le-plus-court-et-le-moins-penible-possible","status":"publish","type":"page","link":"https:\/\/animalwelfare.interpharma.ch\/fr\/sujets\/tierwohl\/elevage-detention-et-transport-d-animaux-de-laboratoire\/4-le-transport-doit-etre-le-plus-court-et-le-moins-penible-possible\/","title":{"rendered":"4. Le transport doit \u00eatre le plus court et le moins p\u00e9nible possible"},"content":{"rendered":"\n<h2 class=\"wp-block-heading\">4. Le transport doit \u00eatre le plus court et le moins p\u00e9nible possible<\/h2>\n\n\n\n<p>En raison des r\u00e8gles strictes en vigueur dans toute l\u2019Europe,les entreprises d\u2019\u00e9levage sont de plus en plus grandes. \u00c9tantdonn\u00e9 qu\u2019il n\u2019existe plus d\u2019entreprise de ce type en Suisse, lesanimaux de laboratoire sont en majeure partie import\u00e9s deFrance, d\u2019Allemagne, du Danemark et en partie d\u2019Italie. Plusrarement, des animaux de laboratoire viennent des \u00c9tats-Unisou d\u2019Asie. Un avantage de l\u2019Europe est que les trajets sontplus courts, ce qui r\u00e9duit le risque de retards et autres incidents.Pour \u00e9viter le stress et l\u2019\u00e9puisement chez les animaux, ilfaut toujours choisir le trajet le plus court et le moins p\u00e9nible.Dans la plupart des cas, les animaux sont donc transport\u00e9sdans des v\u00e9hicules climatis\u00e9s, donc sur la route. C\u2019est plusagr\u00e9able pour les animaux qu\u2019un transport par voie a\u00e9rienne.Si un transport intercontinental a lieu (outremer), il est toujoursr\u00e9alis\u00e9 en avion, dans la mesure du possible par vol direct sansescale.<\/p>\n","protected":false},"excerpt":{"rendered":"<p>4. Le transport doit \u00eatre le plus court et le moins p\u00e9nible possible En raison des r\u00e8gles strictes en vigueur dans toute l\u2019Europe,les entreprises d\u2019\u00e9levage sont de plus en plus grandes. \u00c9tantdonn\u00e9 qu\u2019il n\u2019existe plus d\u2019entreprise de ce type en Suisse, lesanimaux de laboratoire sont en majeure partie import\u00e9s deFrance, d\u2019Allemagne, du Danemark et en [&hellip;]<\/p>\n","protected":false},"author":1,"featured_media":0,"parent":1158,"menu_order":3,"comment_status":"closed","ping_status":"closed","template":"page-templates\/unterthema.php","meta":{"_acf_changed":false,"inline_featured_image":false,"footnotes":""},"class_list":["post-1056","page","type-page","status-publish","hentry"],"acf":[],"yoast_head":"<!-- This site is optimized with the Yoast SEO Premium plugin v27.2 (Yoast SEO v27.2) - https:\/\/yoast.com\/product\/yoast-seo-premium-wordpress\/ -->\n<title>4. Le transport doit \u00eatre le plus court et le moins p\u00e9nible possible - animalwelfare<\/title>\n<meta name=\"robots\" content=\"index, follow, max-snippet:-1, max-image-preview:large, max-video-preview:-1\" \/>\n<link rel=\"canonical\" href=\"https:\/\/animalwelfare.interpharma.ch\/fr\/sujets\/tierwohl\/elevage-detention-et-transport-d-animaux-de-laboratoire\/4-le-transport-doit-etre-le-plus-court-et-le-moins-penible-possible\/\" \/>\n<meta property=\"og:locale\" content=\"fr_FR\" \/>\n<meta property=\"og:type\" content=\"article\" \/>\n<meta property=\"og:title\" content=\"4. Le transport doit \u00eatre le plus court et le moins p\u00e9nible possible\" \/>\n<meta property=\"og:description\" content=\"4. Le transport doit \u00eatre le plus court et le moins p\u00e9nible possible En raison des r\u00e8gles strictes en vigueur dans toute l\u2019Europe,les entreprises d\u2019\u00e9levage sont de plus en plus grandes. \u00c9tantdonn\u00e9 qu\u2019il n\u2019existe plus d\u2019entreprise de ce type en Suisse, lesanimaux de laboratoire sont en majeure partie import\u00e9s deFrance, d\u2019Allemagne, du Danemark et en [&hellip;]\" \/>\n<meta property=\"og:url\" content=\"https:\/\/animalwelfare.interpharma.ch\/fr\/sujets\/tierwohl\/elevage-detention-et-transport-d-animaux-de-laboratoire\/4-le-transport-doit-etre-le-plus-court-et-le-moins-penible-possible\/\" \/>\n<meta property=\"og:site_name\" content=\"animalwelfare\" \/>\n<meta property=\"article:modified_time\" content=\"2026-03-09T13:46:31+00:00\" \/>\n<meta name=\"twitter:card\" content=\"summary_large_image\" \/>\n<meta name=\"twitter:label1\" content=\"Dur\u00e9e de lecture estim\u00e9e\" \/>\n\t<meta name=\"twitter:data1\" content=\"1 minute\" \/>\n<script type=\"application\/ld+json\" class=\"yoast-schema-graph\">{\"@context\":\"https:\/\/schema.org\",\"@graph\":[{\"@type\":\"WebPage\",\"@id\":\"https:\/\/animalwelfare.interpharma.ch\/fr\/sujets\/tierwohl\/elevage-detention-et-transport-d-animaux-de-laboratoire\/4-le-transport-doit-etre-le-plus-court-et-le-moins-penible-possible\/\",\"url\":\"https:\/\/animalwelfare.interpharma.ch\/fr\/sujets\/tierwohl\/elevage-detention-et-transport-d-animaux-de-laboratoire\/4-le-transport-doit-etre-le-plus-court-et-le-moins-penible-possible\/\",\"name\":\"4. Le transport doit \u00eatre le plus court et le moins p\u00e9nible possible - animalwelfare\",\"isPartOf\":{\"@id\":\"https:\/\/animalwelfare.interpharma.ch\/#website\"},\"datePublished\":\"2026-03-06T16:35:31+00:00\",\"dateModified\":\"2026-03-09T13:46:31+00:00\",\"breadcrumb\":{\"@id\":\"https:\/\/animalwelfare.interpharma.ch\/fr\/sujets\/tierwohl\/elevage-detention-et-transport-d-animaux-de-laboratoire\/4-le-transport-doit-etre-le-plus-court-et-le-moins-penible-possible\/#breadcrumb\"},\"inLanguage\":\"fr-FR\",\"potentialAction\":[{\"@type\":\"ReadAction\",\"target\":[\"https:\/\/animalwelfare.interpharma.ch\/fr\/sujets\/tierwohl\/elevage-detention-et-transport-d-animaux-de-laboratoire\/4-le-transport-doit-etre-le-plus-court-et-le-moins-penible-possible\/\"]}]},{\"@type\":\"BreadcrumbList\",\"@id\":\"https:\/\/animalwelfare.interpharma.ch\/fr\/sujets\/tierwohl\/elevage-detention-et-transport-d-animaux-de-laboratoire\/4-le-transport-doit-etre-le-plus-court-et-le-moins-penible-possible\/#breadcrumb\",\"itemListElement\":[{\"@type\":\"ListItem\",\"position\":1,\"name\":\"Start\",\"item\":\"https:\/\/animalwelfare.interpharma.ch\/fr\/\"},{\"@type\":\"ListItem\",\"position\":2,\"name\":\"Contenus\",\"item\":\"https:\/\/animalwelfare.interpharma.ch\/fr\/sujets\/\"},{\"@type\":\"ListItem\",\"position\":3,\"name\":\"Bien-\u00eatre animal\",\"item\":\"https:\/\/animalwelfare.interpharma.ch\/fr\/sujets\/tierwohl\/\"},{\"@type\":\"ListItem\",\"position\":4,\"name\":\"\u00c9levage, d\u00e9tention et transport d&#8217;animaux de laboratoire\",\"item\":\"https:\/\/animalwelfare.interpharma.ch\/fr\/sujets\/tierwohl\/elevage-detention-et-transport-d-animaux-de-laboratoire\/\"},{\"@type\":\"ListItem\",\"position\":5,\"name\":\"4. Le transport doit \u00eatre le plus court et le moins p\u00e9nible possible\"}]},{\"@type\":\"WebSite\",\"@id\":\"https:\/\/animalwelfare.interpharma.ch\/#website\",\"url\":\"https:\/\/animalwelfare.interpharma.ch\/\",\"name\":\"animalwelfare\",\"description\":\"\",\"potentialAction\":[{\"@type\":\"SearchAction\",\"target\":{\"@type\":\"EntryPoint\",\"urlTemplate\":\"https:\/\/animalwelfare.interpharma.ch\/?s={search_term_string}\"},\"query-input\":{\"@type\":\"PropertyValueSpecification\",\"valueRequired\":true,\"valueName\":\"search_term_string\"}}],\"inLanguage\":\"fr-FR\"}]}<\/script>\n<!-- \/ Yoast SEO Premium plugin. -->","yoast_head_json":{"title":"4. Le transport doit \u00eatre le plus court et le moins p\u00e9nible possible - animalwelfare","robots":{"index":"index","follow":"follow","max-snippet":"max-snippet:-1","max-image-preview":"max-image-preview:large","max-video-preview":"max-video-preview:-1"},"canonical":"https:\/\/animalwelfare.interpharma.ch\/fr\/sujets\/tierwohl\/elevage-detention-et-transport-d-animaux-de-laboratoire\/4-le-transport-doit-etre-le-plus-court-et-le-moins-penible-possible\/","og_locale":"fr_FR","og_type":"article","og_title":"4. Le transport doit \u00eatre le plus court et le moins p\u00e9nible possible","og_description":"4. Le transport doit \u00eatre le plus court et le moins p\u00e9nible possible En raison des r\u00e8gles strictes en vigueur dans toute l\u2019Europe,les entreprises d\u2019\u00e9levage sont de plus en plus grandes. \u00c9tantdonn\u00e9 qu\u2019il n\u2019existe plus d\u2019entreprise de ce type en Suisse, lesanimaux de laboratoire sont en majeure partie import\u00e9s deFrance, d\u2019Allemagne, du Danemark et en [&hellip;]","og_url":"https:\/\/animalwelfare.interpharma.ch\/fr\/sujets\/tierwohl\/elevage-detention-et-transport-d-animaux-de-laboratoire\/4-le-transport-doit-etre-le-plus-court-et-le-moins-penible-possible\/","og_site_name":"animalwelfare","article_modified_time":"2026-03-09T13:46:31+00:00","twitter_card":"summary_large_image","twitter_misc":{"Dur\u00e9e de lecture estim\u00e9e":"1 minute"},"schema":{"@context":"https:\/\/schema.org","@graph":[{"@type":"WebPage","@id":"https:\/\/animalwelfare.interpharma.ch\/fr\/sujets\/tierwohl\/elevage-detention-et-transport-d-animaux-de-laboratoire\/4-le-transport-doit-etre-le-plus-court-et-le-moins-penible-possible\/","url":"https:\/\/animalwelfare.interpharma.ch\/fr\/sujets\/tierwohl\/elevage-detention-et-transport-d-animaux-de-laboratoire\/4-le-transport-doit-etre-le-plus-court-et-le-moins-penible-possible\/","name":"4. Le transport doit \u00eatre le plus court et le moins p\u00e9nible possible - animalwelfare","isPartOf":{"@id":"https:\/\/animalwelfare.interpharma.ch\/#website"},"datePublished":"2026-03-06T16:35:31+00:00","dateModified":"2026-03-09T13:46:31+00:00","breadcrumb":{"@id":"https:\/\/animalwelfare.interpharma.ch\/fr\/sujets\/tierwohl\/elevage-detention-et-transport-d-animaux-de-laboratoire\/4-le-transport-doit-etre-le-plus-court-et-le-moins-penible-possible\/#breadcrumb"},"inLanguage":"fr-FR","potentialAction":[{"@type":"ReadAction","target":["https:\/\/animalwelfare.interpharma.ch\/fr\/sujets\/tierwohl\/elevage-detention-et-transport-d-animaux-de-laboratoire\/4-le-transport-doit-etre-le-plus-court-et-le-moins-penible-possible\/"]}]},{"@type":"BreadcrumbList","@id":"https:\/\/animalwelfare.interpharma.ch\/fr\/sujets\/tierwohl\/elevage-detention-et-transport-d-animaux-de-laboratoire\/4-le-transport-doit-etre-le-plus-court-et-le-moins-penible-possible\/#breadcrumb","itemListElement":[{"@type":"ListItem","position":1,"name":"Start","item":"https:\/\/animalwelfare.interpharma.ch\/fr\/"},{"@type":"ListItem","position":2,"name":"Contenus","item":"https:\/\/animalwelfare.interpharma.ch\/fr\/sujets\/"},{"@type":"ListItem","position":3,"name":"Bien-\u00eatre animal","item":"https:\/\/animalwelfare.interpharma.ch\/fr\/sujets\/tierwohl\/"},{"@type":"ListItem","position":4,"name":"\u00c9levage, d\u00e9tention et transport d&#8217;animaux de laboratoire","item":"https:\/\/animalwelfare.interpharma.ch\/fr\/sujets\/tierwohl\/elevage-detention-et-transport-d-animaux-de-laboratoire\/"},{"@type":"ListItem","position":5,"name":"4. Le transport doit \u00eatre le plus court et le moins p\u00e9nible possible"}]},{"@type":"WebSite","@id":"https:\/\/animalwelfare.interpharma.ch\/#website","url":"https:\/\/animalwelfare.interpharma.ch\/","name":"animalwelfare","description":"","potentialAction":[{"@type":"SearchAction","target":{"@type":"EntryPoint","urlTemplate":"https:\/\/animalwelfare.interpharma.ch\/?s={search_term_string}"},"query-input":{"@type":"PropertyValueSpecification","valueRequired":true,"valueName":"search_term_string"}}],"inLanguage":"fr-FR"}]}},"_links":{"self":[{"href":"https:\/\/animalwelfare.interpharma.ch\/fr\/wp-json\/wp\/v2\/pages\/1056","targetHints":{"allow":["GET"]}}],"collection":[{"href":"https:\/\/animalwelfare.interpharma.ch\/fr\/wp-json\/wp\/v2\/pages"}],"about":[{"href":"https:\/\/animalwelfare.interpharma.ch\/fr\/wp-json\/wp\/v2\/types\/page"}],"author":[{"embeddable":true,"href":"https:\/\/animalwelfare.interpharma.ch\/fr\/wp-json\/wp\/v2\/users\/1"}],"replies":[{"embeddable":true,"href":"https:\/\/animalwelfare.interpharma.ch\/fr\/wp-json\/wp\/v2\/comments?post=1056"}],"version-history":[{"count":2,"href":"https:\/\/animalwelfare.interpharma.ch\/fr\/wp-json\/wp\/v2\/pages\/1056\/revisions"}],"predecessor-version":[{"id":2846,"href":"https:\/\/animalwelfare.interpharma.ch\/fr\/wp-json\/wp\/v2\/pages\/1056\/revisions\/2846"}],"up":[{"embeddable":true,"href":"https:\/\/animalwelfare.interpharma.ch\/fr\/wp-json\/wp\/v2\/pages\/1158"}],"wp:attachment":[{"href":"https:\/\/animalwelfare.interpharma.ch\/fr\/wp-json\/wp\/v2\/media?parent=1056"}],"curies":[{"name":"wp","href":"https:\/\/api.w.org\/{rel}","templated":true}]}}