{"id":1032,"date":"2026-03-06T17:35:29","date_gmt":"2026-03-06T16:35:29","guid":{"rendered":"https:\/\/animalwelfare.iph-multisite.berta-bewegt.ch\/?page_id=1032"},"modified":"2026-03-09T14:51:22","modified_gmt":"2026-03-09T13:51:22","slug":"1-infrastructure-de-depistage-rapide-developpement-rapide-des-vaccins","status":"publish","type":"page","link":"https:\/\/animalwelfare.interpharma.ch\/fr\/sujets\/beispiele\/developpement-de-vaccins-et-de-tests-pour-le-sars-cov-2\/1-infrastructure-de-depistage-rapide-developpement-rapide-des-vaccins\/","title":{"rendered":"1. Infrastructure de d\u00e9pistage rapide, d\u00e9veloppement rapide des vaccins"},"content":{"rendered":"\n<h2 class=\"wp-block-heading\">1. Infrastructure de d\u00e9pistage rapide, d\u00e9veloppement rapide des vaccins<\/h2>\n\n\n\n<p>D\u00e8s janvier 2020, alors qu\u2019en Suisse, la pand\u00e9mie semblaitencore lointaine, des chercheuses et chercheurs d\u00e9veloppaienten Allemagne la premi\u00e8re infrastructure de d\u00e9pistage du SARSCoV-2. Plusieurs semaines s\u2019\u00e9coul\u00e8rent encore avant que lapremi\u00e8re vague du virus n\u2019atteigne l\u2019Europe. D\u00e8s le mois de mars,Roche proposait un test pr\u00eat \u00e0 \u00eatre mis sur le march\u00e9. Depuis,la technologie s\u2019est am\u00e9lior\u00e9e \u00e0 vive allure, les tests de d\u00e9pistagedu coronavirus sont aujourd\u2019hui bon march\u00e9, fiables etmoins invasifs. Tout juste douze mois ont suffi pour disposer devaccins efficaces: fin 2020, c\u2019est-\u00e0-dire douze mois seulementapr\u00e8s identification de l\u2019agent pathog\u00e8ne fin 2019, les premiersvaccins efficaces \u00e9taient d\u00e9j\u00e0 disponibles. En g\u00e9n\u00e9ral, led\u00e9veloppement d\u2019un vaccin jusqu\u2019\u00e0 son autorisation de misesur le march\u00e9 (AMM) dure entre six et quinze ans.<\/p>\n","protected":false},"excerpt":{"rendered":"<p>1. Infrastructure de d\u00e9pistage rapide, d\u00e9veloppement rapide des vaccins D\u00e8s janvier 2020, alors qu\u2019en Suisse, la pand\u00e9mie semblaitencore lointaine, des chercheuses et chercheurs d\u00e9veloppaienten Allemagne la premi\u00e8re infrastructure de d\u00e9pistage du SARSCoV-2. Plusieurs semaines s\u2019\u00e9coul\u00e8rent encore avant que lapremi\u00e8re vague du virus n\u2019atteigne l\u2019Europe. D\u00e8s le mois de mars,Roche proposait un test pr\u00eat \u00e0 \u00eatre [&hellip;]<\/p>\n","protected":false},"author":1,"featured_media":0,"parent":1038,"menu_order":0,"comment_status":"closed","ping_status":"closed","template":"page-templates\/unterthema.php","meta":{"_acf_changed":false,"inline_featured_image":false,"footnotes":""},"class_list":["post-1032","page","type-page","status-publish","hentry"],"acf":[],"yoast_head":"<!-- This site is optimized with the Yoast SEO Premium plugin v27.2 (Yoast SEO v27.2) - https:\/\/yoast.com\/product\/yoast-seo-premium-wordpress\/ -->\n<title>1. Infrastructure de d\u00e9pistage rapide, d\u00e9veloppement rapide des vaccins - animalwelfare<\/title>\n<meta name=\"robots\" content=\"index, follow, max-snippet:-1, max-image-preview:large, max-video-preview:-1\" \/>\n<link rel=\"canonical\" href=\"https:\/\/animalwelfare.interpharma.ch\/themen\/beispiele\/impfstoff-und-testentwicklung-fur-sars-cov-2\/1-rasche-testinfrastruktur-schnelle-impfstoffentwicklung\/\" \/>\n<meta property=\"og:locale\" content=\"fr_FR\" \/>\n<meta property=\"og:type\" content=\"article\" \/>\n<meta property=\"og:title\" content=\"1. Infrastructure de d\u00e9pistage rapide, d\u00e9veloppement rapide des vaccins\" \/>\n<meta property=\"og:description\" content=\"1. Infrastructure de d\u00e9pistage rapide, d\u00e9veloppement rapide des vaccins D\u00e8s janvier 2020, alors qu\u2019en Suisse, la pand\u00e9mie semblaitencore lointaine, des chercheuses et chercheurs d\u00e9veloppaienten Allemagne la premi\u00e8re infrastructure de d\u00e9pistage du SARSCoV-2. Plusieurs semaines s\u2019\u00e9coul\u00e8rent encore avant que lapremi\u00e8re vague du virus n\u2019atteigne l\u2019Europe. D\u00e8s le mois de mars,Roche proposait un test pr\u00eat \u00e0 \u00eatre [&hellip;]\" \/>\n<meta property=\"og:url\" content=\"https:\/\/animalwelfare.interpharma.ch\/themen\/beispiele\/impfstoff-und-testentwicklung-fur-sars-cov-2\/1-rasche-testinfrastruktur-schnelle-impfstoffentwicklung\/\" \/>\n<meta property=\"og:site_name\" content=\"animalwelfare\" \/>\n<meta property=\"article:modified_time\" content=\"2026-03-09T13:51:22+00:00\" \/>\n<meta name=\"twitter:card\" content=\"summary_large_image\" \/>\n<meta name=\"twitter:label1\" content=\"Dur\u00e9e de lecture estim\u00e9e\" \/>\n\t<meta name=\"twitter:data1\" content=\"1 minute\" \/>\n<script type=\"application\/ld+json\" class=\"yoast-schema-graph\">{\"@context\":\"https:\/\/schema.org\",\"@graph\":[{\"@type\":\"WebPage\",\"@id\":\"https:\/\/animalwelfare.interpharma.ch\/themen\/beispiele\/impfstoff-und-testentwicklung-fur-sars-cov-2\/1-rasche-testinfrastruktur-schnelle-impfstoffentwicklung\/\",\"url\":\"https:\/\/animalwelfare.interpharma.ch\/themen\/beispiele\/impfstoff-und-testentwicklung-fur-sars-cov-2\/1-rasche-testinfrastruktur-schnelle-impfstoffentwicklung\/\",\"name\":\"1. Infrastructure de d\u00e9pistage rapide, d\u00e9veloppement rapide des vaccins - animalwelfare\",\"isPartOf\":{\"@id\":\"https:\/\/animalwelfare.interpharma.ch\/#website\"},\"datePublished\":\"2026-03-06T16:35:29+00:00\",\"dateModified\":\"2026-03-09T13:51:22+00:00\",\"breadcrumb\":{\"@id\":\"https:\/\/animalwelfare.interpharma.ch\/themen\/beispiele\/impfstoff-und-testentwicklung-fur-sars-cov-2\/1-rasche-testinfrastruktur-schnelle-impfstoffentwicklung\/#breadcrumb\"},\"inLanguage\":\"fr-FR\",\"potentialAction\":[{\"@type\":\"ReadAction\",\"target\":[\"https:\/\/animalwelfare.interpharma.ch\/themen\/beispiele\/impfstoff-und-testentwicklung-fur-sars-cov-2\/1-rasche-testinfrastruktur-schnelle-impfstoffentwicklung\/\"]}]},{\"@type\":\"BreadcrumbList\",\"@id\":\"https:\/\/animalwelfare.interpharma.ch\/themen\/beispiele\/impfstoff-und-testentwicklung-fur-sars-cov-2\/1-rasche-testinfrastruktur-schnelle-impfstoffentwicklung\/#breadcrumb\",\"itemListElement\":[{\"@type\":\"ListItem\",\"position\":1,\"name\":\"Start\",\"item\":\"https:\/\/animalwelfare.interpharma.ch\/fr\/\"},{\"@type\":\"ListItem\",\"position\":2,\"name\":\"Contenus\",\"item\":\"https:\/\/animalwelfare.interpharma.ch\/fr\/sujets\/\"},{\"@type\":\"ListItem\",\"position\":3,\"name\":\"Exemple\",\"item\":\"https:\/\/animalwelfare.interpharma.ch\/fr\/sujets\/beispiele\/\"},{\"@type\":\"ListItem\",\"position\":4,\"name\":\"D\u00e9veloppement de vaccins et de tests pour le SARS-CoV-2\",\"item\":\"https:\/\/animalwelfare.interpharma.ch\/themen\/beispiele\/impfstoff-und-testentwicklung-fur-sars-cov-2\/\"},{\"@type\":\"ListItem\",\"position\":5,\"name\":\"1. Infrastructure de d\u00e9pistage rapide, d\u00e9veloppement rapide des vaccins\"}]},{\"@type\":\"WebSite\",\"@id\":\"https:\/\/animalwelfare.interpharma.ch\/#website\",\"url\":\"https:\/\/animalwelfare.interpharma.ch\/\",\"name\":\"animalwelfare\",\"description\":\"\",\"potentialAction\":[{\"@type\":\"SearchAction\",\"target\":{\"@type\":\"EntryPoint\",\"urlTemplate\":\"https:\/\/animalwelfare.interpharma.ch\/?s={search_term_string}\"},\"query-input\":{\"@type\":\"PropertyValueSpecification\",\"valueRequired\":true,\"valueName\":\"search_term_string\"}}],\"inLanguage\":\"fr-FR\"}]}<\/script>\n<!-- \/ Yoast SEO Premium plugin. -->","yoast_head_json":{"title":"1. Infrastructure de d\u00e9pistage rapide, d\u00e9veloppement rapide des vaccins - animalwelfare","robots":{"index":"index","follow":"follow","max-snippet":"max-snippet:-1","max-image-preview":"max-image-preview:large","max-video-preview":"max-video-preview:-1"},"canonical":"https:\/\/animalwelfare.interpharma.ch\/themen\/beispiele\/impfstoff-und-testentwicklung-fur-sars-cov-2\/1-rasche-testinfrastruktur-schnelle-impfstoffentwicklung\/","og_locale":"fr_FR","og_type":"article","og_title":"1. Infrastructure de d\u00e9pistage rapide, d\u00e9veloppement rapide des vaccins","og_description":"1. Infrastructure de d\u00e9pistage rapide, d\u00e9veloppement rapide des vaccins D\u00e8s janvier 2020, alors qu\u2019en Suisse, la pand\u00e9mie semblaitencore lointaine, des chercheuses et chercheurs d\u00e9veloppaienten Allemagne la premi\u00e8re infrastructure de d\u00e9pistage du SARSCoV-2. Plusieurs semaines s\u2019\u00e9coul\u00e8rent encore avant que lapremi\u00e8re vague du virus n\u2019atteigne l\u2019Europe. D\u00e8s le mois de mars,Roche proposait un test pr\u00eat \u00e0 \u00eatre [&hellip;]","og_url":"https:\/\/animalwelfare.interpharma.ch\/themen\/beispiele\/impfstoff-und-testentwicklung-fur-sars-cov-2\/1-rasche-testinfrastruktur-schnelle-impfstoffentwicklung\/","og_site_name":"animalwelfare","article_modified_time":"2026-03-09T13:51:22+00:00","twitter_card":"summary_large_image","twitter_misc":{"Dur\u00e9e de lecture estim\u00e9e":"1 minute"},"schema":{"@context":"https:\/\/schema.org","@graph":[{"@type":"WebPage","@id":"https:\/\/animalwelfare.interpharma.ch\/themen\/beispiele\/impfstoff-und-testentwicklung-fur-sars-cov-2\/1-rasche-testinfrastruktur-schnelle-impfstoffentwicklung\/","url":"https:\/\/animalwelfare.interpharma.ch\/themen\/beispiele\/impfstoff-und-testentwicklung-fur-sars-cov-2\/1-rasche-testinfrastruktur-schnelle-impfstoffentwicklung\/","name":"1. Infrastructure de d\u00e9pistage rapide, d\u00e9veloppement rapide des vaccins - animalwelfare","isPartOf":{"@id":"https:\/\/animalwelfare.interpharma.ch\/#website"},"datePublished":"2026-03-06T16:35:29+00:00","dateModified":"2026-03-09T13:51:22+00:00","breadcrumb":{"@id":"https:\/\/animalwelfare.interpharma.ch\/themen\/beispiele\/impfstoff-und-testentwicklung-fur-sars-cov-2\/1-rasche-testinfrastruktur-schnelle-impfstoffentwicklung\/#breadcrumb"},"inLanguage":"fr-FR","potentialAction":[{"@type":"ReadAction","target":["https:\/\/animalwelfare.interpharma.ch\/themen\/beispiele\/impfstoff-und-testentwicklung-fur-sars-cov-2\/1-rasche-testinfrastruktur-schnelle-impfstoffentwicklung\/"]}]},{"@type":"BreadcrumbList","@id":"https:\/\/animalwelfare.interpharma.ch\/themen\/beispiele\/impfstoff-und-testentwicklung-fur-sars-cov-2\/1-rasche-testinfrastruktur-schnelle-impfstoffentwicklung\/#breadcrumb","itemListElement":[{"@type":"ListItem","position":1,"name":"Start","item":"https:\/\/animalwelfare.interpharma.ch\/fr\/"},{"@type":"ListItem","position":2,"name":"Contenus","item":"https:\/\/animalwelfare.interpharma.ch\/fr\/sujets\/"},{"@type":"ListItem","position":3,"name":"Exemple","item":"https:\/\/animalwelfare.interpharma.ch\/fr\/sujets\/beispiele\/"},{"@type":"ListItem","position":4,"name":"D\u00e9veloppement de vaccins et de tests pour le SARS-CoV-2","item":"https:\/\/animalwelfare.interpharma.ch\/themen\/beispiele\/impfstoff-und-testentwicklung-fur-sars-cov-2\/"},{"@type":"ListItem","position":5,"name":"1. Infrastructure de d\u00e9pistage rapide, d\u00e9veloppement rapide des vaccins"}]},{"@type":"WebSite","@id":"https:\/\/animalwelfare.interpharma.ch\/#website","url":"https:\/\/animalwelfare.interpharma.ch\/","name":"animalwelfare","description":"","potentialAction":[{"@type":"SearchAction","target":{"@type":"EntryPoint","urlTemplate":"https:\/\/animalwelfare.interpharma.ch\/?s={search_term_string}"},"query-input":{"@type":"PropertyValueSpecification","valueRequired":true,"valueName":"search_term_string"}}],"inLanguage":"fr-FR"}]}},"_links":{"self":[{"href":"https:\/\/animalwelfare.interpharma.ch\/fr\/wp-json\/wp\/v2\/pages\/1032","targetHints":{"allow":["GET"]}}],"collection":[{"href":"https:\/\/animalwelfare.interpharma.ch\/fr\/wp-json\/wp\/v2\/pages"}],"about":[{"href":"https:\/\/animalwelfare.interpharma.ch\/fr\/wp-json\/wp\/v2\/types\/page"}],"author":[{"embeddable":true,"href":"https:\/\/animalwelfare.interpharma.ch\/fr\/wp-json\/wp\/v2\/users\/1"}],"replies":[{"embeddable":true,"href":"https:\/\/animalwelfare.interpharma.ch\/fr\/wp-json\/wp\/v2\/comments?post=1032"}],"version-history":[{"count":2,"href":"https:\/\/animalwelfare.interpharma.ch\/fr\/wp-json\/wp\/v2\/pages\/1032\/revisions"}],"predecessor-version":[{"id":2854,"href":"https:\/\/animalwelfare.interpharma.ch\/fr\/wp-json\/wp\/v2\/pages\/1032\/revisions\/2854"}],"up":[{"embeddable":true,"href":"https:\/\/animalwelfare.interpharma.ch\/fr\/wp-json\/wp\/v2\/pages\/1038"}],"wp:attachment":[{"href":"https:\/\/animalwelfare.interpharma.ch\/fr\/wp-json\/wp\/v2\/media?parent=1032"}],"curies":[{"name":"wp","href":"https:\/\/api.w.org\/{rel}","templated":true}]}}