{"id":1026,"date":"2026-03-06T17:35:29","date_gmt":"2026-03-06T16:35:29","guid":{"rendered":"https:\/\/animalwelfare.iph-multisite.berta-bewegt.ch\/?page_id=1026"},"modified":"2026-03-09T14:51:48","modified_gmt":"2026-03-09T13:51:48","slug":"2-raisons-de-ces-progres-rapides","status":"publish","type":"page","link":"https:\/\/animalwelfare.interpharma.ch\/fr\/sujets\/beispiele\/developpement-de-vaccins-et-de-tests-pour-le-sars-cov-2\/2-raisons-de-ces-progres-rapides\/","title":{"rendered":"2. Raisons de ces progr\u00e8s rapides"},"content":{"rendered":"\n<h2 class=\"wp-block-heading\">2. Raisons de ces progr\u00e8s rapides<\/h2>\n\n\n\n<p>La mise \u00e0 disposition rapide de possibilit\u00e9s de d\u00e9pistage etde vaccins contre le SARS-CoV-2 est due essentiellement\u00e0 trois facteurs. Premi\u00e8rement, la communaut\u00e9 scientifiquetravaille depuis trente ans sur la technologie \u00e0 ARNm, m\u00e9thodequi a servi de base \u00e0 plusieurs vaccins contre le coronavirus.On a \u00e9galement pu utiliser d\u2019autres approches techniques etexp\u00e9riences connues. Deuxi\u00e8mement, une coop\u00e9ration internationalesans pr\u00e9c\u00e9dent a eu lieu entre la science, les entreprisespharmaceutiques et les start-up biotechnologiques. Lessynergies qui en ont d\u00e9coul\u00e9 ont permis des progr\u00e8s scientifiquesrapides. Enfin, troisi\u00e8mement, les autorit\u00e9s de diff\u00e9rentspays ont permis d\u2019acc\u00e9l\u00e9rer les processus r\u00e9glementaires.En plus de ces facteurs cl\u00e9s, la recherche fondamentale repr\u00e9sentela base \u00e0 toute recherche m\u00e9dicale. Sans la rechercheuniversitaire qui explore sans parti pris et a besoin aussid\u2019exp\u00e9rimentation animale, le d\u00e9veloppement de m\u00e9dicamentset traitements serait impossible. La recherche m\u00e9dicale esttoujours tributaire de la mesure de la s\u00e9curit\u00e9 et de l\u2019efficacit\u00e9des substances. L\u2019exp\u00e9rimentation animale est une m\u00e9thodeindispensable pour tester ces deux facteurs, y compris dans lecas des vaccins et tests pour le SARS-CoV-2.<\/p>\n","protected":false},"excerpt":{"rendered":"<p>2. Raisons de ces progr\u00e8s rapides La mise \u00e0 disposition rapide de possibilit\u00e9s de d\u00e9pistage etde vaccins contre le SARS-CoV-2 est due essentiellement\u00e0 trois facteurs. Premi\u00e8rement, la communaut\u00e9 scientifiquetravaille depuis trente ans sur la technologie \u00e0 ARNm, m\u00e9thodequi a servi de base \u00e0 plusieurs vaccins contre le coronavirus.On a \u00e9galement pu utiliser d\u2019autres approches techniques [&hellip;]<\/p>\n","protected":false},"author":1,"featured_media":0,"parent":1038,"menu_order":1,"comment_status":"closed","ping_status":"closed","template":"page-templates\/unterthema.php","meta":{"_acf_changed":false,"inline_featured_image":false,"footnotes":""},"class_list":["post-1026","page","type-page","status-publish","hentry"],"acf":[],"yoast_head":"<!-- This site is optimized with the Yoast SEO Premium plugin v27.2 (Yoast SEO v27.2) - https:\/\/yoast.com\/product\/yoast-seo-premium-wordpress\/ -->\n<title>2. Raisons de ces progr\u00e8s rapides - animalwelfare<\/title>\n<meta name=\"robots\" content=\"index, follow, max-snippet:-1, max-image-preview:large, max-video-preview:-1\" \/>\n<link rel=\"canonical\" href=\"https:\/\/animalwelfare.interpharma.ch\/themen\/beispiele\/impfstoff-und-testentwicklung-fur-sars-cov-2\/2-die-grunde-fur-den-raschen-fortschritt\/\" \/>\n<meta property=\"og:locale\" content=\"fr_FR\" \/>\n<meta property=\"og:type\" content=\"article\" \/>\n<meta property=\"og:title\" content=\"2. Raisons de ces progr\u00e8s rapides\" \/>\n<meta property=\"og:description\" content=\"2. Raisons de ces progr\u00e8s rapides La mise \u00e0 disposition rapide de possibilit\u00e9s de d\u00e9pistage etde vaccins contre le SARS-CoV-2 est due essentiellement\u00e0 trois facteurs. Premi\u00e8rement, la communaut\u00e9 scientifiquetravaille depuis trente ans sur la technologie \u00e0 ARNm, m\u00e9thodequi a servi de base \u00e0 plusieurs vaccins contre le coronavirus.On a \u00e9galement pu utiliser d\u2019autres approches techniques [&hellip;]\" \/>\n<meta property=\"og:url\" content=\"https:\/\/animalwelfare.interpharma.ch\/themen\/beispiele\/impfstoff-und-testentwicklung-fur-sars-cov-2\/2-die-grunde-fur-den-raschen-fortschritt\/\" \/>\n<meta property=\"og:site_name\" content=\"animalwelfare\" \/>\n<meta property=\"article:modified_time\" content=\"2026-03-09T13:51:48+00:00\" \/>\n<meta name=\"twitter:card\" content=\"summary_large_image\" \/>\n<meta name=\"twitter:label1\" content=\"Dur\u00e9e de lecture estim\u00e9e\" \/>\n\t<meta name=\"twitter:data1\" content=\"1 minute\" \/>\n<script type=\"application\/ld+json\" class=\"yoast-schema-graph\">{\"@context\":\"https:\/\/schema.org\",\"@graph\":[{\"@type\":\"WebPage\",\"@id\":\"https:\/\/animalwelfare.interpharma.ch\/themen\/beispiele\/impfstoff-und-testentwicklung-fur-sars-cov-2\/2-die-grunde-fur-den-raschen-fortschritt\/\",\"url\":\"https:\/\/animalwelfare.interpharma.ch\/themen\/beispiele\/impfstoff-und-testentwicklung-fur-sars-cov-2\/2-die-grunde-fur-den-raschen-fortschritt\/\",\"name\":\"2. Raisons de ces progr\u00e8s rapides - animalwelfare\",\"isPartOf\":{\"@id\":\"https:\/\/animalwelfare.interpharma.ch\/#website\"},\"datePublished\":\"2026-03-06T16:35:29+00:00\",\"dateModified\":\"2026-03-09T13:51:48+00:00\",\"breadcrumb\":{\"@id\":\"https:\/\/animalwelfare.interpharma.ch\/themen\/beispiele\/impfstoff-und-testentwicklung-fur-sars-cov-2\/2-die-grunde-fur-den-raschen-fortschritt\/#breadcrumb\"},\"inLanguage\":\"fr-FR\",\"potentialAction\":[{\"@type\":\"ReadAction\",\"target\":[\"https:\/\/animalwelfare.interpharma.ch\/themen\/beispiele\/impfstoff-und-testentwicklung-fur-sars-cov-2\/2-die-grunde-fur-den-raschen-fortschritt\/\"]}]},{\"@type\":\"BreadcrumbList\",\"@id\":\"https:\/\/animalwelfare.interpharma.ch\/themen\/beispiele\/impfstoff-und-testentwicklung-fur-sars-cov-2\/2-die-grunde-fur-den-raschen-fortschritt\/#breadcrumb\",\"itemListElement\":[{\"@type\":\"ListItem\",\"position\":1,\"name\":\"Start\",\"item\":\"https:\/\/animalwelfare.interpharma.ch\/fr\/\"},{\"@type\":\"ListItem\",\"position\":2,\"name\":\"Contenus\",\"item\":\"https:\/\/animalwelfare.interpharma.ch\/fr\/sujets\/\"},{\"@type\":\"ListItem\",\"position\":3,\"name\":\"Exemple\",\"item\":\"https:\/\/animalwelfare.interpharma.ch\/fr\/sujets\/beispiele\/\"},{\"@type\":\"ListItem\",\"position\":4,\"name\":\"D\u00e9veloppement de vaccins et de tests pour le SARS-CoV-2\",\"item\":\"https:\/\/animalwelfare.interpharma.ch\/themen\/beispiele\/impfstoff-und-testentwicklung-fur-sars-cov-2\/\"},{\"@type\":\"ListItem\",\"position\":5,\"name\":\"2. Raisons de ces progr\u00e8s rapides\"}]},{\"@type\":\"WebSite\",\"@id\":\"https:\/\/animalwelfare.interpharma.ch\/#website\",\"url\":\"https:\/\/animalwelfare.interpharma.ch\/\",\"name\":\"animalwelfare\",\"description\":\"\",\"potentialAction\":[{\"@type\":\"SearchAction\",\"target\":{\"@type\":\"EntryPoint\",\"urlTemplate\":\"https:\/\/animalwelfare.interpharma.ch\/?s={search_term_string}\"},\"query-input\":{\"@type\":\"PropertyValueSpecification\",\"valueRequired\":true,\"valueName\":\"search_term_string\"}}],\"inLanguage\":\"fr-FR\"}]}<\/script>\n<!-- \/ Yoast SEO Premium plugin. -->","yoast_head_json":{"title":"2. Raisons de ces progr\u00e8s rapides - animalwelfare","robots":{"index":"index","follow":"follow","max-snippet":"max-snippet:-1","max-image-preview":"max-image-preview:large","max-video-preview":"max-video-preview:-1"},"canonical":"https:\/\/animalwelfare.interpharma.ch\/themen\/beispiele\/impfstoff-und-testentwicklung-fur-sars-cov-2\/2-die-grunde-fur-den-raschen-fortschritt\/","og_locale":"fr_FR","og_type":"article","og_title":"2. Raisons de ces progr\u00e8s rapides","og_description":"2. Raisons de ces progr\u00e8s rapides La mise \u00e0 disposition rapide de possibilit\u00e9s de d\u00e9pistage etde vaccins contre le SARS-CoV-2 est due essentiellement\u00e0 trois facteurs. Premi\u00e8rement, la communaut\u00e9 scientifiquetravaille depuis trente ans sur la technologie \u00e0 ARNm, m\u00e9thodequi a servi de base \u00e0 plusieurs vaccins contre le coronavirus.On a \u00e9galement pu utiliser d\u2019autres approches techniques [&hellip;]","og_url":"https:\/\/animalwelfare.interpharma.ch\/themen\/beispiele\/impfstoff-und-testentwicklung-fur-sars-cov-2\/2-die-grunde-fur-den-raschen-fortschritt\/","og_site_name":"animalwelfare","article_modified_time":"2026-03-09T13:51:48+00:00","twitter_card":"summary_large_image","twitter_misc":{"Dur\u00e9e de lecture estim\u00e9e":"1 minute"},"schema":{"@context":"https:\/\/schema.org","@graph":[{"@type":"WebPage","@id":"https:\/\/animalwelfare.interpharma.ch\/themen\/beispiele\/impfstoff-und-testentwicklung-fur-sars-cov-2\/2-die-grunde-fur-den-raschen-fortschritt\/","url":"https:\/\/animalwelfare.interpharma.ch\/themen\/beispiele\/impfstoff-und-testentwicklung-fur-sars-cov-2\/2-die-grunde-fur-den-raschen-fortschritt\/","name":"2. Raisons de ces progr\u00e8s rapides - animalwelfare","isPartOf":{"@id":"https:\/\/animalwelfare.interpharma.ch\/#website"},"datePublished":"2026-03-06T16:35:29+00:00","dateModified":"2026-03-09T13:51:48+00:00","breadcrumb":{"@id":"https:\/\/animalwelfare.interpharma.ch\/themen\/beispiele\/impfstoff-und-testentwicklung-fur-sars-cov-2\/2-die-grunde-fur-den-raschen-fortschritt\/#breadcrumb"},"inLanguage":"fr-FR","potentialAction":[{"@type":"ReadAction","target":["https:\/\/animalwelfare.interpharma.ch\/themen\/beispiele\/impfstoff-und-testentwicklung-fur-sars-cov-2\/2-die-grunde-fur-den-raschen-fortschritt\/"]}]},{"@type":"BreadcrumbList","@id":"https:\/\/animalwelfare.interpharma.ch\/themen\/beispiele\/impfstoff-und-testentwicklung-fur-sars-cov-2\/2-die-grunde-fur-den-raschen-fortschritt\/#breadcrumb","itemListElement":[{"@type":"ListItem","position":1,"name":"Start","item":"https:\/\/animalwelfare.interpharma.ch\/fr\/"},{"@type":"ListItem","position":2,"name":"Contenus","item":"https:\/\/animalwelfare.interpharma.ch\/fr\/sujets\/"},{"@type":"ListItem","position":3,"name":"Exemple","item":"https:\/\/animalwelfare.interpharma.ch\/fr\/sujets\/beispiele\/"},{"@type":"ListItem","position":4,"name":"D\u00e9veloppement de vaccins et de tests pour le SARS-CoV-2","item":"https:\/\/animalwelfare.interpharma.ch\/themen\/beispiele\/impfstoff-und-testentwicklung-fur-sars-cov-2\/"},{"@type":"ListItem","position":5,"name":"2. Raisons de ces progr\u00e8s rapides"}]},{"@type":"WebSite","@id":"https:\/\/animalwelfare.interpharma.ch\/#website","url":"https:\/\/animalwelfare.interpharma.ch\/","name":"animalwelfare","description":"","potentialAction":[{"@type":"SearchAction","target":{"@type":"EntryPoint","urlTemplate":"https:\/\/animalwelfare.interpharma.ch\/?s={search_term_string}"},"query-input":{"@type":"PropertyValueSpecification","valueRequired":true,"valueName":"search_term_string"}}],"inLanguage":"fr-FR"}]}},"_links":{"self":[{"href":"https:\/\/animalwelfare.interpharma.ch\/fr\/wp-json\/wp\/v2\/pages\/1026","targetHints":{"allow":["GET"]}}],"collection":[{"href":"https:\/\/animalwelfare.interpharma.ch\/fr\/wp-json\/wp\/v2\/pages"}],"about":[{"href":"https:\/\/animalwelfare.interpharma.ch\/fr\/wp-json\/wp\/v2\/types\/page"}],"author":[{"embeddable":true,"href":"https:\/\/animalwelfare.interpharma.ch\/fr\/wp-json\/wp\/v2\/users\/1"}],"replies":[{"embeddable":true,"href":"https:\/\/animalwelfare.interpharma.ch\/fr\/wp-json\/wp\/v2\/comments?post=1026"}],"version-history":[{"count":2,"href":"https:\/\/animalwelfare.interpharma.ch\/fr\/wp-json\/wp\/v2\/pages\/1026\/revisions"}],"predecessor-version":[{"id":2855,"href":"https:\/\/animalwelfare.interpharma.ch\/fr\/wp-json\/wp\/v2\/pages\/1026\/revisions\/2855"}],"up":[{"embeddable":true,"href":"https:\/\/animalwelfare.interpharma.ch\/fr\/wp-json\/wp\/v2\/pages\/1038"}],"wp:attachment":[{"href":"https:\/\/animalwelfare.interpharma.ch\/fr\/wp-json\/wp\/v2\/media?parent=1026"}],"curies":[{"name":"wp","href":"https:\/\/api.w.org\/{rel}","templated":true}]}}