{"id":1020,"date":"2026-03-06T17:35:29","date_gmt":"2026-03-06T16:35:29","guid":{"rendered":"https:\/\/animalwelfare.iph-multisite.berta-bewegt.ch\/?page_id=1020"},"modified":"2026-03-09T14:53:19","modified_gmt":"2026-03-09T13:53:19","slug":"6-la-recherche-fondamentale-est-a-la-base-de-toute-recherche-medicale","status":"publish","type":"page","link":"https:\/\/animalwelfare.interpharma.ch\/fr\/sujets\/beispiele\/developpement-de-vaccins-et-de-tests-pour-le-sars-cov-2\/6-la-recherche-fondamentale-est-a-la-base-de-toute-recherche-medicale\/","title":{"rendered":"6. La recherche fondamentale est \u00e0 la base de toute recherche m\u00e9dicale"},"content":{"rendered":"\n<h2 class=\"wp-block-heading\">6. La recherche fondamentale est \u00e0 la base de toute recherche m\u00e9dicale<\/h2>\n\n\n\n<p>Fabriquer des vaccins en un laps de temps aussi bref impliquedes connaissances pr\u00e9existantes approfondies sur d\u2019innombrablesmol\u00e9cules et substances, connaissances issues de larecherche fondamentale. Celle-ci ne vise pas le d\u00e9veloppementd\u2019un produit \u00e0 mettre sur le march\u00e9, elle travaille sansparti pris. Les chercheuses et chercheurs ne sont pas \u00e0 larecherche d\u2019une caract\u00e9ristique concr\u00e8te, tous les effets potentielsles int\u00e9ressent. Les substances \u00e9tudi\u00e9es sont \u00e0 la basede la recherche m\u00e9dicale. Sur les innombrables substancesissues de la recherche fondamentale, tr\u00e8s peu passent dansles essais pr\u00e9cliniques et cliniques. On peut donc dire que larecherche sur les vaccins contre le SARS-CoV-2 a commenc\u00e9longtemps avant l\u2019apparition du virus. \u00c0 la recherche d\u2019unesubstance active contre le coronavirus, les \u00e9quipes de rechercheont puis\u00e9 dans les substances \u00e9tudi\u00e9es dans le cadre de larecherche fondamentale. Chaque vaccin repose sur des testseffectu\u00e9s sur des milliers de substances, dont seules quelquesdouzaines passent la premi\u00e8re \u00e9tape de s\u00e9lection. Ce processusfait partie des essais pr\u00e9cliniques.<\/p>\n","protected":false},"excerpt":{"rendered":"<p>6. La recherche fondamentale est \u00e0 la base de toute recherche m\u00e9dicale Fabriquer des vaccins en un laps de temps aussi bref impliquedes connaissances pr\u00e9existantes approfondies sur d\u2019innombrablesmol\u00e9cules et substances, connaissances issues de larecherche fondamentale. Celle-ci ne vise pas le d\u00e9veloppementd\u2019un produit \u00e0 mettre sur le march\u00e9, elle travaille sansparti pris. Les chercheuses et chercheurs [&hellip;]<\/p>\n","protected":false},"author":1,"featured_media":0,"parent":1038,"menu_order":5,"comment_status":"closed","ping_status":"closed","template":"page-templates\/unterthema.php","meta":{"_acf_changed":false,"inline_featured_image":false,"footnotes":""},"class_list":["post-1020","page","type-page","status-publish","hentry"],"acf":[],"yoast_head":"<!-- This site is optimized with the Yoast SEO Premium plugin v27.2 (Yoast SEO v27.2) - https:\/\/yoast.com\/product\/yoast-seo-premium-wordpress\/ -->\n<title>6. La recherche fondamentale est \u00e0 la base de toute recherche m\u00e9dicale - animalwelfare<\/title>\n<meta name=\"robots\" content=\"index, follow, max-snippet:-1, max-image-preview:large, max-video-preview:-1\" \/>\n<link rel=\"canonical\" href=\"https:\/\/animalwelfare.interpharma.ch\/themen\/beispiele\/impfstoff-und-testentwicklung-fur-sars-cov-2\/6-grundlagenforschung-ist-die-basis-aller-medizinischen-forschung\/\" \/>\n<meta property=\"og:locale\" content=\"fr_FR\" \/>\n<meta property=\"og:type\" content=\"article\" \/>\n<meta property=\"og:title\" content=\"6. La recherche fondamentale est \u00e0 la base de toute recherche m\u00e9dicale\" \/>\n<meta property=\"og:description\" content=\"6. La recherche fondamentale est \u00e0 la base de toute recherche m\u00e9dicale Fabriquer des vaccins en un laps de temps aussi bref impliquedes connaissances pr\u00e9existantes approfondies sur d\u2019innombrablesmol\u00e9cules et substances, connaissances issues de larecherche fondamentale. Celle-ci ne vise pas le d\u00e9veloppementd\u2019un produit \u00e0 mettre sur le march\u00e9, elle travaille sansparti pris. Les chercheuses et chercheurs [&hellip;]\" \/>\n<meta property=\"og:url\" content=\"https:\/\/animalwelfare.interpharma.ch\/themen\/beispiele\/impfstoff-und-testentwicklung-fur-sars-cov-2\/6-grundlagenforschung-ist-die-basis-aller-medizinischen-forschung\/\" \/>\n<meta property=\"og:site_name\" content=\"animalwelfare\" \/>\n<meta property=\"article:modified_time\" content=\"2026-03-09T13:53:19+00:00\" \/>\n<meta name=\"twitter:card\" content=\"summary_large_image\" \/>\n<meta name=\"twitter:label1\" content=\"Dur\u00e9e de lecture estim\u00e9e\" \/>\n\t<meta name=\"twitter:data1\" content=\"1 minute\" \/>\n<script type=\"application\/ld+json\" class=\"yoast-schema-graph\">{\"@context\":\"https:\/\/schema.org\",\"@graph\":[{\"@type\":\"WebPage\",\"@id\":\"https:\/\/animalwelfare.interpharma.ch\/themen\/beispiele\/impfstoff-und-testentwicklung-fur-sars-cov-2\/6-grundlagenforschung-ist-die-basis-aller-medizinischen-forschung\/\",\"url\":\"https:\/\/animalwelfare.interpharma.ch\/themen\/beispiele\/impfstoff-und-testentwicklung-fur-sars-cov-2\/6-grundlagenforschung-ist-die-basis-aller-medizinischen-forschung\/\",\"name\":\"6. La recherche fondamentale est \u00e0 la base de toute recherche m\u00e9dicale - animalwelfare\",\"isPartOf\":{\"@id\":\"https:\/\/animalwelfare.interpharma.ch\/#website\"},\"datePublished\":\"2026-03-06T16:35:29+00:00\",\"dateModified\":\"2026-03-09T13:53:19+00:00\",\"breadcrumb\":{\"@id\":\"https:\/\/animalwelfare.interpharma.ch\/themen\/beispiele\/impfstoff-und-testentwicklung-fur-sars-cov-2\/6-grundlagenforschung-ist-die-basis-aller-medizinischen-forschung\/#breadcrumb\"},\"inLanguage\":\"fr-FR\",\"potentialAction\":[{\"@type\":\"ReadAction\",\"target\":[\"https:\/\/animalwelfare.interpharma.ch\/themen\/beispiele\/impfstoff-und-testentwicklung-fur-sars-cov-2\/6-grundlagenforschung-ist-die-basis-aller-medizinischen-forschung\/\"]}]},{\"@type\":\"BreadcrumbList\",\"@id\":\"https:\/\/animalwelfare.interpharma.ch\/themen\/beispiele\/impfstoff-und-testentwicklung-fur-sars-cov-2\/6-grundlagenforschung-ist-die-basis-aller-medizinischen-forschung\/#breadcrumb\",\"itemListElement\":[{\"@type\":\"ListItem\",\"position\":1,\"name\":\"Start\",\"item\":\"https:\/\/animalwelfare.interpharma.ch\/fr\/\"},{\"@type\":\"ListItem\",\"position\":2,\"name\":\"Contenus\",\"item\":\"https:\/\/animalwelfare.interpharma.ch\/fr\/sujets\/\"},{\"@type\":\"ListItem\",\"position\":3,\"name\":\"Exemple\",\"item\":\"https:\/\/animalwelfare.interpharma.ch\/fr\/sujets\/beispiele\/\"},{\"@type\":\"ListItem\",\"position\":4,\"name\":\"D\u00e9veloppement de vaccins et de tests pour le SARS-CoV-2\",\"item\":\"https:\/\/animalwelfare.interpharma.ch\/themen\/beispiele\/impfstoff-und-testentwicklung-fur-sars-cov-2\/\"},{\"@type\":\"ListItem\",\"position\":5,\"name\":\"6. La recherche fondamentale est \u00e0 la base de toute recherche m\u00e9dicale\"}]},{\"@type\":\"WebSite\",\"@id\":\"https:\/\/animalwelfare.interpharma.ch\/#website\",\"url\":\"https:\/\/animalwelfare.interpharma.ch\/\",\"name\":\"animalwelfare\",\"description\":\"\",\"potentialAction\":[{\"@type\":\"SearchAction\",\"target\":{\"@type\":\"EntryPoint\",\"urlTemplate\":\"https:\/\/animalwelfare.interpharma.ch\/?s={search_term_string}\"},\"query-input\":{\"@type\":\"PropertyValueSpecification\",\"valueRequired\":true,\"valueName\":\"search_term_string\"}}],\"inLanguage\":\"fr-FR\"}]}<\/script>\n<!-- \/ Yoast SEO Premium plugin. -->","yoast_head_json":{"title":"6. La recherche fondamentale est \u00e0 la base de toute recherche m\u00e9dicale - animalwelfare","robots":{"index":"index","follow":"follow","max-snippet":"max-snippet:-1","max-image-preview":"max-image-preview:large","max-video-preview":"max-video-preview:-1"},"canonical":"https:\/\/animalwelfare.interpharma.ch\/themen\/beispiele\/impfstoff-und-testentwicklung-fur-sars-cov-2\/6-grundlagenforschung-ist-die-basis-aller-medizinischen-forschung\/","og_locale":"fr_FR","og_type":"article","og_title":"6. La recherche fondamentale est \u00e0 la base de toute recherche m\u00e9dicale","og_description":"6. La recherche fondamentale est \u00e0 la base de toute recherche m\u00e9dicale Fabriquer des vaccins en un laps de temps aussi bref impliquedes connaissances pr\u00e9existantes approfondies sur d\u2019innombrablesmol\u00e9cules et substances, connaissances issues de larecherche fondamentale. Celle-ci ne vise pas le d\u00e9veloppementd\u2019un produit \u00e0 mettre sur le march\u00e9, elle travaille sansparti pris. Les chercheuses et chercheurs [&hellip;]","og_url":"https:\/\/animalwelfare.interpharma.ch\/themen\/beispiele\/impfstoff-und-testentwicklung-fur-sars-cov-2\/6-grundlagenforschung-ist-die-basis-aller-medizinischen-forschung\/","og_site_name":"animalwelfare","article_modified_time":"2026-03-09T13:53:19+00:00","twitter_card":"summary_large_image","twitter_misc":{"Dur\u00e9e de lecture estim\u00e9e":"1 minute"},"schema":{"@context":"https:\/\/schema.org","@graph":[{"@type":"WebPage","@id":"https:\/\/animalwelfare.interpharma.ch\/themen\/beispiele\/impfstoff-und-testentwicklung-fur-sars-cov-2\/6-grundlagenforschung-ist-die-basis-aller-medizinischen-forschung\/","url":"https:\/\/animalwelfare.interpharma.ch\/themen\/beispiele\/impfstoff-und-testentwicklung-fur-sars-cov-2\/6-grundlagenforschung-ist-die-basis-aller-medizinischen-forschung\/","name":"6. La recherche fondamentale est \u00e0 la base de toute recherche m\u00e9dicale - animalwelfare","isPartOf":{"@id":"https:\/\/animalwelfare.interpharma.ch\/#website"},"datePublished":"2026-03-06T16:35:29+00:00","dateModified":"2026-03-09T13:53:19+00:00","breadcrumb":{"@id":"https:\/\/animalwelfare.interpharma.ch\/themen\/beispiele\/impfstoff-und-testentwicklung-fur-sars-cov-2\/6-grundlagenforschung-ist-die-basis-aller-medizinischen-forschung\/#breadcrumb"},"inLanguage":"fr-FR","potentialAction":[{"@type":"ReadAction","target":["https:\/\/animalwelfare.interpharma.ch\/themen\/beispiele\/impfstoff-und-testentwicklung-fur-sars-cov-2\/6-grundlagenforschung-ist-die-basis-aller-medizinischen-forschung\/"]}]},{"@type":"BreadcrumbList","@id":"https:\/\/animalwelfare.interpharma.ch\/themen\/beispiele\/impfstoff-und-testentwicklung-fur-sars-cov-2\/6-grundlagenforschung-ist-die-basis-aller-medizinischen-forschung\/#breadcrumb","itemListElement":[{"@type":"ListItem","position":1,"name":"Start","item":"https:\/\/animalwelfare.interpharma.ch\/fr\/"},{"@type":"ListItem","position":2,"name":"Contenus","item":"https:\/\/animalwelfare.interpharma.ch\/fr\/sujets\/"},{"@type":"ListItem","position":3,"name":"Exemple","item":"https:\/\/animalwelfare.interpharma.ch\/fr\/sujets\/beispiele\/"},{"@type":"ListItem","position":4,"name":"D\u00e9veloppement de vaccins et de tests pour le SARS-CoV-2","item":"https:\/\/animalwelfare.interpharma.ch\/themen\/beispiele\/impfstoff-und-testentwicklung-fur-sars-cov-2\/"},{"@type":"ListItem","position":5,"name":"6. La recherche fondamentale est \u00e0 la base de toute recherche m\u00e9dicale"}]},{"@type":"WebSite","@id":"https:\/\/animalwelfare.interpharma.ch\/#website","url":"https:\/\/animalwelfare.interpharma.ch\/","name":"animalwelfare","description":"","potentialAction":[{"@type":"SearchAction","target":{"@type":"EntryPoint","urlTemplate":"https:\/\/animalwelfare.interpharma.ch\/?s={search_term_string}"},"query-input":{"@type":"PropertyValueSpecification","valueRequired":true,"valueName":"search_term_string"}}],"inLanguage":"fr-FR"}]}},"_links":{"self":[{"href":"https:\/\/animalwelfare.interpharma.ch\/fr\/wp-json\/wp\/v2\/pages\/1020","targetHints":{"allow":["GET"]}}],"collection":[{"href":"https:\/\/animalwelfare.interpharma.ch\/fr\/wp-json\/wp\/v2\/pages"}],"about":[{"href":"https:\/\/animalwelfare.interpharma.ch\/fr\/wp-json\/wp\/v2\/types\/page"}],"author":[{"embeddable":true,"href":"https:\/\/animalwelfare.interpharma.ch\/fr\/wp-json\/wp\/v2\/users\/1"}],"replies":[{"embeddable":true,"href":"https:\/\/animalwelfare.interpharma.ch\/fr\/wp-json\/wp\/v2\/comments?post=1020"}],"version-history":[{"count":2,"href":"https:\/\/animalwelfare.interpharma.ch\/fr\/wp-json\/wp\/v2\/pages\/1020\/revisions"}],"predecessor-version":[{"id":2859,"href":"https:\/\/animalwelfare.interpharma.ch\/fr\/wp-json\/wp\/v2\/pages\/1020\/revisions\/2859"}],"up":[{"embeddable":true,"href":"https:\/\/animalwelfare.interpharma.ch\/fr\/wp-json\/wp\/v2\/pages\/1038"}],"wp:attachment":[{"href":"https:\/\/animalwelfare.interpharma.ch\/fr\/wp-json\/wp\/v2\/media?parent=1020"}],"curies":[{"name":"wp","href":"https:\/\/api.w.org\/{rel}","templated":true}]}}