{"id":1008,"date":"2026-03-06T17:35:28","date_gmt":"2026-03-06T16:35:28","guid":{"rendered":"https:\/\/animalwelfare.iph-multisite.berta-bewegt.ch\/?page_id=1008"},"modified":"2026-03-09T14:52:40","modified_gmt":"2026-03-09T13:52:40","slug":"4-cooperation-internationale","status":"publish","type":"page","link":"https:\/\/animalwelfare.interpharma.ch\/fr\/sujets\/beispiele\/developpement-de-vaccins-et-de-tests-pour-le-sars-cov-2\/4-cooperation-internationale\/","title":{"rendered":"4. Coop\u00e9ration internationale"},"content":{"rendered":"\n<h2 class=\"wp-block-heading\">4. Coop\u00e9ration internationale<\/h2>\n\n\n\n<p>Ce d\u00e9veloppement rapide de diff\u00e9rents vaccins est extraordinaireet a \u00e9t\u00e9 rendu possible par une coop\u00e9ration internationalesans pr\u00e9c\u00e9dent \u00e0 tous les niveaux. Les entreprises pratiquantla recherche avaient d\u00e9j\u00e0 de l\u2019exp\u00e9rience avec les coronavirus,car elles avaient travaill\u00e9 sur le SARS-CoV-1 au d\u00e9but desann\u00e9es 2000 et le MERS en 2012. En cons\u00e9quence de ces exp\u00e9riences,la cl\u00e9 g\u00e9n\u00e9tique du virus a \u00e9t\u00e9 rapidement divulgu\u00e9eau d\u00e9but de la pand\u00e9mie de COVID-19. Les informations \u00e9tantdisponibles, diverses entreprises ont pu se mettre \u00e0 d\u00e9velopperdes vaccins. La coop\u00e9ration entre institutions universitaireset industrie pharmaceutique a aussi acc\u00e9l\u00e9r\u00e9 le d\u00e9veloppementde vaccins.AstraZeneca a par exemple d\u00e9velopp\u00e9 un vaccin \u00e0 vecteur viralen coop\u00e9ration avec l\u2019Universit\u00e9 d\u2019Oxford. Il y a aussi eu descoop\u00e9rations fructueuses entre entreprises: Pfizer a d\u00e9velopp\u00e9un vaccin \u00e0 ARNm en collaboration avec l\u2019entreprise biotechnologiqueallemande BioNTech. Johnson&amp;Johnson a d\u00e9velopp\u00e9un vaccin \u00e0 vecteur viral \u00e0 base d\u2019ADN en collaboration avecsa filiale Janssen et son site de vaccins \u00e0 Berne. Ce vaccin sebase aussi sur une technique r\u00e9cente qui a d\u00e9j\u00e0 fait ses preuvespour la vaccination contre la maladie \u00e0 virus \u00c9bola. Modernaa multipli\u00e9 par dix sa capacit\u00e9 de production de vaccin ens\u2019associant avec Lonza. Dans le cadre de cette coop\u00e9ration, Lonza \u00e9tend son site de Vi\u00e8ge (VS).<\/p>\n","protected":false},"excerpt":{"rendered":"<p>4. Coop\u00e9ration internationale Ce d\u00e9veloppement rapide de diff\u00e9rents vaccins est extraordinaireet a \u00e9t\u00e9 rendu possible par une coop\u00e9ration internationalesans pr\u00e9c\u00e9dent \u00e0 tous les niveaux. Les entreprises pratiquantla recherche avaient d\u00e9j\u00e0 de l\u2019exp\u00e9rience avec les coronavirus,car elles avaient travaill\u00e9 sur le SARS-CoV-1 au d\u00e9but desann\u00e9es 2000 et le MERS en 2012. En cons\u00e9quence de ces exp\u00e9riences,la [&hellip;]<\/p>\n","protected":false},"author":1,"featured_media":0,"parent":1038,"menu_order":3,"comment_status":"closed","ping_status":"closed","template":"page-templates\/unterthema.php","meta":{"_acf_changed":false,"inline_featured_image":false,"footnotes":""},"class_list":["post-1008","page","type-page","status-publish","hentry"],"acf":[],"yoast_head":"<!-- This site is optimized with the Yoast SEO Premium plugin v27.2 (Yoast SEO v27.2) - https:\/\/yoast.com\/product\/yoast-seo-premium-wordpress\/ -->\n<title>4. Coop\u00e9ration internationale - animalwelfare<\/title>\n<meta name=\"robots\" content=\"index, follow, max-snippet:-1, max-image-preview:large, max-video-preview:-1\" \/>\n<link rel=\"canonical\" href=\"https:\/\/animalwelfare.interpharma.ch\/themen\/beispiele\/impfstoff-und-testentwicklung-fur-sars-cov-2\/4-internationale-zusammenarbeit\/\" \/>\n<meta property=\"og:locale\" content=\"fr_FR\" \/>\n<meta property=\"og:type\" content=\"article\" \/>\n<meta property=\"og:title\" content=\"4. Coop\u00e9ration internationale\" \/>\n<meta property=\"og:description\" content=\"4. Coop\u00e9ration internationale Ce d\u00e9veloppement rapide de diff\u00e9rents vaccins est extraordinaireet a \u00e9t\u00e9 rendu possible par une coop\u00e9ration internationalesans pr\u00e9c\u00e9dent \u00e0 tous les niveaux. Les entreprises pratiquantla recherche avaient d\u00e9j\u00e0 de l\u2019exp\u00e9rience avec les coronavirus,car elles avaient travaill\u00e9 sur le SARS-CoV-1 au d\u00e9but desann\u00e9es 2000 et le MERS en 2012. En cons\u00e9quence de ces exp\u00e9riences,la [&hellip;]\" \/>\n<meta property=\"og:url\" content=\"https:\/\/animalwelfare.interpharma.ch\/themen\/beispiele\/impfstoff-und-testentwicklung-fur-sars-cov-2\/4-internationale-zusammenarbeit\/\" \/>\n<meta property=\"og:site_name\" content=\"animalwelfare\" \/>\n<meta property=\"article:modified_time\" content=\"2026-03-09T13:52:40+00:00\" \/>\n<meta name=\"twitter:card\" content=\"summary_large_image\" \/>\n<meta name=\"twitter:label1\" content=\"Dur\u00e9e de lecture estim\u00e9e\" \/>\n\t<meta name=\"twitter:data1\" content=\"2 minutes\" \/>\n<script type=\"application\/ld+json\" class=\"yoast-schema-graph\">{\"@context\":\"https:\/\/schema.org\",\"@graph\":[{\"@type\":\"WebPage\",\"@id\":\"https:\/\/animalwelfare.interpharma.ch\/themen\/beispiele\/impfstoff-und-testentwicklung-fur-sars-cov-2\/4-internationale-zusammenarbeit\/\",\"url\":\"https:\/\/animalwelfare.interpharma.ch\/themen\/beispiele\/impfstoff-und-testentwicklung-fur-sars-cov-2\/4-internationale-zusammenarbeit\/\",\"name\":\"4. Coop\u00e9ration internationale - animalwelfare\",\"isPartOf\":{\"@id\":\"https:\/\/animalwelfare.interpharma.ch\/#website\"},\"datePublished\":\"2026-03-06T16:35:28+00:00\",\"dateModified\":\"2026-03-09T13:52:40+00:00\",\"breadcrumb\":{\"@id\":\"https:\/\/animalwelfare.interpharma.ch\/themen\/beispiele\/impfstoff-und-testentwicklung-fur-sars-cov-2\/4-internationale-zusammenarbeit\/#breadcrumb\"},\"inLanguage\":\"fr-FR\",\"potentialAction\":[{\"@type\":\"ReadAction\",\"target\":[\"https:\/\/animalwelfare.interpharma.ch\/themen\/beispiele\/impfstoff-und-testentwicklung-fur-sars-cov-2\/4-internationale-zusammenarbeit\/\"]}]},{\"@type\":\"BreadcrumbList\",\"@id\":\"https:\/\/animalwelfare.interpharma.ch\/themen\/beispiele\/impfstoff-und-testentwicklung-fur-sars-cov-2\/4-internationale-zusammenarbeit\/#breadcrumb\",\"itemListElement\":[{\"@type\":\"ListItem\",\"position\":1,\"name\":\"Start\",\"item\":\"https:\/\/animalwelfare.interpharma.ch\/fr\/\"},{\"@type\":\"ListItem\",\"position\":2,\"name\":\"Contenus\",\"item\":\"https:\/\/animalwelfare.interpharma.ch\/fr\/sujets\/\"},{\"@type\":\"ListItem\",\"position\":3,\"name\":\"Exemple\",\"item\":\"https:\/\/animalwelfare.interpharma.ch\/fr\/sujets\/beispiele\/\"},{\"@type\":\"ListItem\",\"position\":4,\"name\":\"D\u00e9veloppement de vaccins et de tests pour le SARS-CoV-2\",\"item\":\"https:\/\/animalwelfare.interpharma.ch\/themen\/beispiele\/impfstoff-und-testentwicklung-fur-sars-cov-2\/\"},{\"@type\":\"ListItem\",\"position\":5,\"name\":\"4. Coop\u00e9ration internationale\"}]},{\"@type\":\"WebSite\",\"@id\":\"https:\/\/animalwelfare.interpharma.ch\/#website\",\"url\":\"https:\/\/animalwelfare.interpharma.ch\/\",\"name\":\"animalwelfare\",\"description\":\"\",\"potentialAction\":[{\"@type\":\"SearchAction\",\"target\":{\"@type\":\"EntryPoint\",\"urlTemplate\":\"https:\/\/animalwelfare.interpharma.ch\/?s={search_term_string}\"},\"query-input\":{\"@type\":\"PropertyValueSpecification\",\"valueRequired\":true,\"valueName\":\"search_term_string\"}}],\"inLanguage\":\"fr-FR\"}]}<\/script>\n<!-- \/ Yoast SEO Premium plugin. -->","yoast_head_json":{"title":"4. Coop\u00e9ration internationale - animalwelfare","robots":{"index":"index","follow":"follow","max-snippet":"max-snippet:-1","max-image-preview":"max-image-preview:large","max-video-preview":"max-video-preview:-1"},"canonical":"https:\/\/animalwelfare.interpharma.ch\/themen\/beispiele\/impfstoff-und-testentwicklung-fur-sars-cov-2\/4-internationale-zusammenarbeit\/","og_locale":"fr_FR","og_type":"article","og_title":"4. Coop\u00e9ration internationale","og_description":"4. Coop\u00e9ration internationale Ce d\u00e9veloppement rapide de diff\u00e9rents vaccins est extraordinaireet a \u00e9t\u00e9 rendu possible par une coop\u00e9ration internationalesans pr\u00e9c\u00e9dent \u00e0 tous les niveaux. Les entreprises pratiquantla recherche avaient d\u00e9j\u00e0 de l\u2019exp\u00e9rience avec les coronavirus,car elles avaient travaill\u00e9 sur le SARS-CoV-1 au d\u00e9but desann\u00e9es 2000 et le MERS en 2012. En cons\u00e9quence de ces exp\u00e9riences,la [&hellip;]","og_url":"https:\/\/animalwelfare.interpharma.ch\/themen\/beispiele\/impfstoff-und-testentwicklung-fur-sars-cov-2\/4-internationale-zusammenarbeit\/","og_site_name":"animalwelfare","article_modified_time":"2026-03-09T13:52:40+00:00","twitter_card":"summary_large_image","twitter_misc":{"Dur\u00e9e de lecture estim\u00e9e":"2 minutes"},"schema":{"@context":"https:\/\/schema.org","@graph":[{"@type":"WebPage","@id":"https:\/\/animalwelfare.interpharma.ch\/themen\/beispiele\/impfstoff-und-testentwicklung-fur-sars-cov-2\/4-internationale-zusammenarbeit\/","url":"https:\/\/animalwelfare.interpharma.ch\/themen\/beispiele\/impfstoff-und-testentwicklung-fur-sars-cov-2\/4-internationale-zusammenarbeit\/","name":"4. Coop\u00e9ration internationale - animalwelfare","isPartOf":{"@id":"https:\/\/animalwelfare.interpharma.ch\/#website"},"datePublished":"2026-03-06T16:35:28+00:00","dateModified":"2026-03-09T13:52:40+00:00","breadcrumb":{"@id":"https:\/\/animalwelfare.interpharma.ch\/themen\/beispiele\/impfstoff-und-testentwicklung-fur-sars-cov-2\/4-internationale-zusammenarbeit\/#breadcrumb"},"inLanguage":"fr-FR","potentialAction":[{"@type":"ReadAction","target":["https:\/\/animalwelfare.interpharma.ch\/themen\/beispiele\/impfstoff-und-testentwicklung-fur-sars-cov-2\/4-internationale-zusammenarbeit\/"]}]},{"@type":"BreadcrumbList","@id":"https:\/\/animalwelfare.interpharma.ch\/themen\/beispiele\/impfstoff-und-testentwicklung-fur-sars-cov-2\/4-internationale-zusammenarbeit\/#breadcrumb","itemListElement":[{"@type":"ListItem","position":1,"name":"Start","item":"https:\/\/animalwelfare.interpharma.ch\/fr\/"},{"@type":"ListItem","position":2,"name":"Contenus","item":"https:\/\/animalwelfare.interpharma.ch\/fr\/sujets\/"},{"@type":"ListItem","position":3,"name":"Exemple","item":"https:\/\/animalwelfare.interpharma.ch\/fr\/sujets\/beispiele\/"},{"@type":"ListItem","position":4,"name":"D\u00e9veloppement de vaccins et de tests pour le SARS-CoV-2","item":"https:\/\/animalwelfare.interpharma.ch\/themen\/beispiele\/impfstoff-und-testentwicklung-fur-sars-cov-2\/"},{"@type":"ListItem","position":5,"name":"4. Coop\u00e9ration internationale"}]},{"@type":"WebSite","@id":"https:\/\/animalwelfare.interpharma.ch\/#website","url":"https:\/\/animalwelfare.interpharma.ch\/","name":"animalwelfare","description":"","potentialAction":[{"@type":"SearchAction","target":{"@type":"EntryPoint","urlTemplate":"https:\/\/animalwelfare.interpharma.ch\/?s={search_term_string}"},"query-input":{"@type":"PropertyValueSpecification","valueRequired":true,"valueName":"search_term_string"}}],"inLanguage":"fr-FR"}]}},"_links":{"self":[{"href":"https:\/\/animalwelfare.interpharma.ch\/fr\/wp-json\/wp\/v2\/pages\/1008","targetHints":{"allow":["GET"]}}],"collection":[{"href":"https:\/\/animalwelfare.interpharma.ch\/fr\/wp-json\/wp\/v2\/pages"}],"about":[{"href":"https:\/\/animalwelfare.interpharma.ch\/fr\/wp-json\/wp\/v2\/types\/page"}],"author":[{"embeddable":true,"href":"https:\/\/animalwelfare.interpharma.ch\/fr\/wp-json\/wp\/v2\/users\/1"}],"replies":[{"embeddable":true,"href":"https:\/\/animalwelfare.interpharma.ch\/fr\/wp-json\/wp\/v2\/comments?post=1008"}],"version-history":[{"count":2,"href":"https:\/\/animalwelfare.interpharma.ch\/fr\/wp-json\/wp\/v2\/pages\/1008\/revisions"}],"predecessor-version":[{"id":2857,"href":"https:\/\/animalwelfare.interpharma.ch\/fr\/wp-json\/wp\/v2\/pages\/1008\/revisions\/2857"}],"up":[{"embeddable":true,"href":"https:\/\/animalwelfare.interpharma.ch\/fr\/wp-json\/wp\/v2\/pages\/1038"}],"wp:attachment":[{"href":"https:\/\/animalwelfare.interpharma.ch\/fr\/wp-json\/wp\/v2\/media?parent=1008"}],"curies":[{"name":"wp","href":"https:\/\/api.w.org\/{rel}","templated":true}]}}