{"id":698,"date":"2026-03-06T17:35:12","date_gmt":"2026-03-06T16:35:12","guid":{"rendered":"https:\/\/animalwelfare.iph-multisite.berta-bewegt.ch\/?page_id=698"},"modified":"2026-03-09T18:15:00","modified_gmt":"2026-03-09T17:15:00","slug":"verein-forschung-fur-leben","status":"publish","type":"page","link":"https:\/\/animalwelfare.interpharma.ch\/en\/working-groups\/verein-forschung-fur-leben\/","title":{"rendered":"Verein Forschung f\u00fcr Leben"},"content":{"rendered":"\n<h2 class=\"wp-block-heading\">Verein Forschung f\u00fcr Leben<\/h2>\n\n\n\n<p>The independent Forschung f\u00fcr Leben (Research for Life) association was founded with the aim of informing the Swiss population about the importance of and latest results from biomedical research.<\/p>\n\n\n\n<p>The idea is to foster dialogue between scientists and the lay public and to explain in clear and straightforward language not only the benefits but also the hazards of research. In addition to regularly publishing the \u201cBioFokus\u201d brochure and granting awards to high-school students for baccalaureate projects, the association can also provide a \u201cgene laboratory\u201d to any schools that are interested.<\/p>\n\n\n\n<p>Interpharma works together with the association on animal experiments and welfare in particular.<\/p>\n\n\n\n<p>Project name: Verein Forschung f\u00fcr Leben<br>Charter articles: 1, 3, 9<\/p>\n","protected":false},"excerpt":{"rendered":"<p>Verein Forschung f\u00fcr Leben The independent Forschung f\u00fcr Leben (Research for Life) association was founded with the aim of informing the Swiss population about the importance of and latest results from biomedical research. The idea is to foster dialogue between scientists and the lay public and to explain in clear and straightforward language not only [&hellip;]<\/p>\n","protected":false},"author":1,"featured_media":0,"parent":692,"menu_order":6,"comment_status":"closed","ping_status":"closed","template":"page-templates\/unterthema.php","meta":{"_acf_changed":false,"inline_featured_image":false,"footnotes":""},"class_list":["post-698","page","type-page","status-publish","hentry"],"acf":[],"yoast_head":"<!-- This site is optimized with the Yoast SEO Premium plugin v27.2 (Yoast SEO v27.2) - https:\/\/yoast.com\/product\/yoast-seo-premium-wordpress\/ -->\n<title>Verein Forschung f\u00fcr Leben - animalwelfare<\/title>\n<meta name=\"robots\" content=\"index, follow, max-snippet:-1, max-image-preview:large, max-video-preview:-1\" \/>\n<link rel=\"canonical\" href=\"https:\/\/animalwelfare.interpharma.ch\/arbeitsgruppen\/verein-forschung-fur-leben\/\" \/>\n<meta property=\"og:locale\" content=\"en_US\" \/>\n<meta property=\"og:type\" content=\"article\" \/>\n<meta property=\"og:title\" content=\"Verein Forschung f\u00fcr Leben\" \/>\n<meta property=\"og:description\" content=\"Verein Forschung f\u00fcr Leben The independent Forschung f\u00fcr Leben (Research for Life) association was founded with the aim of informing the Swiss population about the importance of and latest results from biomedical research. The idea is to foster dialogue between scientists and the lay public and to explain in clear and straightforward language not only [&hellip;]\" \/>\n<meta property=\"og:url\" content=\"https:\/\/animalwelfare.interpharma.ch\/arbeitsgruppen\/verein-forschung-fur-leben\/\" \/>\n<meta property=\"og:site_name\" content=\"animalwelfare\" \/>\n<meta property=\"article:modified_time\" content=\"2026-03-09T17:15:00+00:00\" \/>\n<meta name=\"twitter:card\" content=\"summary_large_image\" \/>\n<meta name=\"twitter:label1\" content=\"Est. reading time\" \/>\n\t<meta name=\"twitter:data1\" content=\"1 minute\" \/>\n<script type=\"application\/ld+json\" class=\"yoast-schema-graph\">{\"@context\":\"https:\/\/schema.org\",\"@graph\":[{\"@type\":\"WebPage\",\"@id\":\"https:\/\/animalwelfare.interpharma.ch\/arbeitsgruppen\/verein-forschung-fur-leben\/\",\"url\":\"https:\/\/animalwelfare.interpharma.ch\/arbeitsgruppen\/verein-forschung-fur-leben\/\",\"name\":\"Verein Forschung f\u00fcr Leben - animalwelfare\",\"isPartOf\":{\"@id\":\"https:\/\/animalwelfare.interpharma.ch\/#website\"},\"datePublished\":\"2026-03-06T16:35:12+00:00\",\"dateModified\":\"2026-03-09T17:15:00+00:00\",\"breadcrumb\":{\"@id\":\"https:\/\/animalwelfare.interpharma.ch\/arbeitsgruppen\/verein-forschung-fur-leben\/#breadcrumb\"},\"inLanguage\":\"en-US\",\"potentialAction\":[{\"@type\":\"ReadAction\",\"target\":[\"https:\/\/animalwelfare.interpharma.ch\/arbeitsgruppen\/verein-forschung-fur-leben\/\"]}]},{\"@type\":\"BreadcrumbList\",\"@id\":\"https:\/\/animalwelfare.interpharma.ch\/arbeitsgruppen\/verein-forschung-fur-leben\/#breadcrumb\",\"itemListElement\":[{\"@type\":\"ListItem\",\"position\":1,\"name\":\"Start\",\"item\":\"https:\/\/animalwelfare.interpharma.ch\/en\/\"},{\"@type\":\"ListItem\",\"position\":2,\"name\":\"Working groups\",\"item\":\"https:\/\/animalwelfare.interpharma.ch\/en\/working-groups\/\"},{\"@type\":\"ListItem\",\"position\":3,\"name\":\"Verein Forschung f\u00fcr Leben\"}]},{\"@type\":\"WebSite\",\"@id\":\"https:\/\/animalwelfare.interpharma.ch\/#website\",\"url\":\"https:\/\/animalwelfare.interpharma.ch\/\",\"name\":\"animalwelfare\",\"description\":\"\",\"potentialAction\":[{\"@type\":\"SearchAction\",\"target\":{\"@type\":\"EntryPoint\",\"urlTemplate\":\"https:\/\/animalwelfare.interpharma.ch\/?s={search_term_string}\"},\"query-input\":{\"@type\":\"PropertyValueSpecification\",\"valueRequired\":true,\"valueName\":\"search_term_string\"}}],\"inLanguage\":\"en-US\"}]}<\/script>\n<!-- \/ Yoast SEO Premium plugin. -->","yoast_head_json":{"title":"Verein Forschung f\u00fcr Leben - animalwelfare","robots":{"index":"index","follow":"follow","max-snippet":"max-snippet:-1","max-image-preview":"max-image-preview:large","max-video-preview":"max-video-preview:-1"},"canonical":"https:\/\/animalwelfare.interpharma.ch\/arbeitsgruppen\/verein-forschung-fur-leben\/","og_locale":"en_US","og_type":"article","og_title":"Verein Forschung f\u00fcr Leben","og_description":"Verein Forschung f\u00fcr Leben The independent Forschung f\u00fcr Leben (Research for Life) association was founded with the aim of informing the Swiss population about the importance of and latest results from biomedical research. The idea is to foster dialogue between scientists and the lay public and to explain in clear and straightforward language not only [&hellip;]","og_url":"https:\/\/animalwelfare.interpharma.ch\/arbeitsgruppen\/verein-forschung-fur-leben\/","og_site_name":"animalwelfare","article_modified_time":"2026-03-09T17:15:00+00:00","twitter_card":"summary_large_image","twitter_misc":{"Est. reading time":"1 minute"},"schema":{"@context":"https:\/\/schema.org","@graph":[{"@type":"WebPage","@id":"https:\/\/animalwelfare.interpharma.ch\/arbeitsgruppen\/verein-forschung-fur-leben\/","url":"https:\/\/animalwelfare.interpharma.ch\/arbeitsgruppen\/verein-forschung-fur-leben\/","name":"Verein Forschung f\u00fcr Leben - animalwelfare","isPartOf":{"@id":"https:\/\/animalwelfare.interpharma.ch\/#website"},"datePublished":"2026-03-06T16:35:12+00:00","dateModified":"2026-03-09T17:15:00+00:00","breadcrumb":{"@id":"https:\/\/animalwelfare.interpharma.ch\/arbeitsgruppen\/verein-forschung-fur-leben\/#breadcrumb"},"inLanguage":"en-US","potentialAction":[{"@type":"ReadAction","target":["https:\/\/animalwelfare.interpharma.ch\/arbeitsgruppen\/verein-forschung-fur-leben\/"]}]},{"@type":"BreadcrumbList","@id":"https:\/\/animalwelfare.interpharma.ch\/arbeitsgruppen\/verein-forschung-fur-leben\/#breadcrumb","itemListElement":[{"@type":"ListItem","position":1,"name":"Start","item":"https:\/\/animalwelfare.interpharma.ch\/en\/"},{"@type":"ListItem","position":2,"name":"Working groups","item":"https:\/\/animalwelfare.interpharma.ch\/en\/working-groups\/"},{"@type":"ListItem","position":3,"name":"Verein Forschung f\u00fcr Leben"}]},{"@type":"WebSite","@id":"https:\/\/animalwelfare.interpharma.ch\/#website","url":"https:\/\/animalwelfare.interpharma.ch\/","name":"animalwelfare","description":"","potentialAction":[{"@type":"SearchAction","target":{"@type":"EntryPoint","urlTemplate":"https:\/\/animalwelfare.interpharma.ch\/?s={search_term_string}"},"query-input":{"@type":"PropertyValueSpecification","valueRequired":true,"valueName":"search_term_string"}}],"inLanguage":"en-US"}]}},"_links":{"self":[{"href":"https:\/\/animalwelfare.interpharma.ch\/en\/wp-json\/wp\/v2\/pages\/698","targetHints":{"allow":["GET"]}}],"collection":[{"href":"https:\/\/animalwelfare.interpharma.ch\/en\/wp-json\/wp\/v2\/pages"}],"about":[{"href":"https:\/\/animalwelfare.interpharma.ch\/en\/wp-json\/wp\/v2\/types\/page"}],"author":[{"embeddable":true,"href":"https:\/\/animalwelfare.interpharma.ch\/en\/wp-json\/wp\/v2\/users\/1"}],"replies":[{"embeddable":true,"href":"https:\/\/animalwelfare.interpharma.ch\/en\/wp-json\/wp\/v2\/comments?post=698"}],"version-history":[{"count":2,"href":"https:\/\/animalwelfare.interpharma.ch\/en\/wp-json\/wp\/v2\/pages\/698\/revisions"}],"predecessor-version":[{"id":3845,"href":"https:\/\/animalwelfare.interpharma.ch\/en\/wp-json\/wp\/v2\/pages\/698\/revisions\/3845"}],"up":[{"embeddable":true,"href":"https:\/\/animalwelfare.interpharma.ch\/en\/wp-json\/wp\/v2\/pages\/692"}],"wp:attachment":[{"href":"https:\/\/animalwelfare.interpharma.ch\/en\/wp-json\/wp\/v2\/media?parent=698"}],"curies":[{"name":"wp","href":"https:\/\/api.w.org\/{rel}","templated":true}]}}