{"id":1362,"date":"2026-03-06T17:35:47","date_gmt":"2026-03-06T16:35:47","guid":{"rendered":"https:\/\/animalwelfare.iph-multisite.berta-bewegt.ch\/?page_id=1362"},"modified":"2026-03-09T18:05:44","modified_gmt":"2026-03-09T17:05:44","slug":"2-about-prof-matthias-p-luetolf","status":"publish","type":"page","link":"https:\/\/animalwelfare.interpharma.ch\/en\/topics\/3r\/interview-with-professor-dr-matthias-p-luetolf-organoids\/2-about-prof-matthias-p-luetolf\/","title":{"rendered":"2. About Prof. Matthias P. L\u00fctolf"},"content":{"rendered":"\n<h2 class=\"wp-block-heading\">2. About Prof. Matthias P. L\u00fctolf<\/h2>\n\n\n\n<div class=\"wp-block-media-text is-stacked-on-mobile\" style=\"grid-template-columns:21% auto\"><figure class=\"wp-block-media-text__media\"><img decoding=\"async\" src=\"https:\/\/animalwelfare.interpharma.ch\/wp-content\/uploads\/sites\/5\/2024\/11\/LUTOLF_Matthias_2023_DSC_6748-edited-scaled.jpg\" alt=\"\" class=\"wp-image-10736 size-full\"\/><\/figure><div class=\"wp-block-media-text__content\">\n<p>Matthias P. L\u00fctolf is founding director and Head of Translational Bioengineering at Roche&#8217;s Institute of Human Biology (IHB) and Professor of Bioengineering at EPFL. His research focuses on the use of state-of-the-art bioengineering strategies to steer stem cell-based development in such a way as to construct novel organoids with improved reproducibility and greater physiological relevance for basic research and real-world applications in medicines research and development.<\/p>\n<\/div><\/div>\n","protected":false},"excerpt":{"rendered":"<p>2. About Prof. Matthias P. L\u00fctolf Matthias P. L\u00fctolf is founding director and Head of Translational Bioengineering at Roche&#8217;s Institute of Human Biology (IHB) and Professor of Bioengineering at EPFL. His research focuses on the use of state-of-the-art bioengineering strategies to steer stem cell-based development in such a way as to construct novel organoids with [&hellip;]<\/p>\n","protected":false},"author":1,"featured_media":0,"parent":1350,"menu_order":1,"comment_status":"closed","ping_status":"closed","template":"page-templates\/unterthema.php","meta":{"_acf_changed":false,"inline_featured_image":false,"footnotes":""},"class_list":["post-1362","page","type-page","status-publish","hentry"],"acf":[],"yoast_head":"<!-- This site is optimized with the Yoast SEO Premium plugin v27.2 (Yoast SEO v27.2) - https:\/\/yoast.com\/product\/yoast-seo-premium-wordpress\/ -->\n<title>2. About Prof. Matthias P. L\u00fctolf - animalwelfare<\/title>\n<meta name=\"robots\" content=\"index, follow, max-snippet:-1, max-image-preview:large, max-video-preview:-1\" \/>\n<link rel=\"canonical\" href=\"https:\/\/animalwelfare.interpharma.ch\/en\/topics\/3r\/interview-with-professor-dr-matthias-p-luetolf-organoids\/2-about-prof-matthias-p-luetolf\/\" \/>\n<meta property=\"og:locale\" content=\"en_US\" \/>\n<meta property=\"og:type\" content=\"article\" \/>\n<meta property=\"og:title\" content=\"2. About Prof. Matthias P. L\u00fctolf\" \/>\n<meta property=\"og:description\" content=\"2. About Prof. Matthias P. L\u00fctolf Matthias P. L\u00fctolf is founding director and Head of Translational Bioengineering at Roche&#8217;s Institute of Human Biology (IHB) and Professor of Bioengineering at EPFL. His research focuses on the use of state-of-the-art bioengineering strategies to steer stem cell-based development in such a way as to construct novel organoids with [&hellip;]\" \/>\n<meta property=\"og:url\" content=\"https:\/\/animalwelfare.interpharma.ch\/en\/topics\/3r\/interview-with-professor-dr-matthias-p-luetolf-organoids\/2-about-prof-matthias-p-luetolf\/\" \/>\n<meta property=\"og:site_name\" content=\"animalwelfare\" \/>\n<meta property=\"article:modified_time\" content=\"2026-03-09T17:05:44+00:00\" \/>\n<meta property=\"og:image\" content=\"https:\/\/animalwelfare.interpharma.ch\/wp-content\/uploads\/sites\/5\/2024\/11\/LUTOLF_Matthias_2023_DSC_6748-edited-scaled.jpg\" \/>\n<meta name=\"twitter:card\" content=\"summary_large_image\" \/>\n<meta name=\"twitter:label1\" content=\"Est. reading time\" \/>\n\t<meta name=\"twitter:data1\" content=\"1 minute\" \/>\n<script type=\"application\/ld+json\" class=\"yoast-schema-graph\">{\"@context\":\"https:\/\/schema.org\",\"@graph\":[{\"@type\":\"WebPage\",\"@id\":\"https:\/\/animalwelfare.interpharma.ch\/en\/topics\/3r\/interview-with-professor-dr-matthias-p-luetolf-organoids\/2-about-prof-matthias-p-luetolf\/\",\"url\":\"https:\/\/animalwelfare.interpharma.ch\/en\/topics\/3r\/interview-with-professor-dr-matthias-p-luetolf-organoids\/2-about-prof-matthias-p-luetolf\/\",\"name\":\"2. About Prof. Matthias P. L\u00fctolf - animalwelfare\",\"isPartOf\":{\"@id\":\"https:\/\/animalwelfare.interpharma.ch\/#website\"},\"primaryImageOfPage\":{\"@id\":\"https:\/\/animalwelfare.interpharma.ch\/en\/topics\/3r\/interview-with-professor-dr-matthias-p-luetolf-organoids\/2-about-prof-matthias-p-luetolf\/#primaryimage\"},\"image\":{\"@id\":\"https:\/\/animalwelfare.interpharma.ch\/en\/topics\/3r\/interview-with-professor-dr-matthias-p-luetolf-organoids\/2-about-prof-matthias-p-luetolf\/#primaryimage\"},\"thumbnailUrl\":\"https:\/\/animalwelfare.interpharma.ch\/wp-content\/uploads\/sites\/5\/2024\/11\/LUTOLF_Matthias_2023_DSC_6748-edited-scaled.jpg\",\"datePublished\":\"2026-03-06T16:35:47+00:00\",\"dateModified\":\"2026-03-09T17:05:44+00:00\",\"breadcrumb\":{\"@id\":\"https:\/\/animalwelfare.interpharma.ch\/en\/topics\/3r\/interview-with-professor-dr-matthias-p-luetolf-organoids\/2-about-prof-matthias-p-luetolf\/#breadcrumb\"},\"inLanguage\":\"en-US\",\"potentialAction\":[{\"@type\":\"ReadAction\",\"target\":[\"https:\/\/animalwelfare.interpharma.ch\/en\/topics\/3r\/interview-with-professor-dr-matthias-p-luetolf-organoids\/2-about-prof-matthias-p-luetolf\/\"]}]},{\"@type\":\"ImageObject\",\"inLanguage\":\"en-US\",\"@id\":\"https:\/\/animalwelfare.interpharma.ch\/en\/topics\/3r\/interview-with-professor-dr-matthias-p-luetolf-organoids\/2-about-prof-matthias-p-luetolf\/#primaryimage\",\"url\":\"https:\/\/animalwelfare.interpharma.ch\/wp-content\/uploads\/sites\/5\/2024\/11\/LUTOLF_Matthias_2023_DSC_6748-edited-scaled.jpg\",\"contentUrl\":\"https:\/\/animalwelfare.interpharma.ch\/wp-content\/uploads\/sites\/5\/2024\/11\/LUTOLF_Matthias_2023_DSC_6748-edited-scaled.jpg\"},{\"@type\":\"BreadcrumbList\",\"@id\":\"https:\/\/animalwelfare.interpharma.ch\/en\/topics\/3r\/interview-with-professor-dr-matthias-p-luetolf-organoids\/2-about-prof-matthias-p-luetolf\/#breadcrumb\",\"itemListElement\":[{\"@type\":\"ListItem\",\"position\":1,\"name\":\"Start\",\"item\":\"https:\/\/animalwelfare.interpharma.ch\/en\/\"},{\"@type\":\"ListItem\",\"position\":2,\"name\":\"Content\",\"item\":\"https:\/\/animalwelfare.interpharma.ch\/en\/topics\/\"},{\"@type\":\"ListItem\",\"position\":3,\"name\":\"3R\",\"item\":\"https:\/\/animalwelfare.interpharma.ch\/themen\/3r\/\"},{\"@type\":\"ListItem\",\"position\":4,\"name\":\"Interview with Professor Dr. Matthias P. L\u00fctolf: Organoids\",\"item\":\"https:\/\/animalwelfare.interpharma.ch\/en\/topics\/3r\/interview-with-professor-dr-matthias-p-luetolf-organoids\/\"},{\"@type\":\"ListItem\",\"position\":5,\"name\":\"2. About Prof. Matthias P. L\u00fctolf\"}]},{\"@type\":\"WebSite\",\"@id\":\"https:\/\/animalwelfare.interpharma.ch\/#website\",\"url\":\"https:\/\/animalwelfare.interpharma.ch\/\",\"name\":\"animalwelfare\",\"description\":\"\",\"potentialAction\":[{\"@type\":\"SearchAction\",\"target\":{\"@type\":\"EntryPoint\",\"urlTemplate\":\"https:\/\/animalwelfare.interpharma.ch\/?s={search_term_string}\"},\"query-input\":{\"@type\":\"PropertyValueSpecification\",\"valueRequired\":true,\"valueName\":\"search_term_string\"}}],\"inLanguage\":\"en-US\"}]}<\/script>\n<!-- \/ Yoast SEO Premium plugin. -->","yoast_head_json":{"title":"2. About Prof. Matthias P. L\u00fctolf - animalwelfare","robots":{"index":"index","follow":"follow","max-snippet":"max-snippet:-1","max-image-preview":"max-image-preview:large","max-video-preview":"max-video-preview:-1"},"canonical":"https:\/\/animalwelfare.interpharma.ch\/en\/topics\/3r\/interview-with-professor-dr-matthias-p-luetolf-organoids\/2-about-prof-matthias-p-luetolf\/","og_locale":"en_US","og_type":"article","og_title":"2. About Prof. Matthias P. L\u00fctolf","og_description":"2. About Prof. Matthias P. L\u00fctolf Matthias P. L\u00fctolf is founding director and Head of Translational Bioengineering at Roche&#8217;s Institute of Human Biology (IHB) and Professor of Bioengineering at EPFL. His research focuses on the use of state-of-the-art bioengineering strategies to steer stem cell-based development in such a way as to construct novel organoids with [&hellip;]","og_url":"https:\/\/animalwelfare.interpharma.ch\/en\/topics\/3r\/interview-with-professor-dr-matthias-p-luetolf-organoids\/2-about-prof-matthias-p-luetolf\/","og_site_name":"animalwelfare","article_modified_time":"2026-03-09T17:05:44+00:00","og_image":[{"url":"https:\/\/animalwelfare.interpharma.ch\/wp-content\/uploads\/sites\/5\/2024\/11\/LUTOLF_Matthias_2023_DSC_6748-edited-scaled.jpg","type":"","width":"","height":""}],"twitter_card":"summary_large_image","twitter_misc":{"Est. reading time":"1 minute"},"schema":{"@context":"https:\/\/schema.org","@graph":[{"@type":"WebPage","@id":"https:\/\/animalwelfare.interpharma.ch\/en\/topics\/3r\/interview-with-professor-dr-matthias-p-luetolf-organoids\/2-about-prof-matthias-p-luetolf\/","url":"https:\/\/animalwelfare.interpharma.ch\/en\/topics\/3r\/interview-with-professor-dr-matthias-p-luetolf-organoids\/2-about-prof-matthias-p-luetolf\/","name":"2. About Prof. Matthias P. L\u00fctolf - animalwelfare","isPartOf":{"@id":"https:\/\/animalwelfare.interpharma.ch\/#website"},"primaryImageOfPage":{"@id":"https:\/\/animalwelfare.interpharma.ch\/en\/topics\/3r\/interview-with-professor-dr-matthias-p-luetolf-organoids\/2-about-prof-matthias-p-luetolf\/#primaryimage"},"image":{"@id":"https:\/\/animalwelfare.interpharma.ch\/en\/topics\/3r\/interview-with-professor-dr-matthias-p-luetolf-organoids\/2-about-prof-matthias-p-luetolf\/#primaryimage"},"thumbnailUrl":"https:\/\/animalwelfare.interpharma.ch\/wp-content\/uploads\/sites\/5\/2024\/11\/LUTOLF_Matthias_2023_DSC_6748-edited-scaled.jpg","datePublished":"2026-03-06T16:35:47+00:00","dateModified":"2026-03-09T17:05:44+00:00","breadcrumb":{"@id":"https:\/\/animalwelfare.interpharma.ch\/en\/topics\/3r\/interview-with-professor-dr-matthias-p-luetolf-organoids\/2-about-prof-matthias-p-luetolf\/#breadcrumb"},"inLanguage":"en-US","potentialAction":[{"@type":"ReadAction","target":["https:\/\/animalwelfare.interpharma.ch\/en\/topics\/3r\/interview-with-professor-dr-matthias-p-luetolf-organoids\/2-about-prof-matthias-p-luetolf\/"]}]},{"@type":"ImageObject","inLanguage":"en-US","@id":"https:\/\/animalwelfare.interpharma.ch\/en\/topics\/3r\/interview-with-professor-dr-matthias-p-luetolf-organoids\/2-about-prof-matthias-p-luetolf\/#primaryimage","url":"https:\/\/animalwelfare.interpharma.ch\/wp-content\/uploads\/sites\/5\/2024\/11\/LUTOLF_Matthias_2023_DSC_6748-edited-scaled.jpg","contentUrl":"https:\/\/animalwelfare.interpharma.ch\/wp-content\/uploads\/sites\/5\/2024\/11\/LUTOLF_Matthias_2023_DSC_6748-edited-scaled.jpg"},{"@type":"BreadcrumbList","@id":"https:\/\/animalwelfare.interpharma.ch\/en\/topics\/3r\/interview-with-professor-dr-matthias-p-luetolf-organoids\/2-about-prof-matthias-p-luetolf\/#breadcrumb","itemListElement":[{"@type":"ListItem","position":1,"name":"Start","item":"https:\/\/animalwelfare.interpharma.ch\/en\/"},{"@type":"ListItem","position":2,"name":"Content","item":"https:\/\/animalwelfare.interpharma.ch\/en\/topics\/"},{"@type":"ListItem","position":3,"name":"3R","item":"https:\/\/animalwelfare.interpharma.ch\/themen\/3r\/"},{"@type":"ListItem","position":4,"name":"Interview with Professor Dr. Matthias P. L\u00fctolf: Organoids","item":"https:\/\/animalwelfare.interpharma.ch\/en\/topics\/3r\/interview-with-professor-dr-matthias-p-luetolf-organoids\/"},{"@type":"ListItem","position":5,"name":"2. About Prof. Matthias P. L\u00fctolf"}]},{"@type":"WebSite","@id":"https:\/\/animalwelfare.interpharma.ch\/#website","url":"https:\/\/animalwelfare.interpharma.ch\/","name":"animalwelfare","description":"","potentialAction":[{"@type":"SearchAction","target":{"@type":"EntryPoint","urlTemplate":"https:\/\/animalwelfare.interpharma.ch\/?s={search_term_string}"},"query-input":{"@type":"PropertyValueSpecification","valueRequired":true,"valueName":"search_term_string"}}],"inLanguage":"en-US"}]}},"_links":{"self":[{"href":"https:\/\/animalwelfare.interpharma.ch\/en\/wp-json\/wp\/v2\/pages\/1362","targetHints":{"allow":["GET"]}}],"collection":[{"href":"https:\/\/animalwelfare.interpharma.ch\/en\/wp-json\/wp\/v2\/pages"}],"about":[{"href":"https:\/\/animalwelfare.interpharma.ch\/en\/wp-json\/wp\/v2\/types\/page"}],"author":[{"embeddable":true,"href":"https:\/\/animalwelfare.interpharma.ch\/en\/wp-json\/wp\/v2\/users\/1"}],"replies":[{"embeddable":true,"href":"https:\/\/animalwelfare.interpharma.ch\/en\/wp-json\/wp\/v2\/comments?post=1362"}],"version-history":[{"count":3,"href":"https:\/\/animalwelfare.interpharma.ch\/en\/wp-json\/wp\/v2\/pages\/1362\/revisions"}],"predecessor-version":[{"id":3823,"href":"https:\/\/animalwelfare.interpharma.ch\/en\/wp-json\/wp\/v2\/pages\/1362\/revisions\/3823"}],"up":[{"embeddable":true,"href":"https:\/\/animalwelfare.interpharma.ch\/en\/wp-json\/wp\/v2\/pages\/1350"}],"wp:attachment":[{"href":"https:\/\/animalwelfare.interpharma.ch\/en\/wp-json\/wp\/v2\/media?parent=1362"}],"curies":[{"name":"wp","href":"https:\/\/api.w.org\/{rel}","templated":true}]}}